{"id":5480,"date":"2021-12-26T17:16:54","date_gmt":"2021-12-26T17:16:54","guid":{"rendered":"https:\/\/perdormire-dz.com\/?post_type=product&#038;p=5480"},"modified":"2026-02-23T10:32:10","modified_gmt":"2026-02-23T10:32:10","slug":"matelas-bio-vital","status":"publish","type":"product","link":"https:\/\/perdormire-dz.com\/fr_fr\/produit\/matelas-bio-vital\/","title":{"rendered":"Matelas Bio Vital"},"content":{"rendered":"<div>\n<div><\/div>\n<\/div>\n<div>\n<div>\n<div class=\"flex flex-col text-sm pb-25\">\n<article class=\"text-token-text-primary w-full focus:outline-none [--shadow-height:45px] has-data-writing-block:pointer-events-none has-data-writing-block:-mt-(--shadow-height) has-data-writing-block:pt-(--shadow-height) [&amp;:has([data-writing-block])&gt;*]:pointer-events-auto [content-visibility:auto] supports-[content-visibility:auto]:[contain-intrinsic-size:auto_100lvh] scroll-mt-[calc(var(--header-height)+min(200px,max(70px,20svh)))]\" dir=\"auto\" tabindex=\"-1\" data-turn-id=\"request-WEB:0e6a814d-dfe9-48bd-84de-9292e5ab51d7-0\" data-testid=\"conversation-turn-2\" data-scroll-anchor=\"true\" data-turn=\"assistant\">\n<div class=\"text-base my-auto mx-auto pb-10 [--thread-content-margin:--spacing(4)] @w-sm\/main:[--thread-content-margin:--spacing(6)] @w-lg\/main:[--thread-content-margin:--spacing(16)] px-(--thread-content-margin)\">\n<div class=\"[--thread-content-max-width:40rem] @w-lg\/main:[--thread-content-max-width:48rem] mx-auto max-w-(--thread-content-max-width) flex-1 group\/turn-messages focus-visible:outline-hidden relative flex w-full min-w-0 flex-col agent-turn\" tabindex=\"-1\">\n<div class=\"flex max-w-full flex-col grow\">\n<div class=\"min-h-8 text-message relative flex w-full flex-col items-end gap-2 text-start break-words whitespace-normal [.text-message+&amp;]:mt-1\" dir=\"auto\" data-message-author-role=\"assistant\" data-message-id=\"f376688e-d50f-4423-96c8-4b550f1acf21\" data-message-model-slug=\"gpt-5-2\">\n<div class=\"flex w-full flex-col gap-1 empty:hidden first:pt-[1px]\">\n<div class=\"markdown prose dark:prose-invert w-full wrap-break-word light markdown-new-styling\">\n<p data-start=\"53\" data-end=\"373\">Le matelas <strong data-start=\"64\" data-end=\"77\">Bio Vital<\/strong> est l&rsquo;un des meilleurs matelas propos\u00e9 par\u00a0 <a href=\"https:\/\/perdormire-dz.com\/\"><strong data-start=\"130\" data-end=\"171\"><span class=\"hover:entity-accent entity-underline inline cursor-pointer align-baseline\"><span class=\"whitespace-normal\">Perdormire Alg\u00e9rie<\/span><\/span><\/strong><\/a>, reliant \u00e9l\u00e9gance , qualit\u00e9 et prix. Matelas 100% Italien.<\/p>\n<p data-start=\"375\" data-end=\"712\">Gr\u00e2ce \u00e0 sa structure en <strong data-start=\"399\" data-end=\"412\">Waterfoam<\/strong>, ce matelas\u00a0 assure un <strong data-start=\"445\" data-end=\"476\">soutien orthop\u00e9dique fiable<\/strong>, offrant une portance \u00e9quilibr\u00e9e.<br data-start=\"538\" data-end=\"541\" \/>Avec une hauteur d\u2019environ <strong data-start=\"568\" data-end=\"577\" data-is-only-node=\"\">18 cm<\/strong>, il est habill\u00e9 sur ses deux cot\u00e9s d\u2019un <strong data-start=\"618\" data-end=\"665\">tissu maille 100 % fibres hypoallerg\u00e9niques <\/strong>.<\/p>\n<p data-start=\"714\" data-end=\"992\">Son <strong data-start=\"718\" data-end=\"766\">rembourrage en Waterfoam et fibres isolantes<\/strong> favorise une excellente respirabilit\u00e9 pour un couchage sain et agr\u00e9able.<br data-start=\"839\" data-end=\"842\" \/>La <strong data-start=\"845\" data-end=\"877\">bande lat\u00e9rale en tissu bleu<\/strong>, \u00e9galement hypoallerg\u00e9nique, avec <strong data-start=\"920\" data-end=\"953\" data-is-only-node=\"\">poign\u00e9es verticales pratiques<\/strong> facilitant la manipulation du matelas.<\/p>\n<p data-start=\"994\" data-end=\"1120\" data-is-last-node=\"\" data-is-only-node=\"\">ce matelas est non d\u00e9houssable, le matelas Bio Vital est con\u00e7u pour offrir un <strong data-start=\"1057\" data-end=\"1075\">confort stable<\/strong> et un <strong data-start=\"1082\" data-end=\"1102\">maintien optimal <\/strong>.<\/p>\n<\/div>\n<\/div>\n<\/div>\n<\/div>\n<div class=\"z-0 flex min-h-[46px] justify-start\"><\/div>\n<div class=\"mt-3 w-full empty:hidden\">\n<div class=\"text-center\"><\/div>\n<\/div>\n<\/div>\n<\/div>\n<\/article>\n<\/div>\n<div class=\"pointer-events-none h-px w-px absolute bottom-0\" aria-hidden=\"true\" data-edge=\"true\"><\/div>\n<\/div>\n<div><\/div>\n<div><\/div>\n<\/div>\n","protected":false},"excerpt":{"rendered":"<p><span style=\"color: #003366;\">Hauteur matelas: 18 cm environ<\/span><\/p>\n<p>&nbsp;<\/p>\n","protected":false},"featured_media":7210,"template":"","meta":{"_acf_changed":false,"_exactmetrics_skip_tracking":false,"_exactmetrics_sitenote_active":false,"_exactmetrics_sitenote_note":"","_exactmetrics_sitenote_category":0},"product_brand":[],"product_cat":[231,87,229,89],"product_tag":[190,125],"class_list":{"0":"post-5480","1":"product","2":"type-product","3":"status-publish","4":"has-post-thumbnail","6":"product_cat-hygienique","7":"product_cat-matelas","8":"product_cat-matelas-waterfoam","9":"product_cat-moelleux","10":"product_tag-matelas-ergosoft","11":"product_tag-matelas-orthopedique-1","13":"first","14":"instock","15":"shipping-taxable","16":"purchasable","17":"product-type-variable"},"acf":[],"yoast_head":"<!-- This site is optimized with the Yoast SEO plugin v27.5 - https:\/\/yoast.com\/product\/yoast-seo-wordpress\/ -->\n<title>Matelas Bio Vital - Perdormire Alg\u00e9rie | Produit Italien<\/title>\n<meta name=\"description\" content=\"Matelas Bio Vital: Perdormire Alg\u00e9rie vous propose le Matelas Bio Vital,de fabrication 100 % italienne ! Livraison Gratuite \u00e0 Alger !\" \/>\n<meta name=\"robots\" content=\"index, follow, max-snippet:-1, max-image-preview:large, max-video-preview:-1\" \/>\n<link rel=\"canonical\" href=\"https:\/\/perdormire-dz.com\/fr_fr\/produit\/matelas-bio-vital\/\" \/>\n<meta property=\"og:locale\" content=\"fr_FR\" \/>\n<meta property=\"og:type\" content=\"article\" \/>\n<meta property=\"og:title\" content=\"Matelas Bio Vital - Perdormire Alg\u00e9rie | Produit Italien\" \/>\n<meta property=\"og:description\" content=\"Matelas Bio Vital: Perdormire Alg\u00e9rie vous propose le Matelas Bio Vital,de fabrication 100 % italienne ! Livraison Gratuite \u00e0 Alger !\" \/>\n<meta property=\"og:url\" content=\"https:\/\/perdormire-dz.com\/fr_fr\/produit\/matelas-bio-vital\/\" \/>\n<meta property=\"og:site_name\" content=\"Perdormire Alg\u00e9rie\" \/>\n<meta property=\"article:publisher\" content=\"https:\/\/web.facebook.com\/PerdormireDz\/\" \/>\n<meta property=\"article:modified_time\" content=\"2026-02-23T10:32:10+00:00\" \/>\n<meta property=\"og:image\" content=\"https:\/\/i0.wp.com\/perdormire-dz.com\/wp-content\/uploads\/2021\/12\/Ergo-Soft-e1659440007519.webp?fit=500%2C333&ssl=1\" \/>\n\t<meta property=\"og:image:width\" content=\"500\" \/>\n\t<meta property=\"og:image:height\" content=\"333\" \/>\n\t<meta property=\"og:image:type\" content=\"image\/webp\" \/>\n<meta name=\"twitter:card\" content=\"summary_large_image\" \/>\n<meta name=\"twitter:label1\" content=\"Dur\u00e9e de lecture estim\u00e9e\" \/>\n\t<meta name=\"twitter:data1\" content=\"1 minute\" \/>\n<script type=\"application\/ld+json\" class=\"yoast-schema-graph\">{\"@context\":\"https:\\\/\\\/schema.org\",\"@graph\":[{\"@type\":\"WebPage\",\"@id\":\"https:\\\/\\\/perdormire-dz.com\\\/produit\\\/matelas-bio-vital\\\/\",\"url\":\"https:\\\/\\\/perdormire-dz.com\\\/produit\\\/matelas-bio-vital\\\/\",\"name\":\"Matelas Bio Vital - Perdormire Alg\u00e9rie | Produit Italien\",\"isPartOf\":{\"@id\":\"https:\\\/\\\/perdormire-dz.com\\\/#website\"},\"primaryImageOfPage\":{\"@id\":\"https:\\\/\\\/perdormire-dz.com\\\/produit\\\/matelas-bio-vital\\\/#primaryimage\"},\"image\":{\"@id\":\"https:\\\/\\\/perdormire-dz.com\\\/produit\\\/matelas-bio-vital\\\/#primaryimage\"},\"thumbnailUrl\":\"https:\\\/\\\/i0.wp.com\\\/perdormire-dz.com\\\/wp-content\\\/uploads\\\/2021\\\/12\\\/Ergo-Soft-e1659440007519.webp?fit=500%2C333&ssl=1\",\"datePublished\":\"2021-12-26T17:16:54+00:00\",\"dateModified\":\"2026-02-23T10:32:10+00:00\",\"description\":\"Matelas Bio Vital: Perdormire Alg\u00e9rie vous propose le Matelas Bio Vital,de fabrication 100 % italienne ! Livraison Gratuite \u00e0 Alger !\",\"breadcrumb\":{\"@id\":\"https:\\\/\\\/perdormire-dz.com\\\/produit\\\/matelas-bio-vital\\\/#breadcrumb\"},\"inLanguage\":\"fr-FR\",\"potentialAction\":[{\"@type\":\"ReadAction\",\"target\":[\"https:\\\/\\\/perdormire-dz.com\\\/produit\\\/matelas-bio-vital\\\/\"]}]},{\"@type\":\"ImageObject\",\"inLanguage\":\"fr-FR\",\"@id\":\"https:\\\/\\\/perdormire-dz.com\\\/produit\\\/matelas-bio-vital\\\/#primaryimage\",\"url\":\"https:\\\/\\\/i0.wp.com\\\/perdormire-dz.com\\\/wp-content\\\/uploads\\\/2021\\\/12\\\/Ergo-Soft-e1659440007519.webp?fit=500%2C333&ssl=1\",\"contentUrl\":\"https:\\\/\\\/i0.wp.com\\\/perdormire-dz.com\\\/wp-content\\\/uploads\\\/2021\\\/12\\\/Ergo-Soft-e1659440007519.webp?fit=500%2C333&ssl=1\",\"width\":500,\"height\":333,\"caption\":\"Matelas orthop\u00e9dique Alg\u00e9rie-Ergo Soft\"},{\"@type\":\"BreadcrumbList\",\"@id\":\"https:\\\/\\\/perdormire-dz.com\\\/produit\\\/matelas-bio-vital\\\/#breadcrumb\",\"itemListElement\":[{\"@type\":\"ListItem\",\"position\":1,\"name\":\"Accueil\",\"item\":\"https:\\\/\\\/perdormire-dz.com\\\/ar\\\/\"},{\"@type\":\"ListItem\",\"position\":2,\"name\":\"Boutique\",\"item\":\"https:\\\/\\\/perdormire-dz.com\\\/fr_fr\\\/boutique\\\/\"},{\"@type\":\"ListItem\",\"position\":3,\"name\":\"Matelas Bio Vital\"}]},{\"@type\":\"WebSite\",\"@id\":\"https:\\\/\\\/perdormire-dz.com\\\/#website\",\"url\":\"https:\\\/\\\/perdormire-dz.com\\\/\",\"name\":\"Perdormire Alg\u00e9rie\",\"description\":\"Design For Wellness\",\"publisher\":{\"@id\":\"https:\\\/\\\/perdormire-dz.com\\\/#organization\"},\"potentialAction\":[{\"@type\":\"SearchAction\",\"target\":{\"@type\":\"EntryPoint\",\"urlTemplate\":\"https:\\\/\\\/perdormire-dz.com\\\/?s={search_term_string}\"},\"query-input\":{\"@type\":\"PropertyValueSpecification\",\"valueRequired\":true,\"valueName\":\"search_term_string\"}}],\"inLanguage\":\"fr-FR\"},{\"@type\":\"Organization\",\"@id\":\"https:\\\/\\\/perdormire-dz.com\\\/#organization\",\"name\":\"Perdormire Alg\u00e9rie\",\"url\":\"https:\\\/\\\/perdormire-dz.com\\\/\",\"logo\":{\"@type\":\"ImageObject\",\"inLanguage\":\"fr-FR\",\"@id\":\"https:\\\/\\\/perdormire-dz.com\\\/#\\\/schema\\\/logo\\\/image\\\/\",\"url\":\"\",\"contentUrl\":\"\",\"caption\":\"Perdormire Alg\u00e9rie\"},\"image\":{\"@id\":\"https:\\\/\\\/perdormire-dz.com\\\/#\\\/schema\\\/logo\\\/image\\\/\"},\"sameAs\":[\"https:\\\/\\\/web.facebook.com\\\/PerdormireDz\\\/\",\"https:\\\/\\\/www.instagram.com\\\/perdormire_algerie\\\/\"]}]}<\/script>\n<!-- \/ Yoast SEO plugin. -->","yoast_head_json":{"title":"Matelas Bio Vital - Perdormire Alg\u00e9rie | Produit Italien","description":"Matelas Bio Vital: Perdormire Alg\u00e9rie vous propose le Matelas Bio Vital,de fabrication 100 % italienne ! Livraison Gratuite \u00e0 Alger !","robots":{"index":"index","follow":"follow","max-snippet":"max-snippet:-1","max-image-preview":"max-image-preview:large","max-video-preview":"max-video-preview:-1"},"canonical":"https:\/\/perdormire-dz.com\/fr_fr\/produit\/matelas-bio-vital\/","og_locale":"fr_FR","og_type":"article","og_title":"Matelas Bio Vital - Perdormire Alg\u00e9rie | Produit Italien","og_description":"Matelas Bio Vital: Perdormire Alg\u00e9rie vous propose le Matelas Bio Vital,de fabrication 100 % italienne ! Livraison Gratuite \u00e0 Alger !","og_url":"https:\/\/perdormire-dz.com\/fr_fr\/produit\/matelas-bio-vital\/","og_site_name":"Perdormire Alg\u00e9rie","article_publisher":"https:\/\/web.facebook.com\/PerdormireDz\/","article_modified_time":"2026-02-23T10:32:10+00:00","og_image":[{"width":500,"height":333,"url":"https:\/\/i0.wp.com\/perdormire-dz.com\/wp-content\/uploads\/2021\/12\/Ergo-Soft-e1659440007519.webp?fit=500%2C333&ssl=1","type":"image\/webp"}],"twitter_card":"summary_large_image","twitter_misc":{"Dur\u00e9e de lecture estim\u00e9e":"1 minute"},"schema":{"@context":"https:\/\/schema.org","@graph":[{"@type":"WebPage","@id":"https:\/\/perdormire-dz.com\/produit\/matelas-bio-vital\/","url":"https:\/\/perdormire-dz.com\/produit\/matelas-bio-vital\/","name":"Matelas Bio Vital - Perdormire Alg\u00e9rie | Produit Italien","isPartOf":{"@id":"https:\/\/perdormire-dz.com\/#website"},"primaryImageOfPage":{"@id":"https:\/\/perdormire-dz.com\/produit\/matelas-bio-vital\/#primaryimage"},"image":{"@id":"https:\/\/perdormire-dz.com\/produit\/matelas-bio-vital\/#primaryimage"},"thumbnailUrl":"https:\/\/i0.wp.com\/perdormire-dz.com\/wp-content\/uploads\/2021\/12\/Ergo-Soft-e1659440007519.webp?fit=500%2C333&ssl=1","datePublished":"2021-12-26T17:16:54+00:00","dateModified":"2026-02-23T10:32:10+00:00","description":"Matelas Bio Vital: Perdormire Alg\u00e9rie vous propose le Matelas Bio Vital,de fabrication 100 % italienne ! Livraison Gratuite \u00e0 Alger !","breadcrumb":{"@id":"https:\/\/perdormire-dz.com\/produit\/matelas-bio-vital\/#breadcrumb"},"inLanguage":"fr-FR","potentialAction":[{"@type":"ReadAction","target":["https:\/\/perdormire-dz.com\/produit\/matelas-bio-vital\/"]}]},{"@type":"ImageObject","inLanguage":"fr-FR","@id":"https:\/\/perdormire-dz.com\/produit\/matelas-bio-vital\/#primaryimage","url":"https:\/\/i0.wp.com\/perdormire-dz.com\/wp-content\/uploads\/2021\/12\/Ergo-Soft-e1659440007519.webp?fit=500%2C333&ssl=1","contentUrl":"https:\/\/i0.wp.com\/perdormire-dz.com\/wp-content\/uploads\/2021\/12\/Ergo-Soft-e1659440007519.webp?fit=500%2C333&ssl=1","width":500,"height":333,"caption":"Matelas orthop\u00e9dique Alg\u00e9rie-Ergo Soft"},{"@type":"BreadcrumbList","@id":"https:\/\/perdormire-dz.com\/produit\/matelas-bio-vital\/#breadcrumb","itemListElement":[{"@type":"ListItem","position":1,"name":"Accueil","item":"https:\/\/perdormire-dz.com\/ar\/"},{"@type":"ListItem","position":2,"name":"Boutique","item":"https:\/\/perdormire-dz.com\/fr_fr\/boutique\/"},{"@type":"ListItem","position":3,"name":"Matelas Bio Vital"}]},{"@type":"WebSite","@id":"https:\/\/perdormire-dz.com\/#website","url":"https:\/\/perdormire-dz.com\/","name":"Perdormire Alg\u00e9rie","description":"Design For Wellness","publisher":{"@id":"https:\/\/perdormire-dz.com\/#organization"},"potentialAction":[{"@type":"SearchAction","target":{"@type":"EntryPoint","urlTemplate":"https:\/\/perdormire-dz.com\/?s={search_term_string}"},"query-input":{"@type":"PropertyValueSpecification","valueRequired":true,"valueName":"search_term_string"}}],"inLanguage":"fr-FR"},{"@type":"Organization","@id":"https:\/\/perdormire-dz.com\/#organization","name":"Perdormire Alg\u00e9rie","url":"https:\/\/perdormire-dz.com\/","logo":{"@type":"ImageObject","inLanguage":"fr-FR","@id":"https:\/\/perdormire-dz.com\/#\/schema\/logo\/image\/","url":"","contentUrl":"","caption":"Perdormire Alg\u00e9rie"},"image":{"@id":"https:\/\/perdormire-dz.com\/#\/schema\/logo\/image\/"},"sameAs":["https:\/\/web.facebook.com\/PerdormireDz\/","https:\/\/www.instagram.com\/perdormire_algerie\/"]}]}},"jetpack_sharing_enabled":true,"_links":{"self":[{"href":"https:\/\/perdormire-dz.com\/fr_fr\/wp-json\/wp\/v2\/product\/5480","targetHints":{"allow":["GET"]}}],"collection":[{"href":"https:\/\/perdormire-dz.com\/fr_fr\/wp-json\/wp\/v2\/product"}],"about":[{"href":"https:\/\/perdormire-dz.com\/fr_fr\/wp-json\/wp\/v2\/types\/product"}],"version-history":[{"count":5,"href":"https:\/\/perdormire-dz.com\/fr_fr\/wp-json\/wp\/v2\/product\/5480\/revisions"}],"predecessor-version":[{"id":10691,"href":"https:\/\/perdormire-dz.com\/fr_fr\/wp-json\/wp\/v2\/product\/5480\/revisions\/10691"}],"wp:featuredmedia":[{"embeddable":true,"href":"https:\/\/perdormire-dz.com\/fr_fr\/wp-json\/wp\/v2\/media\/7210"}],"wp:attachment":[{"href":"https:\/\/perdormire-dz.com\/fr_fr\/wp-json\/wp\/v2\/media?parent=5480"}],"wp:term":[{"taxonomy":"product_brand","embeddable":true,"href":"https:\/\/perdormire-dz.com\/fr_fr\/wp-json\/wp\/v2\/product_brand?post=5480"},{"taxonomy":"product_cat","embeddable":true,"href":"https:\/\/perdormire-dz.com\/fr_fr\/wp-json\/wp\/v2\/product_cat?post=5480"},{"taxonomy":"product_tag","embeddable":true,"href":"https:\/\/perdormire-dz.com\/fr_fr\/wp-json\/wp\/v2\/product_tag?post=5480"}],"curies":[{"name":"wp","href":"https:\/\/api.w.org\/{rel}","templated":true}]}}