{"id":5462,"date":"2021-12-26T16:46:40","date_gmt":"2021-12-26T16:46:40","guid":{"rendered":"https:\/\/perdormire-dz.com\/?post_type=product&#038;p=5462"},"modified":"2026-01-05T09:00:29","modified_gmt":"2026-01-05T09:00:29","slug":"matelas-excellence-max","status":"publish","type":"product","link":"https:\/\/perdormire-dz.com\/fr_fr\/produit\/matelas-excellence-max\/","title":{"rendered":"Matelas Excellence Max"},"content":{"rendered":"<h2><span style=\"color: #000080; font-size: 95%;\">Matelas Excellence Max:<\/span><\/h2>\n<p><span style=\"color: #000080;\">Le <strong>matelas orthop\u00e9dique et ergonomique Excellence Max<\/strong> est parfait pour ceux qui recherchent une nuit de <strong>sommeil<\/strong> reposante et confortable. D\u00e9velopp\u00e9 avec des mat\u00e9riaux de haute qualit\u00e9, ce <strong>matelas <\/strong>offre un soutien optimal pour les parties les plus importantes de votre corps. La structure interne de ce <strong>matelas<\/strong> <strong>ergonomique <\/strong>r\u00e9partit la pression uniform\u00e9ment. Cel\u00e0 aide \u00e0 soulager les douleurs au dos, au cou et aux hanches. Ce <strong>matelas ergonomique fabriqu\u00e9 en Italie, <\/strong>est dot\u00e9 d&rsquo;une technologie de <strong>mousse \u00e0 m\u00e9moire<\/strong> de forme haute densit\u00e9. Cette mousse \u00e9pouse parfaitement la forme de votre corps et offre un soutien suppl\u00e9mentaire aux zones les plus sensibles de votre corps.<\/span><\/p>\n<p class=\"kvgmc6g5 cxmmr5t8 oygrvhab hcukyx3x c1et5uql\"><span style=\"color: #000080;\"><a style=\"color: #000080;\" href=\"https:\/\/perdormire-dz.com\/matelas-orthopediques-algerie\/\"><strong>Matelas orthop\u00e9dique et ergonomique <\/strong><\/a> \u00e0 haut standard d&rsquo;hygi\u00e8ne, dont le noyau en mousse d&rsquo;eau (waterfoam) non d\u00e9formable, permettant un positionnement extr\u00eame.La technologie <em>Coolmax<\/em> thermor\u00e9gulateur vous permet de rester frais et au sec tout au long de votre sommeil gr\u00e2ce \u00e0 un tissu aux propri\u00e9t\u00e9s respirantes.<\/span><\/p>\n<p class=\"kvgmc6g5 cxmmr5t8 oygrvhab hcukyx3x c1et5uql\"><span style=\"color: #000080;\">Un sommeil sain et une d\u00e9tente agr\u00e9able sur ce <strong>matelas<\/strong> am\u00e9lior\u00e9s par les fibres aux <a style=\"color: #000080;\" href=\"https:\/\/www.dispositif-sante.com\/matelas-anti-escarres\/\">propri\u00e9t\u00e9s analergiques<\/a> qui limitent l&rsquo;apparition de champignons et de bact\u00e9ries.<\/span><\/p>\n<div><\/div>\n<div><span style=\"color: #000080;\">La coque ext\u00e9rieure du <strong>matelas <\/strong>est fabriqu\u00e9e \u00e0 partir d&rsquo;un mat\u00e9riau doux et respirant qui maintient une temp\u00e9rature confortable pendant que vous dormez. <\/span><\/div>\n<div><span style=\"color: #000080;\">Les mat\u00e9riaux utilis\u00e9s dans la construction de ce <strong>matelas<\/strong> garantissent la durabilit\u00e9 et la meilleure exp\u00e9rience de <strong>sommeil<\/strong> nuit apr\u00e8s nuit. De plus, le <strong>matelas<\/strong> <strong>Excellence Max<\/strong> sont faciles \u00e0 nettoyer et \u00e0 entretenir, ce qui vous permet de profiter d&rsquo;une bonne nuit de <strong>sommeil<\/strong>.\u00a0<\/span><\/div>\n<div><\/div>\n<div><span style=\"color: #000080;\">Si vous recherchez un <strong>matelas ergonomique <\/strong>de qualit\u00e9 pour un sommeil sain et r\u00e9parateur, le <strong>matelas Excellence Max<\/strong> est le choix parfait. La combinaison unique de soutien, de confort et de durabilit\u00e9 vous assure de profiter de la <strong>meilleure exp\u00e9rience de sommeil chaque nuit<\/strong>. Alors pourquoi attendre ? Commandez votre <strong>matelas Excellence Max chez Perdormire Alg\u00e9rie<\/strong> d\u00e8s aujourd&rsquo;hui et d\u00e9couvrez la diff\u00e9rence d&rsquo;un sommeil sain et r\u00e9parateur.\u00a0<\/span><\/div>\n","protected":false},"excerpt":{"rendered":"<p><span style=\"color: #003366; font-size: 90%;\">HAUTEUR <strong>MATELAS<\/strong>: 25 CM ENVIRON<\/span><\/p>\n<p><span style=\"color: #003366; font-size: 90%;\">CARACT\u00c9RISTIQUES:<\/span><br \/>\n<span style=\"color: #003366; font-size: 90%;\">BANDE EN TISSU, AIR SPACE POUR , RESPIRABILIT\u00c9 MAXIMALE<\/span><\/p>\n","protected":false},"featured_media":7264,"template":"","meta":{"_acf_changed":false,"_exactmetrics_skip_tracking":false,"_exactmetrics_sitenote_active":false,"_exactmetrics_sitenote_note":"","_exactmetrics_sitenote_category":0},"product_brand":[],"product_cat":[232,231,87,229,94,90],"product_tag":[99,191,125],"class_list":{"0":"post-5462","1":"product","2":"type-product","3":"status-publish","4":"has-post-thumbnail","6":"product_cat-ergonomique","7":"product_cat-hygienique","8":"product_cat-matelas","9":"product_cat-matelas-waterfoam","10":"product_cat-promo","11":"product_cat-souple","12":"product_tag-matelas","13":"product_tag-matelas-excellence-max","14":"product_tag-matelas-orthopedique-1","16":"first","17":"instock","18":"sale","19":"shipping-taxable","20":"purchasable","21":"product-type-variable","22":"has-default-attributes"},"acf":[],"yoast_head":"<!-- This site is optimized with the Yoast SEO plugin v27.5 - https:\/\/yoast.com\/product\/yoast-seo-wordpress\/ -->\n<title>Matelas Excellence Max - Perdormire Alg\u00e9rie<\/title>\n<meta name=\"description\" content=\"Excellence Max est un matelas ergonomique propos\u00e9 par Perdormire ,le leader mondial dans la fabrication de matelas 100% italien.\" \/>\n<meta name=\"robots\" content=\"index, follow, max-snippet:-1, max-image-preview:large, max-video-preview:-1\" \/>\n<link rel=\"canonical\" href=\"https:\/\/perdormire-dz.com\/fr_fr\/produit\/matelas-excellence-max\/\" \/>\n<meta property=\"og:locale\" content=\"fr_FR\" \/>\n<meta property=\"og:type\" content=\"article\" \/>\n<meta property=\"og:title\" content=\"Matelas Excellence Max - Perdormire Alg\u00e9rie\" \/>\n<meta property=\"og:description\" content=\"Excellence Max est un matelas ergonomique propos\u00e9 par Perdormire ,le leader mondial dans la fabrication de matelas 100% italien.\" \/>\n<meta property=\"og:url\" content=\"https:\/\/perdormire-dz.com\/fr_fr\/produit\/matelas-excellence-max\/\" \/>\n<meta property=\"og:site_name\" content=\"Perdormire Alg\u00e9rie\" \/>\n<meta property=\"article:publisher\" content=\"https:\/\/web.facebook.com\/PerdormireDz\/\" \/>\n<meta property=\"article:modified_time\" content=\"2026-01-05T09:00:29+00:00\" \/>\n<meta property=\"og:image\" content=\"https:\/\/i0.wp.com\/perdormire-dz.com\/wp-content\/uploads\/2021\/12\/excellence-max-2.webp?fit=900%2C600&ssl=1\" \/>\n\t<meta property=\"og:image:width\" content=\"900\" \/>\n\t<meta property=\"og:image:height\" content=\"600\" \/>\n\t<meta property=\"og:image:type\" content=\"image\/webp\" \/>\n<meta name=\"twitter:card\" content=\"summary_large_image\" \/>\n<meta name=\"twitter:label1\" content=\"Dur\u00e9e de lecture estim\u00e9e\" \/>\n\t<meta name=\"twitter:data1\" content=\"1 minute\" \/>\n<script type=\"application\/ld+json\" class=\"yoast-schema-graph\">{\"@context\":\"https:\\\/\\\/schema.org\",\"@graph\":[{\"@type\":\"WebPage\",\"@id\":\"https:\\\/\\\/perdormire-dz.com\\\/produit\\\/matelas-excellence-max\\\/\",\"url\":\"https:\\\/\\\/perdormire-dz.com\\\/produit\\\/matelas-excellence-max\\\/\",\"name\":\"Matelas Excellence Max - Perdormire Alg\u00e9rie\",\"isPartOf\":{\"@id\":\"https:\\\/\\\/perdormire-dz.com\\\/#website\"},\"primaryImageOfPage\":{\"@id\":\"https:\\\/\\\/perdormire-dz.com\\\/produit\\\/matelas-excellence-max\\\/#primaryimage\"},\"image\":{\"@id\":\"https:\\\/\\\/perdormire-dz.com\\\/produit\\\/matelas-excellence-max\\\/#primaryimage\"},\"thumbnailUrl\":\"https:\\\/\\\/i0.wp.com\\\/perdormire-dz.com\\\/wp-content\\\/uploads\\\/2021\\\/12\\\/excellence-max-2.webp?fit=900%2C600&ssl=1\",\"datePublished\":\"2021-12-26T16:46:40+00:00\",\"dateModified\":\"2026-01-05T09:00:29+00:00\",\"description\":\"Excellence Max est un matelas ergonomique propos\u00e9 par Perdormire ,le leader mondial dans la fabrication de matelas 100% italien.\",\"breadcrumb\":{\"@id\":\"https:\\\/\\\/perdormire-dz.com\\\/produit\\\/matelas-excellence-max\\\/#breadcrumb\"},\"inLanguage\":\"fr-FR\",\"potentialAction\":[{\"@type\":\"ReadAction\",\"target\":[\"https:\\\/\\\/perdormire-dz.com\\\/produit\\\/matelas-excellence-max\\\/\"]}]},{\"@type\":\"ImageObject\",\"inLanguage\":\"fr-FR\",\"@id\":\"https:\\\/\\\/perdormire-dz.com\\\/produit\\\/matelas-excellence-max\\\/#primaryimage\",\"url\":\"https:\\\/\\\/i0.wp.com\\\/perdormire-dz.com\\\/wp-content\\\/uploads\\\/2021\\\/12\\\/excellence-max-2.webp?fit=900%2C600&ssl=1\",\"contentUrl\":\"https:\\\/\\\/i0.wp.com\\\/perdormire-dz.com\\\/wp-content\\\/uploads\\\/2021\\\/12\\\/excellence-max-2.webp?fit=900%2C600&ssl=1\",\"width\":900,\"height\":600},{\"@type\":\"BreadcrumbList\",\"@id\":\"https:\\\/\\\/perdormire-dz.com\\\/produit\\\/matelas-excellence-max\\\/#breadcrumb\",\"itemListElement\":[{\"@type\":\"ListItem\",\"position\":1,\"name\":\"Accueil\",\"item\":\"https:\\\/\\\/perdormire-dz.com\\\/ar\\\/\"},{\"@type\":\"ListItem\",\"position\":2,\"name\":\"Boutique\",\"item\":\"https:\\\/\\\/perdormire-dz.com\\\/fr_fr\\\/boutique\\\/\"},{\"@type\":\"ListItem\",\"position\":3,\"name\":\"Matelas Excellence Max\"}]},{\"@type\":\"WebSite\",\"@id\":\"https:\\\/\\\/perdormire-dz.com\\\/#website\",\"url\":\"https:\\\/\\\/perdormire-dz.com\\\/\",\"name\":\"Perdormire Alg\u00e9rie\",\"description\":\"Design For Wellness\",\"publisher\":{\"@id\":\"https:\\\/\\\/perdormire-dz.com\\\/#organization\"},\"potentialAction\":[{\"@type\":\"SearchAction\",\"target\":{\"@type\":\"EntryPoint\",\"urlTemplate\":\"https:\\\/\\\/perdormire-dz.com\\\/?s={search_term_string}\"},\"query-input\":{\"@type\":\"PropertyValueSpecification\",\"valueRequired\":true,\"valueName\":\"search_term_string\"}}],\"inLanguage\":\"fr-FR\"},{\"@type\":\"Organization\",\"@id\":\"https:\\\/\\\/perdormire-dz.com\\\/#organization\",\"name\":\"Perdormire Alg\u00e9rie\",\"url\":\"https:\\\/\\\/perdormire-dz.com\\\/\",\"logo\":{\"@type\":\"ImageObject\",\"inLanguage\":\"fr-FR\",\"@id\":\"https:\\\/\\\/perdormire-dz.com\\\/#\\\/schema\\\/logo\\\/image\\\/\",\"url\":\"\",\"contentUrl\":\"\",\"caption\":\"Perdormire Alg\u00e9rie\"},\"image\":{\"@id\":\"https:\\\/\\\/perdormire-dz.com\\\/#\\\/schema\\\/logo\\\/image\\\/\"},\"sameAs\":[\"https:\\\/\\\/web.facebook.com\\\/PerdormireDz\\\/\",\"https:\\\/\\\/www.instagram.com\\\/perdormire_algerie\\\/\"]}]}<\/script>\n<!-- \/ Yoast SEO plugin. -->","yoast_head_json":{"title":"Matelas Excellence Max - Perdormire Alg\u00e9rie","description":"Excellence Max est un matelas ergonomique propos\u00e9 par Perdormire ,le leader mondial dans la fabrication de matelas 100% italien.","robots":{"index":"index","follow":"follow","max-snippet":"max-snippet:-1","max-image-preview":"max-image-preview:large","max-video-preview":"max-video-preview:-1"},"canonical":"https:\/\/perdormire-dz.com\/fr_fr\/produit\/matelas-excellence-max\/","og_locale":"fr_FR","og_type":"article","og_title":"Matelas Excellence Max - Perdormire Alg\u00e9rie","og_description":"Excellence Max est un matelas ergonomique propos\u00e9 par Perdormire ,le leader mondial dans la fabrication de matelas 100% italien.","og_url":"https:\/\/perdormire-dz.com\/fr_fr\/produit\/matelas-excellence-max\/","og_site_name":"Perdormire Alg\u00e9rie","article_publisher":"https:\/\/web.facebook.com\/PerdormireDz\/","article_modified_time":"2026-01-05T09:00:29+00:00","og_image":[{"width":900,"height":600,"url":"https:\/\/i0.wp.com\/perdormire-dz.com\/wp-content\/uploads\/2021\/12\/excellence-max-2.webp?fit=900%2C600&ssl=1","type":"image\/webp"}],"twitter_card":"summary_large_image","twitter_misc":{"Dur\u00e9e de lecture estim\u00e9e":"1 minute"},"schema":{"@context":"https:\/\/schema.org","@graph":[{"@type":"WebPage","@id":"https:\/\/perdormire-dz.com\/produit\/matelas-excellence-max\/","url":"https:\/\/perdormire-dz.com\/produit\/matelas-excellence-max\/","name":"Matelas Excellence Max - Perdormire Alg\u00e9rie","isPartOf":{"@id":"https:\/\/perdormire-dz.com\/#website"},"primaryImageOfPage":{"@id":"https:\/\/perdormire-dz.com\/produit\/matelas-excellence-max\/#primaryimage"},"image":{"@id":"https:\/\/perdormire-dz.com\/produit\/matelas-excellence-max\/#primaryimage"},"thumbnailUrl":"https:\/\/i0.wp.com\/perdormire-dz.com\/wp-content\/uploads\/2021\/12\/excellence-max-2.webp?fit=900%2C600&ssl=1","datePublished":"2021-12-26T16:46:40+00:00","dateModified":"2026-01-05T09:00:29+00:00","description":"Excellence Max est un matelas ergonomique propos\u00e9 par Perdormire ,le leader mondial dans la fabrication de matelas 100% italien.","breadcrumb":{"@id":"https:\/\/perdormire-dz.com\/produit\/matelas-excellence-max\/#breadcrumb"},"inLanguage":"fr-FR","potentialAction":[{"@type":"ReadAction","target":["https:\/\/perdormire-dz.com\/produit\/matelas-excellence-max\/"]}]},{"@type":"ImageObject","inLanguage":"fr-FR","@id":"https:\/\/perdormire-dz.com\/produit\/matelas-excellence-max\/#primaryimage","url":"https:\/\/i0.wp.com\/perdormire-dz.com\/wp-content\/uploads\/2021\/12\/excellence-max-2.webp?fit=900%2C600&ssl=1","contentUrl":"https:\/\/i0.wp.com\/perdormire-dz.com\/wp-content\/uploads\/2021\/12\/excellence-max-2.webp?fit=900%2C600&ssl=1","width":900,"height":600},{"@type":"BreadcrumbList","@id":"https:\/\/perdormire-dz.com\/produit\/matelas-excellence-max\/#breadcrumb","itemListElement":[{"@type":"ListItem","position":1,"name":"Accueil","item":"https:\/\/perdormire-dz.com\/ar\/"},{"@type":"ListItem","position":2,"name":"Boutique","item":"https:\/\/perdormire-dz.com\/fr_fr\/boutique\/"},{"@type":"ListItem","position":3,"name":"Matelas Excellence Max"}]},{"@type":"WebSite","@id":"https:\/\/perdormire-dz.com\/#website","url":"https:\/\/perdormire-dz.com\/","name":"Perdormire Alg\u00e9rie","description":"Design For Wellness","publisher":{"@id":"https:\/\/perdormire-dz.com\/#organization"},"potentialAction":[{"@type":"SearchAction","target":{"@type":"EntryPoint","urlTemplate":"https:\/\/perdormire-dz.com\/?s={search_term_string}"},"query-input":{"@type":"PropertyValueSpecification","valueRequired":true,"valueName":"search_term_string"}}],"inLanguage":"fr-FR"},{"@type":"Organization","@id":"https:\/\/perdormire-dz.com\/#organization","name":"Perdormire Alg\u00e9rie","url":"https:\/\/perdormire-dz.com\/","logo":{"@type":"ImageObject","inLanguage":"fr-FR","@id":"https:\/\/perdormire-dz.com\/#\/schema\/logo\/image\/","url":"","contentUrl":"","caption":"Perdormire Alg\u00e9rie"},"image":{"@id":"https:\/\/perdormire-dz.com\/#\/schema\/logo\/image\/"},"sameAs":["https:\/\/web.facebook.com\/PerdormireDz\/","https:\/\/www.instagram.com\/perdormire_algerie\/"]}]}},"jetpack_sharing_enabled":true,"_links":{"self":[{"href":"https:\/\/perdormire-dz.com\/fr_fr\/wp-json\/wp\/v2\/product\/5462","targetHints":{"allow":["GET"]}}],"collection":[{"href":"https:\/\/perdormire-dz.com\/fr_fr\/wp-json\/wp\/v2\/product"}],"about":[{"href":"https:\/\/perdormire-dz.com\/fr_fr\/wp-json\/wp\/v2\/types\/product"}],"version-history":[{"count":6,"href":"https:\/\/perdormire-dz.com\/fr_fr\/wp-json\/wp\/v2\/product\/5462\/revisions"}],"predecessor-version":[{"id":10155,"href":"https:\/\/perdormire-dz.com\/fr_fr\/wp-json\/wp\/v2\/product\/5462\/revisions\/10155"}],"wp:featuredmedia":[{"embeddable":true,"href":"https:\/\/perdormire-dz.com\/fr_fr\/wp-json\/wp\/v2\/media\/7264"}],"wp:attachment":[{"href":"https:\/\/perdormire-dz.com\/fr_fr\/wp-json\/wp\/v2\/media?parent=5462"}],"wp:term":[{"taxonomy":"product_brand","embeddable":true,"href":"https:\/\/perdormire-dz.com\/fr_fr\/wp-json\/wp\/v2\/product_brand?post=5462"},{"taxonomy":"product_cat","embeddable":true,"href":"https:\/\/perdormire-dz.com\/fr_fr\/wp-json\/wp\/v2\/product_cat?post=5462"},{"taxonomy":"product_tag","embeddable":true,"href":"https:\/\/perdormire-dz.com\/fr_fr\/wp-json\/wp\/v2\/product_tag?post=5462"}],"curies":[{"name":"wp","href":"https:\/\/api.w.org\/{rel}","templated":true}]}}