{"id":5454,"date":"2021-12-26T16:29:32","date_gmt":"2021-12-26T16:29:32","guid":{"rendered":"https:\/\/perdormire-dz.com\/?post_type=product&#038;p=5454"},"modified":"2026-02-23T09:57:51","modified_gmt":"2026-02-23T09:57:51","slug":"matelas-top-sensation","status":"publish","type":"product","link":"https:\/\/perdormire-dz.com\/fr_fr\/produit\/matelas-top-sensation\/","title":{"rendered":"Matelas TOP SENSATION"},"content":{"rendered":"<p data-start=\"127\" data-end=\"485\">Le <strong data-start=\"130\" data-end=\"155\">matelas TOP SENSATION<\/strong> est\u00a0 confortable\u00a0 pour offrir un bon soutien du corps et une nuit de sommeil agr\u00e9able. Il est fabriqu\u00e9 avec un <strong data-start=\"281\" data-end=\"324\">coutil en tissus Baycent\u00ae aromath\u00e9rapie<\/strong> qui aide \u00e0 neutraliser les mauvaises odeurs.<\/p>\n<p data-start=\"127\" data-end=\"485\">La Bande lat\u00e9rale en\u00a0 Tissus bleu 100% fibres aux propri\u00e9t\u00e9s anallergiques avec poign\u00e9s verticales.<\/p>\n<p data-start=\"487\" data-end=\"799\">La surface de couchage est garnie d\u2019environ <strong data-start=\"531\" data-end=\"576\">3 cm de mousse visco\u00e9lastique Visco Mind\u00ae<\/strong>, qui s\u2019adapte \u00e0 la forme du corps pour r\u00e9duire les points de pression. Le c\u00f4t\u00e9 oppos\u00e9 est compos\u00e9 de <strong data-start=\"678\" data-end=\"733\">mousse waterfoam ind\u00e9formable avec fibres isolantes<\/strong>, offrant un soutien stable.<\/p>\n<p data-start=\"801\" data-end=\"935\">Le <strong data-start=\"130\" data-end=\"155\">matelas TOP SENSATION\u00a0<\/strong> est <strong data-start=\"816\" data-end=\"854\">d\u00e9houssable sur 4 c\u00f4t\u00e9s et lavable<\/strong>, ce qui facilite l\u2019entretien au quotidien.<\/p>\n<p data-start=\"937\" data-end=\"1035\">\n","protected":false},"excerpt":{"rendered":"<p>&nbsp;<\/p>\n<p><span style=\"color: #003366;\">HAUTEUR <strong>MATELAS<\/strong>: 24 CM ENVIRON<\/span><\/p>\n<div class=\"cxmmr5t8 oygrvhab hcukyx3x c1et5uql o9v6fnle\">\n<div class=\"cxmmr5t8 oygrvhab hcukyx3x c1et5uql o9v6fnle\"><span style=\"color: #003366;\">Rembourrage du matelas Top Sensation:<\/span><\/div>\n<div class=\"cxmmr5t8 oygrvhab hcukyx3x c1et5uql o9v6fnle\"><span style=\"color: #003366;\">C\u00f4t\u00e9 A: Visco mind\u00ae,ergonomique,automod\u00e9lant,portance 1.9 KPA<\/span><\/div>\n<div class=\"cxmmr5t8 oygrvhab hcukyx3x c1et5uql o9v6fnle\"><span style=\"color: #003366;\">C\u00f4t\u00e9 B: Waterfoam non d\u00e9formable + fibre isolante.<\/span><\/div>\n<div><\/div>\n<\/div>\n","protected":false},"featured_media":7213,"template":"","meta":{"_acf_changed":false,"_exactmetrics_skip_tracking":false,"_exactmetrics_sitenote_active":false,"_exactmetrics_sitenote_note":"","_exactmetrics_sitenote_category":0},"product_brand":[],"product_cat":[232,231,87,89,94],"product_tag":[99,125,192],"class_list":{"0":"post-5454","1":"product","2":"type-product","3":"status-publish","4":"has-post-thumbnail","6":"product_cat-ergonomique","7":"product_cat-hygienique","8":"product_cat-matelas","9":"product_cat-moelleux","10":"product_cat-promo","11":"product_tag-matelas","12":"product_tag-matelas-orthopedique-1","13":"product_tag-matelas-top-sensation","15":"first","16":"instock","17":"sale","18":"shipping-taxable","19":"purchasable","20":"product-type-variable"},"acf":[],"yoast_head":"<!-- This site is optimized with the Yoast SEO plugin v27.5 - https:\/\/yoast.com\/product\/yoast-seo-wordpress\/ -->\n<title>Matelas TOP SENSATION - Perdormire Alg\u00e9rie<\/title>\n<meta name=\"description\" content=\"Matelas TOP SENSATION : un matelas haut de gamme propos\u00e9 par Perdormire Alg\u00e9rie,le leader mondial dans la fabrication de matelas .\" \/>\n<meta name=\"robots\" content=\"index, follow, max-snippet:-1, max-image-preview:large, max-video-preview:-1\" \/>\n<link rel=\"canonical\" href=\"https:\/\/perdormire-dz.com\/fr_fr\/produit\/matelas-top-sensation\/\" \/>\n<meta property=\"og:locale\" content=\"fr_FR\" \/>\n<meta property=\"og:type\" content=\"article\" \/>\n<meta property=\"og:title\" content=\"Matelas TOP SENSATION - Perdormire Alg\u00e9rie\" \/>\n<meta property=\"og:description\" content=\"Matelas TOP SENSATION : un matelas haut de gamme propos\u00e9 par Perdormire Alg\u00e9rie,le leader mondial dans la fabrication de matelas .\" \/>\n<meta property=\"og:url\" content=\"https:\/\/perdormire-dz.com\/fr_fr\/produit\/matelas-top-sensation\/\" \/>\n<meta property=\"og:site_name\" content=\"Perdormire Alg\u00e9rie\" \/>\n<meta property=\"article:publisher\" content=\"https:\/\/web.facebook.com\/PerdormireDz\/\" \/>\n<meta property=\"article:modified_time\" content=\"2026-02-23T09:57:51+00:00\" \/>\n<meta property=\"og:image\" content=\"https:\/\/i0.wp.com\/perdormire-dz.com\/wp-content\/uploads\/2021\/12\/top-sensation.webp?fit=600%2C400&ssl=1\" \/>\n\t<meta property=\"og:image:width\" content=\"600\" \/>\n\t<meta property=\"og:image:height\" content=\"400\" \/>\n\t<meta property=\"og:image:type\" content=\"image\/webp\" \/>\n<meta name=\"twitter:card\" content=\"summary_large_image\" \/>\n<script type=\"application\/ld+json\" class=\"yoast-schema-graph\">{\"@context\":\"https:\\\/\\\/schema.org\",\"@graph\":[{\"@type\":\"WebPage\",\"@id\":\"https:\\\/\\\/perdormire-dz.com\\\/fr_fr\\\/produit\\\/matelas-top-sensation\\\/\",\"url\":\"https:\\\/\\\/perdormire-dz.com\\\/fr_fr\\\/produit\\\/matelas-top-sensation\\\/\",\"name\":\"Matelas TOP SENSATION - Perdormire Alg\u00e9rie\",\"isPartOf\":{\"@id\":\"https:\\\/\\\/perdormire-dz.com\\\/#website\"},\"primaryImageOfPage\":{\"@id\":\"https:\\\/\\\/perdormire-dz.com\\\/fr_fr\\\/produit\\\/matelas-top-sensation\\\/#primaryimage\"},\"image\":{\"@id\":\"https:\\\/\\\/perdormire-dz.com\\\/fr_fr\\\/produit\\\/matelas-top-sensation\\\/#primaryimage\"},\"thumbnailUrl\":\"https:\\\/\\\/i0.wp.com\\\/perdormire-dz.com\\\/wp-content\\\/uploads\\\/2021\\\/12\\\/top-sensation.webp?fit=600%2C400&ssl=1\",\"datePublished\":\"2021-12-26T16:29:32+00:00\",\"dateModified\":\"2026-02-23T09:57:51+00:00\",\"description\":\"Matelas TOP SENSATION : un matelas haut de gamme propos\u00e9 par Perdormire Alg\u00e9rie,le leader mondial dans la fabrication de matelas .\",\"breadcrumb\":{\"@id\":\"https:\\\/\\\/perdormire-dz.com\\\/fr_fr\\\/produit\\\/matelas-top-sensation\\\/#breadcrumb\"},\"inLanguage\":\"fr-FR\",\"potentialAction\":[{\"@type\":\"ReadAction\",\"target\":[\"https:\\\/\\\/perdormire-dz.com\\\/fr_fr\\\/produit\\\/matelas-top-sensation\\\/\"]}]},{\"@type\":\"ImageObject\",\"inLanguage\":\"fr-FR\",\"@id\":\"https:\\\/\\\/perdormire-dz.com\\\/fr_fr\\\/produit\\\/matelas-top-sensation\\\/#primaryimage\",\"url\":\"https:\\\/\\\/i0.wp.com\\\/perdormire-dz.com\\\/wp-content\\\/uploads\\\/2021\\\/12\\\/top-sensation.webp?fit=600%2C400&ssl=1\",\"contentUrl\":\"https:\\\/\\\/i0.wp.com\\\/perdormire-dz.com\\\/wp-content\\\/uploads\\\/2021\\\/12\\\/top-sensation.webp?fit=600%2C400&ssl=1\",\"width\":600,\"height\":400,\"caption\":\"Matelas orthop\u00e9dique Alg\u00e9rie-Top Sensation\"},{\"@type\":\"BreadcrumbList\",\"@id\":\"https:\\\/\\\/perdormire-dz.com\\\/fr_fr\\\/produit\\\/matelas-top-sensation\\\/#breadcrumb\",\"itemListElement\":[{\"@type\":\"ListItem\",\"position\":1,\"name\":\"Accueil\",\"item\":\"https:\\\/\\\/perdormire-dz.com\\\/ar\\\/\"},{\"@type\":\"ListItem\",\"position\":2,\"name\":\"Boutique\",\"item\":\"https:\\\/\\\/perdormire-dz.com\\\/fr_fr\\\/boutique\\\/\"},{\"@type\":\"ListItem\",\"position\":3,\"name\":\"Matelas TOP SENSATION\"}]},{\"@type\":\"WebSite\",\"@id\":\"https:\\\/\\\/perdormire-dz.com\\\/#website\",\"url\":\"https:\\\/\\\/perdormire-dz.com\\\/\",\"name\":\"Perdormire Alg\u00e9rie\",\"description\":\"Design For Wellness\",\"publisher\":{\"@id\":\"https:\\\/\\\/perdormire-dz.com\\\/#organization\"},\"potentialAction\":[{\"@type\":\"SearchAction\",\"target\":{\"@type\":\"EntryPoint\",\"urlTemplate\":\"https:\\\/\\\/perdormire-dz.com\\\/?s={search_term_string}\"},\"query-input\":{\"@type\":\"PropertyValueSpecification\",\"valueRequired\":true,\"valueName\":\"search_term_string\"}}],\"inLanguage\":\"fr-FR\"},{\"@type\":\"Organization\",\"@id\":\"https:\\\/\\\/perdormire-dz.com\\\/#organization\",\"name\":\"Perdormire Alg\u00e9rie\",\"url\":\"https:\\\/\\\/perdormire-dz.com\\\/\",\"logo\":{\"@type\":\"ImageObject\",\"inLanguage\":\"fr-FR\",\"@id\":\"https:\\\/\\\/perdormire-dz.com\\\/#\\\/schema\\\/logo\\\/image\\\/\",\"url\":\"\",\"contentUrl\":\"\",\"caption\":\"Perdormire Alg\u00e9rie\"},\"image\":{\"@id\":\"https:\\\/\\\/perdormire-dz.com\\\/#\\\/schema\\\/logo\\\/image\\\/\"},\"sameAs\":[\"https:\\\/\\\/web.facebook.com\\\/PerdormireDz\\\/\",\"https:\\\/\\\/www.instagram.com\\\/perdormire_algerie\\\/\"]}]}<\/script>\n<!-- \/ Yoast SEO plugin. -->","yoast_head_json":{"title":"Matelas TOP SENSATION - Perdormire Alg\u00e9rie","description":"Matelas TOP SENSATION : un matelas haut de gamme propos\u00e9 par Perdormire Alg\u00e9rie,le leader mondial dans la fabrication de matelas .","robots":{"index":"index","follow":"follow","max-snippet":"max-snippet:-1","max-image-preview":"max-image-preview:large","max-video-preview":"max-video-preview:-1"},"canonical":"https:\/\/perdormire-dz.com\/fr_fr\/produit\/matelas-top-sensation\/","og_locale":"fr_FR","og_type":"article","og_title":"Matelas TOP SENSATION - Perdormire Alg\u00e9rie","og_description":"Matelas TOP SENSATION : un matelas haut de gamme propos\u00e9 par Perdormire Alg\u00e9rie,le leader mondial dans la fabrication de matelas .","og_url":"https:\/\/perdormire-dz.com\/fr_fr\/produit\/matelas-top-sensation\/","og_site_name":"Perdormire Alg\u00e9rie","article_publisher":"https:\/\/web.facebook.com\/PerdormireDz\/","article_modified_time":"2026-02-23T09:57:51+00:00","og_image":[{"width":600,"height":400,"url":"https:\/\/i0.wp.com\/perdormire-dz.com\/wp-content\/uploads\/2021\/12\/top-sensation.webp?fit=600%2C400&ssl=1","type":"image\/webp"}],"twitter_card":"summary_large_image","schema":{"@context":"https:\/\/schema.org","@graph":[{"@type":"WebPage","@id":"https:\/\/perdormire-dz.com\/fr_fr\/produit\/matelas-top-sensation\/","url":"https:\/\/perdormire-dz.com\/fr_fr\/produit\/matelas-top-sensation\/","name":"Matelas TOP SENSATION - Perdormire Alg\u00e9rie","isPartOf":{"@id":"https:\/\/perdormire-dz.com\/#website"},"primaryImageOfPage":{"@id":"https:\/\/perdormire-dz.com\/fr_fr\/produit\/matelas-top-sensation\/#primaryimage"},"image":{"@id":"https:\/\/perdormire-dz.com\/fr_fr\/produit\/matelas-top-sensation\/#primaryimage"},"thumbnailUrl":"https:\/\/i0.wp.com\/perdormire-dz.com\/wp-content\/uploads\/2021\/12\/top-sensation.webp?fit=600%2C400&ssl=1","datePublished":"2021-12-26T16:29:32+00:00","dateModified":"2026-02-23T09:57:51+00:00","description":"Matelas TOP SENSATION : un matelas haut de gamme propos\u00e9 par Perdormire Alg\u00e9rie,le leader mondial dans la fabrication de matelas .","breadcrumb":{"@id":"https:\/\/perdormire-dz.com\/fr_fr\/produit\/matelas-top-sensation\/#breadcrumb"},"inLanguage":"fr-FR","potentialAction":[{"@type":"ReadAction","target":["https:\/\/perdormire-dz.com\/fr_fr\/produit\/matelas-top-sensation\/"]}]},{"@type":"ImageObject","inLanguage":"fr-FR","@id":"https:\/\/perdormire-dz.com\/fr_fr\/produit\/matelas-top-sensation\/#primaryimage","url":"https:\/\/i0.wp.com\/perdormire-dz.com\/wp-content\/uploads\/2021\/12\/top-sensation.webp?fit=600%2C400&ssl=1","contentUrl":"https:\/\/i0.wp.com\/perdormire-dz.com\/wp-content\/uploads\/2021\/12\/top-sensation.webp?fit=600%2C400&ssl=1","width":600,"height":400,"caption":"Matelas orthop\u00e9dique Alg\u00e9rie-Top Sensation"},{"@type":"BreadcrumbList","@id":"https:\/\/perdormire-dz.com\/fr_fr\/produit\/matelas-top-sensation\/#breadcrumb","itemListElement":[{"@type":"ListItem","position":1,"name":"Accueil","item":"https:\/\/perdormire-dz.com\/ar\/"},{"@type":"ListItem","position":2,"name":"Boutique","item":"https:\/\/perdormire-dz.com\/fr_fr\/boutique\/"},{"@type":"ListItem","position":3,"name":"Matelas TOP SENSATION"}]},{"@type":"WebSite","@id":"https:\/\/perdormire-dz.com\/#website","url":"https:\/\/perdormire-dz.com\/","name":"Perdormire Alg\u00e9rie","description":"Design For Wellness","publisher":{"@id":"https:\/\/perdormire-dz.com\/#organization"},"potentialAction":[{"@type":"SearchAction","target":{"@type":"EntryPoint","urlTemplate":"https:\/\/perdormire-dz.com\/?s={search_term_string}"},"query-input":{"@type":"PropertyValueSpecification","valueRequired":true,"valueName":"search_term_string"}}],"inLanguage":"fr-FR"},{"@type":"Organization","@id":"https:\/\/perdormire-dz.com\/#organization","name":"Perdormire Alg\u00e9rie","url":"https:\/\/perdormire-dz.com\/","logo":{"@type":"ImageObject","inLanguage":"fr-FR","@id":"https:\/\/perdormire-dz.com\/#\/schema\/logo\/image\/","url":"","contentUrl":"","caption":"Perdormire Alg\u00e9rie"},"image":{"@id":"https:\/\/perdormire-dz.com\/#\/schema\/logo\/image\/"},"sameAs":["https:\/\/web.facebook.com\/PerdormireDz\/","https:\/\/www.instagram.com\/perdormire_algerie\/"]}]}},"jetpack_sharing_enabled":true,"_links":{"self":[{"href":"https:\/\/perdormire-dz.com\/fr_fr\/wp-json\/wp\/v2\/product\/5454","targetHints":{"allow":["GET"]}}],"collection":[{"href":"https:\/\/perdormire-dz.com\/fr_fr\/wp-json\/wp\/v2\/product"}],"about":[{"href":"https:\/\/perdormire-dz.com\/fr_fr\/wp-json\/wp\/v2\/types\/product"}],"version-history":[{"count":6,"href":"https:\/\/perdormire-dz.com\/fr_fr\/wp-json\/wp\/v2\/product\/5454\/revisions"}],"predecessor-version":[{"id":10689,"href":"https:\/\/perdormire-dz.com\/fr_fr\/wp-json\/wp\/v2\/product\/5454\/revisions\/10689"}],"wp:featuredmedia":[{"embeddable":true,"href":"https:\/\/perdormire-dz.com\/fr_fr\/wp-json\/wp\/v2\/media\/7213"}],"wp:attachment":[{"href":"https:\/\/perdormire-dz.com\/fr_fr\/wp-json\/wp\/v2\/media?parent=5454"}],"wp:term":[{"taxonomy":"product_brand","embeddable":true,"href":"https:\/\/perdormire-dz.com\/fr_fr\/wp-json\/wp\/v2\/product_brand?post=5454"},{"taxonomy":"product_cat","embeddable":true,"href":"https:\/\/perdormire-dz.com\/fr_fr\/wp-json\/wp\/v2\/product_cat?post=5454"},{"taxonomy":"product_tag","embeddable":true,"href":"https:\/\/perdormire-dz.com\/fr_fr\/wp-json\/wp\/v2\/product_tag?post=5454"}],"curies":[{"name":"wp","href":"https:\/\/api.w.org\/{rel}","templated":true}]}}