{"id":5446,"date":"2021-12-26T15:21:00","date_gmt":"2021-12-26T15:21:00","guid":{"rendered":"https:\/\/perdormire-dz.com\/?post_type=product&#038;p=5446"},"modified":"2026-02-24T12:33:52","modified_gmt":"2026-02-24T12:33:52","slug":"matelas-italien-en-algerie-matelas-king","status":"publish","type":"product","link":"https:\/\/perdormire-dz.com\/fr_fr\/produit\/matelas-italien-en-algerie-matelas-king\/","title":{"rendered":"Matelas King 2.0"},"content":{"rendered":"<p><span style=\"color: #003366;\">Le matelas King 2.0 est l&rsquo;un des <a style=\"color: #003366;\" href=\"https:\/\/perdormire-dz.com\/matelas-orthopediques-algerie\/\" target=\"_blank\" rel=\"noopener\"><strong>matelas<\/strong> <\/a>les plus populaire de la marque <a style=\"color: #003366;\" href=\"https:\/\/perdormire-dz.com\/\" target=\"_blank\" rel=\"noopener\">Perdormire<\/a>.<\/span><\/p>\n<p><span style=\"color: #003366;\">Excellent rapport qualit\u00e9-prix avec un incroyable support de Fibres annalergiques.<\/span><\/p>\n<p id=\"tw-target-text\" class=\"tw-data-text tw-text-large tw-ta\" dir=\"ltr\" data-placeholder=\"Traduction\"><span class=\"Y2IQFc\" lang=\"fr\" style=\"color: #003366;\">Ce <strong>matelas<\/strong> est tout ce dont vous avez besoin pour un sommeil parfaitement confortable<\/span><\/p>\n<p dir=\"ltr\" data-placeholder=\"Traduction\"><span style=\"color: #003366;\"><strong>Matelas <\/strong>100% de fabrication italienne aux propri\u00e9t\u00e9s anallergiques .<\/span><\/p>\n<p dir=\"ltr\" data-placeholder=\"Traduction\"><span style=\"color: #003366;\">Id\u00e9al pour les <a style=\"color: #003366;\" href=\"https:\/\/perdormire-dz.com\/founisseur-de-matelas-pour-hotels-en-algerie\/\" target=\"_blank\" rel=\"noopener\">h\u00f4tels<\/a> et les particuliers dont la priorit\u00e9 est leurs sant\u00e9 et confort.<\/span><\/p>\n<p>&nbsp;<\/p>\n<p>&nbsp;<\/p>\n<p>&nbsp;<\/p>\n","protected":false},"excerpt":{"rendered":"<p><span style=\"color: #003366;\"><strong>C\u00f4t\u00e9 A<\/strong>: 100% fibres aux propri\u00e9t\u00e9s anallergiques + extra soft foam , extr\u00eamement moelleux<\/span><\/p>\n<p><span style=\"color: #003366;\"><strong>C\u00f4t\u00e9 B<\/strong>: 100% fibres aux propri\u00e9t\u00e9s anallergiques + Waterfoam non d\u00e9formable<\/span><\/p>\n<p><span style=\"color: #003366;\">HAUTEUR <strong>MATELAS<\/strong>: 29 CM<\/span><\/p>\n<div><span style=\"color: #003366;\"><strong>Matelas 100% Italien<\/strong>.<\/span><\/div>\n","protected":false},"featured_media":7214,"template":"","meta":{"_acf_changed":false,"_exactmetrics_skip_tracking":false,"_exactmetrics_sitenote_active":false,"_exactmetrics_sitenote_note":"","_exactmetrics_sitenote_category":0},"product_brand":[],"product_cat":[232,231,87,227,229,89,94],"product_tag":[234,99,188,125],"class_list":{"0":"post-5446","1":"product","2":"type-product","3":"status-publish","4":"has-post-thumbnail","6":"product_cat-ergonomique","7":"product_cat-hygienique","8":"product_cat-matelas","9":"product_cat-matelas-a-ressorts","10":"product_cat-matelas-waterfoam","11":"product_cat-moelleux","12":"product_cat-promo","13":"product_tag-king","14":"product_tag-matelas","15":"product_tag-matelas-king","16":"product_tag-matelas-orthopedique-1","18":"first","19":"instock","20":"shipping-taxable","21":"purchasable","22":"product-type-variable","23":"has-default-attributes"},"acf":[],"yoast_head":"<!-- This site is optimized with the Yoast SEO plugin v27.5 - https:\/\/yoast.com\/product\/yoast-seo-wordpress\/ -->\n<title>Matelas King 2.0 - Perdormire Alg\u00e9rie | Produit Italien %<\/title>\n<meta name=\"description\" content=\"Matelas King 2.0: Perdormire Alg\u00e9rie vous propose le matelas King 2.0, de fabrication 100 % italienne ! Livraison Gratuite sur Alger !\" \/>\n<meta name=\"robots\" content=\"index, follow, max-snippet:-1, max-image-preview:large, max-video-preview:-1\" \/>\n<link rel=\"canonical\" href=\"https:\/\/perdormire-dz.com\/fr_fr\/produit\/matelas-king-2-0\" \/>\n<meta property=\"og:locale\" content=\"fr_FR\" \/>\n<meta property=\"og:type\" content=\"article\" \/>\n<meta property=\"og:title\" content=\"Matelas King 2.0 - Perdormire Alg\u00e9rie | Produit Italien %\" \/>\n<meta property=\"og:description\" content=\"Matelas King 2.0: Perdormire Alg\u00e9rie vous propose le matelas King 2.0, de fabrication 100 % italienne ! Livraison Gratuite sur Alger !\" \/>\n<meta property=\"og:url\" content=\"https:\/\/perdormire-dz.com\/fr_fr\/produit\/matelas-king-2-0\" \/>\n<meta property=\"og:site_name\" content=\"Perdormire Alg\u00e9rie\" \/>\n<meta property=\"article:publisher\" content=\"https:\/\/web.facebook.com\/PerdormireDz\/\" \/>\n<meta property=\"article:modified_time\" content=\"2026-02-24T12:33:52+00:00\" \/>\n<meta property=\"og:image\" content=\"https:\/\/i0.wp.com\/perdormire-dz.com\/wp-content\/uploads\/2021\/12\/KING_2.webp?fit=600%2C400&ssl=1\" \/>\n\t<meta property=\"og:image:width\" content=\"600\" \/>\n\t<meta property=\"og:image:height\" content=\"400\" \/>\n\t<meta property=\"og:image:type\" content=\"image\/webp\" \/>\n<meta name=\"twitter:card\" content=\"summary_large_image\" \/>\n<meta name=\"twitter:label1\" content=\"Dur\u00e9e de lecture estim\u00e9e\" \/>\n\t<meta name=\"twitter:data1\" content=\"1 minute\" \/>\n<script type=\"application\/ld+json\" class=\"yoast-schema-graph\">{\"@context\":\"https:\\\/\\\/schema.org\",\"@graph\":[{\"@type\":\"WebPage\",\"@id\":\"https:\\\/\\\/perdormire-dz.com\\\/produit\\\/matelas-italien-en-algerie-matelas-king\\\/\",\"url\":\"https:\\\/\\\/perdormire-dz.com\\\/fr_fr\\\/produit\\\/matelas-king-2-0\",\"name\":\"Matelas King 2.0 - Perdormire Alg\u00e9rie | Produit Italien %\",\"isPartOf\":{\"@id\":\"https:\\\/\\\/perdormire-dz.com\\\/#website\"},\"primaryImageOfPage\":{\"@id\":\"https:\\\/\\\/perdormire-dz.com\\\/fr_fr\\\/produit\\\/matelas-king-2-0#primaryimage\"},\"image\":{\"@id\":\"https:\\\/\\\/perdormire-dz.com\\\/fr_fr\\\/produit\\\/matelas-king-2-0#primaryimage\"},\"thumbnailUrl\":\"https:\\\/\\\/i0.wp.com\\\/perdormire-dz.com\\\/wp-content\\\/uploads\\\/2021\\\/12\\\/KING_2.webp?fit=600%2C400&ssl=1\",\"datePublished\":\"2021-12-26T15:21:00+00:00\",\"dateModified\":\"2026-02-24T12:33:52+00:00\",\"description\":\"Matelas King 2.0: Perdormire Alg\u00e9rie vous propose le matelas King 2.0, de fabrication 100 % italienne ! Livraison Gratuite sur Alger !\",\"breadcrumb\":{\"@id\":\"https:\\\/\\\/perdormire-dz.com\\\/fr_fr\\\/produit\\\/matelas-king-2-0#breadcrumb\"},\"inLanguage\":\"fr-FR\",\"potentialAction\":[{\"@type\":\"ReadAction\",\"target\":[\"https:\\\/\\\/perdormire-dz.com\\\/fr_fr\\\/produit\\\/matelas-king-2-0\"]}]},{\"@type\":\"ImageObject\",\"inLanguage\":\"fr-FR\",\"@id\":\"https:\\\/\\\/perdormire-dz.com\\\/fr_fr\\\/produit\\\/matelas-king-2-0#primaryimage\",\"url\":\"https:\\\/\\\/i0.wp.com\\\/perdormire-dz.com\\\/wp-content\\\/uploads\\\/2021\\\/12\\\/KING_2.webp?fit=600%2C400&ssl=1\",\"contentUrl\":\"https:\\\/\\\/i0.wp.com\\\/perdormire-dz.com\\\/wp-content\\\/uploads\\\/2021\\\/12\\\/KING_2.webp?fit=600%2C400&ssl=1\",\"width\":600,\"height\":400,\"caption\":\"Matelas orthop\u00e9dique Alg\u00e9rie-King 2.0\"},{\"@type\":\"BreadcrumbList\",\"@id\":\"https:\\\/\\\/perdormire-dz.com\\\/fr_fr\\\/produit\\\/matelas-king-2-0#breadcrumb\",\"itemListElement\":[{\"@type\":\"ListItem\",\"position\":1,\"name\":\"Accueil\",\"item\":\"https:\\\/\\\/perdormire-dz.com\\\/ar\\\/\"},{\"@type\":\"ListItem\",\"position\":2,\"name\":\"Boutique\",\"item\":\"https:\\\/\\\/perdormire-dz.com\\\/fr_fr\\\/boutique\\\/\"},{\"@type\":\"ListItem\",\"position\":3,\"name\":\"Matelas King 2.0\"}]},{\"@type\":\"WebSite\",\"@id\":\"https:\\\/\\\/perdormire-dz.com\\\/#website\",\"url\":\"https:\\\/\\\/perdormire-dz.com\\\/\",\"name\":\"Perdormire Alg\u00e9rie\",\"description\":\"Design For Wellness\",\"publisher\":{\"@id\":\"https:\\\/\\\/perdormire-dz.com\\\/#organization\"},\"potentialAction\":[{\"@type\":\"SearchAction\",\"target\":{\"@type\":\"EntryPoint\",\"urlTemplate\":\"https:\\\/\\\/perdormire-dz.com\\\/?s={search_term_string}\"},\"query-input\":{\"@type\":\"PropertyValueSpecification\",\"valueRequired\":true,\"valueName\":\"search_term_string\"}}],\"inLanguage\":\"fr-FR\"},{\"@type\":\"Organization\",\"@id\":\"https:\\\/\\\/perdormire-dz.com\\\/#organization\",\"name\":\"Perdormire Alg\u00e9rie\",\"url\":\"https:\\\/\\\/perdormire-dz.com\\\/\",\"logo\":{\"@type\":\"ImageObject\",\"inLanguage\":\"fr-FR\",\"@id\":\"https:\\\/\\\/perdormire-dz.com\\\/#\\\/schema\\\/logo\\\/image\\\/\",\"url\":\"\",\"contentUrl\":\"\",\"caption\":\"Perdormire Alg\u00e9rie\"},\"image\":{\"@id\":\"https:\\\/\\\/perdormire-dz.com\\\/#\\\/schema\\\/logo\\\/image\\\/\"},\"sameAs\":[\"https:\\\/\\\/web.facebook.com\\\/PerdormireDz\\\/\",\"https:\\\/\\\/www.instagram.com\\\/perdormire_algerie\\\/\"]}]}<\/script>\n<!-- \/ Yoast SEO plugin. -->","yoast_head_json":{"title":"Matelas King 2.0 - Perdormire Alg\u00e9rie | Produit Italien %","description":"Matelas King 2.0: Perdormire Alg\u00e9rie vous propose le matelas King 2.0, de fabrication 100 % italienne ! Livraison Gratuite sur Alger !","robots":{"index":"index","follow":"follow","max-snippet":"max-snippet:-1","max-image-preview":"max-image-preview:large","max-video-preview":"max-video-preview:-1"},"canonical":"https:\/\/perdormire-dz.com\/fr_fr\/produit\/matelas-king-2-0","og_locale":"fr_FR","og_type":"article","og_title":"Matelas King 2.0 - Perdormire Alg\u00e9rie | Produit Italien %","og_description":"Matelas King 2.0: Perdormire Alg\u00e9rie vous propose le matelas King 2.0, de fabrication 100 % italienne ! Livraison Gratuite sur Alger !","og_url":"https:\/\/perdormire-dz.com\/fr_fr\/produit\/matelas-king-2-0","og_site_name":"Perdormire Alg\u00e9rie","article_publisher":"https:\/\/web.facebook.com\/PerdormireDz\/","article_modified_time":"2026-02-24T12:33:52+00:00","og_image":[{"width":600,"height":400,"url":"https:\/\/i0.wp.com\/perdormire-dz.com\/wp-content\/uploads\/2021\/12\/KING_2.webp?fit=600%2C400&ssl=1","type":"image\/webp"}],"twitter_card":"summary_large_image","twitter_misc":{"Dur\u00e9e de lecture estim\u00e9e":"1 minute"},"schema":{"@context":"https:\/\/schema.org","@graph":[{"@type":"WebPage","@id":"https:\/\/perdormire-dz.com\/produit\/matelas-italien-en-algerie-matelas-king\/","url":"https:\/\/perdormire-dz.com\/fr_fr\/produit\/matelas-king-2-0","name":"Matelas King 2.0 - Perdormire Alg\u00e9rie | Produit Italien %","isPartOf":{"@id":"https:\/\/perdormire-dz.com\/#website"},"primaryImageOfPage":{"@id":"https:\/\/perdormire-dz.com\/fr_fr\/produit\/matelas-king-2-0#primaryimage"},"image":{"@id":"https:\/\/perdormire-dz.com\/fr_fr\/produit\/matelas-king-2-0#primaryimage"},"thumbnailUrl":"https:\/\/i0.wp.com\/perdormire-dz.com\/wp-content\/uploads\/2021\/12\/KING_2.webp?fit=600%2C400&ssl=1","datePublished":"2021-12-26T15:21:00+00:00","dateModified":"2026-02-24T12:33:52+00:00","description":"Matelas King 2.0: Perdormire Alg\u00e9rie vous propose le matelas King 2.0, de fabrication 100 % italienne ! Livraison Gratuite sur Alger !","breadcrumb":{"@id":"https:\/\/perdormire-dz.com\/fr_fr\/produit\/matelas-king-2-0#breadcrumb"},"inLanguage":"fr-FR","potentialAction":[{"@type":"ReadAction","target":["https:\/\/perdormire-dz.com\/fr_fr\/produit\/matelas-king-2-0"]}]},{"@type":"ImageObject","inLanguage":"fr-FR","@id":"https:\/\/perdormire-dz.com\/fr_fr\/produit\/matelas-king-2-0#primaryimage","url":"https:\/\/i0.wp.com\/perdormire-dz.com\/wp-content\/uploads\/2021\/12\/KING_2.webp?fit=600%2C400&ssl=1","contentUrl":"https:\/\/i0.wp.com\/perdormire-dz.com\/wp-content\/uploads\/2021\/12\/KING_2.webp?fit=600%2C400&ssl=1","width":600,"height":400,"caption":"Matelas orthop\u00e9dique Alg\u00e9rie-King 2.0"},{"@type":"BreadcrumbList","@id":"https:\/\/perdormire-dz.com\/fr_fr\/produit\/matelas-king-2-0#breadcrumb","itemListElement":[{"@type":"ListItem","position":1,"name":"Accueil","item":"https:\/\/perdormire-dz.com\/ar\/"},{"@type":"ListItem","position":2,"name":"Boutique","item":"https:\/\/perdormire-dz.com\/fr_fr\/boutique\/"},{"@type":"ListItem","position":3,"name":"Matelas King 2.0"}]},{"@type":"WebSite","@id":"https:\/\/perdormire-dz.com\/#website","url":"https:\/\/perdormire-dz.com\/","name":"Perdormire Alg\u00e9rie","description":"Design For Wellness","publisher":{"@id":"https:\/\/perdormire-dz.com\/#organization"},"potentialAction":[{"@type":"SearchAction","target":{"@type":"EntryPoint","urlTemplate":"https:\/\/perdormire-dz.com\/?s={search_term_string}"},"query-input":{"@type":"PropertyValueSpecification","valueRequired":true,"valueName":"search_term_string"}}],"inLanguage":"fr-FR"},{"@type":"Organization","@id":"https:\/\/perdormire-dz.com\/#organization","name":"Perdormire Alg\u00e9rie","url":"https:\/\/perdormire-dz.com\/","logo":{"@type":"ImageObject","inLanguage":"fr-FR","@id":"https:\/\/perdormire-dz.com\/#\/schema\/logo\/image\/","url":"","contentUrl":"","caption":"Perdormire Alg\u00e9rie"},"image":{"@id":"https:\/\/perdormire-dz.com\/#\/schema\/logo\/image\/"},"sameAs":["https:\/\/web.facebook.com\/PerdormireDz\/","https:\/\/www.instagram.com\/perdormire_algerie\/"]}]}},"jetpack_sharing_enabled":true,"_links":{"self":[{"href":"https:\/\/perdormire-dz.com\/fr_fr\/wp-json\/wp\/v2\/product\/5446","targetHints":{"allow":["GET"]}}],"collection":[{"href":"https:\/\/perdormire-dz.com\/fr_fr\/wp-json\/wp\/v2\/product"}],"about":[{"href":"https:\/\/perdormire-dz.com\/fr_fr\/wp-json\/wp\/v2\/types\/product"}],"version-history":[{"count":3,"href":"https:\/\/perdormire-dz.com\/fr_fr\/wp-json\/wp\/v2\/product\/5446\/revisions"}],"predecessor-version":[{"id":10189,"href":"https:\/\/perdormire-dz.com\/fr_fr\/wp-json\/wp\/v2\/product\/5446\/revisions\/10189"}],"wp:featuredmedia":[{"embeddable":true,"href":"https:\/\/perdormire-dz.com\/fr_fr\/wp-json\/wp\/v2\/media\/7214"}],"wp:attachment":[{"href":"https:\/\/perdormire-dz.com\/fr_fr\/wp-json\/wp\/v2\/media?parent=5446"}],"wp:term":[{"taxonomy":"product_brand","embeddable":true,"href":"https:\/\/perdormire-dz.com\/fr_fr\/wp-json\/wp\/v2\/product_brand?post=5446"},{"taxonomy":"product_cat","embeddable":true,"href":"https:\/\/perdormire-dz.com\/fr_fr\/wp-json\/wp\/v2\/product_cat?post=5446"},{"taxonomy":"product_tag","embeddable":true,"href":"https:\/\/perdormire-dz.com\/fr_fr\/wp-json\/wp\/v2\/product_tag?post=5446"}],"curies":[{"name":"wp","href":"https:\/\/api.w.org\/{rel}","templated":true}]}}