{"id":4359,"date":"2021-09-19T13:53:10","date_gmt":"2021-09-19T13:53:10","guid":{"rendered":"https:\/\/perdormire-dz.com\/?post_type=product&#038;p=4359"},"modified":"2025-03-16T12:46:29","modified_gmt":"2025-03-16T12:46:29","slug":"lit-bergame","status":"publish","type":"product","link":"https:\/\/perdormire-dz.com\/fr_fr\/produit\/lit-bergame\/","title":{"rendered":"Lit BERGAME"},"content":{"rendered":"<p>Tirez le meilleur parti de votre espace avec le <strong>lit Bergame.<\/strong> La structure \u00e9l\u00e9gante de ce <a href=\"https:\/\/perdormire-dz.com\/lits-sur-mesure-en-algerie\/\" target=\"_blank\" rel=\"noopener\">lit<\/a> est faite en boit blanc et les pieds en h\u00eatre blanc. Il peut \u00eatre command\u00e9 <strong>avec coffret<\/strong> ou sans.Vous pouvez aussi choisir la couleur du rev\u00eatement en tissus peau de chat.<\/p>\n<p>Un bon sommeil ne se r\u00e9sume pas \u00e0 votre <a href=\"https:\/\/perdormire-dz.com\/matelas-algerie\/\" target=\"_blank\" rel=\"noopener\">matelas<\/a>, profitez d&rsquo;une nuit reposante avec ce <a href=\"https:\/\/perdormire-dz.com\/lits-sur-mesure-en-algerie\/\" target=\"_blank\" rel=\"noopener\"><strong>lit<\/strong> <\/a>de r\u00eave.<\/p>\n<ul>\n<li>Structure : En boit blanc<\/li>\n<li>Sommier coffre: Oui\/Non<\/li>\n<li>Rembourrage: Ouate<\/li>\n<li>Rev\u00eatement : En tissus peau de chat<\/li>\n<li>Pieds du <strong>lit<\/strong>: en <a href=\"https:\/\/www.cnrtl.fr\/definition\/h%C3%AAtre\" target=\"_blank\" rel=\"noopener\">h\u00eatre blanc<\/a><\/li>\n<\/ul>\n<p>&nbsp;<\/p>\n<p>&nbsp;<\/p>\n","protected":false},"excerpt":{"rendered":"<p>&nbsp;<\/p>\n<ul>\n<li>Structure : En boit blanc<\/li>\n<li>Sommier coffre: Oui\/Non<\/li>\n<li>Rembourrage: Ouate<\/li>\n<li>Rev\u00eatement : En tissus peau de chat<\/li>\n<li>Pieds du <strong>lit<\/strong>: en h\u00eatre blanc<\/li>\n<\/ul>\n<p>&nbsp;<\/p>\n","protected":false},"featured_media":4361,"template":"","meta":{"_acf_changed":false,"_exactmetrics_skip_tracking":false,"_exactmetrics_sitenote_active":false,"_exactmetrics_sitenote_note":"","_exactmetrics_sitenote_category":0},"product_brand":[],"product_cat":[86],"product_tag":[],"class_list":{"0":"post-4359","1":"product","2":"type-product","3":"status-publish","4":"has-post-thumbnail","6":"product_cat-lits","8":"first","9":"instock","10":"shipping-taxable","11":"product-type-variable","12":"has-default-attributes"},"acf":[],"yoast_head":"<!-- This site is optimized with the Yoast SEO plugin v27.5 - https:\/\/yoast.com\/product\/yoast-seo-wordpress\/ -->\n<title>Lit sur mesure BERGAMELit BERGAME - Perdormire Alg\u00e9rie<\/title>\n<meta name=\"description\" content=\"Lit sur mesure BERGAME :La structure \u00e9l\u00e9gante de ce lit est faite en boit blanc et les pieds en h\u00eatre blanc. Il peut \u00eatre command\u00e9 avec coffret ou sans.\" \/>\n<meta name=\"robots\" content=\"index, follow, max-snippet:-1, max-image-preview:large, max-video-preview:-1\" \/>\n<link rel=\"canonical\" href=\"https:\/\/perdormire-dz.com\/fr_fr\/produit\/lit-bergame\/\" \/>\n<meta property=\"og:locale\" content=\"fr_FR\" \/>\n<meta property=\"og:type\" content=\"article\" \/>\n<meta property=\"og:title\" content=\"Lit sur mesure BERGAMELit BERGAME - Perdormire Alg\u00e9rie\" \/>\n<meta property=\"og:description\" content=\"Lit sur mesure BERGAME :La structure \u00e9l\u00e9gante de ce lit est faite en boit blanc et les pieds en h\u00eatre blanc. Il peut \u00eatre command\u00e9 avec coffret ou sans.\" \/>\n<meta property=\"og:url\" content=\"https:\/\/perdormire-dz.com\/fr_fr\/produit\/lit-bergame\/\" \/>\n<meta property=\"og:site_name\" content=\"Perdormire Alg\u00e9rie\" \/>\n<meta property=\"article:publisher\" content=\"https:\/\/web.facebook.com\/PerdormireDz\/\" \/>\n<meta property=\"article:modified_time\" content=\"2025-03-16T12:46:29+00:00\" \/>\n<meta property=\"og:image\" content=\"https:\/\/i0.wp.com\/perdormire-dz.com\/wp-content\/uploads\/2021\/09\/BERGAME.jpg?fit=800%2C533&ssl=1\" \/>\n\t<meta property=\"og:image:width\" content=\"800\" \/>\n\t<meta property=\"og:image:height\" content=\"533\" \/>\n\t<meta property=\"og:image:type\" content=\"image\/jpeg\" \/>\n<meta name=\"twitter:card\" content=\"summary_large_image\" \/>\n<meta name=\"twitter:label1\" content=\"Dur\u00e9e de lecture estim\u00e9e\" \/>\n\t<meta name=\"twitter:data1\" content=\"1 minute\" \/>\n<script type=\"application\/ld+json\" class=\"yoast-schema-graph\">{\"@context\":\"https:\\\/\\\/schema.org\",\"@graph\":[{\"@type\":\"WebPage\",\"@id\":\"https:\\\/\\\/perdormire-dz.com\\\/produit\\\/lit-bergame\\\/\",\"url\":\"https:\\\/\\\/perdormire-dz.com\\\/produit\\\/lit-bergame\\\/\",\"name\":\"Lit sur mesure BERGAMELit BERGAME - Perdormire Alg\u00e9rie\",\"isPartOf\":{\"@id\":\"https:\\\/\\\/perdormire-dz.com\\\/#website\"},\"primaryImageOfPage\":{\"@id\":\"https:\\\/\\\/perdormire-dz.com\\\/produit\\\/lit-bergame\\\/#primaryimage\"},\"image\":{\"@id\":\"https:\\\/\\\/perdormire-dz.com\\\/produit\\\/lit-bergame\\\/#primaryimage\"},\"thumbnailUrl\":\"https:\\\/\\\/i0.wp.com\\\/perdormire-dz.com\\\/wp-content\\\/uploads\\\/2021\\\/09\\\/BERGAME.jpg?fit=800%2C533&ssl=1\",\"datePublished\":\"2021-09-19T13:53:10+00:00\",\"dateModified\":\"2025-03-16T12:46:29+00:00\",\"description\":\"Lit sur mesure BERGAME :La structure \u00e9l\u00e9gante de ce lit est faite en boit blanc et les pieds en h\u00eatre blanc. Il peut \u00eatre command\u00e9 avec coffret ou sans.\",\"breadcrumb\":{\"@id\":\"https:\\\/\\\/perdormire-dz.com\\\/produit\\\/lit-bergame\\\/#breadcrumb\"},\"inLanguage\":\"fr-FR\",\"potentialAction\":[{\"@type\":\"ReadAction\",\"target\":[\"https:\\\/\\\/perdormire-dz.com\\\/produit\\\/lit-bergame\\\/\"]}]},{\"@type\":\"ImageObject\",\"inLanguage\":\"fr-FR\",\"@id\":\"https:\\\/\\\/perdormire-dz.com\\\/produit\\\/lit-bergame\\\/#primaryimage\",\"url\":\"https:\\\/\\\/i0.wp.com\\\/perdormire-dz.com\\\/wp-content\\\/uploads\\\/2021\\\/09\\\/BERGAME.jpg?fit=800%2C533&ssl=1\",\"contentUrl\":\"https:\\\/\\\/i0.wp.com\\\/perdormire-dz.com\\\/wp-content\\\/uploads\\\/2021\\\/09\\\/BERGAME.jpg?fit=800%2C533&ssl=1\",\"width\":800,\"height\":533},{\"@type\":\"BreadcrumbList\",\"@id\":\"https:\\\/\\\/perdormire-dz.com\\\/produit\\\/lit-bergame\\\/#breadcrumb\",\"itemListElement\":[{\"@type\":\"ListItem\",\"position\":1,\"name\":\"Accueil\",\"item\":\"https:\\\/\\\/perdormire-dz.com\\\/ar\\\/\"},{\"@type\":\"ListItem\",\"position\":2,\"name\":\"Boutique\",\"item\":\"https:\\\/\\\/perdormire-dz.com\\\/fr_fr\\\/boutique\\\/\"},{\"@type\":\"ListItem\",\"position\":3,\"name\":\"Lit BERGAME\"}]},{\"@type\":\"WebSite\",\"@id\":\"https:\\\/\\\/perdormire-dz.com\\\/#website\",\"url\":\"https:\\\/\\\/perdormire-dz.com\\\/\",\"name\":\"Perdormire Alg\u00e9rie\",\"description\":\"Design For Wellness\",\"publisher\":{\"@id\":\"https:\\\/\\\/perdormire-dz.com\\\/#organization\"},\"potentialAction\":[{\"@type\":\"SearchAction\",\"target\":{\"@type\":\"EntryPoint\",\"urlTemplate\":\"https:\\\/\\\/perdormire-dz.com\\\/?s={search_term_string}\"},\"query-input\":{\"@type\":\"PropertyValueSpecification\",\"valueRequired\":true,\"valueName\":\"search_term_string\"}}],\"inLanguage\":\"fr-FR\"},{\"@type\":\"Organization\",\"@id\":\"https:\\\/\\\/perdormire-dz.com\\\/#organization\",\"name\":\"Perdormire Alg\u00e9rie\",\"url\":\"https:\\\/\\\/perdormire-dz.com\\\/\",\"logo\":{\"@type\":\"ImageObject\",\"inLanguage\":\"fr-FR\",\"@id\":\"https:\\\/\\\/perdormire-dz.com\\\/#\\\/schema\\\/logo\\\/image\\\/\",\"url\":\"\",\"contentUrl\":\"\",\"caption\":\"Perdormire Alg\u00e9rie\"},\"image\":{\"@id\":\"https:\\\/\\\/perdormire-dz.com\\\/#\\\/schema\\\/logo\\\/image\\\/\"},\"sameAs\":[\"https:\\\/\\\/web.facebook.com\\\/PerdormireDz\\\/\",\"https:\\\/\\\/www.instagram.com\\\/perdormire_algerie\\\/\"]}]}<\/script>\n<!-- \/ Yoast SEO plugin. -->","yoast_head_json":{"title":"Lit sur mesure BERGAMELit BERGAME - Perdormire Alg\u00e9rie","description":"Lit sur mesure BERGAME :La structure \u00e9l\u00e9gante de ce lit est faite en boit blanc et les pieds en h\u00eatre blanc. Il peut \u00eatre command\u00e9 avec coffret ou sans.","robots":{"index":"index","follow":"follow","max-snippet":"max-snippet:-1","max-image-preview":"max-image-preview:large","max-video-preview":"max-video-preview:-1"},"canonical":"https:\/\/perdormire-dz.com\/fr_fr\/produit\/lit-bergame\/","og_locale":"fr_FR","og_type":"article","og_title":"Lit sur mesure BERGAMELit BERGAME - Perdormire Alg\u00e9rie","og_description":"Lit sur mesure BERGAME :La structure \u00e9l\u00e9gante de ce lit est faite en boit blanc et les pieds en h\u00eatre blanc. Il peut \u00eatre command\u00e9 avec coffret ou sans.","og_url":"https:\/\/perdormire-dz.com\/fr_fr\/produit\/lit-bergame\/","og_site_name":"Perdormire Alg\u00e9rie","article_publisher":"https:\/\/web.facebook.com\/PerdormireDz\/","article_modified_time":"2025-03-16T12:46:29+00:00","og_image":[{"width":800,"height":533,"url":"https:\/\/i0.wp.com\/perdormire-dz.com\/wp-content\/uploads\/2021\/09\/BERGAME.jpg?fit=800%2C533&ssl=1","type":"image\/jpeg"}],"twitter_card":"summary_large_image","twitter_misc":{"Dur\u00e9e de lecture estim\u00e9e":"1 minute"},"schema":{"@context":"https:\/\/schema.org","@graph":[{"@type":"WebPage","@id":"https:\/\/perdormire-dz.com\/produit\/lit-bergame\/","url":"https:\/\/perdormire-dz.com\/produit\/lit-bergame\/","name":"Lit sur mesure BERGAMELit BERGAME - Perdormire Alg\u00e9rie","isPartOf":{"@id":"https:\/\/perdormire-dz.com\/#website"},"primaryImageOfPage":{"@id":"https:\/\/perdormire-dz.com\/produit\/lit-bergame\/#primaryimage"},"image":{"@id":"https:\/\/perdormire-dz.com\/produit\/lit-bergame\/#primaryimage"},"thumbnailUrl":"https:\/\/i0.wp.com\/perdormire-dz.com\/wp-content\/uploads\/2021\/09\/BERGAME.jpg?fit=800%2C533&ssl=1","datePublished":"2021-09-19T13:53:10+00:00","dateModified":"2025-03-16T12:46:29+00:00","description":"Lit sur mesure BERGAME :La structure \u00e9l\u00e9gante de ce lit est faite en boit blanc et les pieds en h\u00eatre blanc. Il peut \u00eatre command\u00e9 avec coffret ou sans.","breadcrumb":{"@id":"https:\/\/perdormire-dz.com\/produit\/lit-bergame\/#breadcrumb"},"inLanguage":"fr-FR","potentialAction":[{"@type":"ReadAction","target":["https:\/\/perdormire-dz.com\/produit\/lit-bergame\/"]}]},{"@type":"ImageObject","inLanguage":"fr-FR","@id":"https:\/\/perdormire-dz.com\/produit\/lit-bergame\/#primaryimage","url":"https:\/\/i0.wp.com\/perdormire-dz.com\/wp-content\/uploads\/2021\/09\/BERGAME.jpg?fit=800%2C533&ssl=1","contentUrl":"https:\/\/i0.wp.com\/perdormire-dz.com\/wp-content\/uploads\/2021\/09\/BERGAME.jpg?fit=800%2C533&ssl=1","width":800,"height":533},{"@type":"BreadcrumbList","@id":"https:\/\/perdormire-dz.com\/produit\/lit-bergame\/#breadcrumb","itemListElement":[{"@type":"ListItem","position":1,"name":"Accueil","item":"https:\/\/perdormire-dz.com\/ar\/"},{"@type":"ListItem","position":2,"name":"Boutique","item":"https:\/\/perdormire-dz.com\/fr_fr\/boutique\/"},{"@type":"ListItem","position":3,"name":"Lit BERGAME"}]},{"@type":"WebSite","@id":"https:\/\/perdormire-dz.com\/#website","url":"https:\/\/perdormire-dz.com\/","name":"Perdormire Alg\u00e9rie","description":"Design For Wellness","publisher":{"@id":"https:\/\/perdormire-dz.com\/#organization"},"potentialAction":[{"@type":"SearchAction","target":{"@type":"EntryPoint","urlTemplate":"https:\/\/perdormire-dz.com\/?s={search_term_string}"},"query-input":{"@type":"PropertyValueSpecification","valueRequired":true,"valueName":"search_term_string"}}],"inLanguage":"fr-FR"},{"@type":"Organization","@id":"https:\/\/perdormire-dz.com\/#organization","name":"Perdormire Alg\u00e9rie","url":"https:\/\/perdormire-dz.com\/","logo":{"@type":"ImageObject","inLanguage":"fr-FR","@id":"https:\/\/perdormire-dz.com\/#\/schema\/logo\/image\/","url":"","contentUrl":"","caption":"Perdormire Alg\u00e9rie"},"image":{"@id":"https:\/\/perdormire-dz.com\/#\/schema\/logo\/image\/"},"sameAs":["https:\/\/web.facebook.com\/PerdormireDz\/","https:\/\/www.instagram.com\/perdormire_algerie\/"]}]}},"jetpack_sharing_enabled":true,"_links":{"self":[{"href":"https:\/\/perdormire-dz.com\/fr_fr\/wp-json\/wp\/v2\/product\/4359","targetHints":{"allow":["GET"]}}],"collection":[{"href":"https:\/\/perdormire-dz.com\/fr_fr\/wp-json\/wp\/v2\/product"}],"about":[{"href":"https:\/\/perdormire-dz.com\/fr_fr\/wp-json\/wp\/v2\/types\/product"}],"version-history":[{"count":1,"href":"https:\/\/perdormire-dz.com\/fr_fr\/wp-json\/wp\/v2\/product\/4359\/revisions"}],"predecessor-version":[{"id":9891,"href":"https:\/\/perdormire-dz.com\/fr_fr\/wp-json\/wp\/v2\/product\/4359\/revisions\/9891"}],"wp:featuredmedia":[{"embeddable":true,"href":"https:\/\/perdormire-dz.com\/fr_fr\/wp-json\/wp\/v2\/media\/4361"}],"wp:attachment":[{"href":"https:\/\/perdormire-dz.com\/fr_fr\/wp-json\/wp\/v2\/media?parent=4359"}],"wp:term":[{"taxonomy":"product_brand","embeddable":true,"href":"https:\/\/perdormire-dz.com\/fr_fr\/wp-json\/wp\/v2\/product_brand?post=4359"},{"taxonomy":"product_cat","embeddable":true,"href":"https:\/\/perdormire-dz.com\/fr_fr\/wp-json\/wp\/v2\/product_cat?post=4359"},{"taxonomy":"product_tag","embeddable":true,"href":"https:\/\/perdormire-dz.com\/fr_fr\/wp-json\/wp\/v2\/product_tag?post=4359"}],"curies":[{"name":"wp","href":"https:\/\/api.w.org\/{rel}","templated":true}]}}