{"id":4344,"date":"2021-08-11T14:41:41","date_gmt":"2021-08-11T14:41:41","guid":{"rendered":"https:\/\/perdormire-dz.com\/?post_type=product&#038;p=4344"},"modified":"2026-01-02T18:57:27","modified_gmt":"2026-01-02T18:57:27","slug":"matelas-easy-top","status":"publish","type":"product","link":"https:\/\/perdormire-dz.com\/fr_fr\/produit\/matelas-easy-top\/","title":{"rendered":"Matelas Easy Top"},"content":{"rendered":"<h1 class=\"fusion-responsive-typography-calculated\" data-fontsize=\"34\" data-lineheight=\"39.44px\"><span style=\"color: #003366;\">Matelas Easy Top<\/span><\/h1>\n<p>&nbsp;<\/p>\n<div><span style=\"color: #003366;\"><strong>Matelas<\/strong> Easy Top offre une coh\u00e9rence parfaite entre qualit\u00e9, confort et budget. \u00c2me 100% mousse Polyur\u00e9thane, soutien ferme pour un soutien sp\u00e9cifique de la t\u00eate aux pieds.<\/span><\/div>\n<div><\/div>\n<div><span style=\"color: #003366;\">Le <a style=\"color: #003366;\" href=\"https:\/\/perdormire-dz.com\/matelas-algerie\/\"><strong>Matelas<\/strong><\/a> <strong>Easy Top<\/strong> assure une ind\u00e9pendance de couchage total au <strong>dormeur<\/strong>.<\/span><\/div>\n<div><\/div>\n<div><span style=\"color: #003366;\"><strong>Matelas 100% Italien<\/strong>.<\/span><\/div>\n<p><span style=\"color: #003366;\"><strong>TISSU MATELAS Easy Top:<\/strong><\/span><\/p>\n<p><span style=\"color: #003366;\"><strong>Tissu<\/strong> : Tissus en Jacquard 100 % fibres aux propri\u00e9t\u00e9s anallergique<\/span><\/p>\n<p><span style=\"color: #003366;\"><strong>Bande lat\u00e9rale<\/strong> : <strong>Tissus<\/strong> bleu\u00a0100 % fibres aux propri\u00e9t\u00e9s anallergique avec poign\u00e9s verticales .<\/span><\/p>\n<p><span style=\"color: #003366;\"><strong>Accueil :<\/strong> Tonique<\/span><\/p>\n<div><span style=\"color: #003366;\"><strong>Soutien :<\/strong> Ferme<\/span><\/div>\n<p>&nbsp;<\/p>\n<p>&nbsp;<\/p>\n<p>&nbsp;<\/p>\n<p>&nbsp;<\/p>\n","protected":false},"excerpt":{"rendered":"<p><span style=\"color: #003366;\">HAUTEUR <strong>MATELAS<\/strong>: 18 CM<\/span><\/p>\n<div><span style=\"color: #003366;\">Ce<b> matelas <\/b>offre une coh\u00e9rence parfaite entre qualit\u00e9, confort et budget. \u00c2me 100% mousse Polyur\u00e9thane, soutien ferme pour un soutien sp\u00e9cifique de la t\u00eate aux pieds.<\/span><\/div>\n<div><\/div>\n<div><span style=\"color: #003366;\">Le <strong>Matelas<\/strong> <strong>Easy Top<\/strong> assure une ind\u00e9pendance de couchage total au <strong>dormeur<\/strong>.<\/span><\/div>\n<div><\/div>\n<div><span style=\"color: #003366;\"><strong>Matelas 100% Italien<\/strong>.<\/span><\/div>\n","protected":false},"featured_media":9230,"template":"","meta":{"_acf_changed":false,"_exactmetrics_skip_tracking":false,"_exactmetrics_sitenote_active":false,"_exactmetrics_sitenote_note":"","_exactmetrics_sitenote_category":0},"product_brand":[],"product_cat":[232,231,87,229,89,256,94],"product_tag":[201],"class_list":{"0":"post-4344","1":"product","2":"type-product","3":"status-publish","4":"has-post-thumbnail","6":"product_cat-ergonomique","7":"product_cat-hygienique","8":"product_cat-matelas","9":"product_cat-matelas-waterfoam","10":"product_cat-moelleux","11":"product_cat-outlet","12":"product_cat-promo","13":"product_tag-matelas-easy-top","15":"first","16":"instock","17":"sale","18":"shipping-taxable","19":"purchasable","20":"product-type-variable","21":"has-default-attributes"},"acf":[],"yoast_head":"<!-- This site is optimized with the Yoast SEO plugin v27.5 - https:\/\/yoast.com\/product\/yoast-seo-wordpress\/ -->\n<title>Matelas 160x190 Easy Top - Perdormire Alg\u00e9rie | Produit Italien<\/title>\n<meta name=\"description\" content=\"Matelas Easy Top: Perdormire Alg\u00e9rie vous propose le matelas 160x190 Easy Top,de fabrication 100 % italienne ! Livraison Gratuite \u00e0 Alger !\" \/>\n<meta name=\"robots\" content=\"index, follow, max-snippet:-1, max-image-preview:large, max-video-preview:-1\" \/>\n<link rel=\"canonical\" href=\"https:\/\/perdormire-dz.com\/fr_fr\/produit\/matelas-easy-top\/\" \/>\n<meta property=\"og:locale\" content=\"fr_FR\" \/>\n<meta property=\"og:type\" content=\"article\" \/>\n<meta property=\"og:title\" content=\"Matelas 160x190 Easy Top - Perdormire Alg\u00e9rie | Produit Italien\" \/>\n<meta property=\"og:description\" content=\"Matelas Easy Top: Perdormire Alg\u00e9rie vous propose le matelas 160x190 Easy Top,de fabrication 100 % italienne ! Livraison Gratuite \u00e0 Alger !\" \/>\n<meta property=\"og:url\" content=\"https:\/\/perdormire-dz.com\/fr_fr\/produit\/matelas-easy-top\/\" \/>\n<meta property=\"og:site_name\" content=\"Perdormire Alg\u00e9rie\" \/>\n<meta property=\"article:publisher\" content=\"https:\/\/web.facebook.com\/PerdormireDz\/\" \/>\n<meta property=\"article:modified_time\" content=\"2026-01-02T18:57:27+00:00\" \/>\n<meta property=\"og:image\" content=\"https:\/\/i0.wp.com\/perdormire-dz.com\/wp-content\/uploads\/2021\/08\/Easytop.png?fit=1000%2C666&ssl=1\" \/>\n\t<meta property=\"og:image:width\" content=\"1000\" \/>\n\t<meta property=\"og:image:height\" content=\"666\" \/>\n\t<meta property=\"og:image:type\" content=\"image\/png\" \/>\n<meta name=\"twitter:card\" content=\"summary_large_image\" \/>\n<meta name=\"twitter:label1\" content=\"Dur\u00e9e de lecture estim\u00e9e\" \/>\n\t<meta name=\"twitter:data1\" content=\"1 minute\" \/>\n<script type=\"application\/ld+json\" class=\"yoast-schema-graph\">{\"@context\":\"https:\\\/\\\/schema.org\",\"@graph\":[{\"@type\":\"WebPage\",\"@id\":\"https:\\\/\\\/perdormire-dz.com\\\/produit\\\/matelas-easy-top\\\/\",\"url\":\"https:\\\/\\\/perdormire-dz.com\\\/produit\\\/matelas-easy-top\\\/\",\"name\":\"Matelas 160x190 Easy Top - Perdormire Alg\u00e9rie | Produit Italien\",\"isPartOf\":{\"@id\":\"https:\\\/\\\/perdormire-dz.com\\\/#website\"},\"primaryImageOfPage\":{\"@id\":\"https:\\\/\\\/perdormire-dz.com\\\/produit\\\/matelas-easy-top\\\/#primaryimage\"},\"image\":{\"@id\":\"https:\\\/\\\/perdormire-dz.com\\\/produit\\\/matelas-easy-top\\\/#primaryimage\"},\"thumbnailUrl\":\"https:\\\/\\\/i0.wp.com\\\/perdormire-dz.com\\\/wp-content\\\/uploads\\\/2021\\\/08\\\/Easytop.png?fit=1000%2C666&ssl=1\",\"datePublished\":\"2021-08-11T14:41:41+00:00\",\"dateModified\":\"2026-01-02T18:57:27+00:00\",\"description\":\"Matelas Easy Top: Perdormire Alg\u00e9rie vous propose le matelas 160x190 Easy Top,de fabrication 100 % italienne ! Livraison Gratuite \u00e0 Alger !\",\"breadcrumb\":{\"@id\":\"https:\\\/\\\/perdormire-dz.com\\\/produit\\\/matelas-easy-top\\\/#breadcrumb\"},\"inLanguage\":\"fr-FR\",\"potentialAction\":[{\"@type\":\"ReadAction\",\"target\":[\"https:\\\/\\\/perdormire-dz.com\\\/produit\\\/matelas-easy-top\\\/\"]}]},{\"@type\":\"ImageObject\",\"inLanguage\":\"fr-FR\",\"@id\":\"https:\\\/\\\/perdormire-dz.com\\\/produit\\\/matelas-easy-top\\\/#primaryimage\",\"url\":\"https:\\\/\\\/i0.wp.com\\\/perdormire-dz.com\\\/wp-content\\\/uploads\\\/2021\\\/08\\\/Easytop.png?fit=1000%2C666&ssl=1\",\"contentUrl\":\"https:\\\/\\\/i0.wp.com\\\/perdormire-dz.com\\\/wp-content\\\/uploads\\\/2021\\\/08\\\/Easytop.png?fit=1000%2C666&ssl=1\",\"width\":1000,\"height\":666},{\"@type\":\"BreadcrumbList\",\"@id\":\"https:\\\/\\\/perdormire-dz.com\\\/produit\\\/matelas-easy-top\\\/#breadcrumb\",\"itemListElement\":[{\"@type\":\"ListItem\",\"position\":1,\"name\":\"Accueil\",\"item\":\"https:\\\/\\\/perdormire-dz.com\\\/ar\\\/\"},{\"@type\":\"ListItem\",\"position\":2,\"name\":\"Boutique\",\"item\":\"https:\\\/\\\/perdormire-dz.com\\\/fr_fr\\\/boutique\\\/\"},{\"@type\":\"ListItem\",\"position\":3,\"name\":\"Matelas Easy Top\"}]},{\"@type\":\"WebSite\",\"@id\":\"https:\\\/\\\/perdormire-dz.com\\\/#website\",\"url\":\"https:\\\/\\\/perdormire-dz.com\\\/\",\"name\":\"Perdormire Alg\u00e9rie\",\"description\":\"Design For Wellness\",\"publisher\":{\"@id\":\"https:\\\/\\\/perdormire-dz.com\\\/#organization\"},\"potentialAction\":[{\"@type\":\"SearchAction\",\"target\":{\"@type\":\"EntryPoint\",\"urlTemplate\":\"https:\\\/\\\/perdormire-dz.com\\\/?s={search_term_string}\"},\"query-input\":{\"@type\":\"PropertyValueSpecification\",\"valueRequired\":true,\"valueName\":\"search_term_string\"}}],\"inLanguage\":\"fr-FR\"},{\"@type\":\"Organization\",\"@id\":\"https:\\\/\\\/perdormire-dz.com\\\/#organization\",\"name\":\"Perdormire Alg\u00e9rie\",\"url\":\"https:\\\/\\\/perdormire-dz.com\\\/\",\"logo\":{\"@type\":\"ImageObject\",\"inLanguage\":\"fr-FR\",\"@id\":\"https:\\\/\\\/perdormire-dz.com\\\/#\\\/schema\\\/logo\\\/image\\\/\",\"url\":\"\",\"contentUrl\":\"\",\"caption\":\"Perdormire Alg\u00e9rie\"},\"image\":{\"@id\":\"https:\\\/\\\/perdormire-dz.com\\\/#\\\/schema\\\/logo\\\/image\\\/\"},\"sameAs\":[\"https:\\\/\\\/web.facebook.com\\\/PerdormireDz\\\/\",\"https:\\\/\\\/www.instagram.com\\\/perdormire_algerie\\\/\"]}]}<\/script>\n<!-- \/ Yoast SEO plugin. -->","yoast_head_json":{"title":"Matelas 160x190 Easy Top - Perdormire Alg\u00e9rie | Produit Italien","description":"Matelas Easy Top: Perdormire Alg\u00e9rie vous propose le matelas 160x190 Easy Top,de fabrication 100 % italienne ! Livraison Gratuite \u00e0 Alger !","robots":{"index":"index","follow":"follow","max-snippet":"max-snippet:-1","max-image-preview":"max-image-preview:large","max-video-preview":"max-video-preview:-1"},"canonical":"https:\/\/perdormire-dz.com\/fr_fr\/produit\/matelas-easy-top\/","og_locale":"fr_FR","og_type":"article","og_title":"Matelas 160x190 Easy Top - Perdormire Alg\u00e9rie | Produit Italien","og_description":"Matelas Easy Top: Perdormire Alg\u00e9rie vous propose le matelas 160x190 Easy Top,de fabrication 100 % italienne ! Livraison Gratuite \u00e0 Alger !","og_url":"https:\/\/perdormire-dz.com\/fr_fr\/produit\/matelas-easy-top\/","og_site_name":"Perdormire Alg\u00e9rie","article_publisher":"https:\/\/web.facebook.com\/PerdormireDz\/","article_modified_time":"2026-01-02T18:57:27+00:00","og_image":[{"width":1000,"height":666,"url":"https:\/\/i0.wp.com\/perdormire-dz.com\/wp-content\/uploads\/2021\/08\/Easytop.png?fit=1000%2C666&ssl=1","type":"image\/png"}],"twitter_card":"summary_large_image","twitter_misc":{"Dur\u00e9e de lecture estim\u00e9e":"1 minute"},"schema":{"@context":"https:\/\/schema.org","@graph":[{"@type":"WebPage","@id":"https:\/\/perdormire-dz.com\/produit\/matelas-easy-top\/","url":"https:\/\/perdormire-dz.com\/produit\/matelas-easy-top\/","name":"Matelas 160x190 Easy Top - Perdormire Alg\u00e9rie | Produit Italien","isPartOf":{"@id":"https:\/\/perdormire-dz.com\/#website"},"primaryImageOfPage":{"@id":"https:\/\/perdormire-dz.com\/produit\/matelas-easy-top\/#primaryimage"},"image":{"@id":"https:\/\/perdormire-dz.com\/produit\/matelas-easy-top\/#primaryimage"},"thumbnailUrl":"https:\/\/i0.wp.com\/perdormire-dz.com\/wp-content\/uploads\/2021\/08\/Easytop.png?fit=1000%2C666&ssl=1","datePublished":"2021-08-11T14:41:41+00:00","dateModified":"2026-01-02T18:57:27+00:00","description":"Matelas Easy Top: Perdormire Alg\u00e9rie vous propose le matelas 160x190 Easy Top,de fabrication 100 % italienne ! Livraison Gratuite \u00e0 Alger !","breadcrumb":{"@id":"https:\/\/perdormire-dz.com\/produit\/matelas-easy-top\/#breadcrumb"},"inLanguage":"fr-FR","potentialAction":[{"@type":"ReadAction","target":["https:\/\/perdormire-dz.com\/produit\/matelas-easy-top\/"]}]},{"@type":"ImageObject","inLanguage":"fr-FR","@id":"https:\/\/perdormire-dz.com\/produit\/matelas-easy-top\/#primaryimage","url":"https:\/\/i0.wp.com\/perdormire-dz.com\/wp-content\/uploads\/2021\/08\/Easytop.png?fit=1000%2C666&ssl=1","contentUrl":"https:\/\/i0.wp.com\/perdormire-dz.com\/wp-content\/uploads\/2021\/08\/Easytop.png?fit=1000%2C666&ssl=1","width":1000,"height":666},{"@type":"BreadcrumbList","@id":"https:\/\/perdormire-dz.com\/produit\/matelas-easy-top\/#breadcrumb","itemListElement":[{"@type":"ListItem","position":1,"name":"Accueil","item":"https:\/\/perdormire-dz.com\/ar\/"},{"@type":"ListItem","position":2,"name":"Boutique","item":"https:\/\/perdormire-dz.com\/fr_fr\/boutique\/"},{"@type":"ListItem","position":3,"name":"Matelas Easy Top"}]},{"@type":"WebSite","@id":"https:\/\/perdormire-dz.com\/#website","url":"https:\/\/perdormire-dz.com\/","name":"Perdormire Alg\u00e9rie","description":"Design For Wellness","publisher":{"@id":"https:\/\/perdormire-dz.com\/#organization"},"potentialAction":[{"@type":"SearchAction","target":{"@type":"EntryPoint","urlTemplate":"https:\/\/perdormire-dz.com\/?s={search_term_string}"},"query-input":{"@type":"PropertyValueSpecification","valueRequired":true,"valueName":"search_term_string"}}],"inLanguage":"fr-FR"},{"@type":"Organization","@id":"https:\/\/perdormire-dz.com\/#organization","name":"Perdormire Alg\u00e9rie","url":"https:\/\/perdormire-dz.com\/","logo":{"@type":"ImageObject","inLanguage":"fr-FR","@id":"https:\/\/perdormire-dz.com\/#\/schema\/logo\/image\/","url":"","contentUrl":"","caption":"Perdormire Alg\u00e9rie"},"image":{"@id":"https:\/\/perdormire-dz.com\/#\/schema\/logo\/image\/"},"sameAs":["https:\/\/web.facebook.com\/PerdormireDz\/","https:\/\/www.instagram.com\/perdormire_algerie\/"]}]}},"jetpack_sharing_enabled":true,"_links":{"self":[{"href":"https:\/\/perdormire-dz.com\/fr_fr\/wp-json\/wp\/v2\/product\/4344","targetHints":{"allow":["GET"]}}],"collection":[{"href":"https:\/\/perdormire-dz.com\/fr_fr\/wp-json\/wp\/v2\/product"}],"about":[{"href":"https:\/\/perdormire-dz.com\/fr_fr\/wp-json\/wp\/v2\/types\/product"}],"version-history":[{"count":1,"href":"https:\/\/perdormire-dz.com\/fr_fr\/wp-json\/wp\/v2\/product\/4344\/revisions"}],"predecessor-version":[{"id":9201,"href":"https:\/\/perdormire-dz.com\/fr_fr\/wp-json\/wp\/v2\/product\/4344\/revisions\/9201"}],"wp:featuredmedia":[{"embeddable":true,"href":"https:\/\/perdormire-dz.com\/fr_fr\/wp-json\/wp\/v2\/media\/9230"}],"wp:attachment":[{"href":"https:\/\/perdormire-dz.com\/fr_fr\/wp-json\/wp\/v2\/media?parent=4344"}],"wp:term":[{"taxonomy":"product_brand","embeddable":true,"href":"https:\/\/perdormire-dz.com\/fr_fr\/wp-json\/wp\/v2\/product_brand?post=4344"},{"taxonomy":"product_cat","embeddable":true,"href":"https:\/\/perdormire-dz.com\/fr_fr\/wp-json\/wp\/v2\/product_cat?post=4344"},{"taxonomy":"product_tag","embeddable":true,"href":"https:\/\/perdormire-dz.com\/fr_fr\/wp-json\/wp\/v2\/product_tag?post=4344"}],"curies":[{"name":"wp","href":"https:\/\/api.w.org\/{rel}","templated":true}]}}