{"id":4059,"date":"2021-06-20T16:38:14","date_gmt":"2021-06-20T16:38:14","guid":{"rendered":"https:\/\/perdormire-dz.com\/?post_type=product&#038;p=4059"},"modified":"2025-04-13T19:26:28","modified_gmt":"2025-04-13T19:26:28","slug":"matelas-future-technology-massage","status":"publish","type":"product","link":"https:\/\/perdormire-dz.com\/fr_fr\/produit\/matelas-future-technology-massage\/","title":{"rendered":"Matelas Future Technology Massage"},"content":{"rendered":"<h1><span style=\"color: #003366;\">Tissus du matelas Future Technology Massage:<\/span><\/h1>\n<p><span style=\"color: #003366;\"><strong>C\u00f4t\u00e9 A :<\/strong> Tissus renbour\u00e9 de maille blanc 100% fibre aux propri\u00e9t\u00e9s annalergiques.<\/span><\/p>\n<p><span style=\"color: #003366;\"><strong>C\u00f4t\u00e9 B :<\/strong> Coutil en maille noir 100% fibre aux propri\u00e9t\u00e9s annalergiques.<\/span><\/p>\n<p><span style=\"color: #003366;\">REMBOURRAGE :<\/span><\/p>\n<p><span style=\"color: #003366;\">Pas de rembourrage.<\/span><\/p>\n<p><span style=\"color: #003366;\">CARACT\u00c9RISTIQUES:<\/span><\/p>\n<p><span style=\"color: #003366;\"><a style=\"color: #003366;\" href=\"https:\/\/perdormire-dz.com\/matelas-algerie\/\"><strong>Matelas<\/strong> <\/a>d\u00e9houssable sur 4 c\u00f4t\u00e9,lavable.<\/span><\/p>\n<p><span style=\"color: #003366;\">Embalage sous vide.<\/span><\/p>\n","protected":false},"excerpt":{"rendered":"<p>&nbsp;<\/p>\n<p><span style=\"color: #003366;\">HAUTEUR <strong>MATELAS<\/strong>: 20 CM ENVIRON<\/span><\/p>\n<p>&nbsp;<\/p>\n<p><span style=\"color: #003366;\">Plaque Interne: Couche en waterfoam beige sans CFC avec 5 diff\u00e9rentes zones de soutiens &#8211; Portance 3.6 KPA<\/span><\/p>\n","protected":false},"featured_media":7216,"template":"","meta":{"_acf_changed":false,"_exactmetrics_skip_tracking":false,"_exactmetrics_sitenote_active":false,"_exactmetrics_sitenote_note":"","_exactmetrics_sitenote_category":0},"product_brand":[],"product_cat":[232,231,87,229,90],"product_tag":[99,202,125],"class_list":{"0":"post-4059","1":"product","2":"type-product","3":"status-publish","4":"has-post-thumbnail","6":"product_cat-ergonomique","7":"product_cat-hygienique","8":"product_cat-matelas","9":"product_cat-matelas-waterfoam","10":"product_cat-souple","11":"product_tag-matelas","12":"product_tag-matelas-future-technology-massage","13":"product_tag-matelas-orthopedique-1","15":"first","16":"instock","17":"shipping-taxable","18":"purchasable","19":"product-type-variable"},"acf":[],"yoast_head":"<!-- This site is optimized with the Yoast SEO plugin v27.5 - https:\/\/yoast.com\/product\/yoast-seo-wordpress\/ -->\n<title>Matelas Future Technology Massage - Perdormire Alg\u00e9rie<\/title>\n<meta name=\"description\" content=\"Matelas future technology massage: matelas haut de gamme propos\u00e9 par Perdormire Alg\u00e9rie | Livraison Gratuite sur Alger et ses environs\" \/>\n<meta name=\"robots\" content=\"index, follow, max-snippet:-1, max-image-preview:large, max-video-preview:-1\" \/>\n<link rel=\"canonical\" href=\"https:\/\/perdormire-dz.com\/fr_fr\/produit\/matelas-future-technology-massage\/\" \/>\n<meta property=\"og:locale\" content=\"fr_FR\" \/>\n<meta property=\"og:type\" content=\"article\" \/>\n<meta property=\"og:title\" content=\"Matelas Future Technology Massage - Perdormire Alg\u00e9rie\" \/>\n<meta property=\"og:description\" content=\"Matelas future technology massage: matelas haut de gamme propos\u00e9 par Perdormire Alg\u00e9rie | Livraison Gratuite sur Alger et ses environs\" \/>\n<meta property=\"og:url\" content=\"https:\/\/perdormire-dz.com\/fr_fr\/produit\/matelas-future-technology-massage\/\" \/>\n<meta property=\"og:site_name\" content=\"Perdormire Alg\u00e9rie\" \/>\n<meta property=\"article:publisher\" content=\"https:\/\/web.facebook.com\/PerdormireDz\/\" \/>\n<meta property=\"article:modified_time\" content=\"2025-04-13T19:26:28+00:00\" \/>\n<meta property=\"og:image\" content=\"https:\/\/i0.wp.com\/perdormire-dz.com\/wp-content\/uploads\/2021\/06\/FUTURE-TECHNOLOGY-MASSAGE.webp?fit=900%2C600&ssl=1\" \/>\n\t<meta property=\"og:image:width\" content=\"900\" \/>\n\t<meta property=\"og:image:height\" content=\"600\" \/>\n\t<meta property=\"og:image:type\" content=\"image\/webp\" \/>\n<meta name=\"twitter:card\" content=\"summary_large_image\" \/>\n<meta name=\"twitter:label1\" content=\"Dur\u00e9e de lecture estim\u00e9e\" \/>\n\t<meta name=\"twitter:data1\" content=\"1 minute\" \/>\n<script type=\"application\/ld+json\" class=\"yoast-schema-graph\">{\"@context\":\"https:\\\/\\\/schema.org\",\"@graph\":[{\"@type\":\"WebPage\",\"@id\":\"https:\\\/\\\/perdormire-dz.com\\\/produit\\\/matelas-future-technology-massage\\\/\",\"url\":\"https:\\\/\\\/perdormire-dz.com\\\/produit\\\/matelas-future-technology-massage\\\/\",\"name\":\"Matelas Future Technology Massage - Perdormire Alg\u00e9rie\",\"isPartOf\":{\"@id\":\"https:\\\/\\\/perdormire-dz.com\\\/#website\"},\"primaryImageOfPage\":{\"@id\":\"https:\\\/\\\/perdormire-dz.com\\\/produit\\\/matelas-future-technology-massage\\\/#primaryimage\"},\"image\":{\"@id\":\"https:\\\/\\\/perdormire-dz.com\\\/produit\\\/matelas-future-technology-massage\\\/#primaryimage\"},\"thumbnailUrl\":\"https:\\\/\\\/i0.wp.com\\\/perdormire-dz.com\\\/wp-content\\\/uploads\\\/2021\\\/06\\\/FUTURE-TECHNOLOGY-MASSAGE.webp?fit=900%2C600&ssl=1\",\"datePublished\":\"2021-06-20T16:38:14+00:00\",\"dateModified\":\"2025-04-13T19:26:28+00:00\",\"description\":\"Matelas future technology massage: matelas haut de gamme propos\u00e9 par Perdormire Alg\u00e9rie | Livraison Gratuite sur Alger et ses environs\",\"breadcrumb\":{\"@id\":\"https:\\\/\\\/perdormire-dz.com\\\/produit\\\/matelas-future-technology-massage\\\/#breadcrumb\"},\"inLanguage\":\"fr-FR\",\"potentialAction\":[{\"@type\":\"ReadAction\",\"target\":[\"https:\\\/\\\/perdormire-dz.com\\\/produit\\\/matelas-future-technology-massage\\\/\"]}]},{\"@type\":\"ImageObject\",\"inLanguage\":\"fr-FR\",\"@id\":\"https:\\\/\\\/perdormire-dz.com\\\/produit\\\/matelas-future-technology-massage\\\/#primaryimage\",\"url\":\"https:\\\/\\\/i0.wp.com\\\/perdormire-dz.com\\\/wp-content\\\/uploads\\\/2021\\\/06\\\/FUTURE-TECHNOLOGY-MASSAGE.webp?fit=900%2C600&ssl=1\",\"contentUrl\":\"https:\\\/\\\/i0.wp.com\\\/perdormire-dz.com\\\/wp-content\\\/uploads\\\/2021\\\/06\\\/FUTURE-TECHNOLOGY-MASSAGE.webp?fit=900%2C600&ssl=1\",\"width\":900,\"height\":600,\"caption\":\"Matelas orthop\u00e9dique Alg\u00e9rie-Future massage technologie\"},{\"@type\":\"BreadcrumbList\",\"@id\":\"https:\\\/\\\/perdormire-dz.com\\\/produit\\\/matelas-future-technology-massage\\\/#breadcrumb\",\"itemListElement\":[{\"@type\":\"ListItem\",\"position\":1,\"name\":\"Accueil\",\"item\":\"https:\\\/\\\/perdormire-dz.com\\\/ar\\\/\"},{\"@type\":\"ListItem\",\"position\":2,\"name\":\"Boutique\",\"item\":\"https:\\\/\\\/perdormire-dz.com\\\/fr_fr\\\/boutique\\\/\"},{\"@type\":\"ListItem\",\"position\":3,\"name\":\"Matelas Future Technology Massage\"}]},{\"@type\":\"WebSite\",\"@id\":\"https:\\\/\\\/perdormire-dz.com\\\/#website\",\"url\":\"https:\\\/\\\/perdormire-dz.com\\\/\",\"name\":\"Perdormire Alg\u00e9rie\",\"description\":\"Design For Wellness\",\"publisher\":{\"@id\":\"https:\\\/\\\/perdormire-dz.com\\\/#organization\"},\"potentialAction\":[{\"@type\":\"SearchAction\",\"target\":{\"@type\":\"EntryPoint\",\"urlTemplate\":\"https:\\\/\\\/perdormire-dz.com\\\/?s={search_term_string}\"},\"query-input\":{\"@type\":\"PropertyValueSpecification\",\"valueRequired\":true,\"valueName\":\"search_term_string\"}}],\"inLanguage\":\"fr-FR\"},{\"@type\":\"Organization\",\"@id\":\"https:\\\/\\\/perdormire-dz.com\\\/#organization\",\"name\":\"Perdormire Alg\u00e9rie\",\"url\":\"https:\\\/\\\/perdormire-dz.com\\\/\",\"logo\":{\"@type\":\"ImageObject\",\"inLanguage\":\"fr-FR\",\"@id\":\"https:\\\/\\\/perdormire-dz.com\\\/#\\\/schema\\\/logo\\\/image\\\/\",\"url\":\"\",\"contentUrl\":\"\",\"caption\":\"Perdormire Alg\u00e9rie\"},\"image\":{\"@id\":\"https:\\\/\\\/perdormire-dz.com\\\/#\\\/schema\\\/logo\\\/image\\\/\"},\"sameAs\":[\"https:\\\/\\\/web.facebook.com\\\/PerdormireDz\\\/\",\"https:\\\/\\\/www.instagram.com\\\/perdormire_algerie\\\/\"]}]}<\/script>\n<!-- \/ Yoast SEO plugin. -->","yoast_head_json":{"title":"Matelas Future Technology Massage - Perdormire Alg\u00e9rie","description":"Matelas future technology massage: matelas haut de gamme propos\u00e9 par Perdormire Alg\u00e9rie | Livraison Gratuite sur Alger et ses environs","robots":{"index":"index","follow":"follow","max-snippet":"max-snippet:-1","max-image-preview":"max-image-preview:large","max-video-preview":"max-video-preview:-1"},"canonical":"https:\/\/perdormire-dz.com\/fr_fr\/produit\/matelas-future-technology-massage\/","og_locale":"fr_FR","og_type":"article","og_title":"Matelas Future Technology Massage - Perdormire Alg\u00e9rie","og_description":"Matelas future technology massage: matelas haut de gamme propos\u00e9 par Perdormire Alg\u00e9rie | Livraison Gratuite sur Alger et ses environs","og_url":"https:\/\/perdormire-dz.com\/fr_fr\/produit\/matelas-future-technology-massage\/","og_site_name":"Perdormire Alg\u00e9rie","article_publisher":"https:\/\/web.facebook.com\/PerdormireDz\/","article_modified_time":"2025-04-13T19:26:28+00:00","og_image":[{"width":900,"height":600,"url":"https:\/\/i0.wp.com\/perdormire-dz.com\/wp-content\/uploads\/2021\/06\/FUTURE-TECHNOLOGY-MASSAGE.webp?fit=900%2C600&ssl=1","type":"image\/webp"}],"twitter_card":"summary_large_image","twitter_misc":{"Dur\u00e9e de lecture estim\u00e9e":"1 minute"},"schema":{"@context":"https:\/\/schema.org","@graph":[{"@type":"WebPage","@id":"https:\/\/perdormire-dz.com\/produit\/matelas-future-technology-massage\/","url":"https:\/\/perdormire-dz.com\/produit\/matelas-future-technology-massage\/","name":"Matelas Future Technology Massage - Perdormire Alg\u00e9rie","isPartOf":{"@id":"https:\/\/perdormire-dz.com\/#website"},"primaryImageOfPage":{"@id":"https:\/\/perdormire-dz.com\/produit\/matelas-future-technology-massage\/#primaryimage"},"image":{"@id":"https:\/\/perdormire-dz.com\/produit\/matelas-future-technology-massage\/#primaryimage"},"thumbnailUrl":"https:\/\/i0.wp.com\/perdormire-dz.com\/wp-content\/uploads\/2021\/06\/FUTURE-TECHNOLOGY-MASSAGE.webp?fit=900%2C600&ssl=1","datePublished":"2021-06-20T16:38:14+00:00","dateModified":"2025-04-13T19:26:28+00:00","description":"Matelas future technology massage: matelas haut de gamme propos\u00e9 par Perdormire Alg\u00e9rie | Livraison Gratuite sur Alger et ses environs","breadcrumb":{"@id":"https:\/\/perdormire-dz.com\/produit\/matelas-future-technology-massage\/#breadcrumb"},"inLanguage":"fr-FR","potentialAction":[{"@type":"ReadAction","target":["https:\/\/perdormire-dz.com\/produit\/matelas-future-technology-massage\/"]}]},{"@type":"ImageObject","inLanguage":"fr-FR","@id":"https:\/\/perdormire-dz.com\/produit\/matelas-future-technology-massage\/#primaryimage","url":"https:\/\/i0.wp.com\/perdormire-dz.com\/wp-content\/uploads\/2021\/06\/FUTURE-TECHNOLOGY-MASSAGE.webp?fit=900%2C600&ssl=1","contentUrl":"https:\/\/i0.wp.com\/perdormire-dz.com\/wp-content\/uploads\/2021\/06\/FUTURE-TECHNOLOGY-MASSAGE.webp?fit=900%2C600&ssl=1","width":900,"height":600,"caption":"Matelas orthop\u00e9dique Alg\u00e9rie-Future massage technologie"},{"@type":"BreadcrumbList","@id":"https:\/\/perdormire-dz.com\/produit\/matelas-future-technology-massage\/#breadcrumb","itemListElement":[{"@type":"ListItem","position":1,"name":"Accueil","item":"https:\/\/perdormire-dz.com\/ar\/"},{"@type":"ListItem","position":2,"name":"Boutique","item":"https:\/\/perdormire-dz.com\/fr_fr\/boutique\/"},{"@type":"ListItem","position":3,"name":"Matelas Future Technology Massage"}]},{"@type":"WebSite","@id":"https:\/\/perdormire-dz.com\/#website","url":"https:\/\/perdormire-dz.com\/","name":"Perdormire Alg\u00e9rie","description":"Design For Wellness","publisher":{"@id":"https:\/\/perdormire-dz.com\/#organization"},"potentialAction":[{"@type":"SearchAction","target":{"@type":"EntryPoint","urlTemplate":"https:\/\/perdormire-dz.com\/?s={search_term_string}"},"query-input":{"@type":"PropertyValueSpecification","valueRequired":true,"valueName":"search_term_string"}}],"inLanguage":"fr-FR"},{"@type":"Organization","@id":"https:\/\/perdormire-dz.com\/#organization","name":"Perdormire Alg\u00e9rie","url":"https:\/\/perdormire-dz.com\/","logo":{"@type":"ImageObject","inLanguage":"fr-FR","@id":"https:\/\/perdormire-dz.com\/#\/schema\/logo\/image\/","url":"","contentUrl":"","caption":"Perdormire Alg\u00e9rie"},"image":{"@id":"https:\/\/perdormire-dz.com\/#\/schema\/logo\/image\/"},"sameAs":["https:\/\/web.facebook.com\/PerdormireDz\/","https:\/\/www.instagram.com\/perdormire_algerie\/"]}]}},"jetpack_sharing_enabled":true,"_links":{"self":[{"href":"https:\/\/perdormire-dz.com\/fr_fr\/wp-json\/wp\/v2\/product\/4059","targetHints":{"allow":["GET"]}}],"collection":[{"href":"https:\/\/perdormire-dz.com\/fr_fr\/wp-json\/wp\/v2\/product"}],"about":[{"href":"https:\/\/perdormire-dz.com\/fr_fr\/wp-json\/wp\/v2\/types\/product"}],"version-history":[{"count":2,"href":"https:\/\/perdormire-dz.com\/fr_fr\/wp-json\/wp\/v2\/product\/4059\/revisions"}],"predecessor-version":[{"id":10150,"href":"https:\/\/perdormire-dz.com\/fr_fr\/wp-json\/wp\/v2\/product\/4059\/revisions\/10150"}],"wp:featuredmedia":[{"embeddable":true,"href":"https:\/\/perdormire-dz.com\/fr_fr\/wp-json\/wp\/v2\/media\/7216"}],"wp:attachment":[{"href":"https:\/\/perdormire-dz.com\/fr_fr\/wp-json\/wp\/v2\/media?parent=4059"}],"wp:term":[{"taxonomy":"product_brand","embeddable":true,"href":"https:\/\/perdormire-dz.com\/fr_fr\/wp-json\/wp\/v2\/product_brand?post=4059"},{"taxonomy":"product_cat","embeddable":true,"href":"https:\/\/perdormire-dz.com\/fr_fr\/wp-json\/wp\/v2\/product_cat?post=4059"},{"taxonomy":"product_tag","embeddable":true,"href":"https:\/\/perdormire-dz.com\/fr_fr\/wp-json\/wp\/v2\/product_tag?post=4059"}],"curies":[{"name":"wp","href":"https:\/\/api.w.org\/{rel}","templated":true}]}}