{"id":3685,"date":"2021-05-02T16:56:31","date_gmt":"2021-05-02T16:56:31","guid":{"rendered":"https:\/\/perdormire-dz.com\/?post_type=product&#038;p=3685"},"modified":"2023-09-24T18:28:21","modified_gmt":"2023-09-24T18:28:21","slug":"oreiller-queen","status":"publish","type":"product","link":"https:\/\/perdormire-dz.com\/fr_fr\/produit\/oreiller-queen\/","title":{"rendered":"Oreiller QUEEN"},"content":{"rendered":"<h1><span style=\"color: #000080;\">Oreiller QUEEN<\/span><\/h1>\n<p><span style=\"color: #000080;\">L&rsquo;<a style=\"color: #000080;\" href=\"https:\/\/perdormire-dz.com\/oreillers\/\"><strong>oreiller<\/strong><\/a> <strong>Queen<\/strong> est fabriqu\u00e9 en <a style=\"color: #000080;\" href=\"https:\/\/fr.m.wikipedia.org\/wiki\/Latex_(mat%C3%A9riau)\" target=\"_blank\" rel=\"noopener\">latex<\/a> qui est un mat\u00e9riau anatomique, antibact\u00e9rien et anti-allergique.<\/span><br \/>\n<span style=\"color: #000080;\">La structure de ce mat\u00e9riau se compose d&rsquo;un grand nombre de cellules ouvertes<\/span><br \/>\n<span style=\"color: #000080;\">qui permettent une circulation d&rsquo;air continue pour un maximum<\/span><br \/>\n<span style=\"color: #000080;\">de respiration du mat\u00e9riau.<\/span><\/p>\n<p>&nbsp;<\/p>\n<p><span style=\"color: #000080;\">COMPOSITION DE L&rsquo;OREILLER QUEEN<\/span><\/p>\n<p><span style=\"color: #000080;\">Couverture int\u00e9rieure: 100% coton<\/span><br \/>\n<span style=\"color: #000080;\">Couverture ext\u00e9rieure: syst\u00e8me probiotique<\/span><br \/>\n<span style=\"color: #000080;\">La taie d&rsquo;<a style=\"color: #000080;\" href=\"https:\/\/perdormire-dz.com\/oreillers\/\"><strong>oreiller<\/strong><\/a> est sp\u00e9cialement fabriqu\u00e9e selon le syst\u00e8me probiotique\u00a0<\/span><br \/>\n<span style=\"color: #000080;\">aide \u00e0 la r\u00e9duction naturelle des allergies et de l&rsquo;asthme gr\u00e2ce \u00e0<\/span><br \/>\n<span style=\"color: #000080;\">probiotiques naturels qui emp\u00eachent la croissance des moisissures et des bact\u00e9ries et<\/span><br \/>\n<span style=\"color: #000080;\">d\u00e9truisent les verts poussi\u00e9reux.<\/span><\/p>\n<p><span style=\"color: #000080;\">Cette double technologie brevet\u00e9e est 100% biologique<\/span><br \/>\n<span style=\"color: #000080;\">Les probiotiques sont plac\u00e9s dans le mat\u00e9riau sous forme de microcapsules<\/span><br \/>\n<span style=\"color: #000080;\">activer pendant l&rsquo;utilisation de la taie d&rsquo;<strong>oreiller<\/strong> et la garder fra\u00eeche et<\/span><br \/>\n<span style=\"color: #000080;\">faire le m\u00e9nage.<\/span><br \/>\n<span style=\"color: #000080;\">Les <a style=\"color: #000080;\" href=\"https:\/\/perdormire-dz.com\/produit\/drap-housse-respira-impermeable-et-hyper-respirant\/\"><strong>housses<\/strong> <\/a>sont retir\u00e9es et lav\u00e9es \u00e0 30 \u00b0 C.<\/span><\/p>\n","protected":false},"excerpt":{"rendered":"<p>&nbsp;<\/p>\n<p><span style=\"color: #000080;\">L&rsquo;<a style=\"color: #000080;\" href=\"https:\/\/perdormire-dz.com\/oreillers\/\"><strong>oreiller<\/strong><\/a> <strong>Queen<\/strong> est fabriqu\u00e9 en latex qui est un mat\u00e9raix anatomique, antibact\u00e9rien et anti-allergique.Le latex est un mat\u00e9riau naturel d&rsquo;une \u00e9lasticit\u00e9 exceptionnelle.<\/span><br \/>\n<span style=\"color: #000080;\">La structure de ce mat\u00e9riau se compose d&rsquo;un grand nombre de cellules ouvertes<\/span><br \/>\n<span style=\"color: #000080;\">qui permettent une circulation d&rsquo;air continue pour un maximum<\/span><br \/>\n<span style=\"color: #000080;\">de respiration du mat\u00e9riau.<\/span><\/p>\n<p>&nbsp;<\/p>\n","protected":false},"featured_media":3686,"template":"","meta":{"_acf_changed":false,"_exactmetrics_skip_tracking":false,"_exactmetrics_sitenote_active":false,"_exactmetrics_sitenote_note":"","_exactmetrics_sitenote_category":0},"product_brand":[],"product_cat":[88],"product_tag":[],"class_list":{"0":"post-3685","1":"product","2":"type-product","3":"status-publish","4":"has-post-thumbnail","6":"product_cat-oreillers","8":"first","9":"outofstock","10":"shipping-taxable","11":"purchasable","12":"product-type-simple"},"acf":[],"yoast_head":"<!-- This site is optimized with the Yoast SEO plugin v27.5 - https:\/\/yoast.com\/product\/yoast-seo-wordpress\/ -->\n<title>Oreiller QUEEN - Perdormire Alg\u00e9rie | Livraison Gratuite<\/title>\n<meta name=\"description\" content=\"Oreiller QUEEN: Fabriqu\u00e9 en latex qui est un mat\u00e9raix anatomique, antibact\u00e9rien et anti-allergique.| Livraison gratuite en Alg\u00e9rie.\" \/>\n<meta name=\"robots\" content=\"index, follow, max-snippet:-1, max-image-preview:large, max-video-preview:-1\" \/>\n<link rel=\"canonical\" href=\"https:\/\/perdormire-dz.com\/fr_fr\/produit\/oreiller-queen\/\" \/>\n<meta property=\"og:locale\" content=\"fr_FR\" \/>\n<meta property=\"og:type\" content=\"article\" \/>\n<meta property=\"og:title\" content=\"Oreiller QUEEN - Perdormire Alg\u00e9rie | Livraison Gratuite\" \/>\n<meta property=\"og:description\" content=\"Oreiller QUEEN: Fabriqu\u00e9 en latex qui est un mat\u00e9raix anatomique, antibact\u00e9rien et anti-allergique.| Livraison gratuite en Alg\u00e9rie.\" \/>\n<meta property=\"og:url\" content=\"https:\/\/perdormire-dz.com\/fr_fr\/produit\/oreiller-queen\/\" \/>\n<meta property=\"og:site_name\" content=\"Perdormire Alg\u00e9rie\" \/>\n<meta property=\"article:publisher\" content=\"https:\/\/web.facebook.com\/PerdormireDz\/\" \/>\n<meta property=\"article:modified_time\" content=\"2023-09-24T18:28:21+00:00\" \/>\n<meta property=\"og:image\" content=\"https:\/\/i0.wp.com\/perdormire-dz.com\/wp-content\/uploads\/2021\/05\/Queen-1-700x466-1.jpg?fit=700%2C466&ssl=1\" \/>\n\t<meta property=\"og:image:width\" content=\"700\" \/>\n\t<meta property=\"og:image:height\" content=\"466\" \/>\n\t<meta property=\"og:image:type\" content=\"image\/jpeg\" \/>\n<meta name=\"twitter:card\" content=\"summary_large_image\" \/>\n<meta name=\"twitter:label1\" content=\"Dur\u00e9e de lecture estim\u00e9e\" \/>\n\t<meta name=\"twitter:data1\" content=\"1 minute\" \/>\n<script type=\"application\/ld+json\" class=\"yoast-schema-graph\">{\"@context\":\"https:\\\/\\\/schema.org\",\"@graph\":[{\"@type\":\"WebPage\",\"@id\":\"https:\\\/\\\/perdormire-dz.com\\\/produit\\\/oreiller-queen\\\/\",\"url\":\"https:\\\/\\\/perdormire-dz.com\\\/produit\\\/oreiller-queen\\\/\",\"name\":\"Oreiller QUEEN - Perdormire Alg\u00e9rie | Livraison Gratuite\",\"isPartOf\":{\"@id\":\"https:\\\/\\\/perdormire-dz.com\\\/#website\"},\"primaryImageOfPage\":{\"@id\":\"https:\\\/\\\/perdormire-dz.com\\\/produit\\\/oreiller-queen\\\/#primaryimage\"},\"image\":{\"@id\":\"https:\\\/\\\/perdormire-dz.com\\\/produit\\\/oreiller-queen\\\/#primaryimage\"},\"thumbnailUrl\":\"https:\\\/\\\/i0.wp.com\\\/perdormire-dz.com\\\/wp-content\\\/uploads\\\/2021\\\/05\\\/Queen-1-700x466-1.jpg?fit=700%2C466&ssl=1\",\"datePublished\":\"2021-05-02T16:56:31+00:00\",\"dateModified\":\"2023-09-24T18:28:21+00:00\",\"description\":\"Oreiller QUEEN: Fabriqu\u00e9 en latex qui est un mat\u00e9raix anatomique, antibact\u00e9rien et anti-allergique.| Livraison gratuite en Alg\u00e9rie.\",\"breadcrumb\":{\"@id\":\"https:\\\/\\\/perdormire-dz.com\\\/produit\\\/oreiller-queen\\\/#breadcrumb\"},\"inLanguage\":\"fr-FR\",\"potentialAction\":[{\"@type\":\"ReadAction\",\"target\":[\"https:\\\/\\\/perdormire-dz.com\\\/produit\\\/oreiller-queen\\\/\"]}]},{\"@type\":\"ImageObject\",\"inLanguage\":\"fr-FR\",\"@id\":\"https:\\\/\\\/perdormire-dz.com\\\/produit\\\/oreiller-queen\\\/#primaryimage\",\"url\":\"https:\\\/\\\/i0.wp.com\\\/perdormire-dz.com\\\/wp-content\\\/uploads\\\/2021\\\/05\\\/Queen-1-700x466-1.jpg?fit=700%2C466&ssl=1\",\"contentUrl\":\"https:\\\/\\\/i0.wp.com\\\/perdormire-dz.com\\\/wp-content\\\/uploads\\\/2021\\\/05\\\/Queen-1-700x466-1.jpg?fit=700%2C466&ssl=1\",\"width\":700,\"height\":466,\"caption\":\"Oreiller orthop\u00e9dique QUEEN-Perdormire Alg\u00e9rie\"},{\"@type\":\"BreadcrumbList\",\"@id\":\"https:\\\/\\\/perdormire-dz.com\\\/produit\\\/oreiller-queen\\\/#breadcrumb\",\"itemListElement\":[{\"@type\":\"ListItem\",\"position\":1,\"name\":\"Accueil\",\"item\":\"https:\\\/\\\/perdormire-dz.com\\\/ar\\\/\"},{\"@type\":\"ListItem\",\"position\":2,\"name\":\"Boutique\",\"item\":\"https:\\\/\\\/perdormire-dz.com\\\/fr_fr\\\/boutique\\\/\"},{\"@type\":\"ListItem\",\"position\":3,\"name\":\"Oreiller QUEEN\"}]},{\"@type\":\"WebSite\",\"@id\":\"https:\\\/\\\/perdormire-dz.com\\\/#website\",\"url\":\"https:\\\/\\\/perdormire-dz.com\\\/\",\"name\":\"Perdormire Alg\u00e9rie\",\"description\":\"Design For Wellness\",\"publisher\":{\"@id\":\"https:\\\/\\\/perdormire-dz.com\\\/#organization\"},\"potentialAction\":[{\"@type\":\"SearchAction\",\"target\":{\"@type\":\"EntryPoint\",\"urlTemplate\":\"https:\\\/\\\/perdormire-dz.com\\\/?s={search_term_string}\"},\"query-input\":{\"@type\":\"PropertyValueSpecification\",\"valueRequired\":true,\"valueName\":\"search_term_string\"}}],\"inLanguage\":\"fr-FR\"},{\"@type\":\"Organization\",\"@id\":\"https:\\\/\\\/perdormire-dz.com\\\/#organization\",\"name\":\"Perdormire Alg\u00e9rie\",\"url\":\"https:\\\/\\\/perdormire-dz.com\\\/\",\"logo\":{\"@type\":\"ImageObject\",\"inLanguage\":\"fr-FR\",\"@id\":\"https:\\\/\\\/perdormire-dz.com\\\/#\\\/schema\\\/logo\\\/image\\\/\",\"url\":\"\",\"contentUrl\":\"\",\"caption\":\"Perdormire Alg\u00e9rie\"},\"image\":{\"@id\":\"https:\\\/\\\/perdormire-dz.com\\\/#\\\/schema\\\/logo\\\/image\\\/\"},\"sameAs\":[\"https:\\\/\\\/web.facebook.com\\\/PerdormireDz\\\/\",\"https:\\\/\\\/www.instagram.com\\\/perdormire_algerie\\\/\"]}]}<\/script>\n<!-- \/ Yoast SEO plugin. -->","yoast_head_json":{"title":"Oreiller QUEEN - Perdormire Alg\u00e9rie | Livraison Gratuite","description":"Oreiller QUEEN: Fabriqu\u00e9 en latex qui est un mat\u00e9raix anatomique, antibact\u00e9rien et anti-allergique.| Livraison gratuite en Alg\u00e9rie.","robots":{"index":"index","follow":"follow","max-snippet":"max-snippet:-1","max-image-preview":"max-image-preview:large","max-video-preview":"max-video-preview:-1"},"canonical":"https:\/\/perdormire-dz.com\/fr_fr\/produit\/oreiller-queen\/","og_locale":"fr_FR","og_type":"article","og_title":"Oreiller QUEEN - Perdormire Alg\u00e9rie | Livraison Gratuite","og_description":"Oreiller QUEEN: Fabriqu\u00e9 en latex qui est un mat\u00e9raix anatomique, antibact\u00e9rien et anti-allergique.| Livraison gratuite en Alg\u00e9rie.","og_url":"https:\/\/perdormire-dz.com\/fr_fr\/produit\/oreiller-queen\/","og_site_name":"Perdormire Alg\u00e9rie","article_publisher":"https:\/\/web.facebook.com\/PerdormireDz\/","article_modified_time":"2023-09-24T18:28:21+00:00","og_image":[{"width":700,"height":466,"url":"https:\/\/i0.wp.com\/perdormire-dz.com\/wp-content\/uploads\/2021\/05\/Queen-1-700x466-1.jpg?fit=700%2C466&ssl=1","type":"image\/jpeg"}],"twitter_card":"summary_large_image","twitter_misc":{"Dur\u00e9e de lecture estim\u00e9e":"1 minute"},"schema":{"@context":"https:\/\/schema.org","@graph":[{"@type":"WebPage","@id":"https:\/\/perdormire-dz.com\/produit\/oreiller-queen\/","url":"https:\/\/perdormire-dz.com\/produit\/oreiller-queen\/","name":"Oreiller QUEEN - Perdormire Alg\u00e9rie | Livraison Gratuite","isPartOf":{"@id":"https:\/\/perdormire-dz.com\/#website"},"primaryImageOfPage":{"@id":"https:\/\/perdormire-dz.com\/produit\/oreiller-queen\/#primaryimage"},"image":{"@id":"https:\/\/perdormire-dz.com\/produit\/oreiller-queen\/#primaryimage"},"thumbnailUrl":"https:\/\/i0.wp.com\/perdormire-dz.com\/wp-content\/uploads\/2021\/05\/Queen-1-700x466-1.jpg?fit=700%2C466&ssl=1","datePublished":"2021-05-02T16:56:31+00:00","dateModified":"2023-09-24T18:28:21+00:00","description":"Oreiller QUEEN: Fabriqu\u00e9 en latex qui est un mat\u00e9raix anatomique, antibact\u00e9rien et anti-allergique.| Livraison gratuite en Alg\u00e9rie.","breadcrumb":{"@id":"https:\/\/perdormire-dz.com\/produit\/oreiller-queen\/#breadcrumb"},"inLanguage":"fr-FR","potentialAction":[{"@type":"ReadAction","target":["https:\/\/perdormire-dz.com\/produit\/oreiller-queen\/"]}]},{"@type":"ImageObject","inLanguage":"fr-FR","@id":"https:\/\/perdormire-dz.com\/produit\/oreiller-queen\/#primaryimage","url":"https:\/\/i0.wp.com\/perdormire-dz.com\/wp-content\/uploads\/2021\/05\/Queen-1-700x466-1.jpg?fit=700%2C466&ssl=1","contentUrl":"https:\/\/i0.wp.com\/perdormire-dz.com\/wp-content\/uploads\/2021\/05\/Queen-1-700x466-1.jpg?fit=700%2C466&ssl=1","width":700,"height":466,"caption":"Oreiller orthop\u00e9dique QUEEN-Perdormire Alg\u00e9rie"},{"@type":"BreadcrumbList","@id":"https:\/\/perdormire-dz.com\/produit\/oreiller-queen\/#breadcrumb","itemListElement":[{"@type":"ListItem","position":1,"name":"Accueil","item":"https:\/\/perdormire-dz.com\/ar\/"},{"@type":"ListItem","position":2,"name":"Boutique","item":"https:\/\/perdormire-dz.com\/fr_fr\/boutique\/"},{"@type":"ListItem","position":3,"name":"Oreiller QUEEN"}]},{"@type":"WebSite","@id":"https:\/\/perdormire-dz.com\/#website","url":"https:\/\/perdormire-dz.com\/","name":"Perdormire Alg\u00e9rie","description":"Design For Wellness","publisher":{"@id":"https:\/\/perdormire-dz.com\/#organization"},"potentialAction":[{"@type":"SearchAction","target":{"@type":"EntryPoint","urlTemplate":"https:\/\/perdormire-dz.com\/?s={search_term_string}"},"query-input":{"@type":"PropertyValueSpecification","valueRequired":true,"valueName":"search_term_string"}}],"inLanguage":"fr-FR"},{"@type":"Organization","@id":"https:\/\/perdormire-dz.com\/#organization","name":"Perdormire Alg\u00e9rie","url":"https:\/\/perdormire-dz.com\/","logo":{"@type":"ImageObject","inLanguage":"fr-FR","@id":"https:\/\/perdormire-dz.com\/#\/schema\/logo\/image\/","url":"","contentUrl":"","caption":"Perdormire Alg\u00e9rie"},"image":{"@id":"https:\/\/perdormire-dz.com\/#\/schema\/logo\/image\/"},"sameAs":["https:\/\/web.facebook.com\/PerdormireDz\/","https:\/\/www.instagram.com\/perdormire_algerie\/"]}]}},"jetpack_sharing_enabled":true,"_links":{"self":[{"href":"https:\/\/perdormire-dz.com\/fr_fr\/wp-json\/wp\/v2\/product\/3685","targetHints":{"allow":["GET"]}}],"collection":[{"href":"https:\/\/perdormire-dz.com\/fr_fr\/wp-json\/wp\/v2\/product"}],"about":[{"href":"https:\/\/perdormire-dz.com\/fr_fr\/wp-json\/wp\/v2\/types\/product"}],"version-history":[{"count":0,"href":"https:\/\/perdormire-dz.com\/fr_fr\/wp-json\/wp\/v2\/product\/3685\/revisions"}],"wp:featuredmedia":[{"embeddable":true,"href":"https:\/\/perdormire-dz.com\/fr_fr\/wp-json\/wp\/v2\/media\/3686"}],"wp:attachment":[{"href":"https:\/\/perdormire-dz.com\/fr_fr\/wp-json\/wp\/v2\/media?parent=3685"}],"wp:term":[{"taxonomy":"product_brand","embeddable":true,"href":"https:\/\/perdormire-dz.com\/fr_fr\/wp-json\/wp\/v2\/product_brand?post=3685"},{"taxonomy":"product_cat","embeddable":true,"href":"https:\/\/perdormire-dz.com\/fr_fr\/wp-json\/wp\/v2\/product_cat?post=3685"},{"taxonomy":"product_tag","embeddable":true,"href":"https:\/\/perdormire-dz.com\/fr_fr\/wp-json\/wp\/v2\/product_tag?post=3685"}],"curies":[{"name":"wp","href":"https:\/\/api.w.org\/{rel}","templated":true}]}}