{"id":3679,"date":"2021-05-02T16:35:10","date_gmt":"2021-05-02T16:35:10","guid":{"rendered":"https:\/\/perdormire-dz.com\/?post_type=product&#038;p=3679"},"modified":"2022-12-13T12:27:10","modified_gmt":"2022-12-13T12:27:10","slug":"oreiller-soft-gel","status":"publish","type":"product","link":"https:\/\/perdormire-dz.com\/fr_fr\/produit\/oreiller-soft-gel\/","title":{"rendered":"Oreiller SOFT GEL"},"content":{"rendered":"<h2><span style=\"color: #003366;\">Oreiller SOFT GEL<\/span><\/h2>\n<p><span style=\"color: #003366;\">Oreiller fabriqu\u00e9 en Italie \u00e0 m\u00e9moire de forme avec insert SoftGel\u00ae pour une agr\u00e9able sensation de fra\u00eecheur.\u00a0Taie d&rsquo;oreiller externe en Probiotic avec des probiotiques actifs aux propri\u00e9t\u00e9s hypoallerg\u00e9niques.<\/span><\/p>\n<p><span style=\"color: #003366;\">Cet <strong>oreiller<\/strong> est fait de <strong>mousse \u00e0 m\u00e9moire<\/strong> de forme en combinaison avec de la <strong>mousse SOFT GEL<\/strong> qui le r\u00e9partit parfaitement \u00e0 la <strong>pression de la t\u00eate<\/strong> tout en soutenant la colonne cervicale. Le gel sp\u00e9cial \u00e0 effet rafra\u00eechissant s&rsquo;adapte \u00e0 la temp\u00e9rature du corps humain pendant la nuit, en maintenant une temp\u00e9rature l\u00e9g\u00e8rement inf\u00e9rieure, ce qui donne un effet de fra\u00eecheur naturelle. Le r\u00e9sultat est une bonne circulation sanguine dans la t\u00eate et une oxydation du cervelet. L&rsquo;<strong>oreiller<\/strong> est id\u00e9al pour les personnes qui transpirent excessivement.<\/span><\/p>\n<p>&nbsp;<\/p>\n<h2><span style=\"color: #003366;\">Oreiller SOFT GEL<\/span><\/h2>\n<h3><span style=\"color: #003366;\">CARACT\u00c9RISTIQUES PRINCIPALES DE L&rsquo;OREILLER SOFT GEL<\/span><\/h3>\n<p><span style=\"color: #003366;\">Cet <a style=\"color: #003366;\" href=\"https:\/\/perdormire-dz.com\/oreillers\/\"><strong>oreiller<\/strong><\/a> est fait de <strong>mousse \u00e0 m\u00e9moire<\/strong> de forme en combinaison avec de la <strong>mousse SOFT GEL<\/strong> qui le r\u00e9partit parfaitement \u00e0 la pression de la <strong>t\u00eate<\/strong> tout en soutenant la colonne cervicale. Le gel sp\u00e9cial \u00e0 effet rafra\u00eechissant s&rsquo;adapte \u00e0 la temp\u00e9rature du corps humain pendant la <strong>nuit<\/strong>, en maintenant une temp\u00e9rature l\u00e9g\u00e8rement inf\u00e9rieure, ce qui donne un effet de fra\u00eecheur naturelle. Le r\u00e9sultat est une bonne circulation sanguine dans la <strong>t\u00eate<\/strong> et une oxydation du cervelet. L&rsquo;<strong>oreiller<\/strong> est id\u00e9al pour les personnes qui transpirent excessivement.<\/span><\/p>\n<h3><span style=\"color: #003366;\">COMPOSITION DE LA COUVERTURE DE L&rsquo;<strong>OREILLER\u00a0<\/strong><\/span><\/h3>\n<p><span style=\"color: #003366;\">Couverture int\u00e9rieure: <strong>100% coton<\/strong><\/span><br \/>\n<span style=\"color: #003366;\">Couverture ext\u00e9rieure: syst\u00e8me probiotique<\/span><br \/>\n<span style=\"color: #003366;\">La taie d&rsquo;<strong>oreiller<\/strong> est sp\u00e9cialement fabriqu\u00e9e par <a href=\"https:\/\/www.passeportsante.net\/fr\/Solutions\/PlantesSupplements\/Fiche.aspx?doc=probiotiques_ps\" target=\"_blank\" rel=\"noopener\">Probiotic System<\/a> qui aide \u00e0 la r\u00e9duction naturelle des allergies et de l&rsquo;asthme gr\u00e2ce aux probiotiques naturels qui emp\u00eachent la croissance des moisissures et des bact\u00e9ries et d\u00e9truisent les acariens.<\/span><br \/>\n<span style=\"color: #003366;\">Cette double technologie brevet\u00e9e est 100% biologique<\/span><br \/>\n<span style=\"color: #003366;\">Les probiotiques sont plac\u00e9s dans le mat\u00e9riau sous forme de microcapsules qui sont activ\u00e9es lors de l&rsquo;utilisation de l&rsquo;<strong>oreiller<\/strong> et le maintiennent frais et propre.<\/span><br \/>\n<span style=\"color: #003366;\">Les <a style=\"color: #003366;\" href=\"https:\/\/perdormire-dz.com\/produit\/drap-housse-respira-impermeable-et-hyper-respirant\/\"><strong>housses<\/strong><\/a> sont retir\u00e9es et lav\u00e9es \u00e0 30 \u00b0 C.<\/span><\/p>\n<h1><\/h1>\n<p>&nbsp;<\/p>\n","protected":false},"excerpt":{"rendered":"<p><span style=\"color: #003366;\">Oreiller \u00e0 m\u00e9moire de forme avec insert SoftGel\u00ae<\/span><\/p>\n","protected":false},"featured_media":3680,"template":"","meta":{"_acf_changed":false,"_exactmetrics_skip_tracking":false,"_exactmetrics_sitenote_active":false,"_exactmetrics_sitenote_note":"","_exactmetrics_sitenote_category":0},"product_brand":[],"product_cat":[88],"product_tag":[123,124,208],"class_list":{"0":"post-3679","1":"product","2":"type-product","3":"status-publish","4":"has-post-thumbnail","6":"product_cat-oreillers","7":"product_tag-oreiller","8":"product_tag-oreiller-orthopedique","9":"product_tag-oreiller-soft-gel","11":"first","12":"outofstock","13":"shipping-taxable","14":"purchasable","15":"product-type-simple"},"acf":[],"yoast_head":"<!-- This site is optimized with the Yoast SEO plugin v27.5 - https:\/\/yoast.com\/product\/yoast-seo-wordpress\/ -->\n<title>Oreiller SOFT GEL - Perdormire Alg\u00e9rie | Livraison Gratuite<\/title>\n<meta name=\"description\" content=\"Oreiller SOFT GEL: Cet oreiller est fait de mousse \u00e0 m\u00e9moire de forme en combinaison avec de la mousse SOFT GEL | Livraison Gratuite\" \/>\n<meta name=\"robots\" content=\"index, follow, max-snippet:-1, max-image-preview:large, max-video-preview:-1\" \/>\n<link rel=\"canonical\" href=\"https:\/\/perdormire-dz.com\/fr_fr\/produit\/oreiller-soft-gel\/\" \/>\n<meta property=\"og:locale\" content=\"fr_FR\" \/>\n<meta property=\"og:type\" content=\"article\" \/>\n<meta property=\"og:title\" content=\"Oreiller SOFT GEL - Perdormire Alg\u00e9rie | Livraison Gratuite\" \/>\n<meta property=\"og:description\" content=\"Oreiller SOFT GEL: Cet oreiller est fait de mousse \u00e0 m\u00e9moire de forme en combinaison avec de la mousse SOFT GEL | Livraison Gratuite\" \/>\n<meta property=\"og:url\" content=\"https:\/\/perdormire-dz.com\/fr_fr\/produit\/oreiller-soft-gel\/\" \/>\n<meta property=\"og:site_name\" content=\"Perdormire Alg\u00e9rie\" \/>\n<meta property=\"article:publisher\" content=\"https:\/\/web.facebook.com\/PerdormireDz\/\" \/>\n<meta property=\"article:modified_time\" content=\"2022-12-13T12:27:10+00:00\" \/>\n<meta property=\"og:image\" content=\"https:\/\/i0.wp.com\/perdormire-dz.com\/wp-content\/uploads\/2021\/05\/SoftGel-1-700x466-1.jpg?fit=700%2C466&ssl=1\" \/>\n\t<meta property=\"og:image:width\" content=\"700\" \/>\n\t<meta property=\"og:image:height\" content=\"466\" \/>\n\t<meta property=\"og:image:type\" content=\"image\/jpeg\" \/>\n<meta name=\"twitter:card\" content=\"summary_large_image\" \/>\n<meta name=\"twitter:label1\" content=\"Dur\u00e9e de lecture estim\u00e9e\" \/>\n\t<meta name=\"twitter:data1\" content=\"2 minutes\" \/>\n<script type=\"application\/ld+json\" class=\"yoast-schema-graph\">{\"@context\":\"https:\\\/\\\/schema.org\",\"@graph\":[{\"@type\":\"WebPage\",\"@id\":\"https:\\\/\\\/perdormire-dz.com\\\/produit\\\/oreiller-soft-gel\\\/\",\"url\":\"https:\\\/\\\/perdormire-dz.com\\\/produit\\\/oreiller-soft-gel\\\/\",\"name\":\"Oreiller SOFT GEL - Perdormire Alg\u00e9rie | Livraison Gratuite\",\"isPartOf\":{\"@id\":\"https:\\\/\\\/perdormire-dz.com\\\/#website\"},\"primaryImageOfPage\":{\"@id\":\"https:\\\/\\\/perdormire-dz.com\\\/produit\\\/oreiller-soft-gel\\\/#primaryimage\"},\"image\":{\"@id\":\"https:\\\/\\\/perdormire-dz.com\\\/produit\\\/oreiller-soft-gel\\\/#primaryimage\"},\"thumbnailUrl\":\"https:\\\/\\\/i0.wp.com\\\/perdormire-dz.com\\\/wp-content\\\/uploads\\\/2021\\\/05\\\/SoftGel-1-700x466-1.jpg?fit=700%2C466&ssl=1\",\"datePublished\":\"2021-05-02T16:35:10+00:00\",\"dateModified\":\"2022-12-13T12:27:10+00:00\",\"description\":\"Oreiller SOFT GEL: Cet oreiller est fait de mousse \u00e0 m\u00e9moire de forme en combinaison avec de la mousse SOFT GEL | Livraison Gratuite\",\"breadcrumb\":{\"@id\":\"https:\\\/\\\/perdormire-dz.com\\\/produit\\\/oreiller-soft-gel\\\/#breadcrumb\"},\"inLanguage\":\"fr-FR\",\"potentialAction\":[{\"@type\":\"ReadAction\",\"target\":[\"https:\\\/\\\/perdormire-dz.com\\\/produit\\\/oreiller-soft-gel\\\/\"]}]},{\"@type\":\"ImageObject\",\"inLanguage\":\"fr-FR\",\"@id\":\"https:\\\/\\\/perdormire-dz.com\\\/produit\\\/oreiller-soft-gel\\\/#primaryimage\",\"url\":\"https:\\\/\\\/i0.wp.com\\\/perdormire-dz.com\\\/wp-content\\\/uploads\\\/2021\\\/05\\\/SoftGel-1-700x466-1.jpg?fit=700%2C466&ssl=1\",\"contentUrl\":\"https:\\\/\\\/i0.wp.com\\\/perdormire-dz.com\\\/wp-content\\\/uploads\\\/2021\\\/05\\\/SoftGel-1-700x466-1.jpg?fit=700%2C466&ssl=1\",\"width\":700,\"height\":466,\"caption\":\"Oreiller SOFT GEL Perdormire Alg\u00e9rie\"},{\"@type\":\"BreadcrumbList\",\"@id\":\"https:\\\/\\\/perdormire-dz.com\\\/produit\\\/oreiller-soft-gel\\\/#breadcrumb\",\"itemListElement\":[{\"@type\":\"ListItem\",\"position\":1,\"name\":\"Accueil\",\"item\":\"https:\\\/\\\/perdormire-dz.com\\\/ar\\\/\"},{\"@type\":\"ListItem\",\"position\":2,\"name\":\"Boutique\",\"item\":\"https:\\\/\\\/perdormire-dz.com\\\/fr_fr\\\/boutique\\\/\"},{\"@type\":\"ListItem\",\"position\":3,\"name\":\"Oreiller SOFT GEL\"}]},{\"@type\":\"WebSite\",\"@id\":\"https:\\\/\\\/perdormire-dz.com\\\/#website\",\"url\":\"https:\\\/\\\/perdormire-dz.com\\\/\",\"name\":\"Perdormire Alg\u00e9rie\",\"description\":\"Design For Wellness\",\"publisher\":{\"@id\":\"https:\\\/\\\/perdormire-dz.com\\\/#organization\"},\"potentialAction\":[{\"@type\":\"SearchAction\",\"target\":{\"@type\":\"EntryPoint\",\"urlTemplate\":\"https:\\\/\\\/perdormire-dz.com\\\/?s={search_term_string}\"},\"query-input\":{\"@type\":\"PropertyValueSpecification\",\"valueRequired\":true,\"valueName\":\"search_term_string\"}}],\"inLanguage\":\"fr-FR\"},{\"@type\":\"Organization\",\"@id\":\"https:\\\/\\\/perdormire-dz.com\\\/#organization\",\"name\":\"Perdormire Alg\u00e9rie\",\"url\":\"https:\\\/\\\/perdormire-dz.com\\\/\",\"logo\":{\"@type\":\"ImageObject\",\"inLanguage\":\"fr-FR\",\"@id\":\"https:\\\/\\\/perdormire-dz.com\\\/#\\\/schema\\\/logo\\\/image\\\/\",\"url\":\"\",\"contentUrl\":\"\",\"caption\":\"Perdormire Alg\u00e9rie\"},\"image\":{\"@id\":\"https:\\\/\\\/perdormire-dz.com\\\/#\\\/schema\\\/logo\\\/image\\\/\"},\"sameAs\":[\"https:\\\/\\\/web.facebook.com\\\/PerdormireDz\\\/\",\"https:\\\/\\\/www.instagram.com\\\/perdormire_algerie\\\/\"]}]}<\/script>\n<!-- \/ Yoast SEO plugin. -->","yoast_head_json":{"title":"Oreiller SOFT GEL - Perdormire Alg\u00e9rie | Livraison Gratuite","description":"Oreiller SOFT GEL: Cet oreiller est fait de mousse \u00e0 m\u00e9moire de forme en combinaison avec de la mousse SOFT GEL | Livraison Gratuite","robots":{"index":"index","follow":"follow","max-snippet":"max-snippet:-1","max-image-preview":"max-image-preview:large","max-video-preview":"max-video-preview:-1"},"canonical":"https:\/\/perdormire-dz.com\/fr_fr\/produit\/oreiller-soft-gel\/","og_locale":"fr_FR","og_type":"article","og_title":"Oreiller SOFT GEL - Perdormire Alg\u00e9rie | Livraison Gratuite","og_description":"Oreiller SOFT GEL: Cet oreiller est fait de mousse \u00e0 m\u00e9moire de forme en combinaison avec de la mousse SOFT GEL | Livraison Gratuite","og_url":"https:\/\/perdormire-dz.com\/fr_fr\/produit\/oreiller-soft-gel\/","og_site_name":"Perdormire Alg\u00e9rie","article_publisher":"https:\/\/web.facebook.com\/PerdormireDz\/","article_modified_time":"2022-12-13T12:27:10+00:00","og_image":[{"width":700,"height":466,"url":"https:\/\/i0.wp.com\/perdormire-dz.com\/wp-content\/uploads\/2021\/05\/SoftGel-1-700x466-1.jpg?fit=700%2C466&ssl=1","type":"image\/jpeg"}],"twitter_card":"summary_large_image","twitter_misc":{"Dur\u00e9e de lecture estim\u00e9e":"2 minutes"},"schema":{"@context":"https:\/\/schema.org","@graph":[{"@type":"WebPage","@id":"https:\/\/perdormire-dz.com\/produit\/oreiller-soft-gel\/","url":"https:\/\/perdormire-dz.com\/produit\/oreiller-soft-gel\/","name":"Oreiller SOFT GEL - Perdormire Alg\u00e9rie | Livraison Gratuite","isPartOf":{"@id":"https:\/\/perdormire-dz.com\/#website"},"primaryImageOfPage":{"@id":"https:\/\/perdormire-dz.com\/produit\/oreiller-soft-gel\/#primaryimage"},"image":{"@id":"https:\/\/perdormire-dz.com\/produit\/oreiller-soft-gel\/#primaryimage"},"thumbnailUrl":"https:\/\/i0.wp.com\/perdormire-dz.com\/wp-content\/uploads\/2021\/05\/SoftGel-1-700x466-1.jpg?fit=700%2C466&ssl=1","datePublished":"2021-05-02T16:35:10+00:00","dateModified":"2022-12-13T12:27:10+00:00","description":"Oreiller SOFT GEL: Cet oreiller est fait de mousse \u00e0 m\u00e9moire de forme en combinaison avec de la mousse SOFT GEL | Livraison Gratuite","breadcrumb":{"@id":"https:\/\/perdormire-dz.com\/produit\/oreiller-soft-gel\/#breadcrumb"},"inLanguage":"fr-FR","potentialAction":[{"@type":"ReadAction","target":["https:\/\/perdormire-dz.com\/produit\/oreiller-soft-gel\/"]}]},{"@type":"ImageObject","inLanguage":"fr-FR","@id":"https:\/\/perdormire-dz.com\/produit\/oreiller-soft-gel\/#primaryimage","url":"https:\/\/i0.wp.com\/perdormire-dz.com\/wp-content\/uploads\/2021\/05\/SoftGel-1-700x466-1.jpg?fit=700%2C466&ssl=1","contentUrl":"https:\/\/i0.wp.com\/perdormire-dz.com\/wp-content\/uploads\/2021\/05\/SoftGel-1-700x466-1.jpg?fit=700%2C466&ssl=1","width":700,"height":466,"caption":"Oreiller SOFT GEL Perdormire Alg\u00e9rie"},{"@type":"BreadcrumbList","@id":"https:\/\/perdormire-dz.com\/produit\/oreiller-soft-gel\/#breadcrumb","itemListElement":[{"@type":"ListItem","position":1,"name":"Accueil","item":"https:\/\/perdormire-dz.com\/ar\/"},{"@type":"ListItem","position":2,"name":"Boutique","item":"https:\/\/perdormire-dz.com\/fr_fr\/boutique\/"},{"@type":"ListItem","position":3,"name":"Oreiller SOFT GEL"}]},{"@type":"WebSite","@id":"https:\/\/perdormire-dz.com\/#website","url":"https:\/\/perdormire-dz.com\/","name":"Perdormire Alg\u00e9rie","description":"Design For Wellness","publisher":{"@id":"https:\/\/perdormire-dz.com\/#organization"},"potentialAction":[{"@type":"SearchAction","target":{"@type":"EntryPoint","urlTemplate":"https:\/\/perdormire-dz.com\/?s={search_term_string}"},"query-input":{"@type":"PropertyValueSpecification","valueRequired":true,"valueName":"search_term_string"}}],"inLanguage":"fr-FR"},{"@type":"Organization","@id":"https:\/\/perdormire-dz.com\/#organization","name":"Perdormire Alg\u00e9rie","url":"https:\/\/perdormire-dz.com\/","logo":{"@type":"ImageObject","inLanguage":"fr-FR","@id":"https:\/\/perdormire-dz.com\/#\/schema\/logo\/image\/","url":"","contentUrl":"","caption":"Perdormire Alg\u00e9rie"},"image":{"@id":"https:\/\/perdormire-dz.com\/#\/schema\/logo\/image\/"},"sameAs":["https:\/\/web.facebook.com\/PerdormireDz\/","https:\/\/www.instagram.com\/perdormire_algerie\/"]}]}},"jetpack_sharing_enabled":true,"_links":{"self":[{"href":"https:\/\/perdormire-dz.com\/fr_fr\/wp-json\/wp\/v2\/product\/3679","targetHints":{"allow":["GET"]}}],"collection":[{"href":"https:\/\/perdormire-dz.com\/fr_fr\/wp-json\/wp\/v2\/product"}],"about":[{"href":"https:\/\/perdormire-dz.com\/fr_fr\/wp-json\/wp\/v2\/types\/product"}],"version-history":[{"count":0,"href":"https:\/\/perdormire-dz.com\/fr_fr\/wp-json\/wp\/v2\/product\/3679\/revisions"}],"wp:featuredmedia":[{"embeddable":true,"href":"https:\/\/perdormire-dz.com\/fr_fr\/wp-json\/wp\/v2\/media\/3680"}],"wp:attachment":[{"href":"https:\/\/perdormire-dz.com\/fr_fr\/wp-json\/wp\/v2\/media?parent=3679"}],"wp:term":[{"taxonomy":"product_brand","embeddable":true,"href":"https:\/\/perdormire-dz.com\/fr_fr\/wp-json\/wp\/v2\/product_brand?post=3679"},{"taxonomy":"product_cat","embeddable":true,"href":"https:\/\/perdormire-dz.com\/fr_fr\/wp-json\/wp\/v2\/product_cat?post=3679"},{"taxonomy":"product_tag","embeddable":true,"href":"https:\/\/perdormire-dz.com\/fr_fr\/wp-json\/wp\/v2\/product_tag?post=3679"}],"curies":[{"name":"wp","href":"https:\/\/api.w.org\/{rel}","templated":true}]}}