{"id":3673,"date":"2021-05-02T16:22:17","date_gmt":"2021-05-02T16:22:17","guid":{"rendered":"https:\/\/perdormire-dz.com\/?post_type=product&#038;p=3673"},"modified":"2026-02-11T15:25:34","modified_gmt":"2026-02-11T15:25:34","slug":"oreiller-soya-wave","status":"publish","type":"product","link":"https:\/\/perdormire-dz.com\/fr_fr\/produit\/oreiller-soya-wave\/","title":{"rendered":"Oreiller SOYA WAVE"},"content":{"rendered":"<h1><span style=\"color: #003366;\">Oreiller SOYA WAVE<\/span><\/h1>\n<p><span style=\"color: #003366;\"><strong>caract\u00e9ristiques principales de l&rsquo;oreiller SOYA WAVE<\/strong><\/span><\/p>\n<p><span style=\"color: #003366;\">L&rsquo;<strong>oreiller SOYA WAVE<\/strong> est compos\u00e9 d&rsquo;une <strong>mousse<\/strong> sp\u00e9ciale bio soya mind enrichie en huiles naturelles de soja, qui s&rsquo;adapte parfaitement \u00e0 la <strong>t\u00eate<\/strong> et au <strong>cou<\/strong> sans cr\u00e9er de contre-pression, am\u00e9liore la circulation sanguine et permet la <strong>relaxation<\/strong> musculaire. les huiles naturelles de soja avec lesquelles l&rsquo;<a style=\"color: #003366;\" href=\"https:\/\/perdormire-dz.com\/oreillers\/\">oreiller<\/a> est fabriqu\u00e9 procurent une douceur agr\u00e9able et am\u00e9liorent l&rsquo;\u00e9lasticit\u00e9 naturelle et l&rsquo;hydratation de la peau. cette combinaison a des propri\u00e9t\u00e9s antibact\u00e9riennes, prot\u00e8ge de l&rsquo;\u00e9lectricit\u00e9 statique et n&rsquo;absorbe pas l&rsquo;humidit\u00e9.<\/span><\/p>\n<p><span style=\"color: #003366;\">L&rsquo;<strong>oreiller SOYA WAVE<\/strong> a une apparence anatomique et fournit un bon support pour le cou, permettant \u00e0 la t\u00eate d&rsquo;\u00eatre dans sa position naturelle. l&rsquo;oreiller a un c\u00f4t\u00e9 sup\u00e9rieur et inf\u00e9rieur, ce qui le rend id\u00e9al pour tout le monde et est particuli\u00e8rement recommand\u00e9 pour les personnes qui dorment sur le c\u00f4t\u00e9.<\/span><\/p>\n<p><span style=\"color: #003366;\"><strong>Composition de la couverture de l&rsquo;oreiller\u00a0<\/strong><\/span><\/p>\n<p><span style=\"color: #003366;\">couverture int\u00e9rieure: 100% coton<\/span><br \/>\n<span style=\"color: #003366;\">couverture ext\u00e9rieure: syst\u00e8me probiotique<\/span><br \/>\n<span style=\"color: #003366;\">la taie d&rsquo;<strong>oreiller<\/strong> est sp\u00e9cialement fabriqu\u00e9e par probiotic system qui aide \u00e0 la r\u00e9duction naturelle des allergies et de l&rsquo;asthme gr\u00e2ce aux probiotiques naturels qui emp\u00eachent la croissance des moisissures et des bact\u00e9ries et d\u00e9truisent les acariens.<\/span><br \/>\n<span style=\"color: #003366;\">cette double technologie brevet\u00e9e est 100% biologique<\/span><br \/>\n<span style=\"color: #003366;\">les probiotiques sont plac\u00e9s dans le mat\u00e9riau sous forme de microcapsules qui sont activ\u00e9es lors de l&rsquo;utilisation de l&rsquo;oreiller et le maintiennent frais et propre.<\/span><br \/>\n<span style=\"color: #003366;\">les <a style=\"color: #003366;\" href=\"https:\/\/perdormire-dz.com\/produit\/drap-housse-respira-impermeable-et-hyper-respirant\/\">housses<\/a> sont retir\u00e9es et lav\u00e9es \u00e0 30 \u00b0 c.<\/span><\/p>\n","protected":false},"excerpt":{"rendered":"<p>&nbsp;<\/p>\n<p><span style=\"color: #003366;\">Composition de la couverture<\/span><br \/>\n<span style=\"color: #003366;\">Couverture int\u00e9rieure: 100% coton<\/span><br \/>\n<span style=\"color: #003366;\">Couverture ext\u00e9rieure: syst\u00e8me probiotique<\/span><br \/>\n<span style=\"color: #003366;\">La taie d&rsquo;oreiller est sp\u00e9cialement fabriqu\u00e9e par probiotic system qui aide \u00e0 la r\u00e9duction naturelle des allergies et de l&rsquo;asthme gr\u00e2ce aux probiotiques naturels qui emp\u00eachent la croissance des moisissures et des bact\u00e9ries et d\u00e9truisent les acariens.<\/span><br \/>\n<span style=\"color: #003366;\">Cette double technologie brevet\u00e9e est 100% biologique<\/span><\/p>\n","protected":false},"featured_media":3674,"template":"","meta":{"_acf_changed":false,"_exactmetrics_skip_tracking":false,"_exactmetrics_sitenote_active":false,"_exactmetrics_sitenote_note":"","_exactmetrics_sitenote_category":0},"product_brand":[],"product_cat":[88],"product_tag":[],"class_list":{"0":"post-3673","1":"product","2":"type-product","3":"status-publish","4":"has-post-thumbnail","6":"product_cat-oreillers","8":"first","9":"instock","10":"shipping-taxable","11":"purchasable","12":"product-type-simple"},"acf":[],"yoast_head":"<!-- This site is optimized with the Yoast SEO plugin v27.5 - https:\/\/yoast.com\/product\/yoast-seo-wordpress\/ -->\n<title>Oreiller SOYA WAVE - Perdormire Alg\u00e9rie | Livraison \u00e0 domicile<\/title>\n<meta name=\"description\" content=\"oreiller SOYA WAVE: L&#039;oreiller SOYA WAVE a une apparence anatomique et fournit un bon support pour le cou | Livraison \u00e0 domicile\" \/>\n<meta name=\"robots\" content=\"index, follow, max-snippet:-1, max-image-preview:large, max-video-preview:-1\" \/>\n<link rel=\"canonical\" href=\"https:\/\/perdormire-dz.com\/fr_fr\/produit\/oreiller-soya-wave\/\" \/>\n<meta property=\"og:locale\" content=\"fr_FR\" \/>\n<meta property=\"og:type\" content=\"article\" \/>\n<meta property=\"og:title\" content=\"Oreiller SOYA WAVE - Perdormire Alg\u00e9rie | Livraison \u00e0 domicile\" \/>\n<meta property=\"og:description\" content=\"oreiller SOYA WAVE: L&#039;oreiller SOYA WAVE a une apparence anatomique et fournit un bon support pour le cou | Livraison \u00e0 domicile\" \/>\n<meta property=\"og:url\" content=\"https:\/\/perdormire-dz.com\/fr_fr\/produit\/oreiller-soya-wave\/\" \/>\n<meta property=\"og:site_name\" content=\"Perdormire Alg\u00e9rie\" \/>\n<meta property=\"article:publisher\" content=\"https:\/\/web.facebook.com\/PerdormireDz\/\" \/>\n<meta property=\"article:modified_time\" content=\"2026-02-11T15:25:34+00:00\" \/>\n<meta property=\"og:image\" content=\"https:\/\/i0.wp.com\/perdormire-dz.com\/wp-content\/uploads\/2021\/05\/SoyaWave-1-700x466-1.jpg?fit=700%2C466&ssl=1\" \/>\n\t<meta property=\"og:image:width\" content=\"700\" \/>\n\t<meta property=\"og:image:height\" content=\"466\" \/>\n\t<meta property=\"og:image:type\" content=\"image\/jpeg\" \/>\n<meta name=\"twitter:card\" content=\"summary_large_image\" \/>\n<meta name=\"twitter:label1\" content=\"Dur\u00e9e de lecture estim\u00e9e\" \/>\n\t<meta name=\"twitter:data1\" content=\"2 minutes\" \/>\n<script type=\"application\/ld+json\" class=\"yoast-schema-graph\">{\"@context\":\"https:\\\/\\\/schema.org\",\"@graph\":[{\"@type\":\"WebPage\",\"@id\":\"https:\\\/\\\/perdormire-dz.com\\\/produit\\\/oreiller-soya-wave\\\/\",\"url\":\"https:\\\/\\\/perdormire-dz.com\\\/produit\\\/oreiller-soya-wave\\\/\",\"name\":\"Oreiller SOYA WAVE - Perdormire Alg\u00e9rie | Livraison \u00e0 domicile\",\"isPartOf\":{\"@id\":\"https:\\\/\\\/perdormire-dz.com\\\/#website\"},\"primaryImageOfPage\":{\"@id\":\"https:\\\/\\\/perdormire-dz.com\\\/produit\\\/oreiller-soya-wave\\\/#primaryimage\"},\"image\":{\"@id\":\"https:\\\/\\\/perdormire-dz.com\\\/produit\\\/oreiller-soya-wave\\\/#primaryimage\"},\"thumbnailUrl\":\"https:\\\/\\\/i0.wp.com\\\/perdormire-dz.com\\\/wp-content\\\/uploads\\\/2021\\\/05\\\/SoyaWave-1-700x466-1.jpg?fit=700%2C466&ssl=1\",\"datePublished\":\"2021-05-02T16:22:17+00:00\",\"dateModified\":\"2026-02-11T15:25:34+00:00\",\"description\":\"oreiller SOYA WAVE: L'oreiller SOYA WAVE a une apparence anatomique et fournit un bon support pour le cou | Livraison \u00e0 domicile\",\"breadcrumb\":{\"@id\":\"https:\\\/\\\/perdormire-dz.com\\\/produit\\\/oreiller-soya-wave\\\/#breadcrumb\"},\"inLanguage\":\"fr-FR\",\"potentialAction\":[{\"@type\":\"ReadAction\",\"target\":[\"https:\\\/\\\/perdormire-dz.com\\\/produit\\\/oreiller-soya-wave\\\/\"]}]},{\"@type\":\"ImageObject\",\"inLanguage\":\"fr-FR\",\"@id\":\"https:\\\/\\\/perdormire-dz.com\\\/produit\\\/oreiller-soya-wave\\\/#primaryimage\",\"url\":\"https:\\\/\\\/i0.wp.com\\\/perdormire-dz.com\\\/wp-content\\\/uploads\\\/2021\\\/05\\\/SoyaWave-1-700x466-1.jpg?fit=700%2C466&ssl=1\",\"contentUrl\":\"https:\\\/\\\/i0.wp.com\\\/perdormire-dz.com\\\/wp-content\\\/uploads\\\/2021\\\/05\\\/SoyaWave-1-700x466-1.jpg?fit=700%2C466&ssl=1\",\"width\":700,\"height\":466,\"caption\":\"oreiller orthop\u00e9dique SOYA WAVE Perdormire Alg\u00e9rie\"},{\"@type\":\"BreadcrumbList\",\"@id\":\"https:\\\/\\\/perdormire-dz.com\\\/produit\\\/oreiller-soya-wave\\\/#breadcrumb\",\"itemListElement\":[{\"@type\":\"ListItem\",\"position\":1,\"name\":\"Accueil\",\"item\":\"https:\\\/\\\/perdormire-dz.com\\\/ar\\\/\"},{\"@type\":\"ListItem\",\"position\":2,\"name\":\"Boutique\",\"item\":\"https:\\\/\\\/perdormire-dz.com\\\/fr_fr\\\/boutique\\\/\"},{\"@type\":\"ListItem\",\"position\":3,\"name\":\"Oreiller SOYA WAVE\"}]},{\"@type\":\"WebSite\",\"@id\":\"https:\\\/\\\/perdormire-dz.com\\\/#website\",\"url\":\"https:\\\/\\\/perdormire-dz.com\\\/\",\"name\":\"Perdormire Alg\u00e9rie\",\"description\":\"Design For Wellness\",\"publisher\":{\"@id\":\"https:\\\/\\\/perdormire-dz.com\\\/#organization\"},\"potentialAction\":[{\"@type\":\"SearchAction\",\"target\":{\"@type\":\"EntryPoint\",\"urlTemplate\":\"https:\\\/\\\/perdormire-dz.com\\\/?s={search_term_string}\"},\"query-input\":{\"@type\":\"PropertyValueSpecification\",\"valueRequired\":true,\"valueName\":\"search_term_string\"}}],\"inLanguage\":\"fr-FR\"},{\"@type\":\"Organization\",\"@id\":\"https:\\\/\\\/perdormire-dz.com\\\/#organization\",\"name\":\"Perdormire Alg\u00e9rie\",\"url\":\"https:\\\/\\\/perdormire-dz.com\\\/\",\"logo\":{\"@type\":\"ImageObject\",\"inLanguage\":\"fr-FR\",\"@id\":\"https:\\\/\\\/perdormire-dz.com\\\/#\\\/schema\\\/logo\\\/image\\\/\",\"url\":\"\",\"contentUrl\":\"\",\"caption\":\"Perdormire Alg\u00e9rie\"},\"image\":{\"@id\":\"https:\\\/\\\/perdormire-dz.com\\\/#\\\/schema\\\/logo\\\/image\\\/\"},\"sameAs\":[\"https:\\\/\\\/web.facebook.com\\\/PerdormireDz\\\/\",\"https:\\\/\\\/www.instagram.com\\\/perdormire_algerie\\\/\"]}]}<\/script>\n<!-- \/ Yoast SEO plugin. -->","yoast_head_json":{"title":"Oreiller SOYA WAVE - Perdormire Alg\u00e9rie | Livraison \u00e0 domicile","description":"oreiller SOYA WAVE: L'oreiller SOYA WAVE a une apparence anatomique et fournit un bon support pour le cou | Livraison \u00e0 domicile","robots":{"index":"index","follow":"follow","max-snippet":"max-snippet:-1","max-image-preview":"max-image-preview:large","max-video-preview":"max-video-preview:-1"},"canonical":"https:\/\/perdormire-dz.com\/fr_fr\/produit\/oreiller-soya-wave\/","og_locale":"fr_FR","og_type":"article","og_title":"Oreiller SOYA WAVE - Perdormire Alg\u00e9rie | Livraison \u00e0 domicile","og_description":"oreiller SOYA WAVE: L'oreiller SOYA WAVE a une apparence anatomique et fournit un bon support pour le cou | Livraison \u00e0 domicile","og_url":"https:\/\/perdormire-dz.com\/fr_fr\/produit\/oreiller-soya-wave\/","og_site_name":"Perdormire Alg\u00e9rie","article_publisher":"https:\/\/web.facebook.com\/PerdormireDz\/","article_modified_time":"2026-02-11T15:25:34+00:00","og_image":[{"width":700,"height":466,"url":"https:\/\/i0.wp.com\/perdormire-dz.com\/wp-content\/uploads\/2021\/05\/SoyaWave-1-700x466-1.jpg?fit=700%2C466&ssl=1","type":"image\/jpeg"}],"twitter_card":"summary_large_image","twitter_misc":{"Dur\u00e9e de lecture estim\u00e9e":"2 minutes"},"schema":{"@context":"https:\/\/schema.org","@graph":[{"@type":"WebPage","@id":"https:\/\/perdormire-dz.com\/produit\/oreiller-soya-wave\/","url":"https:\/\/perdormire-dz.com\/produit\/oreiller-soya-wave\/","name":"Oreiller SOYA WAVE - Perdormire Alg\u00e9rie | Livraison \u00e0 domicile","isPartOf":{"@id":"https:\/\/perdormire-dz.com\/#website"},"primaryImageOfPage":{"@id":"https:\/\/perdormire-dz.com\/produit\/oreiller-soya-wave\/#primaryimage"},"image":{"@id":"https:\/\/perdormire-dz.com\/produit\/oreiller-soya-wave\/#primaryimage"},"thumbnailUrl":"https:\/\/i0.wp.com\/perdormire-dz.com\/wp-content\/uploads\/2021\/05\/SoyaWave-1-700x466-1.jpg?fit=700%2C466&ssl=1","datePublished":"2021-05-02T16:22:17+00:00","dateModified":"2026-02-11T15:25:34+00:00","description":"oreiller SOYA WAVE: L'oreiller SOYA WAVE a une apparence anatomique et fournit un bon support pour le cou | Livraison \u00e0 domicile","breadcrumb":{"@id":"https:\/\/perdormire-dz.com\/produit\/oreiller-soya-wave\/#breadcrumb"},"inLanguage":"fr-FR","potentialAction":[{"@type":"ReadAction","target":["https:\/\/perdormire-dz.com\/produit\/oreiller-soya-wave\/"]}]},{"@type":"ImageObject","inLanguage":"fr-FR","@id":"https:\/\/perdormire-dz.com\/produit\/oreiller-soya-wave\/#primaryimage","url":"https:\/\/i0.wp.com\/perdormire-dz.com\/wp-content\/uploads\/2021\/05\/SoyaWave-1-700x466-1.jpg?fit=700%2C466&ssl=1","contentUrl":"https:\/\/i0.wp.com\/perdormire-dz.com\/wp-content\/uploads\/2021\/05\/SoyaWave-1-700x466-1.jpg?fit=700%2C466&ssl=1","width":700,"height":466,"caption":"oreiller orthop\u00e9dique SOYA WAVE Perdormire Alg\u00e9rie"},{"@type":"BreadcrumbList","@id":"https:\/\/perdormire-dz.com\/produit\/oreiller-soya-wave\/#breadcrumb","itemListElement":[{"@type":"ListItem","position":1,"name":"Accueil","item":"https:\/\/perdormire-dz.com\/ar\/"},{"@type":"ListItem","position":2,"name":"Boutique","item":"https:\/\/perdormire-dz.com\/fr_fr\/boutique\/"},{"@type":"ListItem","position":3,"name":"Oreiller SOYA WAVE"}]},{"@type":"WebSite","@id":"https:\/\/perdormire-dz.com\/#website","url":"https:\/\/perdormire-dz.com\/","name":"Perdormire Alg\u00e9rie","description":"Design For Wellness","publisher":{"@id":"https:\/\/perdormire-dz.com\/#organization"},"potentialAction":[{"@type":"SearchAction","target":{"@type":"EntryPoint","urlTemplate":"https:\/\/perdormire-dz.com\/?s={search_term_string}"},"query-input":{"@type":"PropertyValueSpecification","valueRequired":true,"valueName":"search_term_string"}}],"inLanguage":"fr-FR"},{"@type":"Organization","@id":"https:\/\/perdormire-dz.com\/#organization","name":"Perdormire Alg\u00e9rie","url":"https:\/\/perdormire-dz.com\/","logo":{"@type":"ImageObject","inLanguage":"fr-FR","@id":"https:\/\/perdormire-dz.com\/#\/schema\/logo\/image\/","url":"","contentUrl":"","caption":"Perdormire Alg\u00e9rie"},"image":{"@id":"https:\/\/perdormire-dz.com\/#\/schema\/logo\/image\/"},"sameAs":["https:\/\/web.facebook.com\/PerdormireDz\/","https:\/\/www.instagram.com\/perdormire_algerie\/"]}]}},"jetpack_sharing_enabled":true,"_links":{"self":[{"href":"https:\/\/perdormire-dz.com\/fr_fr\/wp-json\/wp\/v2\/product\/3673","targetHints":{"allow":["GET"]}}],"collection":[{"href":"https:\/\/perdormire-dz.com\/fr_fr\/wp-json\/wp\/v2\/product"}],"about":[{"href":"https:\/\/perdormire-dz.com\/fr_fr\/wp-json\/wp\/v2\/types\/product"}],"version-history":[{"count":1,"href":"https:\/\/perdormire-dz.com\/fr_fr\/wp-json\/wp\/v2\/product\/3673\/revisions"}],"predecessor-version":[{"id":9158,"href":"https:\/\/perdormire-dz.com\/fr_fr\/wp-json\/wp\/v2\/product\/3673\/revisions\/9158"}],"wp:featuredmedia":[{"embeddable":true,"href":"https:\/\/perdormire-dz.com\/fr_fr\/wp-json\/wp\/v2\/media\/3674"}],"wp:attachment":[{"href":"https:\/\/perdormire-dz.com\/fr_fr\/wp-json\/wp\/v2\/media?parent=3673"}],"wp:term":[{"taxonomy":"product_brand","embeddable":true,"href":"https:\/\/perdormire-dz.com\/fr_fr\/wp-json\/wp\/v2\/product_brand?post=3673"},{"taxonomy":"product_cat","embeddable":true,"href":"https:\/\/perdormire-dz.com\/fr_fr\/wp-json\/wp\/v2\/product_cat?post=3673"},{"taxonomy":"product_tag","embeddable":true,"href":"https:\/\/perdormire-dz.com\/fr_fr\/wp-json\/wp\/v2\/product_tag?post=3673"}],"curies":[{"name":"wp","href":"https:\/\/api.w.org\/{rel}","templated":true}]}}