{"id":3669,"date":"2021-05-02T15:52:56","date_gmt":"2021-05-02T15:52:56","guid":{"rendered":"https:\/\/perdormire-dz.com\/?post_type=product&#038;p=3669"},"modified":"2023-08-10T11:49:51","modified_gmt":"2023-08-10T11:49:51","slug":"oreiller-piuma-gold","status":"publish","type":"product","link":"https:\/\/perdormire-dz.com\/fr_fr\/produit\/oreiller-piuma-gold\/","title":{"rendered":"Oreiller PIUMA GOLD"},"content":{"rendered":"<h1><span style=\"color: #000080;\">Oreiller PIUMA GOLD<\/span><\/h1>\n<p><span style=\"color: #000080;\">Oreiller PIUMA GOLD: La proportion \u00e9lev\u00e9e de duvet, 70%, rend cet oreiller particuli\u00e8rement doux et moelleux, exactement ce qui est le plus exigeant<\/span><br \/>\n<span style=\"color: #000080;\">les clients attendent: l&rsquo;extraordinaire apesanteur du duvet et la sensation de <a style=\"color: #000080;\" href=\"https:\/\/perdormire-dz.com\/\"><strong>dormir<\/strong> <\/a>sur un nuage.<\/span><\/p>\n","protected":false},"excerpt":{"rendered":"<p><span style=\"color: #000080;\">La proportion \u00e9lev\u00e9e de duvet, 70%, rend cet oreiller particuli\u00e8rement doux et moelleux, exactement ce qui est le plus exigeant<\/span><br \/>\n<span style=\"color: #000080;\">les clients attendent: l&rsquo;extraordinaire apesanteur du duvet et la sensation de dormir sur un nuage.<\/span><\/p>\n<p>&nbsp;<\/p>\n","protected":false},"featured_media":3671,"template":"","meta":{"_acf_changed":false,"_exactmetrics_skip_tracking":false,"_exactmetrics_sitenote_active":false,"_exactmetrics_sitenote_note":"","_exactmetrics_sitenote_category":0},"product_brand":[],"product_cat":[88],"product_tag":[],"class_list":{"0":"post-3669","1":"product","2":"type-product","3":"status-publish","4":"has-post-thumbnail","6":"product_cat-oreillers","8":"first","9":"outofstock","10":"shipping-taxable","11":"purchasable","12":"product-type-simple"},"acf":[],"yoast_head":"<!-- This site is optimized with the Yoast SEO plugin v27.5 - https:\/\/yoast.com\/product\/yoast-seo-wordpress\/ -->\n<title>Oreiller PIUMA GOLD - Perdormire Alg\u00e9rie |Livraison \u00e0 domicil<\/title>\n<meta name=\"description\" content=\"Oreiller PIUMA GOLD: La proportion \u00e9lev\u00e9e de duvet, 70%, rend cet oreiller particuli\u00e8rement doux et moelleux| Livraison \u00e0 domicile en Alg\u00e9rie\" \/>\n<meta name=\"robots\" content=\"index, follow, max-snippet:-1, max-image-preview:large, max-video-preview:-1\" \/>\n<link rel=\"canonical\" href=\"https:\/\/perdormire-dz.com\/fr_fr\/produit\/oreiller-piuma-gold\/\" \/>\n<meta property=\"og:locale\" content=\"fr_FR\" \/>\n<meta property=\"og:type\" content=\"article\" \/>\n<meta property=\"og:title\" content=\"Oreiller PIUMA GOLD - Perdormire Alg\u00e9rie |Livraison \u00e0 domicil\" \/>\n<meta property=\"og:description\" content=\"Oreiller PIUMA GOLD: La proportion \u00e9lev\u00e9e de duvet, 70%, rend cet oreiller particuli\u00e8rement doux et moelleux| Livraison \u00e0 domicile en Alg\u00e9rie\" \/>\n<meta property=\"og:url\" content=\"https:\/\/perdormire-dz.com\/fr_fr\/produit\/oreiller-piuma-gold\/\" \/>\n<meta property=\"og:site_name\" content=\"Perdormire Alg\u00e9rie\" \/>\n<meta property=\"article:publisher\" content=\"https:\/\/web.facebook.com\/PerdormireDz\/\" \/>\n<meta property=\"article:modified_time\" content=\"2023-08-10T11:49:51+00:00\" \/>\n<meta property=\"og:image\" content=\"https:\/\/i0.wp.com\/perdormire-dz.com\/wp-content\/uploads\/2021\/05\/Piuma.jpg?fit=800%2C533&ssl=1\" \/>\n\t<meta property=\"og:image:width\" content=\"800\" \/>\n\t<meta property=\"og:image:height\" content=\"533\" \/>\n\t<meta property=\"og:image:type\" content=\"image\/jpeg\" \/>\n<meta name=\"twitter:card\" content=\"summary_large_image\" \/>\n<meta name=\"twitter:label1\" content=\"Dur\u00e9e de lecture estim\u00e9e\" \/>\n\t<meta name=\"twitter:data1\" content=\"1 minute\" \/>\n<script type=\"application\/ld+json\" class=\"yoast-schema-graph\">{\"@context\":\"https:\\\/\\\/schema.org\",\"@graph\":[{\"@type\":\"WebPage\",\"@id\":\"https:\\\/\\\/perdormire-dz.com\\\/produit\\\/oreiller-piuma-gold\\\/\",\"url\":\"https:\\\/\\\/perdormire-dz.com\\\/produit\\\/oreiller-piuma-gold\\\/\",\"name\":\"Oreiller PIUMA GOLD - Perdormire Alg\u00e9rie |Livraison \u00e0 domicil\",\"isPartOf\":{\"@id\":\"https:\\\/\\\/perdormire-dz.com\\\/#website\"},\"primaryImageOfPage\":{\"@id\":\"https:\\\/\\\/perdormire-dz.com\\\/produit\\\/oreiller-piuma-gold\\\/#primaryimage\"},\"image\":{\"@id\":\"https:\\\/\\\/perdormire-dz.com\\\/produit\\\/oreiller-piuma-gold\\\/#primaryimage\"},\"thumbnailUrl\":\"https:\\\/\\\/i0.wp.com\\\/perdormire-dz.com\\\/wp-content\\\/uploads\\\/2021\\\/05\\\/Piuma.jpg?fit=800%2C533&ssl=1\",\"datePublished\":\"2021-05-02T15:52:56+00:00\",\"dateModified\":\"2023-08-10T11:49:51+00:00\",\"description\":\"Oreiller PIUMA GOLD: La proportion \u00e9lev\u00e9e de duvet, 70%, rend cet oreiller particuli\u00e8rement doux et moelleux| Livraison \u00e0 domicile en Alg\u00e9rie\",\"breadcrumb\":{\"@id\":\"https:\\\/\\\/perdormire-dz.com\\\/produit\\\/oreiller-piuma-gold\\\/#breadcrumb\"},\"inLanguage\":\"fr-FR\",\"potentialAction\":[{\"@type\":\"ReadAction\",\"target\":[\"https:\\\/\\\/perdormire-dz.com\\\/produit\\\/oreiller-piuma-gold\\\/\"]}]},{\"@type\":\"ImageObject\",\"inLanguage\":\"fr-FR\",\"@id\":\"https:\\\/\\\/perdormire-dz.com\\\/produit\\\/oreiller-piuma-gold\\\/#primaryimage\",\"url\":\"https:\\\/\\\/i0.wp.com\\\/perdormire-dz.com\\\/wp-content\\\/uploads\\\/2021\\\/05\\\/Piuma.jpg?fit=800%2C533&ssl=1\",\"contentUrl\":\"https:\\\/\\\/i0.wp.com\\\/perdormire-dz.com\\\/wp-content\\\/uploads\\\/2021\\\/05\\\/Piuma.jpg?fit=800%2C533&ssl=1\",\"width\":800,\"height\":533,\"caption\":\"Oreiller PIUMA GOLD Perdormire Alg\u00e9rie\"},{\"@type\":\"BreadcrumbList\",\"@id\":\"https:\\\/\\\/perdormire-dz.com\\\/produit\\\/oreiller-piuma-gold\\\/#breadcrumb\",\"itemListElement\":[{\"@type\":\"ListItem\",\"position\":1,\"name\":\"Accueil\",\"item\":\"https:\\\/\\\/perdormire-dz.com\\\/ar\\\/\"},{\"@type\":\"ListItem\",\"position\":2,\"name\":\"Boutique\",\"item\":\"https:\\\/\\\/perdormire-dz.com\\\/fr_fr\\\/boutique\\\/\"},{\"@type\":\"ListItem\",\"position\":3,\"name\":\"Oreiller PIUMA GOLD\"}]},{\"@type\":\"WebSite\",\"@id\":\"https:\\\/\\\/perdormire-dz.com\\\/#website\",\"url\":\"https:\\\/\\\/perdormire-dz.com\\\/\",\"name\":\"Perdormire Alg\u00e9rie\",\"description\":\"Design For Wellness\",\"publisher\":{\"@id\":\"https:\\\/\\\/perdormire-dz.com\\\/#organization\"},\"potentialAction\":[{\"@type\":\"SearchAction\",\"target\":{\"@type\":\"EntryPoint\",\"urlTemplate\":\"https:\\\/\\\/perdormire-dz.com\\\/?s={search_term_string}\"},\"query-input\":{\"@type\":\"PropertyValueSpecification\",\"valueRequired\":true,\"valueName\":\"search_term_string\"}}],\"inLanguage\":\"fr-FR\"},{\"@type\":\"Organization\",\"@id\":\"https:\\\/\\\/perdormire-dz.com\\\/#organization\",\"name\":\"Perdormire Alg\u00e9rie\",\"url\":\"https:\\\/\\\/perdormire-dz.com\\\/\",\"logo\":{\"@type\":\"ImageObject\",\"inLanguage\":\"fr-FR\",\"@id\":\"https:\\\/\\\/perdormire-dz.com\\\/#\\\/schema\\\/logo\\\/image\\\/\",\"url\":\"\",\"contentUrl\":\"\",\"caption\":\"Perdormire Alg\u00e9rie\"},\"image\":{\"@id\":\"https:\\\/\\\/perdormire-dz.com\\\/#\\\/schema\\\/logo\\\/image\\\/\"},\"sameAs\":[\"https:\\\/\\\/web.facebook.com\\\/PerdormireDz\\\/\",\"https:\\\/\\\/www.instagram.com\\\/perdormire_algerie\\\/\"]}]}<\/script>\n<!-- \/ Yoast SEO plugin. -->","yoast_head_json":{"title":"Oreiller PIUMA GOLD - Perdormire Alg\u00e9rie |Livraison \u00e0 domicil","description":"Oreiller PIUMA GOLD: La proportion \u00e9lev\u00e9e de duvet, 70%, rend cet oreiller particuli\u00e8rement doux et moelleux| Livraison \u00e0 domicile en Alg\u00e9rie","robots":{"index":"index","follow":"follow","max-snippet":"max-snippet:-1","max-image-preview":"max-image-preview:large","max-video-preview":"max-video-preview:-1"},"canonical":"https:\/\/perdormire-dz.com\/fr_fr\/produit\/oreiller-piuma-gold\/","og_locale":"fr_FR","og_type":"article","og_title":"Oreiller PIUMA GOLD - Perdormire Alg\u00e9rie |Livraison \u00e0 domicil","og_description":"Oreiller PIUMA GOLD: La proportion \u00e9lev\u00e9e de duvet, 70%, rend cet oreiller particuli\u00e8rement doux et moelleux| Livraison \u00e0 domicile en Alg\u00e9rie","og_url":"https:\/\/perdormire-dz.com\/fr_fr\/produit\/oreiller-piuma-gold\/","og_site_name":"Perdormire Alg\u00e9rie","article_publisher":"https:\/\/web.facebook.com\/PerdormireDz\/","article_modified_time":"2023-08-10T11:49:51+00:00","og_image":[{"width":800,"height":533,"url":"https:\/\/i0.wp.com\/perdormire-dz.com\/wp-content\/uploads\/2021\/05\/Piuma.jpg?fit=800%2C533&ssl=1","type":"image\/jpeg"}],"twitter_card":"summary_large_image","twitter_misc":{"Dur\u00e9e de lecture estim\u00e9e":"1 minute"},"schema":{"@context":"https:\/\/schema.org","@graph":[{"@type":"WebPage","@id":"https:\/\/perdormire-dz.com\/produit\/oreiller-piuma-gold\/","url":"https:\/\/perdormire-dz.com\/produit\/oreiller-piuma-gold\/","name":"Oreiller PIUMA GOLD - Perdormire Alg\u00e9rie |Livraison \u00e0 domicil","isPartOf":{"@id":"https:\/\/perdormire-dz.com\/#website"},"primaryImageOfPage":{"@id":"https:\/\/perdormire-dz.com\/produit\/oreiller-piuma-gold\/#primaryimage"},"image":{"@id":"https:\/\/perdormire-dz.com\/produit\/oreiller-piuma-gold\/#primaryimage"},"thumbnailUrl":"https:\/\/i0.wp.com\/perdormire-dz.com\/wp-content\/uploads\/2021\/05\/Piuma.jpg?fit=800%2C533&ssl=1","datePublished":"2021-05-02T15:52:56+00:00","dateModified":"2023-08-10T11:49:51+00:00","description":"Oreiller PIUMA GOLD: La proportion \u00e9lev\u00e9e de duvet, 70%, rend cet oreiller particuli\u00e8rement doux et moelleux| Livraison \u00e0 domicile en Alg\u00e9rie","breadcrumb":{"@id":"https:\/\/perdormire-dz.com\/produit\/oreiller-piuma-gold\/#breadcrumb"},"inLanguage":"fr-FR","potentialAction":[{"@type":"ReadAction","target":["https:\/\/perdormire-dz.com\/produit\/oreiller-piuma-gold\/"]}]},{"@type":"ImageObject","inLanguage":"fr-FR","@id":"https:\/\/perdormire-dz.com\/produit\/oreiller-piuma-gold\/#primaryimage","url":"https:\/\/i0.wp.com\/perdormire-dz.com\/wp-content\/uploads\/2021\/05\/Piuma.jpg?fit=800%2C533&ssl=1","contentUrl":"https:\/\/i0.wp.com\/perdormire-dz.com\/wp-content\/uploads\/2021\/05\/Piuma.jpg?fit=800%2C533&ssl=1","width":800,"height":533,"caption":"Oreiller PIUMA GOLD Perdormire Alg\u00e9rie"},{"@type":"BreadcrumbList","@id":"https:\/\/perdormire-dz.com\/produit\/oreiller-piuma-gold\/#breadcrumb","itemListElement":[{"@type":"ListItem","position":1,"name":"Accueil","item":"https:\/\/perdormire-dz.com\/ar\/"},{"@type":"ListItem","position":2,"name":"Boutique","item":"https:\/\/perdormire-dz.com\/fr_fr\/boutique\/"},{"@type":"ListItem","position":3,"name":"Oreiller PIUMA GOLD"}]},{"@type":"WebSite","@id":"https:\/\/perdormire-dz.com\/#website","url":"https:\/\/perdormire-dz.com\/","name":"Perdormire Alg\u00e9rie","description":"Design For Wellness","publisher":{"@id":"https:\/\/perdormire-dz.com\/#organization"},"potentialAction":[{"@type":"SearchAction","target":{"@type":"EntryPoint","urlTemplate":"https:\/\/perdormire-dz.com\/?s={search_term_string}"},"query-input":{"@type":"PropertyValueSpecification","valueRequired":true,"valueName":"search_term_string"}}],"inLanguage":"fr-FR"},{"@type":"Organization","@id":"https:\/\/perdormire-dz.com\/#organization","name":"Perdormire Alg\u00e9rie","url":"https:\/\/perdormire-dz.com\/","logo":{"@type":"ImageObject","inLanguage":"fr-FR","@id":"https:\/\/perdormire-dz.com\/#\/schema\/logo\/image\/","url":"","contentUrl":"","caption":"Perdormire Alg\u00e9rie"},"image":{"@id":"https:\/\/perdormire-dz.com\/#\/schema\/logo\/image\/"},"sameAs":["https:\/\/web.facebook.com\/PerdormireDz\/","https:\/\/www.instagram.com\/perdormire_algerie\/"]}]}},"jetpack_sharing_enabled":true,"_links":{"self":[{"href":"https:\/\/perdormire-dz.com\/fr_fr\/wp-json\/wp\/v2\/product\/3669","targetHints":{"allow":["GET"]}}],"collection":[{"href":"https:\/\/perdormire-dz.com\/fr_fr\/wp-json\/wp\/v2\/product"}],"about":[{"href":"https:\/\/perdormire-dz.com\/fr_fr\/wp-json\/wp\/v2\/types\/product"}],"version-history":[{"count":0,"href":"https:\/\/perdormire-dz.com\/fr_fr\/wp-json\/wp\/v2\/product\/3669\/revisions"}],"wp:featuredmedia":[{"embeddable":true,"href":"https:\/\/perdormire-dz.com\/fr_fr\/wp-json\/wp\/v2\/media\/3671"}],"wp:attachment":[{"href":"https:\/\/perdormire-dz.com\/fr_fr\/wp-json\/wp\/v2\/media?parent=3669"}],"wp:term":[{"taxonomy":"product_brand","embeddable":true,"href":"https:\/\/perdormire-dz.com\/fr_fr\/wp-json\/wp\/v2\/product_brand?post=3669"},{"taxonomy":"product_cat","embeddable":true,"href":"https:\/\/perdormire-dz.com\/fr_fr\/wp-json\/wp\/v2\/product_cat?post=3669"},{"taxonomy":"product_tag","embeddable":true,"href":"https:\/\/perdormire-dz.com\/fr_fr\/wp-json\/wp\/v2\/product_tag?post=3669"}],"curies":[{"name":"wp","href":"https:\/\/api.w.org\/{rel}","templated":true}]}}