{"id":3645,"date":"2021-05-01T15:12:30","date_gmt":"2021-05-01T15:12:30","guid":{"rendered":"https:\/\/perdormire-dz.com\/?post_type=product&#038;p=3645"},"modified":"2023-08-10T11:54:00","modified_gmt":"2023-08-10T11:54:00","slug":"oreiller-memory-wave","status":"publish","type":"product","link":"https:\/\/perdormire-dz.com\/fr_fr\/produit\/oreiller-memory-wave\/","title":{"rendered":"Oreiller MEMORY WAVE"},"content":{"rendered":"<h2><span style=\"color: #000080;\"><strong> Oreiller MEMORY WAVE<\/strong><\/span><\/h2>\n<p><span style=\"color: #000080;\">L&rsquo;<strong>oreiller<\/strong> Memory Wave est fait avec du Visco-elastic memory est un mat\u00e9riau r\u00e9volutionnaire qui peut s&rsquo;adapter \u00e0 l&rsquo;offre de poids et de pression en r\u00e9ponse \u00e0 un confort extraordinaire.<\/span><\/p>\n<p><span style=\"color: #000080;\">Ces caract\u00e9ristiques d&rsquo;adaptabilit\u00e9 totale en font un <a style=\"color: #000080;\" href=\"https:\/\/perdormire-dz.com\/boutique\">produit<\/a> de pointe, capable de s&rsquo;autor\u00e9guler et de se modeler pour une nouvelle fa\u00e7on de <strong>dormir<\/strong>. Un concentr\u00e9 de technologie qui, au repos, aide \u00e0 retrouver l&rsquo;harmonie.<\/span><br \/>\n<span style=\"color: #000080;\">Sa capacit\u00e9 \u00e0 s&rsquo;adapter \u00e0 la <strong>t\u00eate<\/strong> et au <strong>cou<\/strong>, en reprenant sa forme naturelle, sans fournir de faux points de pression, garantit un repos optimal. Il est <strong>anti-acarien et non allerg\u00e8ne.<\/strong><\/span><\/p>\n","protected":false},"excerpt":{"rendered":"<p>&nbsp;<\/p>\n<p>&nbsp;<\/p>\n<p><span style=\"color: #000080;\">\u00a0<a style=\"color: #000080;\" href=\"https:\/\/perdormire-dz.com\/materiaux-matelas\/\" target=\"_blank\" rel=\"noopener\">Visco-elastic memory<\/a> est un mat\u00e9riau r\u00e9volutionnaire qui peut s&rsquo;adapter \u00e0 l&rsquo;offre de poids et de pression en r\u00e9ponse \u00e0 un confort extraordinaire.<\/span><br \/>\n<span style=\"color: #000080;\">Ces caract\u00e9ristiques d&rsquo;adaptabilit\u00e9 totale en font un <a style=\"color: #000080;\" href=\"https:\/\/perdormire-dz.com\/boutique\">produit<\/a> de pointe, capable de s&rsquo;autor\u00e9guler et de se modeler pour une nouvelle fa\u00e7on de <strong>dormir<\/strong>. Un concentr\u00e9 de technologie qui, au repos, aide \u00e0 retrouver l&rsquo;harmonie.<\/span><br \/>\n<span style=\"color: #000080;\">Sa capacit\u00e9 \u00e0 s&rsquo;adapter \u00e0 la <strong>t\u00eate<\/strong> et au <strong>cou<\/strong>, en reprenant sa forme naturelle, sans fournir de faux points de pression, garantit un repos optimal. Il est <strong>anti-acarien et non allerg\u00e8ne.<\/strong><\/span><\/p>\n","protected":false},"featured_media":3648,"template":"","meta":{"_acf_changed":false,"_exactmetrics_skip_tracking":false,"_exactmetrics_sitenote_active":false,"_exactmetrics_sitenote_note":"","_exactmetrics_sitenote_category":0},"product_brand":[],"product_cat":[88],"product_tag":[],"class_list":{"0":"post-3645","1":"product","2":"type-product","3":"status-publish","4":"has-post-thumbnail","6":"product_cat-oreillers","8":"first","9":"outofstock","10":"shipping-taxable","11":"purchasable","12":"product-type-simple"},"acf":[],"yoast_head":"<!-- This site is optimized with the Yoast SEO plugin v27.5 - https:\/\/yoast.com\/product\/yoast-seo-wordpress\/ -->\n<title>Oreiller MEMORY WAVE - Perdormire Alg\u00e9rie<\/title>\n<meta name=\"description\" content=\"Oreiller MEMORY WAVE: Cet oreiller garantit un repos optimal. Il est anti-acarien et non allerg\u00e8ne | Livraison gratuite\" \/>\n<meta name=\"robots\" content=\"index, follow, max-snippet:-1, max-image-preview:large, max-video-preview:-1\" \/>\n<link rel=\"canonical\" href=\"https:\/\/perdormire-dz.com\/fr_fr\/produit\/oreiller-memory-wave\/\" \/>\n<meta property=\"og:locale\" content=\"fr_FR\" \/>\n<meta property=\"og:type\" content=\"article\" \/>\n<meta property=\"og:title\" content=\"Oreiller MEMORY WAVE - Perdormire Alg\u00e9rie\" \/>\n<meta property=\"og:description\" content=\"Oreiller MEMORY WAVE: Cet oreiller garantit un repos optimal. Il est anti-acarien et non allerg\u00e8ne | Livraison gratuite\" \/>\n<meta property=\"og:url\" content=\"https:\/\/perdormire-dz.com\/fr_fr\/produit\/oreiller-memory-wave\/\" \/>\n<meta property=\"og:site_name\" content=\"Perdormire Alg\u00e9rie\" \/>\n<meta property=\"article:publisher\" content=\"https:\/\/web.facebook.com\/PerdormireDz\/\" \/>\n<meta property=\"article:modified_time\" content=\"2023-08-10T11:54:00+00:00\" \/>\n<meta property=\"og:image\" content=\"https:\/\/i0.wp.com\/perdormire-dz.com\/wp-content\/uploads\/2021\/05\/wave.jpg?fit=800%2C533&ssl=1\" \/>\n\t<meta property=\"og:image:width\" content=\"800\" \/>\n\t<meta property=\"og:image:height\" content=\"533\" \/>\n\t<meta property=\"og:image:type\" content=\"image\/jpeg\" \/>\n<meta name=\"twitter:card\" content=\"summary_large_image\" \/>\n<meta name=\"twitter:label1\" content=\"Dur\u00e9e de lecture estim\u00e9e\" \/>\n\t<meta name=\"twitter:data1\" content=\"1 minute\" \/>\n<script type=\"application\/ld+json\" class=\"yoast-schema-graph\">{\"@context\":\"https:\\\/\\\/schema.org\",\"@graph\":[{\"@type\":\"WebPage\",\"@id\":\"https:\\\/\\\/perdormire-dz.com\\\/produit\\\/oreiller-memory-wave\\\/\",\"url\":\"https:\\\/\\\/perdormire-dz.com\\\/produit\\\/oreiller-memory-wave\\\/\",\"name\":\"Oreiller MEMORY WAVE - Perdormire Alg\u00e9rie\",\"isPartOf\":{\"@id\":\"https:\\\/\\\/perdormire-dz.com\\\/#website\"},\"primaryImageOfPage\":{\"@id\":\"https:\\\/\\\/perdormire-dz.com\\\/produit\\\/oreiller-memory-wave\\\/#primaryimage\"},\"image\":{\"@id\":\"https:\\\/\\\/perdormire-dz.com\\\/produit\\\/oreiller-memory-wave\\\/#primaryimage\"},\"thumbnailUrl\":\"https:\\\/\\\/i0.wp.com\\\/perdormire-dz.com\\\/wp-content\\\/uploads\\\/2021\\\/05\\\/wave.jpg?fit=800%2C533&ssl=1\",\"datePublished\":\"2021-05-01T15:12:30+00:00\",\"dateModified\":\"2023-08-10T11:54:00+00:00\",\"description\":\"Oreiller MEMORY WAVE: Cet oreiller garantit un repos optimal. Il est anti-acarien et non allerg\u00e8ne | Livraison gratuite\",\"breadcrumb\":{\"@id\":\"https:\\\/\\\/perdormire-dz.com\\\/produit\\\/oreiller-memory-wave\\\/#breadcrumb\"},\"inLanguage\":\"fr-FR\",\"potentialAction\":[{\"@type\":\"ReadAction\",\"target\":[\"https:\\\/\\\/perdormire-dz.com\\\/produit\\\/oreiller-memory-wave\\\/\"]}]},{\"@type\":\"ImageObject\",\"inLanguage\":\"fr-FR\",\"@id\":\"https:\\\/\\\/perdormire-dz.com\\\/produit\\\/oreiller-memory-wave\\\/#primaryimage\",\"url\":\"https:\\\/\\\/i0.wp.com\\\/perdormire-dz.com\\\/wp-content\\\/uploads\\\/2021\\\/05\\\/wave.jpg?fit=800%2C533&ssl=1\",\"contentUrl\":\"https:\\\/\\\/i0.wp.com\\\/perdormire-dz.com\\\/wp-content\\\/uploads\\\/2021\\\/05\\\/wave.jpg?fit=800%2C533&ssl=1\",\"width\":800,\"height\":533,\"caption\":\"Oreiller MEMORY WAVE\"},{\"@type\":\"BreadcrumbList\",\"@id\":\"https:\\\/\\\/perdormire-dz.com\\\/produit\\\/oreiller-memory-wave\\\/#breadcrumb\",\"itemListElement\":[{\"@type\":\"ListItem\",\"position\":1,\"name\":\"Accueil\",\"item\":\"https:\\\/\\\/perdormire-dz.com\\\/ar\\\/\"},{\"@type\":\"ListItem\",\"position\":2,\"name\":\"Boutique\",\"item\":\"https:\\\/\\\/perdormire-dz.com\\\/fr_fr\\\/boutique\\\/\"},{\"@type\":\"ListItem\",\"position\":3,\"name\":\"Oreiller MEMORY WAVE\"}]},{\"@type\":\"WebSite\",\"@id\":\"https:\\\/\\\/perdormire-dz.com\\\/#website\",\"url\":\"https:\\\/\\\/perdormire-dz.com\\\/\",\"name\":\"Perdormire Alg\u00e9rie\",\"description\":\"Design For Wellness\",\"publisher\":{\"@id\":\"https:\\\/\\\/perdormire-dz.com\\\/#organization\"},\"potentialAction\":[{\"@type\":\"SearchAction\",\"target\":{\"@type\":\"EntryPoint\",\"urlTemplate\":\"https:\\\/\\\/perdormire-dz.com\\\/?s={search_term_string}\"},\"query-input\":{\"@type\":\"PropertyValueSpecification\",\"valueRequired\":true,\"valueName\":\"search_term_string\"}}],\"inLanguage\":\"fr-FR\"},{\"@type\":\"Organization\",\"@id\":\"https:\\\/\\\/perdormire-dz.com\\\/#organization\",\"name\":\"Perdormire Alg\u00e9rie\",\"url\":\"https:\\\/\\\/perdormire-dz.com\\\/\",\"logo\":{\"@type\":\"ImageObject\",\"inLanguage\":\"fr-FR\",\"@id\":\"https:\\\/\\\/perdormire-dz.com\\\/#\\\/schema\\\/logo\\\/image\\\/\",\"url\":\"\",\"contentUrl\":\"\",\"caption\":\"Perdormire Alg\u00e9rie\"},\"image\":{\"@id\":\"https:\\\/\\\/perdormire-dz.com\\\/#\\\/schema\\\/logo\\\/image\\\/\"},\"sameAs\":[\"https:\\\/\\\/web.facebook.com\\\/PerdormireDz\\\/\",\"https:\\\/\\\/www.instagram.com\\\/perdormire_algerie\\\/\"]}]}<\/script>\n<!-- \/ Yoast SEO plugin. -->","yoast_head_json":{"title":"Oreiller MEMORY WAVE - Perdormire Alg\u00e9rie","description":"Oreiller MEMORY WAVE: Cet oreiller garantit un repos optimal. Il est anti-acarien et non allerg\u00e8ne | Livraison gratuite","robots":{"index":"index","follow":"follow","max-snippet":"max-snippet:-1","max-image-preview":"max-image-preview:large","max-video-preview":"max-video-preview:-1"},"canonical":"https:\/\/perdormire-dz.com\/fr_fr\/produit\/oreiller-memory-wave\/","og_locale":"fr_FR","og_type":"article","og_title":"Oreiller MEMORY WAVE - Perdormire Alg\u00e9rie","og_description":"Oreiller MEMORY WAVE: Cet oreiller garantit un repos optimal. Il est anti-acarien et non allerg\u00e8ne | Livraison gratuite","og_url":"https:\/\/perdormire-dz.com\/fr_fr\/produit\/oreiller-memory-wave\/","og_site_name":"Perdormire Alg\u00e9rie","article_publisher":"https:\/\/web.facebook.com\/PerdormireDz\/","article_modified_time":"2023-08-10T11:54:00+00:00","og_image":[{"width":800,"height":533,"url":"https:\/\/i0.wp.com\/perdormire-dz.com\/wp-content\/uploads\/2021\/05\/wave.jpg?fit=800%2C533&ssl=1","type":"image\/jpeg"}],"twitter_card":"summary_large_image","twitter_misc":{"Dur\u00e9e de lecture estim\u00e9e":"1 minute"},"schema":{"@context":"https:\/\/schema.org","@graph":[{"@type":"WebPage","@id":"https:\/\/perdormire-dz.com\/produit\/oreiller-memory-wave\/","url":"https:\/\/perdormire-dz.com\/produit\/oreiller-memory-wave\/","name":"Oreiller MEMORY WAVE - Perdormire Alg\u00e9rie","isPartOf":{"@id":"https:\/\/perdormire-dz.com\/#website"},"primaryImageOfPage":{"@id":"https:\/\/perdormire-dz.com\/produit\/oreiller-memory-wave\/#primaryimage"},"image":{"@id":"https:\/\/perdormire-dz.com\/produit\/oreiller-memory-wave\/#primaryimage"},"thumbnailUrl":"https:\/\/i0.wp.com\/perdormire-dz.com\/wp-content\/uploads\/2021\/05\/wave.jpg?fit=800%2C533&ssl=1","datePublished":"2021-05-01T15:12:30+00:00","dateModified":"2023-08-10T11:54:00+00:00","description":"Oreiller MEMORY WAVE: Cet oreiller garantit un repos optimal. Il est anti-acarien et non allerg\u00e8ne | Livraison gratuite","breadcrumb":{"@id":"https:\/\/perdormire-dz.com\/produit\/oreiller-memory-wave\/#breadcrumb"},"inLanguage":"fr-FR","potentialAction":[{"@type":"ReadAction","target":["https:\/\/perdormire-dz.com\/produit\/oreiller-memory-wave\/"]}]},{"@type":"ImageObject","inLanguage":"fr-FR","@id":"https:\/\/perdormire-dz.com\/produit\/oreiller-memory-wave\/#primaryimage","url":"https:\/\/i0.wp.com\/perdormire-dz.com\/wp-content\/uploads\/2021\/05\/wave.jpg?fit=800%2C533&ssl=1","contentUrl":"https:\/\/i0.wp.com\/perdormire-dz.com\/wp-content\/uploads\/2021\/05\/wave.jpg?fit=800%2C533&ssl=1","width":800,"height":533,"caption":"Oreiller MEMORY WAVE"},{"@type":"BreadcrumbList","@id":"https:\/\/perdormire-dz.com\/produit\/oreiller-memory-wave\/#breadcrumb","itemListElement":[{"@type":"ListItem","position":1,"name":"Accueil","item":"https:\/\/perdormire-dz.com\/ar\/"},{"@type":"ListItem","position":2,"name":"Boutique","item":"https:\/\/perdormire-dz.com\/fr_fr\/boutique\/"},{"@type":"ListItem","position":3,"name":"Oreiller MEMORY WAVE"}]},{"@type":"WebSite","@id":"https:\/\/perdormire-dz.com\/#website","url":"https:\/\/perdormire-dz.com\/","name":"Perdormire Alg\u00e9rie","description":"Design For Wellness","publisher":{"@id":"https:\/\/perdormire-dz.com\/#organization"},"potentialAction":[{"@type":"SearchAction","target":{"@type":"EntryPoint","urlTemplate":"https:\/\/perdormire-dz.com\/?s={search_term_string}"},"query-input":{"@type":"PropertyValueSpecification","valueRequired":true,"valueName":"search_term_string"}}],"inLanguage":"fr-FR"},{"@type":"Organization","@id":"https:\/\/perdormire-dz.com\/#organization","name":"Perdormire Alg\u00e9rie","url":"https:\/\/perdormire-dz.com\/","logo":{"@type":"ImageObject","inLanguage":"fr-FR","@id":"https:\/\/perdormire-dz.com\/#\/schema\/logo\/image\/","url":"","contentUrl":"","caption":"Perdormire Alg\u00e9rie"},"image":{"@id":"https:\/\/perdormire-dz.com\/#\/schema\/logo\/image\/"},"sameAs":["https:\/\/web.facebook.com\/PerdormireDz\/","https:\/\/www.instagram.com\/perdormire_algerie\/"]}]}},"jetpack_sharing_enabled":true,"_links":{"self":[{"href":"https:\/\/perdormire-dz.com\/fr_fr\/wp-json\/wp\/v2\/product\/3645","targetHints":{"allow":["GET"]}}],"collection":[{"href":"https:\/\/perdormire-dz.com\/fr_fr\/wp-json\/wp\/v2\/product"}],"about":[{"href":"https:\/\/perdormire-dz.com\/fr_fr\/wp-json\/wp\/v2\/types\/product"}],"version-history":[{"count":0,"href":"https:\/\/perdormire-dz.com\/fr_fr\/wp-json\/wp\/v2\/product\/3645\/revisions"}],"wp:featuredmedia":[{"embeddable":true,"href":"https:\/\/perdormire-dz.com\/fr_fr\/wp-json\/wp\/v2\/media\/3648"}],"wp:attachment":[{"href":"https:\/\/perdormire-dz.com\/fr_fr\/wp-json\/wp\/v2\/media?parent=3645"}],"wp:term":[{"taxonomy":"product_brand","embeddable":true,"href":"https:\/\/perdormire-dz.com\/fr_fr\/wp-json\/wp\/v2\/product_brand?post=3645"},{"taxonomy":"product_cat","embeddable":true,"href":"https:\/\/perdormire-dz.com\/fr_fr\/wp-json\/wp\/v2\/product_cat?post=3645"},{"taxonomy":"product_tag","embeddable":true,"href":"https:\/\/perdormire-dz.com\/fr_fr\/wp-json\/wp\/v2\/product_tag?post=3645"}],"curies":[{"name":"wp","href":"https:\/\/api.w.org\/{rel}","templated":true}]}}