{"id":3639,"date":"2021-05-01T14:43:19","date_gmt":"2021-05-01T14:43:19","guid":{"rendered":"https:\/\/perdormire-dz.com\/?post_type=product&#038;p=3639"},"modified":"2026-02-23T21:49:48","modified_gmt":"2026-02-23T21:49:48","slug":"matelas-d-home-surmatelas","status":"publish","type":"product","link":"https:\/\/perdormire-dz.com\/fr_fr\/produit\/matelas-d-home-surmatelas\/","title":{"rendered":"Matelas D-HOME + Sur matelas"},"content":{"rendered":"<div class=\"container content-py sp-header-features\">\n<div class=\"row\">\n<div class=\"col-xs-12\">\n<div>\n<div><\/div>\n<div><\/div>\n<div class=\"prod-descr-intro\"><span style=\"color: #000080;\"><strong>Matelas \u00e0 ressorts<\/strong> fabriqu\u00e9 en <strong>Italie<\/strong> avec rev\u00eatement en tissu 100 % fibres aux propri\u00e9t\u00e9s anallergigiques avec motif \u00ab\u00a0LUREX\u00a0\u00bb , d\u00e9houssable sur 4 c\u00f4t\u00e9s et lavable.Gr\u00e2ce \u00e0 la pr\u00e9sence des ressorts ensach\u00e9s \u00e0 portance diff\u00e9renci\u00e9e, le produit r\u00e9pond \u00e0 tous les besoins de confort. Sur matelas en Mousse Extra pour un effet enveloppant particulier gr\u00e2ce \u00e0 son extraordinaire douceur. Le <strong>matelas D-Home avec Topper<\/strong> est disponible dans les types : double, simple ,et simple et demi.<\/span><\/div>\n<\/div>\n<\/div>\n<\/div>\n<\/div>\n<div id=\"section-rigidity\">\n<div>\n<div class=\"container\">\n<div class=\"row equal-height-cols\">\n<div class=\"col-xs-12 col-md-6\"><\/div>\n<\/div>\n<\/div>\n<\/div>\n<\/div>\n","protected":false},"excerpt":{"rendered":"<p><span style=\"color: #000080;\">\u00c9paisseur du matelas: environ 26 cm<\/span><\/p>\n<p><span style=\"color: #000080;\">\u00c9paisseur de couche: environ 20 cm<\/span><\/p>\n<p>&nbsp;<\/p>\n","protected":false},"featured_media":7218,"template":"","meta":{"_acf_changed":false,"_exactmetrics_skip_tracking":false,"_exactmetrics_sitenote_active":false,"_exactmetrics_sitenote_note":"","_exactmetrics_sitenote_category":0},"product_brand":[],"product_cat":[91,232,231,87,230,227,94],"product_tag":[99,214,125],"class_list":{"0":"post-3639","1":"product","2":"type-product","3":"status-publish","4":"has-post-thumbnail","6":"product_cat-enveloppant","7":"product_cat-ergonomique","8":"product_cat-hygienique","9":"product_cat-matelas","10":"product_cat-matelas-a-memoire-de-forme","11":"product_cat-matelas-a-ressorts","12":"product_cat-promo","13":"product_tag-matelas","14":"product_tag-matelas-d-home-surmatelas","15":"product_tag-matelas-orthopedique-1","17":"first","18":"instock","19":"sale","20":"shipping-taxable","21":"purchasable","22":"product-type-variable","23":"has-default-attributes"},"acf":[],"yoast_head":"<!-- This site is optimized with the Yoast SEO plugin v27.5 - https:\/\/yoast.com\/product\/yoast-seo-wordpress\/ -->\n<title>Matelas D-HOME + Sur matelas - Perdormire Alg\u00e9rie | Livraison \u00e0 domicile<\/title>\n<meta name=\"description\" content=\"Matelas D-HOME + Surmatelas: Tissu du matelas D-HOME + Surmatelas:Face a - face b: tissu compos\u00e9 \u00e0 100% de fibres anallergiques\" \/>\n<meta name=\"robots\" content=\"index, follow, max-snippet:-1, max-image-preview:large, max-video-preview:-1\" \/>\n<link rel=\"canonical\" href=\"https:\/\/perdormire-dz.com\/fr_fr\/produit\/matelas-d-home-surmatelas\/\" \/>\n<meta property=\"og:locale\" content=\"fr_FR\" \/>\n<meta property=\"og:type\" content=\"article\" \/>\n<meta property=\"og:title\" content=\"Matelas D-HOME + Sur matelas - Perdormire Alg\u00e9rie | Livraison \u00e0 domicile\" \/>\n<meta property=\"og:description\" content=\"Matelas D-HOME + Surmatelas: Tissu du matelas D-HOME + Surmatelas:Face a - face b: tissu compos\u00e9 \u00e0 100% de fibres anallergiques\" \/>\n<meta property=\"og:url\" content=\"https:\/\/perdormire-dz.com\/fr_fr\/produit\/matelas-d-home-surmatelas\/\" \/>\n<meta property=\"og:site_name\" content=\"Perdormire Alg\u00e9rie\" \/>\n<meta property=\"article:publisher\" content=\"https:\/\/web.facebook.com\/PerdormireDz\/\" \/>\n<meta property=\"article:modified_time\" content=\"2026-02-23T21:49:48+00:00\" \/>\n<meta property=\"og:image\" content=\"https:\/\/i0.wp.com\/perdormire-dz.com\/wp-content\/uploads\/2021\/05\/D-Home.webp?fit=600%2C400&ssl=1\" \/>\n\t<meta property=\"og:image:width\" content=\"600\" \/>\n\t<meta property=\"og:image:height\" content=\"400\" \/>\n\t<meta property=\"og:image:type\" content=\"image\/webp\" \/>\n<meta name=\"twitter:card\" content=\"summary_large_image\" \/>\n<meta name=\"twitter:label1\" content=\"Dur\u00e9e de lecture estim\u00e9e\" \/>\n\t<meta name=\"twitter:data1\" content=\"1 minute\" \/>\n<script type=\"application\/ld+json\" class=\"yoast-schema-graph\">{\"@context\":\"https:\\\/\\\/schema.org\",\"@graph\":[{\"@type\":\"WebPage\",\"@id\":\"https:\\\/\\\/perdormire-dz.com\\\/produit\\\/matelas-d-home-surmatelas\\\/\",\"url\":\"https:\\\/\\\/perdormire-dz.com\\\/produit\\\/matelas-d-home-surmatelas\\\/\",\"name\":\"Matelas D-HOME + Sur matelas - Perdormire Alg\u00e9rie | Livraison \u00e0 domicile\",\"isPartOf\":{\"@id\":\"https:\\\/\\\/perdormire-dz.com\\\/#website\"},\"primaryImageOfPage\":{\"@id\":\"https:\\\/\\\/perdormire-dz.com\\\/produit\\\/matelas-d-home-surmatelas\\\/#primaryimage\"},\"image\":{\"@id\":\"https:\\\/\\\/perdormire-dz.com\\\/produit\\\/matelas-d-home-surmatelas\\\/#primaryimage\"},\"thumbnailUrl\":\"https:\\\/\\\/i0.wp.com\\\/perdormire-dz.com\\\/wp-content\\\/uploads\\\/2021\\\/05\\\/D-Home.webp?fit=600%2C400&ssl=1\",\"datePublished\":\"2021-05-01T14:43:19+00:00\",\"dateModified\":\"2026-02-23T21:49:48+00:00\",\"description\":\"Matelas D-HOME + Surmatelas: Tissu du matelas D-HOME + Surmatelas:Face a - face b: tissu compos\u00e9 \u00e0 100% de fibres anallergiques\",\"breadcrumb\":{\"@id\":\"https:\\\/\\\/perdormire-dz.com\\\/produit\\\/matelas-d-home-surmatelas\\\/#breadcrumb\"},\"inLanguage\":\"fr-FR\",\"potentialAction\":[{\"@type\":\"ReadAction\",\"target\":[\"https:\\\/\\\/perdormire-dz.com\\\/produit\\\/matelas-d-home-surmatelas\\\/\"]}]},{\"@type\":\"ImageObject\",\"inLanguage\":\"fr-FR\",\"@id\":\"https:\\\/\\\/perdormire-dz.com\\\/produit\\\/matelas-d-home-surmatelas\\\/#primaryimage\",\"url\":\"https:\\\/\\\/i0.wp.com\\\/perdormire-dz.com\\\/wp-content\\\/uploads\\\/2021\\\/05\\\/D-Home.webp?fit=600%2C400&ssl=1\",\"contentUrl\":\"https:\\\/\\\/i0.wp.com\\\/perdormire-dz.com\\\/wp-content\\\/uploads\\\/2021\\\/05\\\/D-Home.webp?fit=600%2C400&ssl=1\",\"width\":600,\"height\":400,\"caption\":\"Matelas orthop\u00e9dique Alg\u00e9rie-D Home\"},{\"@type\":\"BreadcrumbList\",\"@id\":\"https:\\\/\\\/perdormire-dz.com\\\/produit\\\/matelas-d-home-surmatelas\\\/#breadcrumb\",\"itemListElement\":[{\"@type\":\"ListItem\",\"position\":1,\"name\":\"Accueil\",\"item\":\"https:\\\/\\\/perdormire-dz.com\\\/ar\\\/\"},{\"@type\":\"ListItem\",\"position\":2,\"name\":\"Boutique\",\"item\":\"https:\\\/\\\/perdormire-dz.com\\\/fr_fr\\\/boutique\\\/\"},{\"@type\":\"ListItem\",\"position\":3,\"name\":\"Matelas D-HOME + Sur matelas\"}]},{\"@type\":\"WebSite\",\"@id\":\"https:\\\/\\\/perdormire-dz.com\\\/#website\",\"url\":\"https:\\\/\\\/perdormire-dz.com\\\/\",\"name\":\"Perdormire Alg\u00e9rie\",\"description\":\"Design For Wellness\",\"publisher\":{\"@id\":\"https:\\\/\\\/perdormire-dz.com\\\/#organization\"},\"potentialAction\":[{\"@type\":\"SearchAction\",\"target\":{\"@type\":\"EntryPoint\",\"urlTemplate\":\"https:\\\/\\\/perdormire-dz.com\\\/?s={search_term_string}\"},\"query-input\":{\"@type\":\"PropertyValueSpecification\",\"valueRequired\":true,\"valueName\":\"search_term_string\"}}],\"inLanguage\":\"fr-FR\"},{\"@type\":\"Organization\",\"@id\":\"https:\\\/\\\/perdormire-dz.com\\\/#organization\",\"name\":\"Perdormire Alg\u00e9rie\",\"url\":\"https:\\\/\\\/perdormire-dz.com\\\/\",\"logo\":{\"@type\":\"ImageObject\",\"inLanguage\":\"fr-FR\",\"@id\":\"https:\\\/\\\/perdormire-dz.com\\\/#\\\/schema\\\/logo\\\/image\\\/\",\"url\":\"\",\"contentUrl\":\"\",\"caption\":\"Perdormire Alg\u00e9rie\"},\"image\":{\"@id\":\"https:\\\/\\\/perdormire-dz.com\\\/#\\\/schema\\\/logo\\\/image\\\/\"},\"sameAs\":[\"https:\\\/\\\/web.facebook.com\\\/PerdormireDz\\\/\",\"https:\\\/\\\/www.instagram.com\\\/perdormire_algerie\\\/\"]}]}<\/script>\n<!-- \/ Yoast SEO plugin. -->","yoast_head_json":{"title":"Matelas D-HOME + Sur matelas - Perdormire Alg\u00e9rie | Livraison \u00e0 domicile","description":"Matelas D-HOME + Surmatelas: Tissu du matelas D-HOME + Surmatelas:Face a - face b: tissu compos\u00e9 \u00e0 100% de fibres anallergiques","robots":{"index":"index","follow":"follow","max-snippet":"max-snippet:-1","max-image-preview":"max-image-preview:large","max-video-preview":"max-video-preview:-1"},"canonical":"https:\/\/perdormire-dz.com\/fr_fr\/produit\/matelas-d-home-surmatelas\/","og_locale":"fr_FR","og_type":"article","og_title":"Matelas D-HOME + Sur matelas - Perdormire Alg\u00e9rie | Livraison \u00e0 domicile","og_description":"Matelas D-HOME + Surmatelas: Tissu du matelas D-HOME + Surmatelas:Face a - face b: tissu compos\u00e9 \u00e0 100% de fibres anallergiques","og_url":"https:\/\/perdormire-dz.com\/fr_fr\/produit\/matelas-d-home-surmatelas\/","og_site_name":"Perdormire Alg\u00e9rie","article_publisher":"https:\/\/web.facebook.com\/PerdormireDz\/","article_modified_time":"2026-02-23T21:49:48+00:00","og_image":[{"width":600,"height":400,"url":"https:\/\/i0.wp.com\/perdormire-dz.com\/wp-content\/uploads\/2021\/05\/D-Home.webp?fit=600%2C400&ssl=1","type":"image\/webp"}],"twitter_card":"summary_large_image","twitter_misc":{"Dur\u00e9e de lecture estim\u00e9e":"1 minute"},"schema":{"@context":"https:\/\/schema.org","@graph":[{"@type":"WebPage","@id":"https:\/\/perdormire-dz.com\/produit\/matelas-d-home-surmatelas\/","url":"https:\/\/perdormire-dz.com\/produit\/matelas-d-home-surmatelas\/","name":"Matelas D-HOME + Sur matelas - Perdormire Alg\u00e9rie | Livraison \u00e0 domicile","isPartOf":{"@id":"https:\/\/perdormire-dz.com\/#website"},"primaryImageOfPage":{"@id":"https:\/\/perdormire-dz.com\/produit\/matelas-d-home-surmatelas\/#primaryimage"},"image":{"@id":"https:\/\/perdormire-dz.com\/produit\/matelas-d-home-surmatelas\/#primaryimage"},"thumbnailUrl":"https:\/\/i0.wp.com\/perdormire-dz.com\/wp-content\/uploads\/2021\/05\/D-Home.webp?fit=600%2C400&ssl=1","datePublished":"2021-05-01T14:43:19+00:00","dateModified":"2026-02-23T21:49:48+00:00","description":"Matelas D-HOME + Surmatelas: Tissu du matelas D-HOME + Surmatelas:Face a - face b: tissu compos\u00e9 \u00e0 100% de fibres anallergiques","breadcrumb":{"@id":"https:\/\/perdormire-dz.com\/produit\/matelas-d-home-surmatelas\/#breadcrumb"},"inLanguage":"fr-FR","potentialAction":[{"@type":"ReadAction","target":["https:\/\/perdormire-dz.com\/produit\/matelas-d-home-surmatelas\/"]}]},{"@type":"ImageObject","inLanguage":"fr-FR","@id":"https:\/\/perdormire-dz.com\/produit\/matelas-d-home-surmatelas\/#primaryimage","url":"https:\/\/i0.wp.com\/perdormire-dz.com\/wp-content\/uploads\/2021\/05\/D-Home.webp?fit=600%2C400&ssl=1","contentUrl":"https:\/\/i0.wp.com\/perdormire-dz.com\/wp-content\/uploads\/2021\/05\/D-Home.webp?fit=600%2C400&ssl=1","width":600,"height":400,"caption":"Matelas orthop\u00e9dique Alg\u00e9rie-D Home"},{"@type":"BreadcrumbList","@id":"https:\/\/perdormire-dz.com\/produit\/matelas-d-home-surmatelas\/#breadcrumb","itemListElement":[{"@type":"ListItem","position":1,"name":"Accueil","item":"https:\/\/perdormire-dz.com\/ar\/"},{"@type":"ListItem","position":2,"name":"Boutique","item":"https:\/\/perdormire-dz.com\/fr_fr\/boutique\/"},{"@type":"ListItem","position":3,"name":"Matelas D-HOME + Sur matelas"}]},{"@type":"WebSite","@id":"https:\/\/perdormire-dz.com\/#website","url":"https:\/\/perdormire-dz.com\/","name":"Perdormire Alg\u00e9rie","description":"Design For Wellness","publisher":{"@id":"https:\/\/perdormire-dz.com\/#organization"},"potentialAction":[{"@type":"SearchAction","target":{"@type":"EntryPoint","urlTemplate":"https:\/\/perdormire-dz.com\/?s={search_term_string}"},"query-input":{"@type":"PropertyValueSpecification","valueRequired":true,"valueName":"search_term_string"}}],"inLanguage":"fr-FR"},{"@type":"Organization","@id":"https:\/\/perdormire-dz.com\/#organization","name":"Perdormire Alg\u00e9rie","url":"https:\/\/perdormire-dz.com\/","logo":{"@type":"ImageObject","inLanguage":"fr-FR","@id":"https:\/\/perdormire-dz.com\/#\/schema\/logo\/image\/","url":"","contentUrl":"","caption":"Perdormire Alg\u00e9rie"},"image":{"@id":"https:\/\/perdormire-dz.com\/#\/schema\/logo\/image\/"},"sameAs":["https:\/\/web.facebook.com\/PerdormireDz\/","https:\/\/www.instagram.com\/perdormire_algerie\/"]}]}},"jetpack_sharing_enabled":true,"_links":{"self":[{"href":"https:\/\/perdormire-dz.com\/fr_fr\/wp-json\/wp\/v2\/product\/3639","targetHints":{"allow":["GET"]}}],"collection":[{"href":"https:\/\/perdormire-dz.com\/fr_fr\/wp-json\/wp\/v2\/product"}],"about":[{"href":"https:\/\/perdormire-dz.com\/fr_fr\/wp-json\/wp\/v2\/types\/product"}],"version-history":[{"count":2,"href":"https:\/\/perdormire-dz.com\/fr_fr\/wp-json\/wp\/v2\/product\/3639\/revisions"}],"predecessor-version":[{"id":10497,"href":"https:\/\/perdormire-dz.com\/fr_fr\/wp-json\/wp\/v2\/product\/3639\/revisions\/10497"}],"wp:featuredmedia":[{"embeddable":true,"href":"https:\/\/perdormire-dz.com\/fr_fr\/wp-json\/wp\/v2\/media\/7218"}],"wp:attachment":[{"href":"https:\/\/perdormire-dz.com\/fr_fr\/wp-json\/wp\/v2\/media?parent=3639"}],"wp:term":[{"taxonomy":"product_brand","embeddable":true,"href":"https:\/\/perdormire-dz.com\/fr_fr\/wp-json\/wp\/v2\/product_brand?post=3639"},{"taxonomy":"product_cat","embeddable":true,"href":"https:\/\/perdormire-dz.com\/fr_fr\/wp-json\/wp\/v2\/product_cat?post=3639"},{"taxonomy":"product_tag","embeddable":true,"href":"https:\/\/perdormire-dz.com\/fr_fr\/wp-json\/wp\/v2\/product_tag?post=3639"}],"curies":[{"name":"wp","href":"https:\/\/api.w.org\/{rel}","templated":true}]}}