{"id":3627,"date":"2021-05-01T12:55:38","date_gmt":"2021-05-01T12:55:38","guid":{"rendered":"https:\/\/perdormire-dz.com\/?post_type=product&#038;p=3627"},"modified":"2025-05-21T11:27:41","modified_gmt":"2025-05-21T11:27:41","slug":"matelas-lovely-latex-4-5","status":"publish","type":"product","link":"https:\/\/perdormire-dz.com\/fr_fr\/produit\/matelas-lovely-latex-4-5\/","title":{"rendered":"Matelas LOVELY LATEX 4.5"},"content":{"rendered":"<h2><span style=\"color: #003366; font-size: 110%;\">Matelas LOVELY LATEX 4.5<\/span><\/h2>\n<p><span style=\"color: #003366;\">Le matelas Lovely Latex est<a href=\"https:\/\/perdormire-dz.com\/matelas-orthopediques-algerie\/\" target=\"_blank\" rel=\"noopener\">\u00a0fabriqu\u00e9 en Italie<\/a> avec une couche de mousse de latex 100% structur\u00e9e avec 7 zones de soutien diff\u00e9renci\u00e9es. Rembourrage en mousse extra douce et fibres aux propri\u00e9t\u00e9s hypoallerg\u00e9niques. Bande lat\u00e9rale en Air Space avec a\u00e9rateur pour favoriser la dissipation de l&rsquo;humidit\u00e9. Housse amovible sur 4 c\u00f4t\u00e9s et lavable. Le <strong>matelas a plusieurs z\u00f4nes de confort<\/strong>.Il est disponible dans les types : double, simple<\/span><\/p>\n<p><span style=\"color: #003366;\">Le <strong>matelas<\/strong> Lovely Latex 4.5 est le produit d&rsquo;un haut savoir-faire artisanal. Les principales caract\u00e9ristiques qui le rendent unique sont : fibre <a href=\"https:\/\/www.wikimeubles.fr\/revetements\/definition-tissu-hypoallergenique\/\" target=\"_blank\" rel=\"noopener\">hypoallerg\u00e9nique<\/a> ; son design, la mati\u00e8re respirante et \u00e9lastique choisie pour le surmatelas ,et le rembourrage en fibres de lin.<\/span><\/p>\n<p><span style=\"color: #003366;\">Ce <strong>matelas<\/strong> est hypoallerg\u00e9nique avec doublure amovible. Il s&rsquo;av\u00e8re \u00eatre le choix parfait pour limiter et soulager les probl\u00e8mes posturaux et les pathologies de d\u00e9cubitus. Sa forme unique rend ce matelas id\u00e9al pour ceux qui souffrent de lombalgie, assurant une plus grande relaxation de la colonne vert\u00e9brale. En particulier, il est tr\u00e8s appr\u00e9ci\u00e9 des dormeurs lat\u00e9raux et est class\u00e9 comme Dispositif M\u00e9dical de 1\u00e8re Classe.<\/span><\/p>\n","protected":false},"excerpt":{"rendered":"<p><span style=\"color: #003366;\">Matelas en latex aux propri\u00e9t\u00e9s hygi\u00e9niques. Le matelas Lovely Latex 4.5 est disponible dans les types : double et simple.\u00a0<\/span><\/p>\n<p><span style=\"color: #003366;\">Hauteur du <strong>matelas<\/strong>: environ 26 cm<\/span><\/p>\n<p>&nbsp;<\/p>\n<p>&nbsp;<\/p>\n","protected":false},"featured_media":7219,"template":"","meta":{"_acf_changed":false,"_exactmetrics_skip_tracking":false,"_exactmetrics_sitenote_active":false,"_exactmetrics_sitenote_note":"","_exactmetrics_sitenote_category":0},"product_brand":[],"product_cat":[232,231,87,230,228,94,90],"product_tag":[99,215,125],"class_list":{"0":"post-3627","1":"product","2":"type-product","3":"status-publish","4":"has-post-thumbnail","6":"product_cat-ergonomique","7":"product_cat-hygienique","8":"product_cat-matelas","9":"product_cat-matelas-a-memoire-de-forme","10":"product_cat-matelas-latex","11":"product_cat-promo","12":"product_cat-souple","13":"product_tag-matelas","14":"product_tag-matelas-lovely-latex","15":"product_tag-matelas-orthopedique-1","17":"first","18":"instock","19":"sale","20":"shipping-taxable","21":"purchasable","22":"product-type-variable"},"acf":[],"yoast_head":"<!-- This site is optimized with the Yoast SEO plugin v27.5 - https:\/\/yoast.com\/product\/yoast-seo-wordpress\/ -->\n<title>Matelas Lovely Latex - Perdormire Alg\u00e9rie | Livraison \u00e0 domicile<\/title>\n<meta name=\"description\" content=\"Matelas Lovely Latex 4.5: 100% fibre hypoallerg\u00e9nique avec design \u00ablurex\u00bb avec bordure de matelas.Le tissu gris 100% fibre hypoallerg\u00e9nique\" \/>\n<meta name=\"robots\" content=\"index, follow, max-snippet:-1, max-image-preview:large, max-video-preview:-1\" \/>\n<link rel=\"canonical\" href=\"https:\/\/perdormire-dz.com\/fr_fr\/produit\/matelas-lovely-latex-4-5\/\" \/>\n<meta property=\"og:locale\" content=\"fr_FR\" \/>\n<meta property=\"og:type\" content=\"article\" \/>\n<meta property=\"og:title\" content=\"Matelas Lovely Latex - Perdormire Alg\u00e9rie | Livraison \u00e0 domicile\" \/>\n<meta property=\"og:description\" content=\"Matelas Lovely Latex 4.5: 100% fibre hypoallerg\u00e9nique avec design \u00ablurex\u00bb avec bordure de matelas.Le tissu gris 100% fibre hypoallerg\u00e9nique\" \/>\n<meta property=\"og:url\" content=\"https:\/\/perdormire-dz.com\/fr_fr\/produit\/matelas-lovely-latex-4-5\/\" \/>\n<meta property=\"og:site_name\" content=\"Perdormire Alg\u00e9rie\" \/>\n<meta property=\"article:publisher\" content=\"https:\/\/web.facebook.com\/PerdormireDz\/\" \/>\n<meta property=\"article:modified_time\" content=\"2025-05-21T11:27:41+00:00\" \/>\n<meta property=\"og:image\" content=\"https:\/\/i0.wp.com\/perdormire-dz.com\/wp-content\/uploads\/2021\/05\/Lovely-Latex.webp?fit=600%2C400&ssl=1\" \/>\n\t<meta property=\"og:image:width\" content=\"600\" \/>\n\t<meta property=\"og:image:height\" content=\"400\" \/>\n\t<meta property=\"og:image:type\" content=\"image\/webp\" \/>\n<meta name=\"twitter:card\" content=\"summary_large_image\" \/>\n<meta name=\"twitter:label1\" content=\"Dur\u00e9e de lecture estim\u00e9e\" \/>\n\t<meta name=\"twitter:data1\" content=\"1 minute\" \/>\n<script type=\"application\/ld+json\" class=\"yoast-schema-graph\">{\"@context\":\"https:\\\/\\\/schema.org\",\"@graph\":[{\"@type\":\"WebPage\",\"@id\":\"https:\\\/\\\/perdormire-dz.com\\\/fr_fr\\\/produit\\\/matelas-lovely-latex-4-5\\\/\",\"url\":\"https:\\\/\\\/perdormire-dz.com\\\/fr_fr\\\/produit\\\/matelas-lovely-latex-4-5\\\/\",\"name\":\"Matelas Lovely Latex - Perdormire Alg\u00e9rie | Livraison \u00e0 domicile\",\"isPartOf\":{\"@id\":\"https:\\\/\\\/perdormire-dz.com\\\/#website\"},\"primaryImageOfPage\":{\"@id\":\"https:\\\/\\\/perdormire-dz.com\\\/fr_fr\\\/produit\\\/matelas-lovely-latex-4-5\\\/#primaryimage\"},\"image\":{\"@id\":\"https:\\\/\\\/perdormire-dz.com\\\/fr_fr\\\/produit\\\/matelas-lovely-latex-4-5\\\/#primaryimage\"},\"thumbnailUrl\":\"https:\\\/\\\/i0.wp.com\\\/perdormire-dz.com\\\/wp-content\\\/uploads\\\/2021\\\/05\\\/Lovely-Latex.webp?fit=600%2C400&ssl=1\",\"datePublished\":\"2021-05-01T12:55:38+00:00\",\"dateModified\":\"2025-05-21T11:27:41+00:00\",\"description\":\"Matelas Lovely Latex 4.5: 100% fibre hypoallerg\u00e9nique avec design \u00ablurex\u00bb avec bordure de matelas.Le tissu gris 100% fibre hypoallerg\u00e9nique\",\"breadcrumb\":{\"@id\":\"https:\\\/\\\/perdormire-dz.com\\\/fr_fr\\\/produit\\\/matelas-lovely-latex-4-5\\\/#breadcrumb\"},\"inLanguage\":\"fr-FR\",\"potentialAction\":[{\"@type\":\"ReadAction\",\"target\":[\"https:\\\/\\\/perdormire-dz.com\\\/fr_fr\\\/produit\\\/matelas-lovely-latex-4-5\\\/\"]}]},{\"@type\":\"ImageObject\",\"inLanguage\":\"fr-FR\",\"@id\":\"https:\\\/\\\/perdormire-dz.com\\\/fr_fr\\\/produit\\\/matelas-lovely-latex-4-5\\\/#primaryimage\",\"url\":\"https:\\\/\\\/i0.wp.com\\\/perdormire-dz.com\\\/wp-content\\\/uploads\\\/2021\\\/05\\\/Lovely-Latex.webp?fit=600%2C400&ssl=1\",\"contentUrl\":\"https:\\\/\\\/i0.wp.com\\\/perdormire-dz.com\\\/wp-content\\\/uploads\\\/2021\\\/05\\\/Lovely-Latex.webp?fit=600%2C400&ssl=1\",\"width\":600,\"height\":400,\"caption\":\"Matelas orthop\u00e9dique Alg\u00e9rie-Lovely Latex\"},{\"@type\":\"BreadcrumbList\",\"@id\":\"https:\\\/\\\/perdormire-dz.com\\\/fr_fr\\\/produit\\\/matelas-lovely-latex-4-5\\\/#breadcrumb\",\"itemListElement\":[{\"@type\":\"ListItem\",\"position\":1,\"name\":\"Accueil\",\"item\":\"https:\\\/\\\/perdormire-dz.com\\\/ar\\\/\"},{\"@type\":\"ListItem\",\"position\":2,\"name\":\"Boutique\",\"item\":\"https:\\\/\\\/perdormire-dz.com\\\/fr_fr\\\/boutique\\\/\"},{\"@type\":\"ListItem\",\"position\":3,\"name\":\"Matelas LOVELY LATEX 4.5\"}]},{\"@type\":\"WebSite\",\"@id\":\"https:\\\/\\\/perdormire-dz.com\\\/#website\",\"url\":\"https:\\\/\\\/perdormire-dz.com\\\/\",\"name\":\"Perdormire Alg\u00e9rie\",\"description\":\"Design For Wellness\",\"publisher\":{\"@id\":\"https:\\\/\\\/perdormire-dz.com\\\/#organization\"},\"potentialAction\":[{\"@type\":\"SearchAction\",\"target\":{\"@type\":\"EntryPoint\",\"urlTemplate\":\"https:\\\/\\\/perdormire-dz.com\\\/?s={search_term_string}\"},\"query-input\":{\"@type\":\"PropertyValueSpecification\",\"valueRequired\":true,\"valueName\":\"search_term_string\"}}],\"inLanguage\":\"fr-FR\"},{\"@type\":\"Organization\",\"@id\":\"https:\\\/\\\/perdormire-dz.com\\\/#organization\",\"name\":\"Perdormire Alg\u00e9rie\",\"url\":\"https:\\\/\\\/perdormire-dz.com\\\/\",\"logo\":{\"@type\":\"ImageObject\",\"inLanguage\":\"fr-FR\",\"@id\":\"https:\\\/\\\/perdormire-dz.com\\\/#\\\/schema\\\/logo\\\/image\\\/\",\"url\":\"\",\"contentUrl\":\"\",\"caption\":\"Perdormire Alg\u00e9rie\"},\"image\":{\"@id\":\"https:\\\/\\\/perdormire-dz.com\\\/#\\\/schema\\\/logo\\\/image\\\/\"},\"sameAs\":[\"https:\\\/\\\/web.facebook.com\\\/PerdormireDz\\\/\",\"https:\\\/\\\/www.instagram.com\\\/perdormire_algerie\\\/\"]}]}<\/script>\n<!-- \/ Yoast SEO plugin. -->","yoast_head_json":{"title":"Matelas Lovely Latex - Perdormire Alg\u00e9rie | Livraison \u00e0 domicile","description":"Matelas Lovely Latex 4.5: 100% fibre hypoallerg\u00e9nique avec design \u00ablurex\u00bb avec bordure de matelas.Le tissu gris 100% fibre hypoallerg\u00e9nique","robots":{"index":"index","follow":"follow","max-snippet":"max-snippet:-1","max-image-preview":"max-image-preview:large","max-video-preview":"max-video-preview:-1"},"canonical":"https:\/\/perdormire-dz.com\/fr_fr\/produit\/matelas-lovely-latex-4-5\/","og_locale":"fr_FR","og_type":"article","og_title":"Matelas Lovely Latex - Perdormire Alg\u00e9rie | Livraison \u00e0 domicile","og_description":"Matelas Lovely Latex 4.5: 100% fibre hypoallerg\u00e9nique avec design \u00ablurex\u00bb avec bordure de matelas.Le tissu gris 100% fibre hypoallerg\u00e9nique","og_url":"https:\/\/perdormire-dz.com\/fr_fr\/produit\/matelas-lovely-latex-4-5\/","og_site_name":"Perdormire Alg\u00e9rie","article_publisher":"https:\/\/web.facebook.com\/PerdormireDz\/","article_modified_time":"2025-05-21T11:27:41+00:00","og_image":[{"width":600,"height":400,"url":"https:\/\/i0.wp.com\/perdormire-dz.com\/wp-content\/uploads\/2021\/05\/Lovely-Latex.webp?fit=600%2C400&ssl=1","type":"image\/webp"}],"twitter_card":"summary_large_image","twitter_misc":{"Dur\u00e9e de lecture estim\u00e9e":"1 minute"},"schema":{"@context":"https:\/\/schema.org","@graph":[{"@type":"WebPage","@id":"https:\/\/perdormire-dz.com\/fr_fr\/produit\/matelas-lovely-latex-4-5\/","url":"https:\/\/perdormire-dz.com\/fr_fr\/produit\/matelas-lovely-latex-4-5\/","name":"Matelas Lovely Latex - Perdormire Alg\u00e9rie | Livraison \u00e0 domicile","isPartOf":{"@id":"https:\/\/perdormire-dz.com\/#website"},"primaryImageOfPage":{"@id":"https:\/\/perdormire-dz.com\/fr_fr\/produit\/matelas-lovely-latex-4-5\/#primaryimage"},"image":{"@id":"https:\/\/perdormire-dz.com\/fr_fr\/produit\/matelas-lovely-latex-4-5\/#primaryimage"},"thumbnailUrl":"https:\/\/i0.wp.com\/perdormire-dz.com\/wp-content\/uploads\/2021\/05\/Lovely-Latex.webp?fit=600%2C400&ssl=1","datePublished":"2021-05-01T12:55:38+00:00","dateModified":"2025-05-21T11:27:41+00:00","description":"Matelas Lovely Latex 4.5: 100% fibre hypoallerg\u00e9nique avec design \u00ablurex\u00bb avec bordure de matelas.Le tissu gris 100% fibre hypoallerg\u00e9nique","breadcrumb":{"@id":"https:\/\/perdormire-dz.com\/fr_fr\/produit\/matelas-lovely-latex-4-5\/#breadcrumb"},"inLanguage":"fr-FR","potentialAction":[{"@type":"ReadAction","target":["https:\/\/perdormire-dz.com\/fr_fr\/produit\/matelas-lovely-latex-4-5\/"]}]},{"@type":"ImageObject","inLanguage":"fr-FR","@id":"https:\/\/perdormire-dz.com\/fr_fr\/produit\/matelas-lovely-latex-4-5\/#primaryimage","url":"https:\/\/i0.wp.com\/perdormire-dz.com\/wp-content\/uploads\/2021\/05\/Lovely-Latex.webp?fit=600%2C400&ssl=1","contentUrl":"https:\/\/i0.wp.com\/perdormire-dz.com\/wp-content\/uploads\/2021\/05\/Lovely-Latex.webp?fit=600%2C400&ssl=1","width":600,"height":400,"caption":"Matelas orthop\u00e9dique Alg\u00e9rie-Lovely Latex"},{"@type":"BreadcrumbList","@id":"https:\/\/perdormire-dz.com\/fr_fr\/produit\/matelas-lovely-latex-4-5\/#breadcrumb","itemListElement":[{"@type":"ListItem","position":1,"name":"Accueil","item":"https:\/\/perdormire-dz.com\/ar\/"},{"@type":"ListItem","position":2,"name":"Boutique","item":"https:\/\/perdormire-dz.com\/fr_fr\/boutique\/"},{"@type":"ListItem","position":3,"name":"Matelas LOVELY LATEX 4.5"}]},{"@type":"WebSite","@id":"https:\/\/perdormire-dz.com\/#website","url":"https:\/\/perdormire-dz.com\/","name":"Perdormire Alg\u00e9rie","description":"Design For Wellness","publisher":{"@id":"https:\/\/perdormire-dz.com\/#organization"},"potentialAction":[{"@type":"SearchAction","target":{"@type":"EntryPoint","urlTemplate":"https:\/\/perdormire-dz.com\/?s={search_term_string}"},"query-input":{"@type":"PropertyValueSpecification","valueRequired":true,"valueName":"search_term_string"}}],"inLanguage":"fr-FR"},{"@type":"Organization","@id":"https:\/\/perdormire-dz.com\/#organization","name":"Perdormire Alg\u00e9rie","url":"https:\/\/perdormire-dz.com\/","logo":{"@type":"ImageObject","inLanguage":"fr-FR","@id":"https:\/\/perdormire-dz.com\/#\/schema\/logo\/image\/","url":"","contentUrl":"","caption":"Perdormire Alg\u00e9rie"},"image":{"@id":"https:\/\/perdormire-dz.com\/#\/schema\/logo\/image\/"},"sameAs":["https:\/\/web.facebook.com\/PerdormireDz\/","https:\/\/www.instagram.com\/perdormire_algerie\/"]}]}},"jetpack_sharing_enabled":true,"_links":{"self":[{"href":"https:\/\/perdormire-dz.com\/fr_fr\/wp-json\/wp\/v2\/product\/3627","targetHints":{"allow":["GET"]}}],"collection":[{"href":"https:\/\/perdormire-dz.com\/fr_fr\/wp-json\/wp\/v2\/product"}],"about":[{"href":"https:\/\/perdormire-dz.com\/fr_fr\/wp-json\/wp\/v2\/types\/product"}],"version-history":[{"count":2,"href":"https:\/\/perdormire-dz.com\/fr_fr\/wp-json\/wp\/v2\/product\/3627\/revisions"}],"predecessor-version":[{"id":10193,"href":"https:\/\/perdormire-dz.com\/fr_fr\/wp-json\/wp\/v2\/product\/3627\/revisions\/10193"}],"wp:featuredmedia":[{"embeddable":true,"href":"https:\/\/perdormire-dz.com\/fr_fr\/wp-json\/wp\/v2\/media\/7219"}],"wp:attachment":[{"href":"https:\/\/perdormire-dz.com\/fr_fr\/wp-json\/wp\/v2\/media?parent=3627"}],"wp:term":[{"taxonomy":"product_brand","embeddable":true,"href":"https:\/\/perdormire-dz.com\/fr_fr\/wp-json\/wp\/v2\/product_brand?post=3627"},{"taxonomy":"product_cat","embeddable":true,"href":"https:\/\/perdormire-dz.com\/fr_fr\/wp-json\/wp\/v2\/product_cat?post=3627"},{"taxonomy":"product_tag","embeddable":true,"href":"https:\/\/perdormire-dz.com\/fr_fr\/wp-json\/wp\/v2\/product_tag?post=3627"}],"curies":[{"name":"wp","href":"https:\/\/api.w.org\/{rel}","templated":true}]}}