{"id":7178,"date":"2022-05-18T11:02:15","date_gmt":"2022-05-18T11:02:15","guid":{"rendered":"https:\/\/perdormire-dz.com\/?page_id=7178"},"modified":"2022-05-18T11:06:05","modified_gmt":"2022-05-18T11:06:05","slug":"oreillers-plume","status":"publish","type":"page","link":"https:\/\/perdormire-dz.com\/fr_fr\/oreillers-orthopediques-algerie\/oreillers-plume\/","title":{"rendered":"Oreillers Plume"},"content":{"rendered":"\n\t<section class=\"section\" id=\"section_1265270702\">\n\t\t<div class=\"bg section-bg fill bg-fill  bg-loaded\" >\n\n\t\t\t\n\t\t\t\n\t\t\t\n\n\t\t<\/div>\n\n\t\t\n\n\t\t<div class=\"section-content relative\">\n\t\t\t\n\n<div class=\"row row-collapse row-full-width\"  id=\"row-1328752912\">\n\n\n\t<div id=\"col-1705174435\" class=\"col medium-6 small-12 large-6\"  >\n\t\t\t\t<div class=\"col-inner\"  >\n\t\t\t\n\t\t\t\n\n\t<div id=\"text-1239606813\" class=\"text\">\n\t\t\n\n<h1 class=\"category-title\"><span>Oreillers en duvet<\/span><\/h1>\n<div class=\"category-description-content\">\u00a0<\/div>\n\t\t\n<style>\n#text-1239606813 {\n  font-size: 2.35rem;\n  line-height: 2.15;\n  text-align: center;\n}\n<\/style>\n\t<\/div>\n\t\n\n\t\t<\/div>\n\t\t\t\t\n<style>\n#col-1705174435 > .col-inner {\n  padding: 42px 0px 0px 0px;\n}\n<\/style>\n\t<\/div>\n\n\t\n\n\t<div id=\"col-321977444\" class=\"col medium-6 small-12 large-6\"  >\n\t\t\t\t<div class=\"col-inner\"  >\n\t\t\t\n\t\t\t\n\n\t<div id=\"text-1951983320\" class=\"text\">\n\t\t\n\n<p><span>Coussins garnis de duvet d&rsquo;oie et de petites plumes d&rsquo;oie pour\u00a0<\/span><strong><span>une douceur in\u00e9gal\u00e9e<\/span><\/strong><span>\u00a0.\u00a0Des coussins sophistiqu\u00e9s pour ceux qui recherchent un maximum de l\u00e9g\u00e8ret\u00e9 et la sensation de dormir comme sur un doux nuage.<\/span><\/p>\n\t\t\n<style>\n#text-1951983320 {\n  text-align: left;\n}\n@media (min-width:550px) {\n  #text-1951983320 {\n    text-align: left;\n  }\n}\n<\/style>\n\t<\/div>\n\t\n\n\t\t<\/div>\n\t\t\t\t\n<style>\n#col-321977444 > .col-inner {\n  padding: 20px 0px 0px 13px;\n}\n@media (min-width:550px) {\n  #col-321977444 > .col-inner {\n    padding: 56px 0px 0px 0px;\n  }\n}\n<\/style>\n\t<\/div>\n\n\t\n\n<\/div>\n\n\t\t<\/div>\n\n\t\t\n<style>\n#section_1265270702 {\n  padding-top: 30px;\n  padding-bottom: 30px;\n  background-color: rgb(247, 251, 253);\n}\n#section_1265270702 .ux-shape-divider--top svg {\n  height: 150px;\n  --divider-top-width: 100%;\n}\n#section_1265270702 .ux-shape-divider--bottom svg {\n  height: 150px;\n  --divider-width: 100%;\n}\n<\/style>\n\t<\/section>\n\t\n\t<div id=\"gap-1904871471\" class=\"gap-element clearfix\" style=\"display:block; height:auto;\">\n\t\t\n<style>\n#gap-1904871471 {\n  padding-top: 35px;\n}\n<\/style>\n\t<\/div>\n\t\n\n\n  \n    <div class=\"row large-columns-4 medium-columns-3 small-columns-2 row-small slider row-slider slider-nav-reveal slider-nav-push\"  data-flickity-options='{\"imagesLoaded\": true, \"groupCells\": \"100%\", \"dragThreshold\" : 5, \"cellAlign\": \"left\",\"wrapAround\": true,\"prevNextButtons\": true,\"percentPosition\": true,\"pageDots\": false, \"rightToLeft\": false, \"autoPlay\" : false}'>\n\n  \t<\/div>\n\n\n  \n    <div id=\"product-grid-84927131\" class=\"row large-columns-3 medium-columns- small-columns-2 row-small row-masonry\" data-packery-options='{\"itemSelector\": \".col\", \"gutter\": 0, \"presentageWidth\" : true}'>\n\n  \t\n\t     <div class=\"product-small col has-hover out-of-stock product type-product post-3669 status-publish first outofstock product_cat-oreillers has-post-thumbnail shipping-taxable purchasable product-type-simple\">\n\t<div class=\"col-inner\">\n\t\n<div class=\"badge-container absolute left top z-1\">\n\n<\/div>\n\t<div class=\"product-small box \">\n\t\t<div class=\"box-image\">\n\t\t\t<div class=\"image-none\">\n\t\t\t\t<a href=\"https:\/\/perdormire-dz.com\/fr_fr\/produit\/oreiller-piuma-gold\/\" aria-label=\"Oreiller PIUMA GOLD\">\n\t\t\t\t\t<img loading=\"lazy\" decoding=\"async\" width=\"800\" height=\"533\" src=\"https:\/\/i0.wp.com\/perdormire-dz.com\/wp-content\/uploads\/2021\/05\/Piuma.jpg?resize=800%2C533&amp;ssl=1\" class=\"attachment-woocommerce_thumbnail size-woocommerce_thumbnail\" alt=\"Oreiller PIUMA GOLD Perdormire Alg\u00e9rie\" \/>\t\t\t\t<\/a>\n\t\t\t<\/div>\n\t\t\t<div class=\"image-tools is-small top right show-on-hover\">\n\t\t\t\t\t\t<div class=\"wishlist-icon\">\n\t\t\t<button class=\"wishlist-button button is-outline circle icon\" aria-label=\"Wishlist\">\n\t\t\t\t<i class=\"icon-heart-o\" ><\/i>\t\t\t<\/button>\n\t\t\t<div class=\"wishlist-popup dark\">\n\t\t\t\t\n<div\n\tclass=\"yith-wcwl-add-to-wishlist add-to-wishlist-3669 yith-wcwl-add-to-wishlist--link-style wishlist-fragment on-first-load\"\n\tdata-fragment-ref=\"3669\"\n\tdata-fragment-options=\"{&quot;base_url&quot;:&quot;&quot;,&quot;product_id&quot;:3669,&quot;parent_product_id&quot;:0,&quot;product_type&quot;:&quot;simple&quot;,&quot;is_single&quot;:false,&quot;in_default_wishlist&quot;:false,&quot;show_view&quot;:false,&quot;browse_wishlist_text&quot;:&quot;Parcourir la liste de souhaits&quot;,&quot;already_in_wishslist_text&quot;:&quot;Le produit est d\\u00e9j\\u00e0 dans votre liste de souhaits!&quot;,&quot;product_added_text&quot;:&quot;Produit ajout\\u00e9!&quot;,&quot;available_multi_wishlist&quot;:false,&quot;disable_wishlist&quot;:false,&quot;show_count&quot;:false,&quot;ajax_loading&quot;:false,&quot;loop_position&quot;:&quot;after_add_to_cart&quot;,&quot;item&quot;:&quot;add_to_wishlist&quot;}\"\n>\n\t\t\t\n\t\t\t<!-- ADD TO WISHLIST -->\n\t\t\t\n<div class=\"yith-wcwl-add-button\">\n\t\t<a\n\t\thref=\"?add_to_wishlist=3669&#038;_wpnonce=486fe7dd24\"\n\t\tclass=\"add_to_wishlist single_add_to_wishlist\"\n\t\tdata-product-id=\"3669\"\n\t\tdata-product-type=\"simple\"\n\t\tdata-original-product-id=\"0\"\n\t\tdata-title=\"Ajouter \u00e0 la liste de souhaits\"\n\t\trel=\"nofollow\"\n\t>\n\t\t<svg id=\"yith-wcwl-icon-heart-outline\" class=\"yith-wcwl-icon-svg\" fill=\"none\" stroke-width=\"1.5\" stroke=\"currentColor\" viewBox=\"0 0 24 24\" xmlns=\"http:\/\/www.w3.org\/2000\/svg\">\n  <path stroke-linecap=\"round\" stroke-linejoin=\"round\" d=\"M21 8.25c0-2.485-2.099-4.5-4.688-4.5-1.935 0-3.597 1.126-4.312 2.733-.715-1.607-2.377-2.733-4.313-2.733C5.1 3.75 3 5.765 3 8.25c0 7.22 9 12 9 12s9-4.78 9-12Z\"><\/path>\n<\/svg>\t\t<span>Ajouter \u00e0 la liste de souhaits<\/span>\n\t<\/a>\n<\/div>\n\n\t\t\t<!-- COUNT TEXT -->\n\t\t\t\n\t\t\t<\/div>\n\t\t\t<\/div>\n\t\t<\/div>\n\t\t\t\t\t<\/div>\n\t\t\t<div class=\"image-tools is-small hide-for-small bottom left show-on-hover\">\n\t\t\t\t\t\t\t<\/div>\n\t\t\t<div class=\"image-tools grid-tools text-center hide-for-small bottom hover-slide-in show-on-hover\">\n\t\t\t\t  <a class=\"quick-view\" data-prod=\"3669\" href=\"#quick-view\">Aper\u00e7u<\/a>\t\t\t<\/div>\n\t\t\t<div class=\"out-of-stock-label\">Rupture de stock<\/div>\t\t<\/div>\n\n\t\t<div class=\"box-text box-text-products text-center grid-style-2\">\n\t\t\t<div class=\"title-wrapper\"><p class=\"name product-title woocommerce-loop-product__title\"><a href=\"https:\/\/perdormire-dz.com\/fr_fr\/produit\/oreiller-piuma-gold\/\" class=\"woocommerce-LoopProduct-link woocommerce-loop-product__link\">Oreiller PIUMA GOLD<\/a><\/p><\/div><div class=\"price-wrapper\">\n\t<span class=\"price\"><span class=\"woocommerce-Price-amount amount\"><bdi>16,000.00&nbsp;<span class=\"woocommerce-Price-currencySymbol\">&#x62f;.&#x62c;<\/span><\/bdi><\/span><\/span>\n<\/div>\t\t<\/div>\n\t<\/div>\n\t\t<\/div>\n<\/div><\/div>\n\n\t<div id=\"gap-1530117348\" class=\"gap-element clearfix\" style=\"display:block; height:auto;\">\n\t\t\n<style>\n#gap-1530117348 {\n  padding-top: 40px;\n}\n<\/style>\n\t<\/div>\n\t\n\n\t<div id=\"gap-406117911\" class=\"gap-element clearfix\" style=\"display:block; height:auto;\">\n\t\t\n<style>\n#gap-406117911 {\n  padding-top: 40px;\n}\n<\/style>\n\t<\/div>\n\t\n\n\n","protected":false},"excerpt":{"rendered":"","protected":false},"author":1,"featured_media":0,"parent":3580,"menu_order":2,"comment_status":"closed","ping_status":"closed","template":"page-blank.php","meta":{"_acf_changed":false,"_exactmetrics_skip_tracking":false,"_exactmetrics_sitenote_active":false,"_exactmetrics_sitenote_note":"","_exactmetrics_sitenote_category":0,"footnotes":""},"class_list":["post-7178","page","type-page","status-publish","hentry"],"acf":[],"yoast_head":"<!-- This site is optimized with the Yoast SEO plugin v27.5 - https:\/\/yoast.com\/product\/yoast-seo-wordpress\/ -->\n<title>Oreillers Plume - Perdormire Alg\u00e9rie<\/title>\n<meta name=\"robots\" content=\"index, follow, max-snippet:-1, max-image-preview:large, max-video-preview:-1\" \/>\n<link rel=\"canonical\" href=\"https:\/\/perdormire-dz.com\/fr_fr\/oreillers-orthopediques-algerie\/oreillers-plume\/\" \/>\n<meta property=\"og:locale\" content=\"fr_FR\" \/>\n<meta property=\"og:type\" content=\"article\" \/>\n<meta property=\"og:title\" content=\"Oreillers Plume - Perdormire Alg\u00e9rie\" \/>\n<meta property=\"og:url\" content=\"https:\/\/perdormire-dz.com\/fr_fr\/oreillers-orthopediques-algerie\/oreillers-plume\/\" \/>\n<meta property=\"og:site_name\" content=\"Perdormire Alg\u00e9rie\" \/>\n<meta property=\"article:publisher\" content=\"https:\/\/web.facebook.com\/PerdormireDz\/\" \/>\n<meta property=\"article:modified_time\" content=\"2022-05-18T11:06:05+00:00\" \/>\n<meta name=\"twitter:card\" content=\"summary_large_image\" \/>\n<script type=\"application\/ld+json\" class=\"yoast-schema-graph\">{\"@context\":\"https:\\\/\\\/schema.org\",\"@graph\":[{\"@type\":\"WebPage\",\"@id\":\"https:\\\/\\\/perdormire-dz.com\\\/oreillers-orthopediques-algerie\\\/oreillers-plume\\\/\",\"url\":\"https:\\\/\\\/perdormire-dz.com\\\/oreillers-orthopediques-algerie\\\/oreillers-plume\\\/\",\"name\":\"Oreillers Plume - Perdormire Alg\u00e9rie\",\"isPartOf\":{\"@id\":\"https:\\\/\\\/perdormire-dz.com\\\/#website\"},\"datePublished\":\"2022-05-18T11:02:15+00:00\",\"dateModified\":\"2022-05-18T11:06:05+00:00\",\"breadcrumb\":{\"@id\":\"https:\\\/\\\/perdormire-dz.com\\\/oreillers-orthopediques-algerie\\\/oreillers-plume\\\/#breadcrumb\"},\"inLanguage\":\"fr-FR\",\"potentialAction\":[{\"@type\":\"ReadAction\",\"target\":[\"https:\\\/\\\/perdormire-dz.com\\\/oreillers-orthopediques-algerie\\\/oreillers-plume\\\/\"]}]},{\"@type\":\"BreadcrumbList\",\"@id\":\"https:\\\/\\\/perdormire-dz.com\\\/oreillers-orthopediques-algerie\\\/oreillers-plume\\\/#breadcrumb\",\"itemListElement\":[{\"@type\":\"ListItem\",\"position\":1,\"name\":\"Accueil\",\"item\":\"https:\\\/\\\/perdormire-dz.com\\\/ar\\\/\"},{\"@type\":\"ListItem\",\"position\":2,\"name\":\"oreillers orthop\u00e9diques Alg\u00e9rie\",\"item\":\"https:\\\/\\\/perdormire-dz.com\\\/ar\\\/oreillers-orthopediques-algerie\\\/\"},{\"@type\":\"ListItem\",\"position\":3,\"name\":\"Oreillers Plume\"}]},{\"@type\":\"WebSite\",\"@id\":\"https:\\\/\\\/perdormire-dz.com\\\/#website\",\"url\":\"https:\\\/\\\/perdormire-dz.com\\\/\",\"name\":\"Perdormire Alg\u00e9rie\",\"description\":\"Design For Wellness\",\"publisher\":{\"@id\":\"https:\\\/\\\/perdormire-dz.com\\\/#organization\"},\"potentialAction\":[{\"@type\":\"SearchAction\",\"target\":{\"@type\":\"EntryPoint\",\"urlTemplate\":\"https:\\\/\\\/perdormire-dz.com\\\/?s={search_term_string}\"},\"query-input\":{\"@type\":\"PropertyValueSpecification\",\"valueRequired\":true,\"valueName\":\"search_term_string\"}}],\"inLanguage\":\"fr-FR\"},{\"@type\":\"Organization\",\"@id\":\"https:\\\/\\\/perdormire-dz.com\\\/#organization\",\"name\":\"Perdormire Alg\u00e9rie\",\"url\":\"https:\\\/\\\/perdormire-dz.com\\\/\",\"logo\":{\"@type\":\"ImageObject\",\"inLanguage\":\"fr-FR\",\"@id\":\"https:\\\/\\\/perdormire-dz.com\\\/#\\\/schema\\\/logo\\\/image\\\/\",\"url\":\"\",\"contentUrl\":\"\",\"caption\":\"Perdormire Alg\u00e9rie\"},\"image\":{\"@id\":\"https:\\\/\\\/perdormire-dz.com\\\/#\\\/schema\\\/logo\\\/image\\\/\"},\"sameAs\":[\"https:\\\/\\\/web.facebook.com\\\/PerdormireDz\\\/\",\"https:\\\/\\\/www.instagram.com\\\/perdormire_algerie\\\/\"]}]}<\/script>\n<!-- \/ Yoast SEO plugin. -->","yoast_head_json":{"title":"Oreillers Plume - Perdormire Alg\u00e9rie","robots":{"index":"index","follow":"follow","max-snippet":"max-snippet:-1","max-image-preview":"max-image-preview:large","max-video-preview":"max-video-preview:-1"},"canonical":"https:\/\/perdormire-dz.com\/fr_fr\/oreillers-orthopediques-algerie\/oreillers-plume\/","og_locale":"fr_FR","og_type":"article","og_title":"Oreillers Plume - Perdormire Alg\u00e9rie","og_url":"https:\/\/perdormire-dz.com\/fr_fr\/oreillers-orthopediques-algerie\/oreillers-plume\/","og_site_name":"Perdormire Alg\u00e9rie","article_publisher":"https:\/\/web.facebook.com\/PerdormireDz\/","article_modified_time":"2022-05-18T11:06:05+00:00","twitter_card":"summary_large_image","schema":{"@context":"https:\/\/schema.org","@graph":[{"@type":"WebPage","@id":"https:\/\/perdormire-dz.com\/oreillers-orthopediques-algerie\/oreillers-plume\/","url":"https:\/\/perdormire-dz.com\/oreillers-orthopediques-algerie\/oreillers-plume\/","name":"Oreillers Plume - Perdormire Alg\u00e9rie","isPartOf":{"@id":"https:\/\/perdormire-dz.com\/#website"},"datePublished":"2022-05-18T11:02:15+00:00","dateModified":"2022-05-18T11:06:05+00:00","breadcrumb":{"@id":"https:\/\/perdormire-dz.com\/oreillers-orthopediques-algerie\/oreillers-plume\/#breadcrumb"},"inLanguage":"fr-FR","potentialAction":[{"@type":"ReadAction","target":["https:\/\/perdormire-dz.com\/oreillers-orthopediques-algerie\/oreillers-plume\/"]}]},{"@type":"BreadcrumbList","@id":"https:\/\/perdormire-dz.com\/oreillers-orthopediques-algerie\/oreillers-plume\/#breadcrumb","itemListElement":[{"@type":"ListItem","position":1,"name":"Accueil","item":"https:\/\/perdormire-dz.com\/ar\/"},{"@type":"ListItem","position":2,"name":"oreillers orthop\u00e9diques Alg\u00e9rie","item":"https:\/\/perdormire-dz.com\/ar\/oreillers-orthopediques-algerie\/"},{"@type":"ListItem","position":3,"name":"Oreillers Plume"}]},{"@type":"WebSite","@id":"https:\/\/perdormire-dz.com\/#website","url":"https:\/\/perdormire-dz.com\/","name":"Perdormire Alg\u00e9rie","description":"Design For Wellness","publisher":{"@id":"https:\/\/perdormire-dz.com\/#organization"},"potentialAction":[{"@type":"SearchAction","target":{"@type":"EntryPoint","urlTemplate":"https:\/\/perdormire-dz.com\/?s={search_term_string}"},"query-input":{"@type":"PropertyValueSpecification","valueRequired":true,"valueName":"search_term_string"}}],"inLanguage":"fr-FR"},{"@type":"Organization","@id":"https:\/\/perdormire-dz.com\/#organization","name":"Perdormire Alg\u00e9rie","url":"https:\/\/perdormire-dz.com\/","logo":{"@type":"ImageObject","inLanguage":"fr-FR","@id":"https:\/\/perdormire-dz.com\/#\/schema\/logo\/image\/","url":"","contentUrl":"","caption":"Perdormire Alg\u00e9rie"},"image":{"@id":"https:\/\/perdormire-dz.com\/#\/schema\/logo\/image\/"},"sameAs":["https:\/\/web.facebook.com\/PerdormireDz\/","https:\/\/www.instagram.com\/perdormire_algerie\/"]}]}},"jetpack_sharing_enabled":true,"_links":{"self":[{"href":"https:\/\/perdormire-dz.com\/fr_fr\/wp-json\/wp\/v2\/pages\/7178","targetHints":{"allow":["GET"]}}],"collection":[{"href":"https:\/\/perdormire-dz.com\/fr_fr\/wp-json\/wp\/v2\/pages"}],"about":[{"href":"https:\/\/perdormire-dz.com\/fr_fr\/wp-json\/wp\/v2\/types\/page"}],"author":[{"embeddable":true,"href":"https:\/\/perdormire-dz.com\/fr_fr\/wp-json\/wp\/v2\/users\/1"}],"replies":[{"embeddable":true,"href":"https:\/\/perdormire-dz.com\/fr_fr\/wp-json\/wp\/v2\/comments?post=7178"}],"version-history":[{"count":0,"href":"https:\/\/perdormire-dz.com\/fr_fr\/wp-json\/wp\/v2\/pages\/7178\/revisions"}],"up":[{"embeddable":true,"href":"https:\/\/perdormire-dz.com\/fr_fr\/wp-json\/wp\/v2\/pages\/3580"}],"wp:attachment":[{"href":"https:\/\/perdormire-dz.com\/fr_fr\/wp-json\/wp\/v2\/media?parent=7178"}],"curies":[{"name":"wp","href":"https:\/\/api.w.org\/{rel}","templated":true}]}}