{"id":9990,"date":"2024-08-27T16:22:32","date_gmt":"2024-08-27T16:22:32","guid":{"rendered":"https:\/\/perdormire-dz.com\/?post_type=product&#038;p=9990"},"modified":"2026-02-23T13:30:33","modified_gmt":"2026-02-23T13:30:33","slug":"matelas-orthopedique-matelas-adam-2-0","status":"publish","type":"product","link":"https:\/\/perdormire-dz.com\/ar\/product\/matelas-orthopedique-matelas-adam-2-0\/","title":{"rendered":"Matelas Adam 2.0"},"content":{"rendered":"<p><span style=\"color: #000080;\"><a href=\"https:\/\/perdormire-dz.com\/ar\/\">Matelas Adam 2.0<\/a> c&rsquo;est<a href=\"https:\/\/www.perdormire.com\/materasso-adam-2-0-mateboadam20\"> produit\u00a0 italien<\/a> en mousse Waterfoam. Deux degr\u00e9s de rigidit\u00e9 gr\u00e2ce au rembourrage sup\u00e9rieur en m\u00e9moire Visco Mind\u00ae et au rembourrage inf\u00e9rieur en mousse Extra Soft. la Bande lat\u00e9rale du Matelas Adam 2.0 dans l&rsquo;Air Space qui favorise la dissipation de l&rsquo;humidit\u00e9. Rev\u00eatement en fibre aux propri\u00e9t\u00e9s hypoallerg\u00e9niques, d\u00e9houssable sur 4 c\u00f4t\u00e9s et lavable.<\/span><\/p>","protected":false},"excerpt":{"rendered":"<div class=\"title3 fw-400\"><span style=\"color: #000080;\">Hauteur du matelas: 22 cm<\/span><\/div>\n<div><\/div>\n<div>\n<div><span style=\"color: #000080; font-size: 14.4px;\">Matelas en mousse aux propri\u00e9t\u00e9s ergonomiques et rembourrage \u00e0 m\u00e9moire de forme.<\/span><\/div>\n<\/div>","protected":false},"featured_media":9992,"template":"","meta":{"_acf_changed":false,"_exactmetrics_skip_tracking":false,"_exactmetrics_sitenote_active":false,"_exactmetrics_sitenote_note":"","_exactmetrics_sitenote_category":0},"product_brand":[],"product_cat":[232,87,230,229,256,94],"product_tag":[265],"class_list":{"0":"post-9990","1":"product","2":"type-product","3":"status-publish","4":"has-post-thumbnail","6":"product_cat-ergonomique","7":"product_cat-matelas","8":"product_cat-matelas-a-memoire-de-forme","9":"product_cat-matelas-waterfoam","10":"product_cat-outlet","11":"product_cat-promo","12":"product_tag-matelas-adam-2-0","14":"first","15":"instock","16":"sale","17":"shipping-taxable","18":"purchasable","19":"product-type-variable"},"acf":[],"yoast_head":"<!-- This site is optimized with the Yoast SEO plugin v27.5 - https:\/\/yoast.com\/product\/yoast-seo-wordpress\/ -->\n<title>Matelas Adam 2.0 - Perdormire Alg\u00e9rie<\/title>\n<meta name=\"description\" content=\"Perdormire Alg\u00e9rie - Matelas Adam 2.0\" \/>\n<meta name=\"robots\" content=\"index, follow, max-snippet:-1, max-image-preview:large, max-video-preview:-1\" \/>\n<link rel=\"canonical\" href=\"https:\/\/perdormire-dz.com\/ar\/product\/matelas-orthopedique-matelas-adam-2-0\/\" \/>\n<meta property=\"og:locale\" content=\"ar_AR\" \/>\n<meta property=\"og:type\" content=\"article\" \/>\n<meta property=\"og:title\" content=\"Matelas Adam 2.0 - Perdormire Alg\u00e9rie\" \/>\n<meta property=\"og:description\" content=\"Perdormire Alg\u00e9rie - Matelas Adam 2.0\" \/>\n<meta property=\"og:url\" content=\"https:\/\/perdormire-dz.com\/ar\/product\/matelas-orthopedique-matelas-adam-2-0\/\" \/>\n<meta property=\"og:site_name\" content=\"Perdormire Alg\u00e9rie\" \/>\n<meta property=\"article:publisher\" content=\"https:\/\/web.facebook.com\/PerdormireDz\/\" \/>\n<meta property=\"article:modified_time\" content=\"2026-02-23T13:30:33+00:00\" \/>\n<meta property=\"og:image\" content=\"https:\/\/i0.wp.com\/perdormire-dz.com\/wp-content\/uploads\/2024\/08\/Matelas-Algerie-Matelas-Adam-2.0.webp?fit=900%2C600&ssl=1\" \/>\n\t<meta property=\"og:image:width\" content=\"900\" \/>\n\t<meta property=\"og:image:height\" content=\"600\" \/>\n\t<meta property=\"og:image:type\" content=\"image\/webp\" \/>\n<meta name=\"twitter:card\" content=\"summary_large_image\" \/>\n<script type=\"application\/ld+json\" class=\"yoast-schema-graph\">{\"@context\":\"https:\\\/\\\/schema.org\",\"@graph\":[{\"@type\":\"WebPage\",\"@id\":\"https:\\\/\\\/perdormire-dz.com\\\/produit\\\/matelas-orthopedique-matelas-adam-2-0\\\/\",\"url\":\"https:\\\/\\\/perdormire-dz.com\\\/produit\\\/matelas-orthopedique-matelas-adam-2-0\\\/\",\"name\":\"Matelas Adam 2.0 - Perdormire Alg\u00e9rie\",\"isPartOf\":{\"@id\":\"https:\\\/\\\/perdormire-dz.com\\\/#website\"},\"primaryImageOfPage\":{\"@id\":\"https:\\\/\\\/perdormire-dz.com\\\/produit\\\/matelas-orthopedique-matelas-adam-2-0\\\/#primaryimage\"},\"image\":{\"@id\":\"https:\\\/\\\/perdormire-dz.com\\\/produit\\\/matelas-orthopedique-matelas-adam-2-0\\\/#primaryimage\"},\"thumbnailUrl\":\"https:\\\/\\\/i0.wp.com\\\/perdormire-dz.com\\\/wp-content\\\/uploads\\\/2024\\\/08\\\/Matelas-Algerie-Matelas-Adam-2.0.webp?fit=900%2C600&ssl=1\",\"datePublished\":\"2024-08-27T16:22:32+00:00\",\"dateModified\":\"2026-02-23T13:30:33+00:00\",\"description\":\"Perdormire Alg\u00e9rie - Matelas Adam 2.0\",\"breadcrumb\":{\"@id\":\"https:\\\/\\\/perdormire-dz.com\\\/produit\\\/matelas-orthopedique-matelas-adam-2-0\\\/#breadcrumb\"},\"inLanguage\":\"ar\",\"potentialAction\":[{\"@type\":\"ReadAction\",\"target\":[\"https:\\\/\\\/perdormire-dz.com\\\/produit\\\/matelas-orthopedique-matelas-adam-2-0\\\/\"]}]},{\"@type\":\"ImageObject\",\"inLanguage\":\"ar\",\"@id\":\"https:\\\/\\\/perdormire-dz.com\\\/produit\\\/matelas-orthopedique-matelas-adam-2-0\\\/#primaryimage\",\"url\":\"https:\\\/\\\/i0.wp.com\\\/perdormire-dz.com\\\/wp-content\\\/uploads\\\/2024\\\/08\\\/Matelas-Algerie-Matelas-Adam-2.0.webp?fit=900%2C600&ssl=1\",\"contentUrl\":\"https:\\\/\\\/i0.wp.com\\\/perdormire-dz.com\\\/wp-content\\\/uploads\\\/2024\\\/08\\\/Matelas-Algerie-Matelas-Adam-2.0.webp?fit=900%2C600&ssl=1\",\"width\":900,\"height\":600,\"caption\":\"Matelas Adam 2.0\"},{\"@type\":\"BreadcrumbList\",\"@id\":\"https:\\\/\\\/perdormire-dz.com\\\/produit\\\/matelas-orthopedique-matelas-adam-2-0\\\/#breadcrumb\",\"itemListElement\":[{\"@type\":\"ListItem\",\"position\":1,\"name\":\"Accueil\",\"item\":\"https:\\\/\\\/perdormire-dz.com\\\/ar\\\/\"},{\"@type\":\"ListItem\",\"position\":2,\"name\":\"Boutique\",\"item\":\"https:\\\/\\\/perdormire-dz.com\\\/fr_fr\\\/boutique\\\/\"},{\"@type\":\"ListItem\",\"position\":3,\"name\":\"Matelas Adam 2.0\"}]},{\"@type\":\"WebSite\",\"@id\":\"https:\\\/\\\/perdormire-dz.com\\\/#website\",\"url\":\"https:\\\/\\\/perdormire-dz.com\\\/\",\"name\":\"Perdormire Alg\u00e9rie\",\"description\":\"Design For Wellness\",\"publisher\":{\"@id\":\"https:\\\/\\\/perdormire-dz.com\\\/#organization\"},\"potentialAction\":[{\"@type\":\"SearchAction\",\"target\":{\"@type\":\"EntryPoint\",\"urlTemplate\":\"https:\\\/\\\/perdormire-dz.com\\\/?s={search_term_string}\"},\"query-input\":{\"@type\":\"PropertyValueSpecification\",\"valueRequired\":true,\"valueName\":\"search_term_string\"}}],\"inLanguage\":\"ar\"},{\"@type\":\"Organization\",\"@id\":\"https:\\\/\\\/perdormire-dz.com\\\/#organization\",\"name\":\"Perdormire Alg\u00e9rie\",\"url\":\"https:\\\/\\\/perdormire-dz.com\\\/\",\"logo\":{\"@type\":\"ImageObject\",\"inLanguage\":\"ar\",\"@id\":\"https:\\\/\\\/perdormire-dz.com\\\/#\\\/schema\\\/logo\\\/image\\\/\",\"url\":\"\",\"contentUrl\":\"\",\"caption\":\"Perdormire Alg\u00e9rie\"},\"image\":{\"@id\":\"https:\\\/\\\/perdormire-dz.com\\\/#\\\/schema\\\/logo\\\/image\\\/\"},\"sameAs\":[\"https:\\\/\\\/web.facebook.com\\\/PerdormireDz\\\/\",\"https:\\\/\\\/www.instagram.com\\\/perdormire_algerie\\\/\"]}]}<\/script>\n<!-- \/ Yoast SEO plugin. -->","yoast_head_json":{"title":"Matelas Adam 2.0 - Perdormire Alg\u00e9rie","description":"Perdormire Alg\u00e9rie - Matelas Adam 2.0","robots":{"index":"index","follow":"follow","max-snippet":"max-snippet:-1","max-image-preview":"max-image-preview:large","max-video-preview":"max-video-preview:-1"},"canonical":"https:\/\/perdormire-dz.com\/ar\/product\/matelas-orthopedique-matelas-adam-2-0\/","og_locale":"ar_AR","og_type":"article","og_title":"Matelas Adam 2.0 - Perdormire Alg\u00e9rie","og_description":"Perdormire Alg\u00e9rie - Matelas Adam 2.0","og_url":"https:\/\/perdormire-dz.com\/ar\/product\/matelas-orthopedique-matelas-adam-2-0\/","og_site_name":"Perdormire Alg\u00e9rie","article_publisher":"https:\/\/web.facebook.com\/PerdormireDz\/","article_modified_time":"2026-02-23T13:30:33+00:00","og_image":[{"width":900,"height":600,"url":"https:\/\/i0.wp.com\/perdormire-dz.com\/wp-content\/uploads\/2024\/08\/Matelas-Algerie-Matelas-Adam-2.0.webp?fit=900%2C600&ssl=1","type":"image\/webp"}],"twitter_card":"summary_large_image","schema":{"@context":"https:\/\/schema.org","@graph":[{"@type":"WebPage","@id":"https:\/\/perdormire-dz.com\/produit\/matelas-orthopedique-matelas-adam-2-0\/","url":"https:\/\/perdormire-dz.com\/produit\/matelas-orthopedique-matelas-adam-2-0\/","name":"Matelas Adam 2.0 - Perdormire Alg\u00e9rie","isPartOf":{"@id":"https:\/\/perdormire-dz.com\/#website"},"primaryImageOfPage":{"@id":"https:\/\/perdormire-dz.com\/produit\/matelas-orthopedique-matelas-adam-2-0\/#primaryimage"},"image":{"@id":"https:\/\/perdormire-dz.com\/produit\/matelas-orthopedique-matelas-adam-2-0\/#primaryimage"},"thumbnailUrl":"https:\/\/i0.wp.com\/perdormire-dz.com\/wp-content\/uploads\/2024\/08\/Matelas-Algerie-Matelas-Adam-2.0.webp?fit=900%2C600&ssl=1","datePublished":"2024-08-27T16:22:32+00:00","dateModified":"2026-02-23T13:30:33+00:00","description":"Perdormire Alg\u00e9rie - Matelas Adam 2.0","breadcrumb":{"@id":"https:\/\/perdormire-dz.com\/produit\/matelas-orthopedique-matelas-adam-2-0\/#breadcrumb"},"inLanguage":"ar","potentialAction":[{"@type":"ReadAction","target":["https:\/\/perdormire-dz.com\/produit\/matelas-orthopedique-matelas-adam-2-0\/"]}]},{"@type":"ImageObject","inLanguage":"ar","@id":"https:\/\/perdormire-dz.com\/produit\/matelas-orthopedique-matelas-adam-2-0\/#primaryimage","url":"https:\/\/i0.wp.com\/perdormire-dz.com\/wp-content\/uploads\/2024\/08\/Matelas-Algerie-Matelas-Adam-2.0.webp?fit=900%2C600&ssl=1","contentUrl":"https:\/\/i0.wp.com\/perdormire-dz.com\/wp-content\/uploads\/2024\/08\/Matelas-Algerie-Matelas-Adam-2.0.webp?fit=900%2C600&ssl=1","width":900,"height":600,"caption":"Matelas Adam 2.0"},{"@type":"BreadcrumbList","@id":"https:\/\/perdormire-dz.com\/produit\/matelas-orthopedique-matelas-adam-2-0\/#breadcrumb","itemListElement":[{"@type":"ListItem","position":1,"name":"Accueil","item":"https:\/\/perdormire-dz.com\/ar\/"},{"@type":"ListItem","position":2,"name":"Boutique","item":"https:\/\/perdormire-dz.com\/fr_fr\/boutique\/"},{"@type":"ListItem","position":3,"name":"Matelas Adam 2.0"}]},{"@type":"WebSite","@id":"https:\/\/perdormire-dz.com\/#website","url":"https:\/\/perdormire-dz.com\/","name":"\u0628\u0631\u062f\u0648\u0631\u0645\u064a\u0631\u064a  \u0627\u0644\u062c\u0632\u0627\u0626\u0631","description":"Design For Wellness","publisher":{"@id":"https:\/\/perdormire-dz.com\/#organization"},"potentialAction":[{"@type":"SearchAction","target":{"@type":"EntryPoint","urlTemplate":"https:\/\/perdormire-dz.com\/?s={search_term_string}"},"query-input":{"@type":"PropertyValueSpecification","valueRequired":true,"valueName":"search_term_string"}}],"inLanguage":"ar"},{"@type":"Organization","@id":"https:\/\/perdormire-dz.com\/#organization","name":"\u0628\u0631\u062f\u0648\u0631\u0645\u064a\u0631\u064a  \u0627\u0644\u062c\u0632\u0627\u0626\u0631","url":"https:\/\/perdormire-dz.com\/","logo":{"@type":"ImageObject","inLanguage":"ar","@id":"https:\/\/perdormire-dz.com\/#\/schema\/logo\/image\/","url":"","contentUrl":"","caption":"Perdormire Alg\u00e9rie"},"image":{"@id":"https:\/\/perdormire-dz.com\/#\/schema\/logo\/image\/"},"sameAs":["https:\/\/web.facebook.com\/PerdormireDz\/","https:\/\/www.instagram.com\/perdormire_algerie\/"]}]}},"jetpack_sharing_enabled":true,"_links":{"self":[{"href":"https:\/\/perdormire-dz.com\/ar\/wp-json\/wp\/v2\/product\/9990","targetHints":{"allow":["GET"]}}],"collection":[{"href":"https:\/\/perdormire-dz.com\/ar\/wp-json\/wp\/v2\/product"}],"about":[{"href":"https:\/\/perdormire-dz.com\/ar\/wp-json\/wp\/v2\/types\/product"}],"version-history":[{"count":6,"href":"https:\/\/perdormire-dz.com\/ar\/wp-json\/wp\/v2\/product\/9990\/revisions"}],"predecessor-version":[{"id":10704,"href":"https:\/\/perdormire-dz.com\/ar\/wp-json\/wp\/v2\/product\/9990\/revisions\/10704"}],"wp:featuredmedia":[{"embeddable":true,"href":"https:\/\/perdormire-dz.com\/ar\/wp-json\/wp\/v2\/media\/9992"}],"wp:attachment":[{"href":"https:\/\/perdormire-dz.com\/ar\/wp-json\/wp\/v2\/media?parent=9990"}],"wp:term":[{"taxonomy":"product_brand","embeddable":true,"href":"https:\/\/perdormire-dz.com\/ar\/wp-json\/wp\/v2\/product_brand?post=9990"},{"taxonomy":"product_cat","embeddable":true,"href":"https:\/\/perdormire-dz.com\/ar\/wp-json\/wp\/v2\/product_cat?post=9990"},{"taxonomy":"product_tag","embeddable":true,"href":"https:\/\/perdormire-dz.com\/ar\/wp-json\/wp\/v2\/product_tag?post=9990"}],"curies":[{"name":"wp","href":"https:\/\/api.w.org\/{rel}","templated":true}]}}