{"id":4016,"date":"2021-06-16T11:13:00","date_gmt":"2021-06-16T11:13:00","guid":{"rendered":"https:\/\/perdormire-dz.com\/?post_type=product&#038;p=4016"},"modified":"2023-08-10T12:01:18","modified_gmt":"2023-08-10T12:01:18","slug":"oreiller-bio-double","status":"publish","type":"product","link":"https:\/\/perdormire-dz.com\/ar\/product\/oreiller-bio-double\/","title":{"rendered":"\u0648\u0633\u0627\u062f\u0629 Bio double"},"content":{"rendered":"<h1><span style=\"color: #000080;\">\u0648\u0633\u0627\u062f\u0629 Bio double<\/span><\/h1>\n<p><span style=\"color: #000080;\"><a style=\"color: #000080;\" href=\"https:\/\/perdormire-dz.com\/ar\/oreillers\/\"><strong>\u0648\u0633\u0627\u062f\u0629<\/strong> <\/a>\u0639\u0644\u0649 \u0627\u0644\u0648\u062c\u0647\u064a\u0646 \u0644\u0631\u0627\u062d\u0629 \u0641\u0631\u064a\u062f\u0629. \u062c\u0627\u0646\u0628 \u0648\u0627\u062d\u062f \u0641\u064a <strong>Bio Memory<\/strong>\u060c \u0645\u0627\u062f\u0629 \u062a\u062a\u0643\u064a\u0641 \u0645\u0639 \u0627\u0644\u0648\u0632\u0646 \u0648\u0627\u0644\u0636\u063a\u0637 \u060c \u0642\u0627\u062f\u0631\u0629 \u0639\u0644\u0649 \u0627\u0644\u062a\u0646\u0638\u064a\u0645 \u0627\u0644\u0630\u0627\u062a\u064a \u0648\u0627\u0644\u0634\u0643\u0644 \u0627\u0644\u0630\u0627\u062a\u064a \u0644\u0637\u0631\u064a\u0642\u0629 \u062c\u062f\u064a\u062f\u0629 <strong>\u064a\u0646\u0627\u0645<\/strong>. L&rsquo;autre face en <strong>Extra Soft Foam<\/strong>\u060c \u0648\u0647\u064a \u0645\u0627\u062f\u0629 \u0634\u062f\u064a\u062f\u0629 \u0627\u0644\u0645\u0642\u0627\u0648\u0645\u0629 \u0648\u0644\u0643\u0646 \u0641\u064a \u0646\u0641\u0633 \u0627\u0644\u0648\u0642\u062a \u0645\u0631\u0646\u0629 \u0644\u0644\u063a\u0627\u064a\u0629 \u0648\u0646\u0627\u0639\u0645\u0629. \u064a\u0645\u0646\u062d\u0643 \u0634\u0639\u0648\u0631\u064b\u0627 \u0637\u0648\u064a\u0644\u064b\u0627 \u0648\u0645\u0645\u062a\u0639\u064b\u0627 \u0628\u0627\u0644\u0627\u0646\u062a\u0639\u0627\u0634 \u0628\u0641\u0636\u0644 \u0627\u0644\u0647\u064a\u0643\u0644 \u0627\u0644\u062e\u0627\u0635 \u0627\u0644\u0642\u0627\u0628\u0644 \u0644\u0644\u062a\u0646\u0641\u0633.<\/span><\/p>","protected":false},"excerpt":{"rendered":"<p>&nbsp;<\/p>\n<p><span style=\"color: #000080;\">\u0648\u0633\u0627\u062f\u0629 \u0639\u0644\u0649 \u0627\u0644\u0648\u062c\u0647\u064a\u0646 \u0644\u0631\u0627\u062d\u0629 \u0641\u0631\u064a\u062f\u0629. \u062c\u0627\u0646\u0628 \u0648\u0627\u062d\u062f \u0641\u064a Bio Memory \u060c \u0645\u0627\u062f\u0629 \u062a\u062a\u0643\u064a\u0641 \u0645\u0639 \u0627\u0644\u0648\u0632\u0646 \u0648\u0627\u0644\u0636\u063a\u0637 \u060c \u0642\u0627\u062f\u0631\u0629 \u0639\u0644\u0649 \u0627\u0644\u062a\u0646\u0638\u064a\u0645 \u0627\u0644\u0630\u0627\u062a\u064a \u0648\u0627\u0644\u062a\u0643\u0648\u064a\u0646 \u0627\u0644\u0630\u0627\u062a\u064a \u0644\u0637\u0631\u064a\u0642\u0629 \u062c\u062f\u064a\u062f\u0629 \u0644\u0644\u0646\u0648\u0645. \u0627\u0644\u062c\u0627\u0646\u0628 \u0627\u0644\u0622\u062e\u0631 \u0645\u0646 \u0627\u0644\u0625\u0633\u0641\u0646\u062c \u0634\u062f\u064a\u062f \u0627\u0644\u0646\u0639\u0648\u0645\u0629 \u060c \u0648\u0647\u0648 \u0645\u0627\u062f\u0629 \u0634\u062f\u064a\u062f\u0629 \u0627\u0644\u0645\u0642\u0627\u0648\u0645\u0629 \u0648\u0644\u0643\u0646 \u0641\u064a \u0646\u0641\u0633 \u0627\u0644\u0648\u0642\u062a \u0645\u0631\u0646\u0629 \u0648\u0646\u0627\u0639\u0645\u0629 \u0644\u0644\u063a\u0627\u064a\u0629. \u064a\u0645\u0646\u062d\u0643 \u0634\u0639\u0648\u0631\u064b\u0627 \u0637\u0648\u064a\u0644\u064b\u0627 \u0648\u0645\u0645\u062a\u0639\u064b\u0627 \u0628\u0627\u0644\u0627\u0646\u062a\u0639\u0627\u0634 \u0628\u0641\u0636\u0644 \u0627\u0644\u0647\u064a\u0643\u0644 \u0627\u0644\u062e\u0627\u0635 \u0627\u0644\u0642\u0627\u0628\u0644 \u0644\u0644\u062a\u0646\u0641\u0633.<\/span><\/p>\n<p>&nbsp;<\/p>\n<p>&nbsp;<\/p>\n<p>&nbsp;<\/p>\n<p>&nbsp;<\/p>\n<p>&nbsp;<\/p>","protected":false},"featured_media":4019,"template":"","meta":{"_acf_changed":false,"_exactmetrics_skip_tracking":false,"_exactmetrics_sitenote_active":false,"_exactmetrics_sitenote_note":"","_exactmetrics_sitenote_category":0},"product_brand":[],"product_cat":[88],"product_tag":[],"class_list":{"0":"post-4016","1":"product","2":"type-product","3":"status-publish","4":"has-post-thumbnail","6":"product_cat-oreillers","8":"first","9":"outofstock","10":"shipping-taxable","11":"purchasable","12":"product-type-simple"},"acf":[],"yoast_head":"<!-- This site is optimized with the Yoast SEO plugin v27.5 - https:\/\/yoast.com\/product\/yoast-seo-wordpress\/ -->\n<title>Oreiller Oreiller Bio double - Perdormire Alg\u00e9rie | Livraison Gratuite<\/title>\n<meta name=\"description\" content=\"Oreiller Bio double: Oreiller double face pour un confort unique. Un c\u00f4t\u00e9 en Bio Memory, un mat\u00e9riau qui s&#039;adapte au poids et \u00e0 la pression\" \/>\n<meta name=\"robots\" content=\"index, follow, max-snippet:-1, max-image-preview:large, max-video-preview:-1\" \/>\n<link rel=\"canonical\" href=\"https:\/\/perdormire-dz.com\/ar\/product\/oreiller-bio-double\/\" \/>\n<meta property=\"og:locale\" content=\"ar_AR\" \/>\n<meta property=\"og:type\" content=\"article\" \/>\n<meta property=\"og:title\" content=\"Oreiller Oreiller Bio double - Perdormire Alg\u00e9rie | Livraison Gratuite\" \/>\n<meta property=\"og:description\" content=\"Oreiller Bio double: Oreiller double face pour un confort unique. Un c\u00f4t\u00e9 en Bio Memory, un mat\u00e9riau qui s&#039;adapte au poids et \u00e0 la pression\" \/>\n<meta property=\"og:url\" content=\"https:\/\/perdormire-dz.com\/ar\/product\/oreiller-bio-double\/\" \/>\n<meta property=\"og:site_name\" content=\"Perdormire Alg\u00e9rie\" \/>\n<meta property=\"article:publisher\" content=\"https:\/\/web.facebook.com\/PerdormireDz\/\" \/>\n<meta property=\"article:modified_time\" content=\"2023-08-10T12:01:18+00:00\" \/>\n<meta property=\"og:image\" content=\"https:\/\/i0.wp.com\/perdormire-dz.com\/wp-content\/uploads\/2021\/06\/Bio-Double.jpg?fit=800%2C533&ssl=1\" \/>\n\t<meta property=\"og:image:width\" content=\"800\" \/>\n\t<meta property=\"og:image:height\" content=\"533\" \/>\n\t<meta property=\"og:image:type\" content=\"image\/jpeg\" \/>\n<meta name=\"twitter:card\" content=\"summary_large_image\" \/>\n<meta name=\"twitter:label1\" content=\"\u0648\u0642\u062a \u0627\u0644\u0642\u0631\u0627\u0621\u0629 \u0627\u0644\u0645\u064f\u0642\u062f\u0651\u0631\" \/>\n\t<meta name=\"twitter:data1\" content=\"\u062f\u0642\u064a\u0642\u0629 \u0648\u0627\u062d\u062f\u0629\" \/>\n<script type=\"application\/ld+json\" class=\"yoast-schema-graph\">{\"@context\":\"https:\\\/\\\/schema.org\",\"@graph\":[{\"@type\":\"WebPage\",\"@id\":\"https:\\\/\\\/perdormire-dz.com\\\/produit\\\/oreiller-bio-double\\\/\",\"url\":\"https:\\\/\\\/perdormire-dz.com\\\/produit\\\/oreiller-bio-double\\\/\",\"name\":\"Oreiller Oreiller Bio double - Perdormire Alg\u00e9rie | Livraison Gratuite\",\"isPartOf\":{\"@id\":\"https:\\\/\\\/perdormire-dz.com\\\/#website\"},\"primaryImageOfPage\":{\"@id\":\"https:\\\/\\\/perdormire-dz.com\\\/produit\\\/oreiller-bio-double\\\/#primaryimage\"},\"image\":{\"@id\":\"https:\\\/\\\/perdormire-dz.com\\\/produit\\\/oreiller-bio-double\\\/#primaryimage\"},\"thumbnailUrl\":\"https:\\\/\\\/i0.wp.com\\\/perdormire-dz.com\\\/wp-content\\\/uploads\\\/2021\\\/06\\\/Bio-Double.jpg?fit=800%2C533&ssl=1\",\"datePublished\":\"2021-06-16T11:13:00+00:00\",\"dateModified\":\"2023-08-10T12:01:18+00:00\",\"description\":\"Oreiller Bio double: Oreiller double face pour un confort unique. Un c\u00f4t\u00e9 en Bio Memory, un mat\u00e9riau qui s'adapte au poids et \u00e0 la pression\",\"breadcrumb\":{\"@id\":\"https:\\\/\\\/perdormire-dz.com\\\/produit\\\/oreiller-bio-double\\\/#breadcrumb\"},\"inLanguage\":\"ar\",\"potentialAction\":[{\"@type\":\"ReadAction\",\"target\":[\"https:\\\/\\\/perdormire-dz.com\\\/produit\\\/oreiller-bio-double\\\/\"]}]},{\"@type\":\"ImageObject\",\"inLanguage\":\"ar\",\"@id\":\"https:\\\/\\\/perdormire-dz.com\\\/produit\\\/oreiller-bio-double\\\/#primaryimage\",\"url\":\"https:\\\/\\\/i0.wp.com\\\/perdormire-dz.com\\\/wp-content\\\/uploads\\\/2021\\\/06\\\/Bio-Double.jpg?fit=800%2C533&ssl=1\",\"contentUrl\":\"https:\\\/\\\/i0.wp.com\\\/perdormire-dz.com\\\/wp-content\\\/uploads\\\/2021\\\/06\\\/Bio-Double.jpg?fit=800%2C533&ssl=1\",\"width\":800,\"height\":533,\"caption\":\"Oreiller orthop\u00e9dique Bio double-Perdormire Alg\u00e9rie\"},{\"@type\":\"BreadcrumbList\",\"@id\":\"https:\\\/\\\/perdormire-dz.com\\\/produit\\\/oreiller-bio-double\\\/#breadcrumb\",\"itemListElement\":[{\"@type\":\"ListItem\",\"position\":1,\"name\":\"Accueil\",\"item\":\"https:\\\/\\\/perdormire-dz.com\\\/ar\\\/\"},{\"@type\":\"ListItem\",\"position\":2,\"name\":\"Boutique\",\"item\":\"https:\\\/\\\/perdormire-dz.com\\\/fr_fr\\\/boutique\\\/\"},{\"@type\":\"ListItem\",\"position\":3,\"name\":\"Oreiller Bio double\"}]},{\"@type\":\"WebSite\",\"@id\":\"https:\\\/\\\/perdormire-dz.com\\\/#website\",\"url\":\"https:\\\/\\\/perdormire-dz.com\\\/\",\"name\":\"Perdormire Alg\u00e9rie\",\"description\":\"Design For Wellness\",\"publisher\":{\"@id\":\"https:\\\/\\\/perdormire-dz.com\\\/#organization\"},\"potentialAction\":[{\"@type\":\"SearchAction\",\"target\":{\"@type\":\"EntryPoint\",\"urlTemplate\":\"https:\\\/\\\/perdormire-dz.com\\\/?s={search_term_string}\"},\"query-input\":{\"@type\":\"PropertyValueSpecification\",\"valueRequired\":true,\"valueName\":\"search_term_string\"}}],\"inLanguage\":\"ar\"},{\"@type\":\"Organization\",\"@id\":\"https:\\\/\\\/perdormire-dz.com\\\/#organization\",\"name\":\"Perdormire Alg\u00e9rie\",\"url\":\"https:\\\/\\\/perdormire-dz.com\\\/\",\"logo\":{\"@type\":\"ImageObject\",\"inLanguage\":\"ar\",\"@id\":\"https:\\\/\\\/perdormire-dz.com\\\/#\\\/schema\\\/logo\\\/image\\\/\",\"url\":\"\",\"contentUrl\":\"\",\"caption\":\"Perdormire Alg\u00e9rie\"},\"image\":{\"@id\":\"https:\\\/\\\/perdormire-dz.com\\\/#\\\/schema\\\/logo\\\/image\\\/\"},\"sameAs\":[\"https:\\\/\\\/web.facebook.com\\\/PerdormireDz\\\/\",\"https:\\\/\\\/www.instagram.com\\\/perdormire_algerie\\\/\"]}]}<\/script>\n<!-- \/ Yoast SEO plugin. -->","yoast_head_json":{"title":"Oreiller Oreiller Bio double - Perdormire Alg\u00e9rie | Livraison Gratuite","description":"Oreiller Bio double: Oreiller double face pour un confort unique. Un c\u00f4t\u00e9 en Bio Memory, un mat\u00e9riau qui s'adapte au poids et \u00e0 la pression","robots":{"index":"index","follow":"follow","max-snippet":"max-snippet:-1","max-image-preview":"max-image-preview:large","max-video-preview":"max-video-preview:-1"},"canonical":"https:\/\/perdormire-dz.com\/ar\/product\/oreiller-bio-double\/","og_locale":"ar_AR","og_type":"article","og_title":"Oreiller Oreiller Bio double - Perdormire Alg\u00e9rie | Livraison Gratuite","og_description":"Oreiller Bio double: Oreiller double face pour un confort unique. Un c\u00f4t\u00e9 en Bio Memory, un mat\u00e9riau qui s'adapte au poids et \u00e0 la pression","og_url":"https:\/\/perdormire-dz.com\/ar\/product\/oreiller-bio-double\/","og_site_name":"Perdormire Alg\u00e9rie","article_publisher":"https:\/\/web.facebook.com\/PerdormireDz\/","article_modified_time":"2023-08-10T12:01:18+00:00","og_image":[{"width":800,"height":533,"url":"https:\/\/i0.wp.com\/perdormire-dz.com\/wp-content\/uploads\/2021\/06\/Bio-Double.jpg?fit=800%2C533&ssl=1","type":"image\/jpeg"}],"twitter_card":"summary_large_image","twitter_misc":{"\u0648\u0642\u062a \u0627\u0644\u0642\u0631\u0627\u0621\u0629 \u0627\u0644\u0645\u064f\u0642\u062f\u0651\u0631":"\u062f\u0642\u064a\u0642\u0629 \u0648\u0627\u062d\u062f\u0629"},"schema":{"@context":"https:\/\/schema.org","@graph":[{"@type":"WebPage","@id":"https:\/\/perdormire-dz.com\/produit\/oreiller-bio-double\/","url":"https:\/\/perdormire-dz.com\/produit\/oreiller-bio-double\/","name":"Oreiller Oreiller Bio double - Perdormire Alg\u00e9rie | Livraison Gratuite","isPartOf":{"@id":"https:\/\/perdormire-dz.com\/#website"},"primaryImageOfPage":{"@id":"https:\/\/perdormire-dz.com\/produit\/oreiller-bio-double\/#primaryimage"},"image":{"@id":"https:\/\/perdormire-dz.com\/produit\/oreiller-bio-double\/#primaryimage"},"thumbnailUrl":"https:\/\/i0.wp.com\/perdormire-dz.com\/wp-content\/uploads\/2021\/06\/Bio-Double.jpg?fit=800%2C533&ssl=1","datePublished":"2021-06-16T11:13:00+00:00","dateModified":"2023-08-10T12:01:18+00:00","description":"Oreiller Bio double: Oreiller double face pour un confort unique. Un c\u00f4t\u00e9 en Bio Memory, un mat\u00e9riau qui s'adapte au poids et \u00e0 la pression","breadcrumb":{"@id":"https:\/\/perdormire-dz.com\/produit\/oreiller-bio-double\/#breadcrumb"},"inLanguage":"ar","potentialAction":[{"@type":"ReadAction","target":["https:\/\/perdormire-dz.com\/produit\/oreiller-bio-double\/"]}]},{"@type":"ImageObject","inLanguage":"ar","@id":"https:\/\/perdormire-dz.com\/produit\/oreiller-bio-double\/#primaryimage","url":"https:\/\/i0.wp.com\/perdormire-dz.com\/wp-content\/uploads\/2021\/06\/Bio-Double.jpg?fit=800%2C533&ssl=1","contentUrl":"https:\/\/i0.wp.com\/perdormire-dz.com\/wp-content\/uploads\/2021\/06\/Bio-Double.jpg?fit=800%2C533&ssl=1","width":800,"height":533,"caption":"Oreiller orthop\u00e9dique Bio double-Perdormire Alg\u00e9rie"},{"@type":"BreadcrumbList","@id":"https:\/\/perdormire-dz.com\/produit\/oreiller-bio-double\/#breadcrumb","itemListElement":[{"@type":"ListItem","position":1,"name":"Accueil","item":"https:\/\/perdormire-dz.com\/ar\/"},{"@type":"ListItem","position":2,"name":"Boutique","item":"https:\/\/perdormire-dz.com\/fr_fr\/boutique\/"},{"@type":"ListItem","position":3,"name":"Oreiller Bio double"}]},{"@type":"WebSite","@id":"https:\/\/perdormire-dz.com\/#website","url":"https:\/\/perdormire-dz.com\/","name":"\u0628\u0631\u062f\u0648\u0631\u0645\u064a\u0631\u064a  \u0627\u0644\u062c\u0632\u0627\u0626\u0631","description":"Design For Wellness","publisher":{"@id":"https:\/\/perdormire-dz.com\/#organization"},"potentialAction":[{"@type":"SearchAction","target":{"@type":"EntryPoint","urlTemplate":"https:\/\/perdormire-dz.com\/?s={search_term_string}"},"query-input":{"@type":"PropertyValueSpecification","valueRequired":true,"valueName":"search_term_string"}}],"inLanguage":"ar"},{"@type":"Organization","@id":"https:\/\/perdormire-dz.com\/#organization","name":"\u0628\u0631\u062f\u0648\u0631\u0645\u064a\u0631\u064a  \u0627\u0644\u062c\u0632\u0627\u0626\u0631","url":"https:\/\/perdormire-dz.com\/","logo":{"@type":"ImageObject","inLanguage":"ar","@id":"https:\/\/perdormire-dz.com\/#\/schema\/logo\/image\/","url":"","contentUrl":"","caption":"Perdormire Alg\u00e9rie"},"image":{"@id":"https:\/\/perdormire-dz.com\/#\/schema\/logo\/image\/"},"sameAs":["https:\/\/web.facebook.com\/PerdormireDz\/","https:\/\/www.instagram.com\/perdormire_algerie\/"]}]}},"jetpack_sharing_enabled":true,"_links":{"self":[{"href":"https:\/\/perdormire-dz.com\/ar\/wp-json\/wp\/v2\/product\/4016","targetHints":{"allow":["GET"]}}],"collection":[{"href":"https:\/\/perdormire-dz.com\/ar\/wp-json\/wp\/v2\/product"}],"about":[{"href":"https:\/\/perdormire-dz.com\/ar\/wp-json\/wp\/v2\/types\/product"}],"version-history":[{"count":0,"href":"https:\/\/perdormire-dz.com\/ar\/wp-json\/wp\/v2\/product\/4016\/revisions"}],"wp:featuredmedia":[{"embeddable":true,"href":"https:\/\/perdormire-dz.com\/ar\/wp-json\/wp\/v2\/media\/4019"}],"wp:attachment":[{"href":"https:\/\/perdormire-dz.com\/ar\/wp-json\/wp\/v2\/media?parent=4016"}],"wp:term":[{"taxonomy":"product_brand","embeddable":true,"href":"https:\/\/perdormire-dz.com\/ar\/wp-json\/wp\/v2\/product_brand?post=4016"},{"taxonomy":"product_cat","embeddable":true,"href":"https:\/\/perdormire-dz.com\/ar\/wp-json\/wp\/v2\/product_cat?post=4016"},{"taxonomy":"product_tag","embeddable":true,"href":"https:\/\/perdormire-dz.com\/ar\/wp-json\/wp\/v2\/product_tag?post=4016"}],"curies":[{"name":"wp","href":"https:\/\/api.w.org\/{rel}","templated":true}]}}