{"id":3685,"date":"2021-05-02T16:56:31","date_gmt":"2021-05-02T16:56:31","guid":{"rendered":"https:\/\/perdormire-dz.com\/?post_type=product&#038;p=3685"},"modified":"2023-09-24T18:28:21","modified_gmt":"2023-09-24T18:28:21","slug":"oreiller-queen","status":"publish","type":"product","link":"https:\/\/perdormire-dz.com\/ar\/product\/oreiller-queen\/","title":{"rendered":"\u0648\u0633\u0627\u062f\u0629 \u0643\u0648\u064a\u0646 QUEEN"},"content":{"rendered":"<h1><span style=\"color: #000080;\">\u0648\u0633\u0627\u062f\u0629 \u0643\u0648\u064a\u0646 QUEEN<\/span><\/h1>\n<p><span style=\"color: #000080;\">L&rsquo;<a style=\"color: #000080;\" href=\"https:\/\/perdormire-dz.com\/ar\/oreillers\/\"><strong>\u0648\u0633\u0627\u062f\u0629<\/strong><\/a> <strong>Queen<\/strong> est fabriqu\u00e9 en <a style=\"color: #000080;\" href=\"https:\/\/fr.m.wikipedia.org\/wiki\/Latex_(mat%C3%A9riau)\" target=\"_blank\" rel=\"noopener\">\u0645\u0635\u0646\u0648\u0639\u0629 \u0645\u0646 \u0644\u062b\u0649 \u0644\u0628\u0646 \u0627\u0644\u0634\u062c\u0631latex<\/a> \u0648\u0647\u064a \u0645\u0627\u062f\u0629 \u062a\u0634\u0631\u064a\u062d\u064a\u0629 \u0648\u0645\u0636\u0627\u062f\u0629 \u0644\u0644\u0628\u0643\u062a\u064a\u0631\u064a\u0627 \u0648\u0645\u0636\u0627\u062f\u0629 \u0644\u0644\u062d\u0633\u0627\u0633\u064a\u0629.<\/span><br \/>\n<span style=\"color: #000080;\">\u064a\u062a\u0643\u0648\u0646 \u0647\u064a\u0643\u0644 \u0647\u0630\u0647 \u0627\u0644\u0645\u0627\u062f\u0629 \u0645\u0646 \u0639\u062f\u062f \u0643\u0628\u064a\u0631 \u0645\u0646 \u0627\u0644\u062e\u0644\u0627\u064a\u0627 \u0627\u0644\u0645\u0641\u062a\u0648\u062d\u0629<\/span><br \/>\n<span style=\"color: #000080;\">\u0627\u0644\u062a\u064a \u062a\u0633\u0645\u062d \u0628\u0627\u0633\u062a\u0645\u0631\u0627\u0631 \u062f\u0648\u0631\u0627\u0646 \u0627\u0644\u0647\u0648\u0627\u0621 \u0644\u0623\u0642\u0635\u0649 \u062d\u062f<\/span><br \/>\n<span style=\"color: #000080;\">\u0644\u062a\u0646\u0641\u0633 \u0627\u0644\u0645\u0627\u062f\u0629.<\/span><\/p>\n<p>&nbsp;<\/p>\n<p><span style=\"color: #000080;\">\u062a\u0643\u0648\u064a\u0646 \u0648\u0633\u0627\u062f\u0629 \u0627\u0644\u0645\u0644\u0643\u0629<\/span><\/p>\n<p><span style=\"color: #000080;\">\u0627\u0644\u063a\u0637\u0627\u0621 \u0627\u0644\u062f\u0627\u062e\u0644\u064a:\u066a 100 \u0642\u0637\u0646<\/span><br \/>\n<span style=\"color: #000080;\">\u0627\u0644\u063a\u0637\u0627\u0621 \u0627\u0644\u062e\u0627\u0631\u062c\u064a: \u0646\u0638\u0627\u0645 \u0628\u0631\u0648\u0628\u064a\u0648\u062a\u064a\u0643<\/span><br \/>\n<span style=\"color: #000080;\">La taie d&rsquo;<a style=\"color: #000080;\" href=\"https:\/\/perdormire-dz.com\/ar\/oreillers\/\"><strong>\u0648\u0633\u0627\u062f\u0629<\/strong><\/a> \u0645\u0635\u0646\u0648\u0639 \u062e\u0635\u064a\u0635\u064b\u0627 \u0648\u0641\u0642\u064b\u0627 \u0644\u0646\u0638\u0627\u0645 \u0627\u0644\u0628\u0631\u0648\u0628\u064a\u0648\u062a\u064a\u0643\u00a0<\/span><br \/>\n<span style=\"color: #000080;\">\u064a\u0633\u0627\u0639\u062f \u0641\u064a \u0627\u0644\u062d\u062f \u0627\u0644\u0637\u0628\u064a\u0639\u064a \u0645\u0646 \u0627\u0644\u062d\u0633\u0627\u0633\u064a\u0629 \u0648\u0627\u0644\u0631\u0628\u0648 \u0628\u0641\u0636\u0644<\/span><br \/>\n<span style=\"color: #000080;\">\u0627\u0644\u0628\u0631\u0648\u0628\u064a\u0648\u062a\u064a\u0643 \u0627\u0644\u0637\u0628\u064a\u0639\u064a \u0627\u0644\u0630\u064a \u064a\u0645\u0646\u0639 \u0646\u0645\u0648 \u0627\u0644\u0639\u0641\u0646 \u0648\u0627\u0644\u0628\u0643\u062a\u064a\u0631\u064a\u0627 \u0648<\/span><br \/>\n<span style=\"color: #000080;\">\u062a\u062f\u0645\u064a\u0631 \u0627\u0644\u062e\u0636\u0631 \u0627\u0644\u0645\u062a\u0631\u0628\u0629.<\/span><\/p>\n<p><span style=\"color: #000080;\">\u0647\u0630\u0647 \u0627\u0644\u062a\u0643\u0646\u0648\u0644\u0648\u062c\u064a\u0627 \u0627\u0644\u0645\u0632\u062f\u0648\u062c\u0629 \u062d\u0627\u0635\u0644\u0629 \u0639\u0644\u0649 \u0628\u0631\u0627\u0621\u0629 \u0627\u062e\u062a\u0631\u0627\u0639 \u0639\u0636\u0648\u064a\u0629 100\u066a<\/span><br \/>\n<span style=\"color: #000080;\">\u062a\u0648\u0636\u0639 \u0627\u0644\u0628\u0631\u0648\u0628\u064a\u0648\u062a\u064a\u0643 \u0641\u064a \u0627\u0644\u0645\u0627\u062f\u0629 \u0639\u0644\u0649 \u0634\u0643\u0644 \u0643\u0628\u0633\u0648\u0644\u0627\u062a \u062f\u0642\u064a\u0642\u0629<\/span><br \/>\n<span style=\"color: #000080;\">\u0627\u0644\u062a\u0646\u0634\u064a\u0637 \u0623\u062b\u0646\u0627\u0621 \u0627\u0633\u062a\u062e\u062f\u0627\u0645 \u063a\u0637\u0627\u0621 \u0627\u0644\u0648\u0633\u0627\u062f\u0629<strong>\u0648\u0633\u0627\u062f\u0629<\/strong> et la garder fra\u00eeche et<\/span><br \/>\n<span style=\"color: #000080;\">\u062a\u0646\u0638\u064a\u0641 \u0627\u0644\u0628\u064a\u062a.<\/span><br \/>\n<span style=\"color: #000080;\">Les <a style=\"color: #000080;\" href=\"https:\/\/perdormire-dz.com\/ar\/product\/drap-housse-respira-impermeable-et-hyper-respirant\/\"><strong>\u0623\u063a\u0644\u0641\u0629<\/strong> <\/a>\u064a\u062a\u0645 \u0625\u0632\u0627\u0644\u062a\u0647\u0627 \u0648\u063a\u0633\u0644\u0647\u0627 \u0639\u0646\u062f 30 \u062f\u0631\u062c\u0629 \u0645\u0626\u0648\u064a\u0629.<\/span><\/p>","protected":false},"excerpt":{"rendered":"<p>&nbsp;<\/p>\n<p><span style=\"color: #000080;\">L&rsquo;<a style=\"color: #000080;\" href=\"https:\/\/perdormire-dz.com\/ar\/oreillers\/\"><strong>\u0648\u0633\u0627\u062f\u0629<\/strong><\/a> <strong>Queen<\/strong> \u0645\u0635\u0646\u0648\u0639 \u0645\u0646 \u0645\u0627\u062f\u0629 \u0627\u0644\u0644\u0627\u062a\u0643\u0633 \u0648\u0647\u064a \u0645\u0627\u062f\u0629 \u062a\u0634\u0631\u064a\u062d\u064a\u0629 \u0648\u0645\u0636\u0627\u062f\u0629 \u0644\u0644\u0628\u0643\u062a\u064a\u0631\u064a\u0627 \u0648\u0645\u0636\u0627\u062f\u0629 \u0644\u0644\u062d\u0633\u0627\u0633\u064a\u0629 \u0645\u0627\u062f\u0629 \u0627\u0644\u0644\u0627\u062a\u0643\u0633 \u0645\u0627\u062f\u0629 \u0637\u0628\u064a\u0639\u064a\u0629 \u0630\u0627\u062a \u0645\u0631\u0648\u0646\u0629 \u0627\u0633\u062a\u062b\u0646\u0627\u0626\u064a\u0629.<\/span><br \/>\n<span style=\"color: #000080;\">\u064a\u062a\u0643\u0648\u0646 \u0647\u064a\u0643\u0644 \u0647\u0630\u0647 \u0627\u0644\u0645\u0627\u062f\u0629 \u0645\u0646 \u0639\u062f\u062f \u0643\u0628\u064a\u0631 \u0645\u0646 \u0627\u0644\u062e\u0644\u0627\u064a\u0627 \u0627\u0644\u0645\u0641\u062a\u0648\u062d\u0629<\/span><br \/>\n<span style=\"color: #000080;\">\u0627\u0644\u062a\u064a \u062a\u0633\u0645\u062d \u0628\u0627\u0633\u062a\u0645\u0631\u0627\u0631 \u062f\u0648\u0631\u0627\u0646 \u0627\u0644\u0647\u0648\u0627\u0621 \u0644\u0623\u0642\u0635\u0649 \u062d\u062f<\/span><br \/>\n<span style=\"color: #000080;\">\u0644\u062a\u0646\u0641\u0633 \u0627\u0644\u0645\u0627\u062f\u0629.<\/span><\/p>\n<p>&nbsp;<\/p>","protected":false},"featured_media":3686,"template":"","meta":{"_acf_changed":false,"_exactmetrics_skip_tracking":false,"_exactmetrics_sitenote_active":false,"_exactmetrics_sitenote_note":"","_exactmetrics_sitenote_category":0},"product_brand":[],"product_cat":[88],"product_tag":[],"class_list":{"0":"post-3685","1":"product","2":"type-product","3":"status-publish","4":"has-post-thumbnail","6":"product_cat-oreillers","8":"first","9":"outofstock","10":"shipping-taxable","11":"purchasable","12":"product-type-simple"},"acf":[],"yoast_head":"<!-- This site is optimized with the Yoast SEO plugin v27.5 - https:\/\/yoast.com\/product\/yoast-seo-wordpress\/ -->\n<title>Oreiller QUEEN - Perdormire Alg\u00e9rie | Livraison Gratuite<\/title>\n<meta name=\"description\" content=\"Oreiller QUEEN: Fabriqu\u00e9 en latex qui est un mat\u00e9raix anatomique, antibact\u00e9rien et anti-allergique.| Livraison gratuite en Alg\u00e9rie.\" \/>\n<meta name=\"robots\" content=\"index, follow, max-snippet:-1, max-image-preview:large, max-video-preview:-1\" \/>\n<link rel=\"canonical\" href=\"https:\/\/perdormire-dz.com\/ar\/product\/oreiller-queen\/\" \/>\n<meta property=\"og:locale\" content=\"ar_AR\" \/>\n<meta property=\"og:type\" content=\"article\" \/>\n<meta property=\"og:title\" content=\"Oreiller QUEEN - Perdormire Alg\u00e9rie | Livraison Gratuite\" \/>\n<meta property=\"og:description\" content=\"Oreiller QUEEN: Fabriqu\u00e9 en latex qui est un mat\u00e9raix anatomique, antibact\u00e9rien et anti-allergique.| Livraison gratuite en Alg\u00e9rie.\" \/>\n<meta property=\"og:url\" content=\"https:\/\/perdormire-dz.com\/ar\/product\/oreiller-queen\/\" \/>\n<meta property=\"og:site_name\" content=\"Perdormire Alg\u00e9rie\" \/>\n<meta property=\"article:publisher\" content=\"https:\/\/web.facebook.com\/PerdormireDz\/\" \/>\n<meta property=\"article:modified_time\" content=\"2023-09-24T18:28:21+00:00\" \/>\n<meta property=\"og:image\" content=\"https:\/\/i0.wp.com\/perdormire-dz.com\/wp-content\/uploads\/2021\/05\/Queen-1-700x466-1.jpg?fit=700%2C466&ssl=1\" \/>\n\t<meta property=\"og:image:width\" content=\"700\" \/>\n\t<meta property=\"og:image:height\" content=\"466\" \/>\n\t<meta property=\"og:image:type\" content=\"image\/jpeg\" \/>\n<meta name=\"twitter:card\" content=\"summary_large_image\" \/>\n<meta name=\"twitter:label1\" content=\"\u0648\u0642\u062a \u0627\u0644\u0642\u0631\u0627\u0621\u0629 \u0627\u0644\u0645\u064f\u0642\u062f\u0651\u0631\" \/>\n\t<meta name=\"twitter:data1\" content=\"\u062f\u0642\u064a\u0642\u0629 \u0648\u0627\u062d\u062f\u0629\" \/>\n<script type=\"application\/ld+json\" class=\"yoast-schema-graph\">{\"@context\":\"https:\\\/\\\/schema.org\",\"@graph\":[{\"@type\":\"WebPage\",\"@id\":\"https:\\\/\\\/perdormire-dz.com\\\/produit\\\/oreiller-queen\\\/\",\"url\":\"https:\\\/\\\/perdormire-dz.com\\\/produit\\\/oreiller-queen\\\/\",\"name\":\"Oreiller QUEEN - Perdormire Alg\u00e9rie | Livraison Gratuite\",\"isPartOf\":{\"@id\":\"https:\\\/\\\/perdormire-dz.com\\\/#website\"},\"primaryImageOfPage\":{\"@id\":\"https:\\\/\\\/perdormire-dz.com\\\/produit\\\/oreiller-queen\\\/#primaryimage\"},\"image\":{\"@id\":\"https:\\\/\\\/perdormire-dz.com\\\/produit\\\/oreiller-queen\\\/#primaryimage\"},\"thumbnailUrl\":\"https:\\\/\\\/i0.wp.com\\\/perdormire-dz.com\\\/wp-content\\\/uploads\\\/2021\\\/05\\\/Queen-1-700x466-1.jpg?fit=700%2C466&ssl=1\",\"datePublished\":\"2021-05-02T16:56:31+00:00\",\"dateModified\":\"2023-09-24T18:28:21+00:00\",\"description\":\"Oreiller QUEEN: Fabriqu\u00e9 en latex qui est un mat\u00e9raix anatomique, antibact\u00e9rien et anti-allergique.| Livraison gratuite en Alg\u00e9rie.\",\"breadcrumb\":{\"@id\":\"https:\\\/\\\/perdormire-dz.com\\\/produit\\\/oreiller-queen\\\/#breadcrumb\"},\"inLanguage\":\"ar\",\"potentialAction\":[{\"@type\":\"ReadAction\",\"target\":[\"https:\\\/\\\/perdormire-dz.com\\\/produit\\\/oreiller-queen\\\/\"]}]},{\"@type\":\"ImageObject\",\"inLanguage\":\"ar\",\"@id\":\"https:\\\/\\\/perdormire-dz.com\\\/produit\\\/oreiller-queen\\\/#primaryimage\",\"url\":\"https:\\\/\\\/i0.wp.com\\\/perdormire-dz.com\\\/wp-content\\\/uploads\\\/2021\\\/05\\\/Queen-1-700x466-1.jpg?fit=700%2C466&ssl=1\",\"contentUrl\":\"https:\\\/\\\/i0.wp.com\\\/perdormire-dz.com\\\/wp-content\\\/uploads\\\/2021\\\/05\\\/Queen-1-700x466-1.jpg?fit=700%2C466&ssl=1\",\"width\":700,\"height\":466,\"caption\":\"Oreiller orthop\u00e9dique QUEEN-Perdormire Alg\u00e9rie\"},{\"@type\":\"BreadcrumbList\",\"@id\":\"https:\\\/\\\/perdormire-dz.com\\\/produit\\\/oreiller-queen\\\/#breadcrumb\",\"itemListElement\":[{\"@type\":\"ListItem\",\"position\":1,\"name\":\"Accueil\",\"item\":\"https:\\\/\\\/perdormire-dz.com\\\/ar\\\/\"},{\"@type\":\"ListItem\",\"position\":2,\"name\":\"Boutique\",\"item\":\"https:\\\/\\\/perdormire-dz.com\\\/fr_fr\\\/boutique\\\/\"},{\"@type\":\"ListItem\",\"position\":3,\"name\":\"Oreiller QUEEN\"}]},{\"@type\":\"WebSite\",\"@id\":\"https:\\\/\\\/perdormire-dz.com\\\/#website\",\"url\":\"https:\\\/\\\/perdormire-dz.com\\\/\",\"name\":\"Perdormire Alg\u00e9rie\",\"description\":\"Design For Wellness\",\"publisher\":{\"@id\":\"https:\\\/\\\/perdormire-dz.com\\\/#organization\"},\"potentialAction\":[{\"@type\":\"SearchAction\",\"target\":{\"@type\":\"EntryPoint\",\"urlTemplate\":\"https:\\\/\\\/perdormire-dz.com\\\/?s={search_term_string}\"},\"query-input\":{\"@type\":\"PropertyValueSpecification\",\"valueRequired\":true,\"valueName\":\"search_term_string\"}}],\"inLanguage\":\"ar\"},{\"@type\":\"Organization\",\"@id\":\"https:\\\/\\\/perdormire-dz.com\\\/#organization\",\"name\":\"Perdormire Alg\u00e9rie\",\"url\":\"https:\\\/\\\/perdormire-dz.com\\\/\",\"logo\":{\"@type\":\"ImageObject\",\"inLanguage\":\"ar\",\"@id\":\"https:\\\/\\\/perdormire-dz.com\\\/#\\\/schema\\\/logo\\\/image\\\/\",\"url\":\"\",\"contentUrl\":\"\",\"caption\":\"Perdormire Alg\u00e9rie\"},\"image\":{\"@id\":\"https:\\\/\\\/perdormire-dz.com\\\/#\\\/schema\\\/logo\\\/image\\\/\"},\"sameAs\":[\"https:\\\/\\\/web.facebook.com\\\/PerdormireDz\\\/\",\"https:\\\/\\\/www.instagram.com\\\/perdormire_algerie\\\/\"]}]}<\/script>\n<!-- \/ Yoast SEO plugin. -->","yoast_head_json":{"title":"Oreiller QUEEN - Perdormire Alg\u00e9rie | Livraison Gratuite","description":"Oreiller QUEEN: Fabriqu\u00e9 en latex qui est un mat\u00e9raix anatomique, antibact\u00e9rien et anti-allergique.| Livraison gratuite en Alg\u00e9rie.","robots":{"index":"index","follow":"follow","max-snippet":"max-snippet:-1","max-image-preview":"max-image-preview:large","max-video-preview":"max-video-preview:-1"},"canonical":"https:\/\/perdormire-dz.com\/ar\/product\/oreiller-queen\/","og_locale":"ar_AR","og_type":"article","og_title":"Oreiller QUEEN - Perdormire Alg\u00e9rie | Livraison Gratuite","og_description":"Oreiller QUEEN: Fabriqu\u00e9 en latex qui est un mat\u00e9raix anatomique, antibact\u00e9rien et anti-allergique.| Livraison gratuite en Alg\u00e9rie.","og_url":"https:\/\/perdormire-dz.com\/ar\/product\/oreiller-queen\/","og_site_name":"Perdormire Alg\u00e9rie","article_publisher":"https:\/\/web.facebook.com\/PerdormireDz\/","article_modified_time":"2023-09-24T18:28:21+00:00","og_image":[{"width":700,"height":466,"url":"https:\/\/i0.wp.com\/perdormire-dz.com\/wp-content\/uploads\/2021\/05\/Queen-1-700x466-1.jpg?fit=700%2C466&ssl=1","type":"image\/jpeg"}],"twitter_card":"summary_large_image","twitter_misc":{"\u0648\u0642\u062a \u0627\u0644\u0642\u0631\u0627\u0621\u0629 \u0627\u0644\u0645\u064f\u0642\u062f\u0651\u0631":"\u062f\u0642\u064a\u0642\u0629 \u0648\u0627\u062d\u062f\u0629"},"schema":{"@context":"https:\/\/schema.org","@graph":[{"@type":"WebPage","@id":"https:\/\/perdormire-dz.com\/produit\/oreiller-queen\/","url":"https:\/\/perdormire-dz.com\/produit\/oreiller-queen\/","name":"Oreiller QUEEN - Perdormire Alg\u00e9rie | Livraison Gratuite","isPartOf":{"@id":"https:\/\/perdormire-dz.com\/#website"},"primaryImageOfPage":{"@id":"https:\/\/perdormire-dz.com\/produit\/oreiller-queen\/#primaryimage"},"image":{"@id":"https:\/\/perdormire-dz.com\/produit\/oreiller-queen\/#primaryimage"},"thumbnailUrl":"https:\/\/i0.wp.com\/perdormire-dz.com\/wp-content\/uploads\/2021\/05\/Queen-1-700x466-1.jpg?fit=700%2C466&ssl=1","datePublished":"2021-05-02T16:56:31+00:00","dateModified":"2023-09-24T18:28:21+00:00","description":"Oreiller QUEEN: Fabriqu\u00e9 en latex qui est un mat\u00e9raix anatomique, antibact\u00e9rien et anti-allergique.| Livraison gratuite en Alg\u00e9rie.","breadcrumb":{"@id":"https:\/\/perdormire-dz.com\/produit\/oreiller-queen\/#breadcrumb"},"inLanguage":"ar","potentialAction":[{"@type":"ReadAction","target":["https:\/\/perdormire-dz.com\/produit\/oreiller-queen\/"]}]},{"@type":"ImageObject","inLanguage":"ar","@id":"https:\/\/perdormire-dz.com\/produit\/oreiller-queen\/#primaryimage","url":"https:\/\/i0.wp.com\/perdormire-dz.com\/wp-content\/uploads\/2021\/05\/Queen-1-700x466-1.jpg?fit=700%2C466&ssl=1","contentUrl":"https:\/\/i0.wp.com\/perdormire-dz.com\/wp-content\/uploads\/2021\/05\/Queen-1-700x466-1.jpg?fit=700%2C466&ssl=1","width":700,"height":466,"caption":"Oreiller orthop\u00e9dique QUEEN-Perdormire Alg\u00e9rie"},{"@type":"BreadcrumbList","@id":"https:\/\/perdormire-dz.com\/produit\/oreiller-queen\/#breadcrumb","itemListElement":[{"@type":"ListItem","position":1,"name":"Accueil","item":"https:\/\/perdormire-dz.com\/ar\/"},{"@type":"ListItem","position":2,"name":"Boutique","item":"https:\/\/perdormire-dz.com\/fr_fr\/boutique\/"},{"@type":"ListItem","position":3,"name":"Oreiller QUEEN"}]},{"@type":"WebSite","@id":"https:\/\/perdormire-dz.com\/#website","url":"https:\/\/perdormire-dz.com\/","name":"\u0628\u0631\u062f\u0648\u0631\u0645\u064a\u0631\u064a  \u0627\u0644\u062c\u0632\u0627\u0626\u0631","description":"Design For Wellness","publisher":{"@id":"https:\/\/perdormire-dz.com\/#organization"},"potentialAction":[{"@type":"SearchAction","target":{"@type":"EntryPoint","urlTemplate":"https:\/\/perdormire-dz.com\/?s={search_term_string}"},"query-input":{"@type":"PropertyValueSpecification","valueRequired":true,"valueName":"search_term_string"}}],"inLanguage":"ar"},{"@type":"Organization","@id":"https:\/\/perdormire-dz.com\/#organization","name":"\u0628\u0631\u062f\u0648\u0631\u0645\u064a\u0631\u064a  \u0627\u0644\u062c\u0632\u0627\u0626\u0631","url":"https:\/\/perdormire-dz.com\/","logo":{"@type":"ImageObject","inLanguage":"ar","@id":"https:\/\/perdormire-dz.com\/#\/schema\/logo\/image\/","url":"","contentUrl":"","caption":"Perdormire Alg\u00e9rie"},"image":{"@id":"https:\/\/perdormire-dz.com\/#\/schema\/logo\/image\/"},"sameAs":["https:\/\/web.facebook.com\/PerdormireDz\/","https:\/\/www.instagram.com\/perdormire_algerie\/"]}]}},"jetpack_sharing_enabled":true,"_links":{"self":[{"href":"https:\/\/perdormire-dz.com\/ar\/wp-json\/wp\/v2\/product\/3685","targetHints":{"allow":["GET"]}}],"collection":[{"href":"https:\/\/perdormire-dz.com\/ar\/wp-json\/wp\/v2\/product"}],"about":[{"href":"https:\/\/perdormire-dz.com\/ar\/wp-json\/wp\/v2\/types\/product"}],"version-history":[{"count":0,"href":"https:\/\/perdormire-dz.com\/ar\/wp-json\/wp\/v2\/product\/3685\/revisions"}],"wp:featuredmedia":[{"embeddable":true,"href":"https:\/\/perdormire-dz.com\/ar\/wp-json\/wp\/v2\/media\/3686"}],"wp:attachment":[{"href":"https:\/\/perdormire-dz.com\/ar\/wp-json\/wp\/v2\/media?parent=3685"}],"wp:term":[{"taxonomy":"product_brand","embeddable":true,"href":"https:\/\/perdormire-dz.com\/ar\/wp-json\/wp\/v2\/product_brand?post=3685"},{"taxonomy":"product_cat","embeddable":true,"href":"https:\/\/perdormire-dz.com\/ar\/wp-json\/wp\/v2\/product_cat?post=3685"},{"taxonomy":"product_tag","embeddable":true,"href":"https:\/\/perdormire-dz.com\/ar\/wp-json\/wp\/v2\/product_tag?post=3685"}],"curies":[{"name":"wp","href":"https:\/\/api.w.org\/{rel}","templated":true}]}}