{"id":3657,"date":"2021-05-01T15:51:31","date_gmt":"2021-05-01T15:51:31","guid":{"rendered":"https:\/\/perdormire-dz.com\/?post_type=product&#038;p=3657"},"modified":"2025-07-17T10:06:16","modified_gmt":"2025-07-17T10:06:16","slug":"oreiller-soya-moore-perdormire-algerie","status":"publish","type":"product","link":"https:\/\/perdormire-dz.com\/ar\/product\/oreiller-soya-moore-perdormire-algerie\/","title":{"rendered":"Oreiller SOYA MOORE"},"content":{"rendered":"<h2><span style=\"color: #000080;\">\u0648\u0633\u0627\u062f\u0629 Soya Moore<\/span><\/h2>\n<p><span style=\"color: #000080;\">L&rsquo;<strong>\u0648\u0633\u0627\u062f\u0629<\/strong> Soya Moore <a style=\"color: #000080;\" href=\"https:\/\/perdormire-dz.com\/ar\/boutique\/\">\u0645\u0646\u062a\u062c \u0645\u0628\u062a\u0643\u0631<\/a> \u0639\u0644\u0649 \u0623\u0633\u0627\u0633 \u0627\u062a\u062d\u0627\u062f \u0645\u062b\u0627\u0644\u064a \u0628\u064a\u0646 \u0627\u0644\u062a\u0643\u0646\u0648\u0644\u0648\u062c\u064a\u0627 \u0648\u0627\u0644\u0637\u0628\u064a\u0639\u0629. \u0645\u0635\u0646\u0648\u0639 \u0645\u0646 <a style=\"color: #000080;\" href=\"https:\/\/perdormire-dz.com\/ar\/materiaux-matelas\/\"><strong>\u0631\u063a\u0648\u0629<\/strong> \u0645\u0631\u0648\u0646\u0629 \u062e\u0627\u0635\u0629<\/a> \u0627\u0644\u0630\u064a \u064a\u062a\u0643\u064a\u0641 \u062a\u0645\u0627\u0645\u064b\u0627 \u0645\u0639 <strong>\u0627\u0644\u0631\u0623\u0633<\/strong> et au <strong>\u0631\u0642\u0628\u0629<\/strong> \u062f\u0648\u0646 \u062a\u0642\u062f\u064a\u0645 \u0636\u063a\u0637 \u0645\u0639\u0627\u0643\u0633 \u060c \u0625\u0644\u0649 \u062c\u0627\u0646\u0628 \u0645\u0627\u062f\u0629 \u062b\u0645\u064a\u0646\u0629 \u0642\u0627\u0626\u0645\u0629 \u0639\u0644\u0649 \u0627\u0644\u0635\u0648\u064a\u0627 \u060c \u0645\u0645\u0627 \u064a\u0639\u0637\u064a \u0646\u0639\u0648\u0645\u0629 \u0644\u0637\u064a\u0641\u0629 \u0648\u064a\u0639\u0632\u0632 \u0628\u0634\u0643\u0644 \u0637\u0628\u064a\u0639\u064a \u0645\u0631\u0648\u0646\u0629 \u0627\u0644\u0628\u0634\u0631\u0629 \u0648\u062a\u0631\u0637\u064a\u0628\u0647\u0627.<\/span><\/p>","protected":false},"excerpt":{"rendered":"<p><span style=\"color: #003366;\">\u064a\u0639\u0632\u0632 \u0628\u0634\u0643\u0644 \u0637\u0628\u064a\u0639\u064a \u0645\u0631\u0648\u0646\u0629 \u0627\u0644\u0628\u0634\u0631\u0629 \u0648\u062a\u0631\u0637\u064a\u0628\u0647\u0627<\/span><\/p>\n<p>&nbsp;<\/p>","protected":false},"featured_media":3660,"template":"","meta":{"_acf_changed":false,"_exactmetrics_skip_tracking":false,"_exactmetrics_sitenote_active":false,"_exactmetrics_sitenote_note":"","_exactmetrics_sitenote_category":0},"product_brand":[],"product_cat":[88],"product_tag":[123,124,211],"class_list":{"0":"post-3657","1":"product","2":"type-product","3":"status-publish","4":"has-post-thumbnail","6":"product_cat-oreillers","7":"product_tag-oreiller","8":"product_tag-oreiller-orthopedique","9":"product_tag-oreiller-soya-moore","11":"first","12":"instock","13":"shipping-taxable","14":"purchasable","15":"product-type-simple"},"acf":[],"yoast_head":"<!-- This site is optimized with the Yoast SEO plugin v27.5 - https:\/\/yoast.com\/product\/yoast-seo-wordpress\/ -->\n<title>Oreiller SOYA MOORE - Perdormire Alg\u00e9rie | Livraison gratuite<\/title>\n<meta name=\"description\" content=\"Oreiller SOYA MOORE : Produit innovant bas\u00e9 sur une union parfaite entre la technologie et la nature.Livraison gratuite en Alg\u00e9rie\" \/>\n<meta name=\"robots\" content=\"index, follow, max-snippet:-1, max-image-preview:large, max-video-preview:-1\" \/>\n<link rel=\"canonical\" href=\"https:\/\/perdormire-dz.com\/ar\/product\/oreiller-soya-moore-perdormire-algerie\/\" \/>\n<meta property=\"og:locale\" content=\"ar_AR\" \/>\n<meta property=\"og:type\" content=\"article\" \/>\n<meta property=\"og:title\" content=\"Oreiller SOYA MOORE - Perdormire Alg\u00e9rie | Livraison gratuite\" \/>\n<meta property=\"og:description\" content=\"Oreiller SOYA MOORE : Produit innovant bas\u00e9 sur une union parfaite entre la technologie et la nature.Livraison gratuite en Alg\u00e9rie\" \/>\n<meta property=\"og:url\" content=\"https:\/\/perdormire-dz.com\/ar\/product\/oreiller-soya-moore-perdormire-algerie\/\" \/>\n<meta property=\"og:site_name\" content=\"Perdormire Alg\u00e9rie\" \/>\n<meta property=\"article:publisher\" content=\"https:\/\/web.facebook.com\/PerdormireDz\/\" \/>\n<meta property=\"article:modified_time\" content=\"2025-07-17T10:06:16+00:00\" \/>\n<meta property=\"og:image\" content=\"https:\/\/i0.wp.com\/perdormire-dz.com\/wp-content\/uploads\/2021\/05\/Soya-Moore.jpg?fit=800%2C533&ssl=1\" \/>\n\t<meta property=\"og:image:width\" content=\"800\" \/>\n\t<meta property=\"og:image:height\" content=\"533\" \/>\n\t<meta property=\"og:image:type\" content=\"image\/jpeg\" \/>\n<meta name=\"twitter:card\" content=\"summary_large_image\" \/>\n<meta name=\"twitter:label1\" content=\"\u0648\u0642\u062a \u0627\u0644\u0642\u0631\u0627\u0621\u0629 \u0627\u0644\u0645\u064f\u0642\u062f\u0651\u0631\" \/>\n\t<meta name=\"twitter:data1\" content=\"\u062f\u0642\u064a\u0642\u0629 \u0648\u0627\u062d\u062f\u0629\" \/>\n<script type=\"application\/ld+json\" class=\"yoast-schema-graph\">{\"@context\":\"https:\\\/\\\/schema.org\",\"@graph\":[{\"@type\":\"WebPage\",\"@id\":\"https:\\\/\\\/perdormire-dz.com\\\/produit\\\/oreiller-soya-moore-perdormire-algerie\\\/\",\"url\":\"https:\\\/\\\/perdormire-dz.com\\\/produit\\\/oreiller-soya-moore-perdormire-algerie\\\/\",\"name\":\"Oreiller SOYA MOORE - Perdormire Alg\u00e9rie | Livraison gratuite\",\"isPartOf\":{\"@id\":\"https:\\\/\\\/perdormire-dz.com\\\/#website\"},\"primaryImageOfPage\":{\"@id\":\"https:\\\/\\\/perdormire-dz.com\\\/produit\\\/oreiller-soya-moore-perdormire-algerie\\\/#primaryimage\"},\"image\":{\"@id\":\"https:\\\/\\\/perdormire-dz.com\\\/produit\\\/oreiller-soya-moore-perdormire-algerie\\\/#primaryimage\"},\"thumbnailUrl\":\"https:\\\/\\\/i0.wp.com\\\/perdormire-dz.com\\\/wp-content\\\/uploads\\\/2021\\\/05\\\/Soya-Moore.jpg?fit=800%2C533&ssl=1\",\"datePublished\":\"2021-05-01T15:51:31+00:00\",\"dateModified\":\"2025-07-17T10:06:16+00:00\",\"description\":\"Oreiller SOYA MOORE : Produit innovant bas\u00e9 sur une union parfaite entre la technologie et la nature.Livraison gratuite en Alg\u00e9rie\",\"breadcrumb\":{\"@id\":\"https:\\\/\\\/perdormire-dz.com\\\/produit\\\/oreiller-soya-moore-perdormire-algerie\\\/#breadcrumb\"},\"inLanguage\":\"ar\",\"potentialAction\":[{\"@type\":\"ReadAction\",\"target\":[\"https:\\\/\\\/perdormire-dz.com\\\/produit\\\/oreiller-soya-moore-perdormire-algerie\\\/\"]}]},{\"@type\":\"ImageObject\",\"inLanguage\":\"ar\",\"@id\":\"https:\\\/\\\/perdormire-dz.com\\\/produit\\\/oreiller-soya-moore-perdormire-algerie\\\/#primaryimage\",\"url\":\"https:\\\/\\\/i0.wp.com\\\/perdormire-dz.com\\\/wp-content\\\/uploads\\\/2021\\\/05\\\/Soya-Moore.jpg?fit=800%2C533&ssl=1\",\"contentUrl\":\"https:\\\/\\\/i0.wp.com\\\/perdormire-dz.com\\\/wp-content\\\/uploads\\\/2021\\\/05\\\/Soya-Moore.jpg?fit=800%2C533&ssl=1\",\"width\":800,\"height\":533,\"caption\":\"Oreiller SOYA MOORE Perdormire Alg\u00e9rie\"},{\"@type\":\"BreadcrumbList\",\"@id\":\"https:\\\/\\\/perdormire-dz.com\\\/produit\\\/oreiller-soya-moore-perdormire-algerie\\\/#breadcrumb\",\"itemListElement\":[{\"@type\":\"ListItem\",\"position\":1,\"name\":\"Accueil\",\"item\":\"https:\\\/\\\/perdormire-dz.com\\\/ar\\\/\"},{\"@type\":\"ListItem\",\"position\":2,\"name\":\"Boutique\",\"item\":\"https:\\\/\\\/perdormire-dz.com\\\/fr_fr\\\/boutique\\\/\"},{\"@type\":\"ListItem\",\"position\":3,\"name\":\"Oreiller SOYA MOORE\"}]},{\"@type\":\"WebSite\",\"@id\":\"https:\\\/\\\/perdormire-dz.com\\\/#website\",\"url\":\"https:\\\/\\\/perdormire-dz.com\\\/\",\"name\":\"Perdormire Alg\u00e9rie\",\"description\":\"Design For Wellness\",\"publisher\":{\"@id\":\"https:\\\/\\\/perdormire-dz.com\\\/#organization\"},\"potentialAction\":[{\"@type\":\"SearchAction\",\"target\":{\"@type\":\"EntryPoint\",\"urlTemplate\":\"https:\\\/\\\/perdormire-dz.com\\\/?s={search_term_string}\"},\"query-input\":{\"@type\":\"PropertyValueSpecification\",\"valueRequired\":true,\"valueName\":\"search_term_string\"}}],\"inLanguage\":\"ar\"},{\"@type\":\"Organization\",\"@id\":\"https:\\\/\\\/perdormire-dz.com\\\/#organization\",\"name\":\"Perdormire Alg\u00e9rie\",\"url\":\"https:\\\/\\\/perdormire-dz.com\\\/\",\"logo\":{\"@type\":\"ImageObject\",\"inLanguage\":\"ar\",\"@id\":\"https:\\\/\\\/perdormire-dz.com\\\/#\\\/schema\\\/logo\\\/image\\\/\",\"url\":\"\",\"contentUrl\":\"\",\"caption\":\"Perdormire Alg\u00e9rie\"},\"image\":{\"@id\":\"https:\\\/\\\/perdormire-dz.com\\\/#\\\/schema\\\/logo\\\/image\\\/\"},\"sameAs\":[\"https:\\\/\\\/web.facebook.com\\\/PerdormireDz\\\/\",\"https:\\\/\\\/www.instagram.com\\\/perdormire_algerie\\\/\"]}]}<\/script>\n<!-- \/ Yoast SEO plugin. -->","yoast_head_json":{"title":"Oreiller SOYA MOORE - Perdormire Alg\u00e9rie | Livraison gratuite","description":"Oreiller SOYA MOORE : Produit innovant bas\u00e9 sur une union parfaite entre la technologie et la nature.Livraison gratuite en Alg\u00e9rie","robots":{"index":"index","follow":"follow","max-snippet":"max-snippet:-1","max-image-preview":"max-image-preview:large","max-video-preview":"max-video-preview:-1"},"canonical":"https:\/\/perdormire-dz.com\/ar\/product\/oreiller-soya-moore-perdormire-algerie\/","og_locale":"ar_AR","og_type":"article","og_title":"Oreiller SOYA MOORE - Perdormire Alg\u00e9rie | Livraison gratuite","og_description":"Oreiller SOYA MOORE : Produit innovant bas\u00e9 sur une union parfaite entre la technologie et la nature.Livraison gratuite en Alg\u00e9rie","og_url":"https:\/\/perdormire-dz.com\/ar\/product\/oreiller-soya-moore-perdormire-algerie\/","og_site_name":"Perdormire Alg\u00e9rie","article_publisher":"https:\/\/web.facebook.com\/PerdormireDz\/","article_modified_time":"2025-07-17T10:06:16+00:00","og_image":[{"width":800,"height":533,"url":"https:\/\/i0.wp.com\/perdormire-dz.com\/wp-content\/uploads\/2021\/05\/Soya-Moore.jpg?fit=800%2C533&ssl=1","type":"image\/jpeg"}],"twitter_card":"summary_large_image","twitter_misc":{"\u0648\u0642\u062a \u0627\u0644\u0642\u0631\u0627\u0621\u0629 \u0627\u0644\u0645\u064f\u0642\u062f\u0651\u0631":"\u062f\u0642\u064a\u0642\u0629 \u0648\u0627\u062d\u062f\u0629"},"schema":{"@context":"https:\/\/schema.org","@graph":[{"@type":"WebPage","@id":"https:\/\/perdormire-dz.com\/produit\/oreiller-soya-moore-perdormire-algerie\/","url":"https:\/\/perdormire-dz.com\/produit\/oreiller-soya-moore-perdormire-algerie\/","name":"Oreiller SOYA MOORE - Perdormire Alg\u00e9rie | Livraison gratuite","isPartOf":{"@id":"https:\/\/perdormire-dz.com\/#website"},"primaryImageOfPage":{"@id":"https:\/\/perdormire-dz.com\/produit\/oreiller-soya-moore-perdormire-algerie\/#primaryimage"},"image":{"@id":"https:\/\/perdormire-dz.com\/produit\/oreiller-soya-moore-perdormire-algerie\/#primaryimage"},"thumbnailUrl":"https:\/\/i0.wp.com\/perdormire-dz.com\/wp-content\/uploads\/2021\/05\/Soya-Moore.jpg?fit=800%2C533&ssl=1","datePublished":"2021-05-01T15:51:31+00:00","dateModified":"2025-07-17T10:06:16+00:00","description":"Oreiller SOYA MOORE : Produit innovant bas\u00e9 sur une union parfaite entre la technologie et la nature.Livraison gratuite en Alg\u00e9rie","breadcrumb":{"@id":"https:\/\/perdormire-dz.com\/produit\/oreiller-soya-moore-perdormire-algerie\/#breadcrumb"},"inLanguage":"ar","potentialAction":[{"@type":"ReadAction","target":["https:\/\/perdormire-dz.com\/produit\/oreiller-soya-moore-perdormire-algerie\/"]}]},{"@type":"ImageObject","inLanguage":"ar","@id":"https:\/\/perdormire-dz.com\/produit\/oreiller-soya-moore-perdormire-algerie\/#primaryimage","url":"https:\/\/i0.wp.com\/perdormire-dz.com\/wp-content\/uploads\/2021\/05\/Soya-Moore.jpg?fit=800%2C533&ssl=1","contentUrl":"https:\/\/i0.wp.com\/perdormire-dz.com\/wp-content\/uploads\/2021\/05\/Soya-Moore.jpg?fit=800%2C533&ssl=1","width":800,"height":533,"caption":"Oreiller SOYA MOORE Perdormire Alg\u00e9rie"},{"@type":"BreadcrumbList","@id":"https:\/\/perdormire-dz.com\/produit\/oreiller-soya-moore-perdormire-algerie\/#breadcrumb","itemListElement":[{"@type":"ListItem","position":1,"name":"Accueil","item":"https:\/\/perdormire-dz.com\/ar\/"},{"@type":"ListItem","position":2,"name":"Boutique","item":"https:\/\/perdormire-dz.com\/fr_fr\/boutique\/"},{"@type":"ListItem","position":3,"name":"Oreiller SOYA MOORE"}]},{"@type":"WebSite","@id":"https:\/\/perdormire-dz.com\/#website","url":"https:\/\/perdormire-dz.com\/","name":"\u0628\u0631\u062f\u0648\u0631\u0645\u064a\u0631\u064a  \u0627\u0644\u062c\u0632\u0627\u0626\u0631","description":"Design For Wellness","publisher":{"@id":"https:\/\/perdormire-dz.com\/#organization"},"potentialAction":[{"@type":"SearchAction","target":{"@type":"EntryPoint","urlTemplate":"https:\/\/perdormire-dz.com\/?s={search_term_string}"},"query-input":{"@type":"PropertyValueSpecification","valueRequired":true,"valueName":"search_term_string"}}],"inLanguage":"ar"},{"@type":"Organization","@id":"https:\/\/perdormire-dz.com\/#organization","name":"\u0628\u0631\u062f\u0648\u0631\u0645\u064a\u0631\u064a  \u0627\u0644\u062c\u0632\u0627\u0626\u0631","url":"https:\/\/perdormire-dz.com\/","logo":{"@type":"ImageObject","inLanguage":"ar","@id":"https:\/\/perdormire-dz.com\/#\/schema\/logo\/image\/","url":"","contentUrl":"","caption":"Perdormire Alg\u00e9rie"},"image":{"@id":"https:\/\/perdormire-dz.com\/#\/schema\/logo\/image\/"},"sameAs":["https:\/\/web.facebook.com\/PerdormireDz\/","https:\/\/www.instagram.com\/perdormire_algerie\/"]}]}},"jetpack_sharing_enabled":true,"_links":{"self":[{"href":"https:\/\/perdormire-dz.com\/ar\/wp-json\/wp\/v2\/product\/3657","targetHints":{"allow":["GET"]}}],"collection":[{"href":"https:\/\/perdormire-dz.com\/ar\/wp-json\/wp\/v2\/product"}],"about":[{"href":"https:\/\/perdormire-dz.com\/ar\/wp-json\/wp\/v2\/types\/product"}],"version-history":[{"count":2,"href":"https:\/\/perdormire-dz.com\/ar\/wp-json\/wp\/v2\/product\/3657\/revisions"}],"predecessor-version":[{"id":9164,"href":"https:\/\/perdormire-dz.com\/ar\/wp-json\/wp\/v2\/product\/3657\/revisions\/9164"}],"wp:featuredmedia":[{"embeddable":true,"href":"https:\/\/perdormire-dz.com\/ar\/wp-json\/wp\/v2\/media\/3660"}],"wp:attachment":[{"href":"https:\/\/perdormire-dz.com\/ar\/wp-json\/wp\/v2\/media?parent=3657"}],"wp:term":[{"taxonomy":"product_brand","embeddable":true,"href":"https:\/\/perdormire-dz.com\/ar\/wp-json\/wp\/v2\/product_brand?post=3657"},{"taxonomy":"product_cat","embeddable":true,"href":"https:\/\/perdormire-dz.com\/ar\/wp-json\/wp\/v2\/product_cat?post=3657"},{"taxonomy":"product_tag","embeddable":true,"href":"https:\/\/perdormire-dz.com\/ar\/wp-json\/wp\/v2\/product_tag?post=3657"}],"curies":[{"name":"wp","href":"https:\/\/api.w.org\/{rel}","templated":true}]}}