{"id":3627,"date":"2021-05-01T12:55:38","date_gmt":"2021-05-01T12:55:38","guid":{"rendered":"https:\/\/perdormire-dz.com\/?post_type=product&#038;p=3627"},"modified":"2025-05-21T11:27:41","modified_gmt":"2025-05-21T11:27:41","slug":"matelas-lovely-latex-4-5","status":"publish","type":"product","link":"https:\/\/perdormire-dz.com\/ar\/product\/matelas-lovely-latex-4-5\/","title":{"rendered":"\u0641\u0631\u0627\u0634 LOVELY LATEX 4.5"},"content":{"rendered":"<h2><span style=\"color: #003366; font-size: 110%;\">\u0641\u0631\u0627\u0634 LOVELY LATEX 4.5<\/span><\/h2>\n<p><span style=\"color: #003366;\">\u0645\u0631\u062a\u0628\u0629 Lovely Latex \u0647\u064a<a href=\"https:\/\/perdormire-dz.com\/ar\/matelas-orthopediques-algerie\/\" target=\"_blank\" rel=\"noopener\">\u00a0\u0635\u0646\u0639 \u0641\u064a \u0627\u064a\u0637\u0627\u0644\u064a\u0627<\/a> \u0628\u0637\u0628\u0642\u0629 \u0645\u0646 \u0631\u063a\u0648\u0629 \u0627\u0644\u0644\u0627\u062a\u0643\u0633 \u0627\u0644\u0645\u0647\u064a\u0643\u0644\u0629 100\u066a \u0645\u0639 7 \u0645\u0646\u0627\u0637\u0642 \u062f\u0639\u0645 \u0645\u062a\u0628\u0627\u064a\u0646\u0629. \u062d\u0634\u0648 \u0631\u063a\u0648\u0629 \u0648\u0623\u0644\u064a\u0627\u0641 \u0646\u0627\u0639\u0645\u0629 \u0644\u0644\u063a\u0627\u064a\u0629 \u0628\u062e\u0635\u0627\u0626\u0635 \u0645\u0636\u0627\u062f\u0629 \u0644\u0644\u062d\u0633\u0627\u0633\u064a\u0629. \u0634\u0631\u064a\u0637 \u062c\u0627\u0646\u0628\u064a \u0641\u064a \u0627\u0644\u0641\u0636\u0627\u0621 \u0627\u0644\u062c\u0648\u064a \u0645\u0639 \u062c\u0647\u0627\u0632 \u062a\u0647\u0648\u064a\u0629 \u064a\u0639\u0645\u0644 \u0639\u0644\u0649 \u062a\u0628\u062f\u064a\u062f \u0627\u0644\u0631\u0637\u0648\u0628\u0629. \u063a\u0637\u0627\u0621 \u0642\u0627\u0628\u0644 \u0644\u0644\u0646\u0632\u0639 \u0645\u0646 4 \u062c\u0648\u0627\u0646\u0628 \u0648\u0642\u0627\u0628\u0644 \u0644\u0644\u063a\u0633\u0644. <strong>\u062a\u062d\u062a\u0648\u064a \u0627\u0644\u0645\u0631\u062a\u0628\u0629 \u0639\u0644\u0649 \u0645\u0646\u0627\u0637\u0642 \u0631\u0627\u062d\u0629 \u0645\u062a\u0639\u062f\u062f\u0629<\/strong>\u0648\u0647\u0648 \u0645\u062a\u0648\u0641\u0631 \u0628\u0623\u0646\u0648\u0627\u0639: \u0645\u0632\u062f\u0648\u062c \u060c \u0645\u0641\u0631\u062f<\/span><\/p>\n<p><span style=\"color: #003366;\">- <strong>\u0627\u0644\u0623\u0641\u0631\u0634\u0629 \u0644\u062f\u064a\u0646\u0627<\/strong> \u0645\u0646\u062a\u062c Lovely Latex 4.5 \u0647\u0648 \u0646\u062a\u0627\u062c \u062d\u0631\u0641\u064a\u0629 \u0639\u0627\u0644\u064a\u0629. \u0627\u0644\u0645\u064a\u0632\u0627\u062a \u0627\u0644\u0631\u0626\u064a\u0633\u064a\u0629 \u0627\u0644\u062a\u064a \u062a\u062c\u0639\u0644\u0647\u0627 \u0641\u0631\u064a\u062f\u0629 \u0645\u0646 \u0646\u0648\u0639\u0647\u0627 \u0647\u064a: \u0627\u0644\u0623\u0644\u064a\u0627\u0641 <a href=\"https:\/\/www.wikimeubles.fr\/revetements\/definition-tissu-hypoallergenique\/\" target=\"_blank\" rel=\"noopener\">\u0645\u0636\u0627\u062f \u0644\u0644\u062d\u0633\u0627\u0633\u064a\u0629<\/a> \u061b \u062a\u0635\u0645\u064a\u0645\u0647\u0627 \u060c \u0645\u0627\u062f\u0629 \u0642\u0627\u0628\u0644\u0629 \u0644\u0644\u062a\u0646\u0641\u0633 \u0648\u0645\u0631\u0646\u0629 \u062a\u0645 \u0627\u062e\u062a\u064a\u0627\u0631\u0647\u0627 \u0644\u063a\u0637\u0627\u0621 \u0627\u0644\u0645\u0631\u062a\u0628\u0629 \u060c \u0648\u062d\u0634\u0648\u0629 \u0623\u0644\u064a\u0627\u0641 \u0627\u0644\u0643\u062a\u0627\u0646.<\/span><\/p>\n<p><span style=\"color: #003366;\">\u0647\u0630\u0627 <strong>\u0627\u0644\u0623\u0641\u0631\u0634\u0629 \u0644\u062f\u064a\u0646\u0627<\/strong> \u0645\u0636\u0627\u062f \u0644\u0644\u062d\u0633\u0627\u0633\u064a\u0629 \u0645\u0639 \u0628\u0637\u0627\u0646\u0629 \u0642\u0627\u0628\u0644\u0629 \u0644\u0644\u0625\u0632\u0627\u0644\u0629. \u0627\u062a\u0636\u062d \u0623\u0646\u0647 \u0627\u0644\u062e\u064a\u0627\u0631 \u0627\u0644\u0623\u0645\u062b\u0644 \u0644\u0644\u062d\u062f \u0645\u0646 \u0645\u0634\u0627\u0643\u0644 \u0627\u0644\u0648\u0636\u0639 \u0648\u0623\u0645\u0631\u0627\u0636 \u0627\u0644\u0627\u0633\u062a\u0644\u0642\u0627\u0621 \u0648\u0627\u0644\u062a\u062e\u0641\u064a\u0641 \u0645\u0646 \u062d\u062f\u062a\u0647\u0627. \u0634\u0643\u0644\u0647\u0627 \u0627\u0644\u0641\u0631\u064a\u062f \u064a\u062c\u0639\u0644 \u0647\u0630\u0647 \u0627\u0644\u0645\u0631\u062a\u0628\u0629 \u0645\u062b\u0627\u0644\u064a\u0629 \u0644\u0623\u0648\u0644\u0626\u0643 \u0627\u0644\u0630\u064a\u0646 \u064a\u0639\u0627\u0646\u0648\u0646 \u0645\u0646 \u0622\u0644\u0627\u0645 \u0623\u0633\u0641\u0644 \u0627\u0644\u0638\u0647\u0631 \u060c \u0645\u0645\u0627 \u064a\u0636\u0645\u0646 \u0627\u0633\u062a\u0631\u062e\u0627\u0621 \u0623\u0643\u0628\u0631 \u0644\u0644\u0639\u0645\u0648\u062f \u0627\u0644\u0641\u0642\u0631\u064a. \u0639\u0644\u0649 \u0648\u062c\u0647 \u0627\u0644\u062e\u0635\u0648\u0635 \u060c \u064a\u062d\u0638\u0649 \u0628\u0634\u0639\u0628\u064a\u0629 \u0643\u0628\u064a\u0631\u0629 \u0628\u064a\u0646 \u0627\u0644\u0630\u064a\u0646 \u064a\u0646\u0627\u0645\u0648\u0646 \u0639\u0644\u0649 \u0627\u0644\u062c\u0627\u0646\u0628 \u0648\u064a\u0635\u0646\u0641 \u0639\u0644\u0649 \u0623\u0646\u0647 \u062c\u0647\u0627\u0632 \u0637\u0628\u064a \u0645\u0646 \u0627\u0644\u062f\u0631\u062c\u0629 \u0627\u0644\u0623\u0648\u0644\u0649.<\/span><\/p>","protected":false},"excerpt":{"rendered":"<p><span style=\"color: #003366;\">\u0645\u0631\u062a\u0628\u0629 \u0644\u0627\u062a\u0643\u0633 \u0630\u0627\u062a \u062e\u0635\u0627\u0626\u0635 \u0635\u062d\u064a\u0629. \u062a\u062a\u0648\u0641\u0631 \u0645\u0631\u062a\u0628\u0629 Lovely Latex 4.5 \u0641\u064a \u0627\u0644\u0623\u0646\u0648\u0627\u0639: \u0645\u0632\u062f\u0648\u062c\u0629 \u0648\u0645\u0641\u0631\u062f\u0629.\u00a0<\/span><\/p>\n<p><span style=\"color: #003366;\">Hauteur du <strong>\u0627\u0644\u0623\u0641\u0631\u0634\u0629 \u0644\u062f\u064a\u0646\u0627<\/strong>: \u062d\u0648\u0627\u0644\u064a 26 \u0633\u0645<\/span><\/p>\n<p>&nbsp;<\/p>\n<p>&nbsp;<\/p>","protected":false},"featured_media":7219,"template":"","meta":{"_acf_changed":false,"_exactmetrics_skip_tracking":false,"_exactmetrics_sitenote_active":false,"_exactmetrics_sitenote_note":"","_exactmetrics_sitenote_category":0},"product_brand":[],"product_cat":[232,231,87,230,228,94,90],"product_tag":[99,215,125],"class_list":{"0":"post-3627","1":"product","2":"type-product","3":"status-publish","4":"has-post-thumbnail","6":"product_cat-ergonomique","7":"product_cat-hygienique","8":"product_cat-matelas","9":"product_cat-matelas-a-memoire-de-forme","10":"product_cat-matelas-latex","11":"product_cat-promo","12":"product_cat-souple","13":"product_tag-matelas","14":"product_tag-matelas-lovely-latex","15":"product_tag-matelas-orthopedique-1","17":"first","18":"instock","19":"sale","20":"shipping-taxable","21":"purchasable","22":"product-type-variable"},"acf":[],"yoast_head":"<!-- This site is optimized with the Yoast SEO plugin v27.5 - https:\/\/yoast.com\/product\/yoast-seo-wordpress\/ -->\n<title>Matelas Lovely Latex - Perdormire Alg\u00e9rie | Livraison \u00e0 domicile<\/title>\n<meta name=\"description\" content=\"Matelas Lovely Latex 4.5: 100% fibre hypoallerg\u00e9nique avec design \u00ablurex\u00bb avec bordure de matelas.Le tissu gris 100% fibre hypoallerg\u00e9nique\" \/>\n<meta name=\"robots\" content=\"index, follow, max-snippet:-1, max-image-preview:large, max-video-preview:-1\" \/>\n<link rel=\"canonical\" href=\"https:\/\/perdormire-dz.com\/ar\/product\/matelas-lovely-latex-4-5\/\" \/>\n<meta property=\"og:locale\" content=\"ar_AR\" \/>\n<meta property=\"og:type\" content=\"article\" \/>\n<meta property=\"og:title\" content=\"Matelas Lovely Latex - Perdormire Alg\u00e9rie | Livraison \u00e0 domicile\" \/>\n<meta property=\"og:description\" content=\"Matelas Lovely Latex 4.5: 100% fibre hypoallerg\u00e9nique avec design \u00ablurex\u00bb avec bordure de matelas.Le tissu gris 100% fibre hypoallerg\u00e9nique\" \/>\n<meta property=\"og:url\" content=\"https:\/\/perdormire-dz.com\/ar\/product\/matelas-lovely-latex-4-5\/\" \/>\n<meta property=\"og:site_name\" content=\"Perdormire Alg\u00e9rie\" \/>\n<meta property=\"article:publisher\" content=\"https:\/\/web.facebook.com\/PerdormireDz\/\" \/>\n<meta property=\"article:modified_time\" content=\"2025-05-21T11:27:41+00:00\" \/>\n<meta property=\"og:image\" content=\"https:\/\/i0.wp.com\/perdormire-dz.com\/wp-content\/uploads\/2021\/05\/Lovely-Latex.webp?fit=600%2C400&ssl=1\" \/>\n\t<meta property=\"og:image:width\" content=\"600\" \/>\n\t<meta property=\"og:image:height\" content=\"400\" \/>\n\t<meta property=\"og:image:type\" content=\"image\/webp\" \/>\n<meta name=\"twitter:card\" content=\"summary_large_image\" \/>\n<meta name=\"twitter:label1\" content=\"\u0648\u0642\u062a \u0627\u0644\u0642\u0631\u0627\u0621\u0629 \u0627\u0644\u0645\u064f\u0642\u062f\u0651\u0631\" \/>\n\t<meta name=\"twitter:data1\" content=\"\u062f\u0642\u064a\u0642\u0629 \u0648\u0627\u062d\u062f\u0629\" \/>\n<script type=\"application\/ld+json\" class=\"yoast-schema-graph\">{\"@context\":\"https:\\\/\\\/schema.org\",\"@graph\":[{\"@type\":\"WebPage\",\"@id\":\"https:\\\/\\\/perdormire-dz.com\\\/fr_fr\\\/produit\\\/matelas-lovely-latex-4-5\\\/\",\"url\":\"https:\\\/\\\/perdormire-dz.com\\\/fr_fr\\\/produit\\\/matelas-lovely-latex-4-5\\\/\",\"name\":\"Matelas Lovely Latex - Perdormire Alg\u00e9rie | Livraison \u00e0 domicile\",\"isPartOf\":{\"@id\":\"https:\\\/\\\/perdormire-dz.com\\\/#website\"},\"primaryImageOfPage\":{\"@id\":\"https:\\\/\\\/perdormire-dz.com\\\/fr_fr\\\/produit\\\/matelas-lovely-latex-4-5\\\/#primaryimage\"},\"image\":{\"@id\":\"https:\\\/\\\/perdormire-dz.com\\\/fr_fr\\\/produit\\\/matelas-lovely-latex-4-5\\\/#primaryimage\"},\"thumbnailUrl\":\"https:\\\/\\\/i0.wp.com\\\/perdormire-dz.com\\\/wp-content\\\/uploads\\\/2021\\\/05\\\/Lovely-Latex.webp?fit=600%2C400&ssl=1\",\"datePublished\":\"2021-05-01T12:55:38+00:00\",\"dateModified\":\"2025-05-21T11:27:41+00:00\",\"description\":\"Matelas Lovely Latex 4.5: 100% fibre hypoallerg\u00e9nique avec design \u00ablurex\u00bb avec bordure de matelas.Le tissu gris 100% fibre hypoallerg\u00e9nique\",\"breadcrumb\":{\"@id\":\"https:\\\/\\\/perdormire-dz.com\\\/fr_fr\\\/produit\\\/matelas-lovely-latex-4-5\\\/#breadcrumb\"},\"inLanguage\":\"ar\",\"potentialAction\":[{\"@type\":\"ReadAction\",\"target\":[\"https:\\\/\\\/perdormire-dz.com\\\/fr_fr\\\/produit\\\/matelas-lovely-latex-4-5\\\/\"]}]},{\"@type\":\"ImageObject\",\"inLanguage\":\"ar\",\"@id\":\"https:\\\/\\\/perdormire-dz.com\\\/fr_fr\\\/produit\\\/matelas-lovely-latex-4-5\\\/#primaryimage\",\"url\":\"https:\\\/\\\/i0.wp.com\\\/perdormire-dz.com\\\/wp-content\\\/uploads\\\/2021\\\/05\\\/Lovely-Latex.webp?fit=600%2C400&ssl=1\",\"contentUrl\":\"https:\\\/\\\/i0.wp.com\\\/perdormire-dz.com\\\/wp-content\\\/uploads\\\/2021\\\/05\\\/Lovely-Latex.webp?fit=600%2C400&ssl=1\",\"width\":600,\"height\":400,\"caption\":\"Matelas orthop\u00e9dique Alg\u00e9rie-Lovely Latex\"},{\"@type\":\"BreadcrumbList\",\"@id\":\"https:\\\/\\\/perdormire-dz.com\\\/fr_fr\\\/produit\\\/matelas-lovely-latex-4-5\\\/#breadcrumb\",\"itemListElement\":[{\"@type\":\"ListItem\",\"position\":1,\"name\":\"Accueil\",\"item\":\"https:\\\/\\\/perdormire-dz.com\\\/ar\\\/\"},{\"@type\":\"ListItem\",\"position\":2,\"name\":\"Boutique\",\"item\":\"https:\\\/\\\/perdormire-dz.com\\\/fr_fr\\\/boutique\\\/\"},{\"@type\":\"ListItem\",\"position\":3,\"name\":\"Matelas LOVELY LATEX 4.5\"}]},{\"@type\":\"WebSite\",\"@id\":\"https:\\\/\\\/perdormire-dz.com\\\/#website\",\"url\":\"https:\\\/\\\/perdormire-dz.com\\\/\",\"name\":\"Perdormire Alg\u00e9rie\",\"description\":\"Design For Wellness\",\"publisher\":{\"@id\":\"https:\\\/\\\/perdormire-dz.com\\\/#organization\"},\"potentialAction\":[{\"@type\":\"SearchAction\",\"target\":{\"@type\":\"EntryPoint\",\"urlTemplate\":\"https:\\\/\\\/perdormire-dz.com\\\/?s={search_term_string}\"},\"query-input\":{\"@type\":\"PropertyValueSpecification\",\"valueRequired\":true,\"valueName\":\"search_term_string\"}}],\"inLanguage\":\"ar\"},{\"@type\":\"Organization\",\"@id\":\"https:\\\/\\\/perdormire-dz.com\\\/#organization\",\"name\":\"Perdormire Alg\u00e9rie\",\"url\":\"https:\\\/\\\/perdormire-dz.com\\\/\",\"logo\":{\"@type\":\"ImageObject\",\"inLanguage\":\"ar\",\"@id\":\"https:\\\/\\\/perdormire-dz.com\\\/#\\\/schema\\\/logo\\\/image\\\/\",\"url\":\"\",\"contentUrl\":\"\",\"caption\":\"Perdormire Alg\u00e9rie\"},\"image\":{\"@id\":\"https:\\\/\\\/perdormire-dz.com\\\/#\\\/schema\\\/logo\\\/image\\\/\"},\"sameAs\":[\"https:\\\/\\\/web.facebook.com\\\/PerdormireDz\\\/\",\"https:\\\/\\\/www.instagram.com\\\/perdormire_algerie\\\/\"]}]}<\/script>\n<!-- \/ Yoast SEO plugin. -->","yoast_head_json":{"title":"Matelas Lovely Latex - Perdormire Alg\u00e9rie | Livraison \u00e0 domicile","description":"Matelas Lovely Latex 4.5: 100% fibre hypoallerg\u00e9nique avec design \u00ablurex\u00bb avec bordure de matelas.Le tissu gris 100% fibre hypoallerg\u00e9nique","robots":{"index":"index","follow":"follow","max-snippet":"max-snippet:-1","max-image-preview":"max-image-preview:large","max-video-preview":"max-video-preview:-1"},"canonical":"https:\/\/perdormire-dz.com\/ar\/product\/matelas-lovely-latex-4-5\/","og_locale":"ar_AR","og_type":"article","og_title":"Matelas Lovely Latex - Perdormire Alg\u00e9rie | Livraison \u00e0 domicile","og_description":"Matelas Lovely Latex 4.5: 100% fibre hypoallerg\u00e9nique avec design \u00ablurex\u00bb avec bordure de matelas.Le tissu gris 100% fibre hypoallerg\u00e9nique","og_url":"https:\/\/perdormire-dz.com\/ar\/product\/matelas-lovely-latex-4-5\/","og_site_name":"Perdormire Alg\u00e9rie","article_publisher":"https:\/\/web.facebook.com\/PerdormireDz\/","article_modified_time":"2025-05-21T11:27:41+00:00","og_image":[{"width":600,"height":400,"url":"https:\/\/i0.wp.com\/perdormire-dz.com\/wp-content\/uploads\/2021\/05\/Lovely-Latex.webp?fit=600%2C400&ssl=1","type":"image\/webp"}],"twitter_card":"summary_large_image","twitter_misc":{"\u0648\u0642\u062a \u0627\u0644\u0642\u0631\u0627\u0621\u0629 \u0627\u0644\u0645\u064f\u0642\u062f\u0651\u0631":"\u062f\u0642\u064a\u0642\u0629 \u0648\u0627\u062d\u062f\u0629"},"schema":{"@context":"https:\/\/schema.org","@graph":[{"@type":"WebPage","@id":"https:\/\/perdormire-dz.com\/fr_fr\/produit\/matelas-lovely-latex-4-5\/","url":"https:\/\/perdormire-dz.com\/fr_fr\/produit\/matelas-lovely-latex-4-5\/","name":"Matelas Lovely Latex - Perdormire Alg\u00e9rie | Livraison \u00e0 domicile","isPartOf":{"@id":"https:\/\/perdormire-dz.com\/#website"},"primaryImageOfPage":{"@id":"https:\/\/perdormire-dz.com\/fr_fr\/produit\/matelas-lovely-latex-4-5\/#primaryimage"},"image":{"@id":"https:\/\/perdormire-dz.com\/fr_fr\/produit\/matelas-lovely-latex-4-5\/#primaryimage"},"thumbnailUrl":"https:\/\/i0.wp.com\/perdormire-dz.com\/wp-content\/uploads\/2021\/05\/Lovely-Latex.webp?fit=600%2C400&ssl=1","datePublished":"2021-05-01T12:55:38+00:00","dateModified":"2025-05-21T11:27:41+00:00","description":"Matelas Lovely Latex 4.5: 100% fibre hypoallerg\u00e9nique avec design \u00ablurex\u00bb avec bordure de matelas.Le tissu gris 100% fibre hypoallerg\u00e9nique","breadcrumb":{"@id":"https:\/\/perdormire-dz.com\/fr_fr\/produit\/matelas-lovely-latex-4-5\/#breadcrumb"},"inLanguage":"ar","potentialAction":[{"@type":"ReadAction","target":["https:\/\/perdormire-dz.com\/fr_fr\/produit\/matelas-lovely-latex-4-5\/"]}]},{"@type":"ImageObject","inLanguage":"ar","@id":"https:\/\/perdormire-dz.com\/fr_fr\/produit\/matelas-lovely-latex-4-5\/#primaryimage","url":"https:\/\/i0.wp.com\/perdormire-dz.com\/wp-content\/uploads\/2021\/05\/Lovely-Latex.webp?fit=600%2C400&ssl=1","contentUrl":"https:\/\/i0.wp.com\/perdormire-dz.com\/wp-content\/uploads\/2021\/05\/Lovely-Latex.webp?fit=600%2C400&ssl=1","width":600,"height":400,"caption":"Matelas orthop\u00e9dique Alg\u00e9rie-Lovely Latex"},{"@type":"BreadcrumbList","@id":"https:\/\/perdormire-dz.com\/fr_fr\/produit\/matelas-lovely-latex-4-5\/#breadcrumb","itemListElement":[{"@type":"ListItem","position":1,"name":"Accueil","item":"https:\/\/perdormire-dz.com\/ar\/"},{"@type":"ListItem","position":2,"name":"Boutique","item":"https:\/\/perdormire-dz.com\/fr_fr\/boutique\/"},{"@type":"ListItem","position":3,"name":"Matelas LOVELY LATEX 4.5"}]},{"@type":"WebSite","@id":"https:\/\/perdormire-dz.com\/#website","url":"https:\/\/perdormire-dz.com\/","name":"\u0628\u0631\u062f\u0648\u0631\u0645\u064a\u0631\u064a  \u0627\u0644\u062c\u0632\u0627\u0626\u0631","description":"Design For Wellness","publisher":{"@id":"https:\/\/perdormire-dz.com\/#organization"},"potentialAction":[{"@type":"SearchAction","target":{"@type":"EntryPoint","urlTemplate":"https:\/\/perdormire-dz.com\/?s={search_term_string}"},"query-input":{"@type":"PropertyValueSpecification","valueRequired":true,"valueName":"search_term_string"}}],"inLanguage":"ar"},{"@type":"Organization","@id":"https:\/\/perdormire-dz.com\/#organization","name":"\u0628\u0631\u062f\u0648\u0631\u0645\u064a\u0631\u064a  \u0627\u0644\u062c\u0632\u0627\u0626\u0631","url":"https:\/\/perdormire-dz.com\/","logo":{"@type":"ImageObject","inLanguage":"ar","@id":"https:\/\/perdormire-dz.com\/#\/schema\/logo\/image\/","url":"","contentUrl":"","caption":"Perdormire Alg\u00e9rie"},"image":{"@id":"https:\/\/perdormire-dz.com\/#\/schema\/logo\/image\/"},"sameAs":["https:\/\/web.facebook.com\/PerdormireDz\/","https:\/\/www.instagram.com\/perdormire_algerie\/"]}]}},"jetpack_sharing_enabled":true,"_links":{"self":[{"href":"https:\/\/perdormire-dz.com\/ar\/wp-json\/wp\/v2\/product\/3627","targetHints":{"allow":["GET"]}}],"collection":[{"href":"https:\/\/perdormire-dz.com\/ar\/wp-json\/wp\/v2\/product"}],"about":[{"href":"https:\/\/perdormire-dz.com\/ar\/wp-json\/wp\/v2\/types\/product"}],"version-history":[{"count":2,"href":"https:\/\/perdormire-dz.com\/ar\/wp-json\/wp\/v2\/product\/3627\/revisions"}],"predecessor-version":[{"id":10193,"href":"https:\/\/perdormire-dz.com\/ar\/wp-json\/wp\/v2\/product\/3627\/revisions\/10193"}],"wp:featuredmedia":[{"embeddable":true,"href":"https:\/\/perdormire-dz.com\/ar\/wp-json\/wp\/v2\/media\/7219"}],"wp:attachment":[{"href":"https:\/\/perdormire-dz.com\/ar\/wp-json\/wp\/v2\/media?parent=3627"}],"wp:term":[{"taxonomy":"product_brand","embeddable":true,"href":"https:\/\/perdormire-dz.com\/ar\/wp-json\/wp\/v2\/product_brand?post=3627"},{"taxonomy":"product_cat","embeddable":true,"href":"https:\/\/perdormire-dz.com\/ar\/wp-json\/wp\/v2\/product_cat?post=3627"},{"taxonomy":"product_tag","embeddable":true,"href":"https:\/\/perdormire-dz.com\/ar\/wp-json\/wp\/v2\/product_tag?post=3627"}],"curies":[{"name":"wp","href":"https:\/\/api.w.org\/{rel}","templated":true}]}}