{"id":3594,"date":"2021-05-01T10:14:47","date_gmt":"2021-05-01T10:14:47","guid":{"rendered":"https:\/\/perdormire-dz.com\/?post_type=product&#038;p=3594"},"modified":"2025-06-11T22:45:25","modified_gmt":"2025-06-11T22:45:25","slug":"matelas-gransonno-fresh-wash-4-5","status":"publish","type":"product","link":"https:\/\/perdormire-dz.com\/ar\/product\/matelas-gransonno-fresh-wash-4-5\/","title":{"rendered":"\u0645\u0631\u062a\u0628\u0629 GRANSONNO FRESH WASH 4.5"},"content":{"rendered":"<h2><span style=\"color: #003366;\">\u0645\u0631\u062a\u0628\u0629 GRANSONNO FRESH WASH 4.5<\/span><\/h2>\n<p><span style=\"color: #000080;\">\u0645\u0631\u062a\u0628\u0629 \u0645\u0635\u0646\u0648\u0639\u0629 \u0641\u064a \u0625\u064a\u0637\u0627\u0644\u064a\u0627 \u0645\u0646 \u0631\u063a\u0648\u0629 \u0627\u0644\u0645\u0627\u0621. \u062f\u0631\u062c\u062a\u0627\u0646 \u0645\u0646 \u0627\u0644\u0635\u0644\u0627\u0628\u0629 \u0628\u0641\u0636\u0644 \u0627\u0644\u0628\u0637\u0627\u0646\u0629 \u0627\u0644\u0639\u0644\u0648\u064a\u0629 \u0641\u064a \u0630\u0627\u0643\u0631\u0629 Visco Mind\u00ae \u0648\u0627\u0644\u0631\u063a\u0648\u0629 \u0627\u0644\u0633\u0641\u0644\u064a\u0629 \u0645\u0646 \u0627\u0644\u0625\u0633\u0641\u0646\u062c \u0634\u062f\u064a\u062f \u0627\u0644\u0646\u0639\u0648\u0645\u0629. \u0627\u0644\u0634\u0631\u064a\u0637 \u0627\u0644\u062c\u0627\u0646\u0628\u064a \u0645\u0646 \u0627\u0644\u0623\u0644\u064a\u0627\u0641 \u0627\u0644\u0645\u0636\u0627\u062f\u0629 \u0644\u0644\u062d\u0633\u0627\u0633\u064a\u0629 \u0645\u0639 \u0645\u0642\u0627\u0628\u0636 \u0623\u0641\u0642\u064a\u0629 \u0645\u0646 \u0627\u0644\u0623\u0644\u064a\u0627\u0641 \u0627\u0644\u062f\u0642\u064a\u0642\u0629 \u062a\u0633\u0627\u0639\u062f \u0639\u0644\u0649 \u062a\u0628\u062f\u064a\u062f \u0627\u0644\u0631\u0637\u0648\u0628\u0629. \u063a\u0637\u0627\u0621 \u0645\u0646 \u0627\u0644\u0623\u0644\u064a\u0627\u0641 \u0628\u062e\u0635\u0627\u0626\u0635 \u0645\u0636\u0627\u062f\u0629 \u0644\u0644\u062d\u0633\u0627\u0633\u064a\u0629 \u060c \u0642\u0627\u0628\u0644 \u0644\u0644\u0625\u0632\u0627\u0644\u0629 \u0645\u0646 4 \u062c\u0648\u0627\u0646\u0628 \u0648\u0642\u0627\u0628\u0644 \u0644\u0644\u063a\u0633\u0644. \u0627\u0644 <strong>\u0627\u0644\u0623\u0641\u0631\u0634\u0629 \u0644\u062f\u064a\u0646\u0627<\/strong> \u0645\u062a\u0648\u0641\u0631 \u0641\u064a \u0627\u0644\u0623\u0646\u0648\u0627\u0639: \u0645\u0632\u062f\u0648\u062c\u0629 \u060c \u0645\u0641\u0631\u062f\u0629 \u0648\u0645\u0631\u0628\u0639\u0629 \u0643\u0628\u064a\u0631\u0629.<\/span><\/p>","protected":false},"excerpt":{"rendered":"<p>&nbsp;<\/p>\n<p>&nbsp;<\/p>\n<p><span style=\"color: #000080;\">\u0627\u0631\u062a\u0641\u0627\u0639 \u0627\u0644\u0641\u0631\u0627\u0634: 27 \u0633\u0645 \u062a\u0642\u0631\u064a\u0628\u064b\u0627<\/span><\/p>\n<p>&nbsp;<\/p>","protected":false},"featured_media":10364,"template":"","meta":{"_acf_changed":false,"_exactmetrics_skip_tracking":false,"_exactmetrics_sitenote_active":false,"_exactmetrics_sitenote_note":"","_exactmetrics_sitenote_category":0},"product_brand":[],"product_cat":[232,231,87,230,229,89,256,94,233],"product_tag":[99,220,125],"class_list":{"0":"post-3594","1":"product","2":"type-product","3":"status-publish","4":"has-post-thumbnail","6":"product_cat-ergonomique","7":"product_cat-hygienique","8":"product_cat-matelas","9":"product_cat-matelas-a-memoire-de-forme","10":"product_cat-matelas-waterfoam","11":"product_cat-moelleux","12":"product_cat-outlet","13":"product_cat-promo","14":"product_cat-matelas-thermiques","15":"product_tag-matelas","16":"product_tag-matelas-gransonno-fresh-wash","17":"product_tag-matelas-orthopedique-1","19":"first","20":"instock","21":"sale","22":"shipping-taxable","23":"purchasable","24":"product-type-variable"},"acf":[],"yoast_head":"<!-- This site is optimized with the Yoast SEO plugin v27.5 - https:\/\/yoast.com\/product\/yoast-seo-wordpress\/ -->\n<title>Matelas GRANSONNO FRESH WASH 4.5 - Perdormire Alg\u00e9rie<\/title>\n<meta name=\"description\" content=\"MATELAS GRANSONNO FRESH WASH 4.5: C\u00d4T\u00c9 A \u2013 C\u00d4T\u00c9 B: TISSU BIOCELL 40 FUSION, 40% DE VISCOSE,\u00a0ANTIBACT\u00c9RIEN\u00a0ET ANTISTATIQUE\" \/>\n<meta name=\"robots\" content=\"index, follow, max-snippet:-1, max-image-preview:large, max-video-preview:-1\" \/>\n<link rel=\"canonical\" href=\"https:\/\/perdormire-dz.com\/ar\/product\/matelas-gransonno-fresh-wash-4-5\/\" \/>\n<meta property=\"og:locale\" content=\"ar_AR\" \/>\n<meta property=\"og:type\" content=\"article\" \/>\n<meta property=\"og:title\" content=\"Matelas GRANSONNO FRESH WASH 4.5 - Perdormire Alg\u00e9rie\" \/>\n<meta property=\"og:description\" content=\"MATELAS GRANSONNO FRESH WASH 4.5: C\u00d4T\u00c9 A \u2013 C\u00d4T\u00c9 B: TISSU BIOCELL 40 FUSION, 40% DE VISCOSE,\u00a0ANTIBACT\u00c9RIEN\u00a0ET ANTISTATIQUE\" \/>\n<meta property=\"og:url\" content=\"https:\/\/perdormire-dz.com\/ar\/product\/matelas-gransonno-fresh-wash-4-5\/\" \/>\n<meta property=\"og:site_name\" content=\"Perdormire Alg\u00e9rie\" \/>\n<meta property=\"article:publisher\" content=\"https:\/\/web.facebook.com\/PerdormireDz\/\" \/>\n<meta property=\"article:modified_time\" content=\"2025-06-11T22:45:25+00:00\" \/>\n<meta property=\"og:image\" content=\"https:\/\/i0.wp.com\/perdormire-dz.com\/wp-content\/uploads\/2021\/05\/GRANSONNO-FRESH-WASH-4.5.png?fit=357%2C238&ssl=1\" \/>\n\t<meta property=\"og:image:width\" content=\"357\" \/>\n\t<meta property=\"og:image:height\" content=\"238\" \/>\n\t<meta property=\"og:image:type\" content=\"image\/png\" \/>\n<meta name=\"twitter:card\" content=\"summary_large_image\" \/>\n<meta name=\"twitter:label1\" content=\"\u0648\u0642\u062a \u0627\u0644\u0642\u0631\u0627\u0621\u0629 \u0627\u0644\u0645\u064f\u0642\u062f\u0651\u0631\" \/>\n\t<meta name=\"twitter:data1\" content=\"\u062f\u0642\u064a\u0642\u0629 \u0648\u0627\u062d\u062f\u0629\" \/>\n<script type=\"application\/ld+json\" class=\"yoast-schema-graph\">{\"@context\":\"https:\\\/\\\/schema.org\",\"@graph\":[{\"@type\":\"WebPage\",\"@id\":\"https:\\\/\\\/perdormire-dz.com\\\/produit\\\/matelas-gransonno-fresh-wash-4-5\\\/\",\"url\":\"https:\\\/\\\/perdormire-dz.com\\\/produit\\\/matelas-gransonno-fresh-wash-4-5\\\/\",\"name\":\"Matelas GRANSONNO FRESH WASH 4.5 - Perdormire Alg\u00e9rie\",\"isPartOf\":{\"@id\":\"https:\\\/\\\/perdormire-dz.com\\\/#website\"},\"primaryImageOfPage\":{\"@id\":\"https:\\\/\\\/perdormire-dz.com\\\/produit\\\/matelas-gransonno-fresh-wash-4-5\\\/#primaryimage\"},\"image\":{\"@id\":\"https:\\\/\\\/perdormire-dz.com\\\/produit\\\/matelas-gransonno-fresh-wash-4-5\\\/#primaryimage\"},\"thumbnailUrl\":\"https:\\\/\\\/i0.wp.com\\\/perdormire-dz.com\\\/wp-content\\\/uploads\\\/2021\\\/05\\\/GRANSONNO-FRESH-WASH-4.5.png?fit=357%2C238&ssl=1\",\"datePublished\":\"2021-05-01T10:14:47+00:00\",\"dateModified\":\"2025-06-11T22:45:25+00:00\",\"description\":\"MATELAS GRANSONNO FRESH WASH 4.5: C\u00d4T\u00c9 A \u2013 C\u00d4T\u00c9 B: TISSU BIOCELL 40 FUSION, 40% DE VISCOSE,\u00a0ANTIBACT\u00c9RIEN\u00a0ET ANTISTATIQUE\",\"breadcrumb\":{\"@id\":\"https:\\\/\\\/perdormire-dz.com\\\/produit\\\/matelas-gransonno-fresh-wash-4-5\\\/#breadcrumb\"},\"inLanguage\":\"ar\",\"potentialAction\":[{\"@type\":\"ReadAction\",\"target\":[\"https:\\\/\\\/perdormire-dz.com\\\/produit\\\/matelas-gransonno-fresh-wash-4-5\\\/\"]}]},{\"@type\":\"ImageObject\",\"inLanguage\":\"ar\",\"@id\":\"https:\\\/\\\/perdormire-dz.com\\\/produit\\\/matelas-gransonno-fresh-wash-4-5\\\/#primaryimage\",\"url\":\"https:\\\/\\\/i0.wp.com\\\/perdormire-dz.com\\\/wp-content\\\/uploads\\\/2021\\\/05\\\/GRANSONNO-FRESH-WASH-4.5.png?fit=357%2C238&ssl=1\",\"contentUrl\":\"https:\\\/\\\/i0.wp.com\\\/perdormire-dz.com\\\/wp-content\\\/uploads\\\/2021\\\/05\\\/GRANSONNO-FRESH-WASH-4.5.png?fit=357%2C238&ssl=1\",\"width\":357,\"height\":238},{\"@type\":\"BreadcrumbList\",\"@id\":\"https:\\\/\\\/perdormire-dz.com\\\/produit\\\/matelas-gransonno-fresh-wash-4-5\\\/#breadcrumb\",\"itemListElement\":[{\"@type\":\"ListItem\",\"position\":1,\"name\":\"Accueil\",\"item\":\"https:\\\/\\\/perdormire-dz.com\\\/ar\\\/\"},{\"@type\":\"ListItem\",\"position\":2,\"name\":\"Boutique\",\"item\":\"https:\\\/\\\/perdormire-dz.com\\\/fr_fr\\\/boutique\\\/\"},{\"@type\":\"ListItem\",\"position\":3,\"name\":\"Matelas GRANSONNO FRESH WASH 4.5\"}]},{\"@type\":\"WebSite\",\"@id\":\"https:\\\/\\\/perdormire-dz.com\\\/#website\",\"url\":\"https:\\\/\\\/perdormire-dz.com\\\/\",\"name\":\"Perdormire Alg\u00e9rie\",\"description\":\"Design For Wellness\",\"publisher\":{\"@id\":\"https:\\\/\\\/perdormire-dz.com\\\/#organization\"},\"potentialAction\":[{\"@type\":\"SearchAction\",\"target\":{\"@type\":\"EntryPoint\",\"urlTemplate\":\"https:\\\/\\\/perdormire-dz.com\\\/?s={search_term_string}\"},\"query-input\":{\"@type\":\"PropertyValueSpecification\",\"valueRequired\":true,\"valueName\":\"search_term_string\"}}],\"inLanguage\":\"ar\"},{\"@type\":\"Organization\",\"@id\":\"https:\\\/\\\/perdormire-dz.com\\\/#organization\",\"name\":\"Perdormire Alg\u00e9rie\",\"url\":\"https:\\\/\\\/perdormire-dz.com\\\/\",\"logo\":{\"@type\":\"ImageObject\",\"inLanguage\":\"ar\",\"@id\":\"https:\\\/\\\/perdormire-dz.com\\\/#\\\/schema\\\/logo\\\/image\\\/\",\"url\":\"\",\"contentUrl\":\"\",\"caption\":\"Perdormire Alg\u00e9rie\"},\"image\":{\"@id\":\"https:\\\/\\\/perdormire-dz.com\\\/#\\\/schema\\\/logo\\\/image\\\/\"},\"sameAs\":[\"https:\\\/\\\/web.facebook.com\\\/PerdormireDz\\\/\",\"https:\\\/\\\/www.instagram.com\\\/perdormire_algerie\\\/\"]}]}<\/script>\n<!-- \/ Yoast SEO plugin. -->","yoast_head_json":{"title":"Matelas GRANSONNO FRESH WASH 4.5 - Perdormire Alg\u00e9rie","description":"MATELAS GRANSONNO FRESH WASH 4.5: C\u00d4T\u00c9 A \u2013 C\u00d4T\u00c9 B: TISSU BIOCELL 40 FUSION, 40% DE VISCOSE,\u00a0ANTIBACT\u00c9RIEN\u00a0ET ANTISTATIQUE","robots":{"index":"index","follow":"follow","max-snippet":"max-snippet:-1","max-image-preview":"max-image-preview:large","max-video-preview":"max-video-preview:-1"},"canonical":"https:\/\/perdormire-dz.com\/ar\/product\/matelas-gransonno-fresh-wash-4-5\/","og_locale":"ar_AR","og_type":"article","og_title":"Matelas GRANSONNO FRESH WASH 4.5 - Perdormire Alg\u00e9rie","og_description":"MATELAS GRANSONNO FRESH WASH 4.5: C\u00d4T\u00c9 A \u2013 C\u00d4T\u00c9 B: TISSU BIOCELL 40 FUSION, 40% DE VISCOSE,\u00a0ANTIBACT\u00c9RIEN\u00a0ET ANTISTATIQUE","og_url":"https:\/\/perdormire-dz.com\/ar\/product\/matelas-gransonno-fresh-wash-4-5\/","og_site_name":"Perdormire Alg\u00e9rie","article_publisher":"https:\/\/web.facebook.com\/PerdormireDz\/","article_modified_time":"2025-06-11T22:45:25+00:00","og_image":[{"width":357,"height":238,"url":"https:\/\/i0.wp.com\/perdormire-dz.com\/wp-content\/uploads\/2021\/05\/GRANSONNO-FRESH-WASH-4.5.png?fit=357%2C238&ssl=1","type":"image\/png"}],"twitter_card":"summary_large_image","twitter_misc":{"\u0648\u0642\u062a \u0627\u0644\u0642\u0631\u0627\u0621\u0629 \u0627\u0644\u0645\u064f\u0642\u062f\u0651\u0631":"\u062f\u0642\u064a\u0642\u0629 \u0648\u0627\u062d\u062f\u0629"},"schema":{"@context":"https:\/\/schema.org","@graph":[{"@type":"WebPage","@id":"https:\/\/perdormire-dz.com\/produit\/matelas-gransonno-fresh-wash-4-5\/","url":"https:\/\/perdormire-dz.com\/produit\/matelas-gransonno-fresh-wash-4-5\/","name":"Matelas GRANSONNO FRESH WASH 4.5 - Perdormire Alg\u00e9rie","isPartOf":{"@id":"https:\/\/perdormire-dz.com\/#website"},"primaryImageOfPage":{"@id":"https:\/\/perdormire-dz.com\/produit\/matelas-gransonno-fresh-wash-4-5\/#primaryimage"},"image":{"@id":"https:\/\/perdormire-dz.com\/produit\/matelas-gransonno-fresh-wash-4-5\/#primaryimage"},"thumbnailUrl":"https:\/\/i0.wp.com\/perdormire-dz.com\/wp-content\/uploads\/2021\/05\/GRANSONNO-FRESH-WASH-4.5.png?fit=357%2C238&ssl=1","datePublished":"2021-05-01T10:14:47+00:00","dateModified":"2025-06-11T22:45:25+00:00","description":"MATELAS GRANSONNO FRESH WASH 4.5: C\u00d4T\u00c9 A \u2013 C\u00d4T\u00c9 B: TISSU BIOCELL 40 FUSION, 40% DE VISCOSE,\u00a0ANTIBACT\u00c9RIEN\u00a0ET ANTISTATIQUE","breadcrumb":{"@id":"https:\/\/perdormire-dz.com\/produit\/matelas-gransonno-fresh-wash-4-5\/#breadcrumb"},"inLanguage":"ar","potentialAction":[{"@type":"ReadAction","target":["https:\/\/perdormire-dz.com\/produit\/matelas-gransonno-fresh-wash-4-5\/"]}]},{"@type":"ImageObject","inLanguage":"ar","@id":"https:\/\/perdormire-dz.com\/produit\/matelas-gransonno-fresh-wash-4-5\/#primaryimage","url":"https:\/\/i0.wp.com\/perdormire-dz.com\/wp-content\/uploads\/2021\/05\/GRANSONNO-FRESH-WASH-4.5.png?fit=357%2C238&ssl=1","contentUrl":"https:\/\/i0.wp.com\/perdormire-dz.com\/wp-content\/uploads\/2021\/05\/GRANSONNO-FRESH-WASH-4.5.png?fit=357%2C238&ssl=1","width":357,"height":238},{"@type":"BreadcrumbList","@id":"https:\/\/perdormire-dz.com\/produit\/matelas-gransonno-fresh-wash-4-5\/#breadcrumb","itemListElement":[{"@type":"ListItem","position":1,"name":"Accueil","item":"https:\/\/perdormire-dz.com\/ar\/"},{"@type":"ListItem","position":2,"name":"Boutique","item":"https:\/\/perdormire-dz.com\/fr_fr\/boutique\/"},{"@type":"ListItem","position":3,"name":"Matelas GRANSONNO FRESH WASH 4.5"}]},{"@type":"WebSite","@id":"https:\/\/perdormire-dz.com\/#website","url":"https:\/\/perdormire-dz.com\/","name":"\u0628\u0631\u062f\u0648\u0631\u0645\u064a\u0631\u064a  \u0627\u0644\u062c\u0632\u0627\u0626\u0631","description":"Design For Wellness","publisher":{"@id":"https:\/\/perdormire-dz.com\/#organization"},"potentialAction":[{"@type":"SearchAction","target":{"@type":"EntryPoint","urlTemplate":"https:\/\/perdormire-dz.com\/?s={search_term_string}"},"query-input":{"@type":"PropertyValueSpecification","valueRequired":true,"valueName":"search_term_string"}}],"inLanguage":"ar"},{"@type":"Organization","@id":"https:\/\/perdormire-dz.com\/#organization","name":"\u0628\u0631\u062f\u0648\u0631\u0645\u064a\u0631\u064a  \u0627\u0644\u062c\u0632\u0627\u0626\u0631","url":"https:\/\/perdormire-dz.com\/","logo":{"@type":"ImageObject","inLanguage":"ar","@id":"https:\/\/perdormire-dz.com\/#\/schema\/logo\/image\/","url":"","contentUrl":"","caption":"Perdormire Alg\u00e9rie"},"image":{"@id":"https:\/\/perdormire-dz.com\/#\/schema\/logo\/image\/"},"sameAs":["https:\/\/web.facebook.com\/PerdormireDz\/","https:\/\/www.instagram.com\/perdormire_algerie\/"]}]}},"jetpack_sharing_enabled":true,"_links":{"self":[{"href":"https:\/\/perdormire-dz.com\/ar\/wp-json\/wp\/v2\/product\/3594","targetHints":{"allow":["GET"]}}],"collection":[{"href":"https:\/\/perdormire-dz.com\/ar\/wp-json\/wp\/v2\/product"}],"about":[{"href":"https:\/\/perdormire-dz.com\/ar\/wp-json\/wp\/v2\/types\/product"}],"version-history":[{"count":2,"href":"https:\/\/perdormire-dz.com\/ar\/wp-json\/wp\/v2\/product\/3594\/revisions"}],"predecessor-version":[{"id":10214,"href":"https:\/\/perdormire-dz.com\/ar\/wp-json\/wp\/v2\/product\/3594\/revisions\/10214"}],"wp:featuredmedia":[{"embeddable":true,"href":"https:\/\/perdormire-dz.com\/ar\/wp-json\/wp\/v2\/media\/10364"}],"wp:attachment":[{"href":"https:\/\/perdormire-dz.com\/ar\/wp-json\/wp\/v2\/media?parent=3594"}],"wp:term":[{"taxonomy":"product_brand","embeddable":true,"href":"https:\/\/perdormire-dz.com\/ar\/wp-json\/wp\/v2\/product_brand?post=3594"},{"taxonomy":"product_cat","embeddable":true,"href":"https:\/\/perdormire-dz.com\/ar\/wp-json\/wp\/v2\/product_cat?post=3594"},{"taxonomy":"product_tag","embeddable":true,"href":"https:\/\/perdormire-dz.com\/ar\/wp-json\/wp\/v2\/product_tag?post=3594"}],"curies":[{"name":"wp","href":"https:\/\/api.w.org\/{rel}","templated":true}]}}