{"id":3543,"date":"2021-04-25T12:25:26","date_gmt":"2021-04-25T12:25:26","guid":{"rendered":"https:\/\/perdormire-dz.com\/?post_type=product&#038;p=3543"},"modified":"2025-09-12T10:37:22","modified_gmt":"2025-09-12T10:37:22","slug":"matelas-cashmere-plus-4-5","status":"publish","type":"product","link":"https:\/\/perdormire-dz.com\/ar\/product\/matelas-cashmere-plus-4-5\/","title":{"rendered":"\u0645\u0631\u062a\u0628\u0629 CASHMERE PLUS 4.5"},"content":{"rendered":"<div class=\"container content-py sp-header-features\">\n<div class=\"row\">\n<h2><span style=\"color: #003366;\">\u0645\u0631\u062a\u0628\u0629 CASHMERE PLUS 4.5<\/span><\/h2>\n<div><\/div>\n<div class=\"col-xs-12\">\n<div>\n<div class=\"prod-descr-intro\"><span style=\"color: #003366;\"><a href=\"https:\/\/perdormire-dz.com\/ar\/matelas-orthopediques-algerie\/\" target=\"_blank\" rel=\"noopener\">\u0645\u0631\u062a\u0628\u0629 \u0635\u0646\u0639\u062a \u0641\u064a \u0627\u064a\u0637\u0627\u0644\u064a\u0627<\/a> avec rev\u00eatement en tissu tissu de maille blanc super soft, effet cachemire, d\u00e9houssable sur 4 c\u00f4t\u00e9s et lavable. Le matelas Cashmere Plus 4,5 est disponible dans les types : double et simple .<\/span><\/div>\n<\/div>\n<\/div>\n<\/div>\n<\/div>\n<div><\/div>\n<div id=\"section-rigidity\">\n<div>\n<div class=\"container\">\n<div class=\"row equal-height-cols\">\n<div class=\"col-xs-12 col-md-6\"><\/div>\n<\/div>\n<\/div>\n<\/div>\n<\/div>","protected":false},"excerpt":{"rendered":"<p>&nbsp;<\/p>\n<p><span style=\"color: #003366;\">\u0627\u0631\u062a\u0641\u0627\u0639 <strong>\u0627\u0644\u0623\u0641\u0631\u0634\u0629 \u0644\u062f\u064a\u0646\u0627<\/strong>: \u062d\u0648\u0627\u0644\u064a 28 \u0633\u0645<\/span><\/p>\n<p>&nbsp;<\/p>\n<div><\/div>\n<p>&nbsp;<\/p>","protected":false},"featured_media":7223,"template":"","meta":{"_acf_changed":false,"_exactmetrics_skip_tracking":false,"_exactmetrics_sitenote_active":false,"_exactmetrics_sitenote_note":"","_exactmetrics_sitenote_category":0},"product_brand":[],"product_cat":[91,232,231,87,230,229,256,94],"product_tag":[99,221,125],"class_list":{"0":"post-3543","1":"product","2":"type-product","3":"status-publish","4":"has-post-thumbnail","6":"product_cat-enveloppant","7":"product_cat-ergonomique","8":"product_cat-hygienique","9":"product_cat-matelas","10":"product_cat-matelas-a-memoire-de-forme","11":"product_cat-matelas-waterfoam","12":"product_cat-outlet","13":"product_cat-promo","14":"product_tag-matelas","15":"product_tag-matelas-cashmere-plus","16":"product_tag-matelas-orthopedique-1","18":"first","19":"instock","20":"sale","21":"shipping-taxable","22":"purchasable","23":"product-type-variable","24":"has-default-attributes"},"acf":[],"yoast_head":"<!-- This site is optimized with the Yoast SEO plugin v27.5 - https:\/\/yoast.com\/product\/yoast-seo-wordpress\/ -->\n<title>Matelas CASHMERE PLUS 4.5 - Perdormire Alg\u00e9rie | Livraison Gratuite<\/title>\n<meta name=\"description\" content=\"Matelas CASHMERE PLUS 4.5: Tissu du matelas Cashmere Plus 4.5:c\u00f4t\u00e9 a \u2013 c\u00f4t\u00e9 b: tissu de maille blanc super soft\" \/>\n<meta name=\"robots\" content=\"index, follow, max-snippet:-1, max-image-preview:large, max-video-preview:-1\" \/>\n<link rel=\"canonical\" href=\"https:\/\/perdormire-dz.com\/ar\/product\/matelas-cashmere-plus-4-5\/\" \/>\n<meta property=\"og:locale\" content=\"ar_AR\" \/>\n<meta property=\"og:type\" content=\"article\" \/>\n<meta property=\"og:title\" content=\"Matelas CASHMERE PLUS 4.5 - Perdormire Alg\u00e9rie | Livraison Gratuite\" \/>\n<meta property=\"og:description\" content=\"Matelas CASHMERE PLUS 4.5: Tissu du matelas Cashmere Plus 4.5:c\u00f4t\u00e9 a \u2013 c\u00f4t\u00e9 b: tissu de maille blanc super soft\" \/>\n<meta property=\"og:url\" content=\"https:\/\/perdormire-dz.com\/ar\/product\/matelas-cashmere-plus-4-5\/\" \/>\n<meta property=\"og:site_name\" content=\"Perdormire Alg\u00e9rie\" \/>\n<meta property=\"article:publisher\" content=\"https:\/\/web.facebook.com\/PerdormireDz\/\" \/>\n<meta property=\"article:modified_time\" content=\"2025-09-12T10:37:22+00:00\" \/>\n<meta property=\"og:image\" content=\"https:\/\/i0.wp.com\/perdormire-dz.com\/wp-content\/uploads\/2021\/04\/Cashmere-3.0-e1678279159779.webp?fit=399%2C266&ssl=1\" \/>\n\t<meta property=\"og:image:width\" content=\"399\" \/>\n\t<meta property=\"og:image:height\" content=\"266\" \/>\n\t<meta property=\"og:image:type\" content=\"image\/webp\" \/>\n<meta name=\"twitter:card\" content=\"summary_large_image\" \/>\n<meta name=\"twitter:label1\" content=\"\u0648\u0642\u062a \u0627\u0644\u0642\u0631\u0627\u0621\u0629 \u0627\u0644\u0645\u064f\u0642\u062f\u0651\u0631\" \/>\n\t<meta name=\"twitter:data1\" content=\"\u062f\u0642\u064a\u0642\u0629 \u0648\u0627\u062d\u062f\u0629\" \/>\n<script type=\"application\/ld+json\" class=\"yoast-schema-graph\">{\"@context\":\"https:\\\/\\\/schema.org\",\"@graph\":[{\"@type\":\"WebPage\",\"@id\":\"https:\\\/\\\/perdormire-dz.com\\\/produit\\\/matelas-cashmere-plus-4-5\\\/\",\"url\":\"https:\\\/\\\/perdormire-dz.com\\\/produit\\\/matelas-cashmere-plus-4-5\\\/\",\"name\":\"Matelas CASHMERE PLUS 4.5 - Perdormire Alg\u00e9rie | Livraison Gratuite\",\"isPartOf\":{\"@id\":\"https:\\\/\\\/perdormire-dz.com\\\/#website\"},\"primaryImageOfPage\":{\"@id\":\"https:\\\/\\\/perdormire-dz.com\\\/produit\\\/matelas-cashmere-plus-4-5\\\/#primaryimage\"},\"image\":{\"@id\":\"https:\\\/\\\/perdormire-dz.com\\\/produit\\\/matelas-cashmere-plus-4-5\\\/#primaryimage\"},\"thumbnailUrl\":\"https:\\\/\\\/i0.wp.com\\\/perdormire-dz.com\\\/wp-content\\\/uploads\\\/2021\\\/04\\\/Cashmere-3.0-e1678279159779.webp?fit=399%2C266&ssl=1\",\"datePublished\":\"2021-04-25T12:25:26+00:00\",\"dateModified\":\"2025-09-12T10:37:22+00:00\",\"description\":\"Matelas CASHMERE PLUS 4.5: Tissu du matelas Cashmere Plus 4.5:c\u00f4t\u00e9 a \u2013 c\u00f4t\u00e9 b: tissu de maille blanc super soft\",\"breadcrumb\":{\"@id\":\"https:\\\/\\\/perdormire-dz.com\\\/produit\\\/matelas-cashmere-plus-4-5\\\/#breadcrumb\"},\"inLanguage\":\"ar\",\"potentialAction\":[{\"@type\":\"ReadAction\",\"target\":[\"https:\\\/\\\/perdormire-dz.com\\\/produit\\\/matelas-cashmere-plus-4-5\\\/\"]}]},{\"@type\":\"ImageObject\",\"inLanguage\":\"ar\",\"@id\":\"https:\\\/\\\/perdormire-dz.com\\\/produit\\\/matelas-cashmere-plus-4-5\\\/#primaryimage\",\"url\":\"https:\\\/\\\/i0.wp.com\\\/perdormire-dz.com\\\/wp-content\\\/uploads\\\/2021\\\/04\\\/Cashmere-3.0-e1678279159779.webp?fit=399%2C266&ssl=1\",\"contentUrl\":\"https:\\\/\\\/i0.wp.com\\\/perdormire-dz.com\\\/wp-content\\\/uploads\\\/2021\\\/04\\\/Cashmere-3.0-e1678279159779.webp?fit=399%2C266&ssl=1\",\"width\":399,\"height\":266,\"caption\":\"Matelas orthop\u00e9dique Alg\u00e9rie-matelas Cashemere\"},{\"@type\":\"BreadcrumbList\",\"@id\":\"https:\\\/\\\/perdormire-dz.com\\\/produit\\\/matelas-cashmere-plus-4-5\\\/#breadcrumb\",\"itemListElement\":[{\"@type\":\"ListItem\",\"position\":1,\"name\":\"Accueil\",\"item\":\"https:\\\/\\\/perdormire-dz.com\\\/ar\\\/\"},{\"@type\":\"ListItem\",\"position\":2,\"name\":\"Boutique\",\"item\":\"https:\\\/\\\/perdormire-dz.com\\\/fr_fr\\\/boutique\\\/\"},{\"@type\":\"ListItem\",\"position\":3,\"name\":\"Matelas CASHMERE PLUS 4.5\"}]},{\"@type\":\"WebSite\",\"@id\":\"https:\\\/\\\/perdormire-dz.com\\\/#website\",\"url\":\"https:\\\/\\\/perdormire-dz.com\\\/\",\"name\":\"Perdormire Alg\u00e9rie\",\"description\":\"Design For Wellness\",\"publisher\":{\"@id\":\"https:\\\/\\\/perdormire-dz.com\\\/#organization\"},\"potentialAction\":[{\"@type\":\"SearchAction\",\"target\":{\"@type\":\"EntryPoint\",\"urlTemplate\":\"https:\\\/\\\/perdormire-dz.com\\\/?s={search_term_string}\"},\"query-input\":{\"@type\":\"PropertyValueSpecification\",\"valueRequired\":true,\"valueName\":\"search_term_string\"}}],\"inLanguage\":\"ar\"},{\"@type\":\"Organization\",\"@id\":\"https:\\\/\\\/perdormire-dz.com\\\/#organization\",\"name\":\"Perdormire Alg\u00e9rie\",\"url\":\"https:\\\/\\\/perdormire-dz.com\\\/\",\"logo\":{\"@type\":\"ImageObject\",\"inLanguage\":\"ar\",\"@id\":\"https:\\\/\\\/perdormire-dz.com\\\/#\\\/schema\\\/logo\\\/image\\\/\",\"url\":\"\",\"contentUrl\":\"\",\"caption\":\"Perdormire Alg\u00e9rie\"},\"image\":{\"@id\":\"https:\\\/\\\/perdormire-dz.com\\\/#\\\/schema\\\/logo\\\/image\\\/\"},\"sameAs\":[\"https:\\\/\\\/web.facebook.com\\\/PerdormireDz\\\/\",\"https:\\\/\\\/www.instagram.com\\\/perdormire_algerie\\\/\"]}]}<\/script>\n<!-- \/ Yoast SEO plugin. -->","yoast_head_json":{"title":"Matelas CASHMERE PLUS 4.5 - Perdormire Alg\u00e9rie | Livraison Gratuite","description":"Matelas CASHMERE PLUS 4.5: Tissu du matelas Cashmere Plus 4.5:c\u00f4t\u00e9 a \u2013 c\u00f4t\u00e9 b: tissu de maille blanc super soft","robots":{"index":"index","follow":"follow","max-snippet":"max-snippet:-1","max-image-preview":"max-image-preview:large","max-video-preview":"max-video-preview:-1"},"canonical":"https:\/\/perdormire-dz.com\/ar\/product\/matelas-cashmere-plus-4-5\/","og_locale":"ar_AR","og_type":"article","og_title":"Matelas CASHMERE PLUS 4.5 - Perdormire Alg\u00e9rie | Livraison Gratuite","og_description":"Matelas CASHMERE PLUS 4.5: Tissu du matelas Cashmere Plus 4.5:c\u00f4t\u00e9 a \u2013 c\u00f4t\u00e9 b: tissu de maille blanc super soft","og_url":"https:\/\/perdormire-dz.com\/ar\/product\/matelas-cashmere-plus-4-5\/","og_site_name":"Perdormire Alg\u00e9rie","article_publisher":"https:\/\/web.facebook.com\/PerdormireDz\/","article_modified_time":"2025-09-12T10:37:22+00:00","og_image":[{"width":399,"height":266,"url":"https:\/\/i0.wp.com\/perdormire-dz.com\/wp-content\/uploads\/2021\/04\/Cashmere-3.0-e1678279159779.webp?fit=399%2C266&ssl=1","type":"image\/webp"}],"twitter_card":"summary_large_image","twitter_misc":{"\u0648\u0642\u062a \u0627\u0644\u0642\u0631\u0627\u0621\u0629 \u0627\u0644\u0645\u064f\u0642\u062f\u0651\u0631":"\u062f\u0642\u064a\u0642\u0629 \u0648\u0627\u062d\u062f\u0629"},"schema":{"@context":"https:\/\/schema.org","@graph":[{"@type":"WebPage","@id":"https:\/\/perdormire-dz.com\/produit\/matelas-cashmere-plus-4-5\/","url":"https:\/\/perdormire-dz.com\/produit\/matelas-cashmere-plus-4-5\/","name":"Matelas CASHMERE PLUS 4.5 - Perdormire Alg\u00e9rie | Livraison Gratuite","isPartOf":{"@id":"https:\/\/perdormire-dz.com\/#website"},"primaryImageOfPage":{"@id":"https:\/\/perdormire-dz.com\/produit\/matelas-cashmere-plus-4-5\/#primaryimage"},"image":{"@id":"https:\/\/perdormire-dz.com\/produit\/matelas-cashmere-plus-4-5\/#primaryimage"},"thumbnailUrl":"https:\/\/i0.wp.com\/perdormire-dz.com\/wp-content\/uploads\/2021\/04\/Cashmere-3.0-e1678279159779.webp?fit=399%2C266&ssl=1","datePublished":"2021-04-25T12:25:26+00:00","dateModified":"2025-09-12T10:37:22+00:00","description":"Matelas CASHMERE PLUS 4.5: Tissu du matelas Cashmere Plus 4.5:c\u00f4t\u00e9 a \u2013 c\u00f4t\u00e9 b: tissu de maille blanc super soft","breadcrumb":{"@id":"https:\/\/perdormire-dz.com\/produit\/matelas-cashmere-plus-4-5\/#breadcrumb"},"inLanguage":"ar","potentialAction":[{"@type":"ReadAction","target":["https:\/\/perdormire-dz.com\/produit\/matelas-cashmere-plus-4-5\/"]}]},{"@type":"ImageObject","inLanguage":"ar","@id":"https:\/\/perdormire-dz.com\/produit\/matelas-cashmere-plus-4-5\/#primaryimage","url":"https:\/\/i0.wp.com\/perdormire-dz.com\/wp-content\/uploads\/2021\/04\/Cashmere-3.0-e1678279159779.webp?fit=399%2C266&ssl=1","contentUrl":"https:\/\/i0.wp.com\/perdormire-dz.com\/wp-content\/uploads\/2021\/04\/Cashmere-3.0-e1678279159779.webp?fit=399%2C266&ssl=1","width":399,"height":266,"caption":"Matelas orthop\u00e9dique Alg\u00e9rie-matelas Cashemere"},{"@type":"BreadcrumbList","@id":"https:\/\/perdormire-dz.com\/produit\/matelas-cashmere-plus-4-5\/#breadcrumb","itemListElement":[{"@type":"ListItem","position":1,"name":"Accueil","item":"https:\/\/perdormire-dz.com\/ar\/"},{"@type":"ListItem","position":2,"name":"Boutique","item":"https:\/\/perdormire-dz.com\/fr_fr\/boutique\/"},{"@type":"ListItem","position":3,"name":"Matelas CASHMERE PLUS 4.5"}]},{"@type":"WebSite","@id":"https:\/\/perdormire-dz.com\/#website","url":"https:\/\/perdormire-dz.com\/","name":"\u0628\u0631\u062f\u0648\u0631\u0645\u064a\u0631\u064a  \u0627\u0644\u062c\u0632\u0627\u0626\u0631","description":"Design For Wellness","publisher":{"@id":"https:\/\/perdormire-dz.com\/#organization"},"potentialAction":[{"@type":"SearchAction","target":{"@type":"EntryPoint","urlTemplate":"https:\/\/perdormire-dz.com\/?s={search_term_string}"},"query-input":{"@type":"PropertyValueSpecification","valueRequired":true,"valueName":"search_term_string"}}],"inLanguage":"ar"},{"@type":"Organization","@id":"https:\/\/perdormire-dz.com\/#organization","name":"\u0628\u0631\u062f\u0648\u0631\u0645\u064a\u0631\u064a  \u0627\u0644\u062c\u0632\u0627\u0626\u0631","url":"https:\/\/perdormire-dz.com\/","logo":{"@type":"ImageObject","inLanguage":"ar","@id":"https:\/\/perdormire-dz.com\/#\/schema\/logo\/image\/","url":"","contentUrl":"","caption":"Perdormire Alg\u00e9rie"},"image":{"@id":"https:\/\/perdormire-dz.com\/#\/schema\/logo\/image\/"},"sameAs":["https:\/\/web.facebook.com\/PerdormireDz\/","https:\/\/www.instagram.com\/perdormire_algerie\/"]}]}},"jetpack_sharing_enabled":true,"_links":{"self":[{"href":"https:\/\/perdormire-dz.com\/ar\/wp-json\/wp\/v2\/product\/3543","targetHints":{"allow":["GET"]}}],"collection":[{"href":"https:\/\/perdormire-dz.com\/ar\/wp-json\/wp\/v2\/product"}],"about":[{"href":"https:\/\/perdormire-dz.com\/ar\/wp-json\/wp\/v2\/types\/product"}],"version-history":[{"count":2,"href":"https:\/\/perdormire-dz.com\/ar\/wp-json\/wp\/v2\/product\/3543\/revisions"}],"predecessor-version":[{"id":10182,"href":"https:\/\/perdormire-dz.com\/ar\/wp-json\/wp\/v2\/product\/3543\/revisions\/10182"}],"wp:featuredmedia":[{"embeddable":true,"href":"https:\/\/perdormire-dz.com\/ar\/wp-json\/wp\/v2\/media\/7223"}],"wp:attachment":[{"href":"https:\/\/perdormire-dz.com\/ar\/wp-json\/wp\/v2\/media?parent=3543"}],"wp:term":[{"taxonomy":"product_brand","embeddable":true,"href":"https:\/\/perdormire-dz.com\/ar\/wp-json\/wp\/v2\/product_brand?post=3543"},{"taxonomy":"product_cat","embeddable":true,"href":"https:\/\/perdormire-dz.com\/ar\/wp-json\/wp\/v2\/product_cat?post=3543"},{"taxonomy":"product_tag","embeddable":true,"href":"https:\/\/perdormire-dz.com\/ar\/wp-json\/wp\/v2\/product_tag?post=3543"}],"curies":[{"name":"wp","href":"https:\/\/api.w.org\/{rel}","templated":true}]}}